{"id":191587,"date":"2025-07-20T18:59:07","date_gmt":"2025-07-20T18:59:07","guid":{"rendered":"https:\/\/adamfayed.com\/?page_id=191587"},"modified":"2025-09-09T17:37:39","modified_gmt":"2025-09-09T17:37:39","slug":"resena-de-empowered-startups","status":"publish","type":"page","link":"https:\/\/adamfayed.com\/it\/spanish-article\/resena-de-empowered-startups\/","title":{"rendered":"Rese\u00f1a de Empowered Startups"},"content":{"rendered":"<p class=\"has-text-align-right\">\ud83c\udf10 <a href=\"https:\/\/adamfayed.com\/it\/review-articles\/empowered-startups-review\/\">Inglese<\/a> | <a href=\"https:\/\/adamfayed.com\/it\/italian-article\/recensione-empowered-startups\/\">Vedi in Italiano<\/a><\/p>\n\n\n\n<p>Esta rese\u00f1a de Empowered Startups proporcionar\u00e1 informaci\u00f3n completa sobre la incubadora de startups y sus iniciativas.<\/p>\n\n\n\n<p>Entendiendo el contexto general, las startups, en sus etapas iniciales, son fundadas por emprendedores para ofrecer productos o servicios demandados, seg\u00fan Forbes.<\/p>\n\n\n\n<p>Si deseas invertir como expatriado o individuo con alto patrimonio, que es mi especialidad, puedes escribirme (hello@adamfayed.com) o usar WhatsApp (+44-7393-450-837).<\/p>\n\n\n\n<p>Recibir asesoramiento experto es una buena idea, ya que este tipo de inversiones conlleva riesgos inherentes.<\/p>\n\n\n\n<h2 class=\"wp-block-heading\">Antecedentes de Empowered Startups<\/h2>\n\n\n\n<div class=\"wp-block-group is-layout-constrained wp-block-group-is-layout-constrained\">\n<figure class=\"wp-block-image alignleft size-medium\"><img fetchpriority=\"high\" decoding=\"async\" width=\"300\" height=\"300\" src=\"https:\/\/adamfayed.com\/wp-content\/uploads\/2025\/07\/Antecedentes-de-Empowered-Startups-300x300.png\" alt=\"\" class=\"wp-image-191597\" srcset=\"https:\/\/adamfayed.com\/wp-content\/uploads\/2025\/07\/Antecedentes-de-Empowered-Startups-300x300.png 300w, https:\/\/adamfayed.com\/wp-content\/uploads\/2025\/07\/Antecedentes-de-Empowered-Startups-512x512.png 512w, https:\/\/adamfayed.com\/wp-content\/uploads\/2025\/07\/Antecedentes-de-Empowered-Startups-150x150.png 150w, https:\/\/adamfayed.com\/wp-content\/uploads\/2025\/07\/Antecedentes-de-Empowered-Startups-768x768.png 768w, https:\/\/adamfayed.com\/wp-content\/uploads\/2025\/07\/Antecedentes-de-Empowered-Startups-scaled.png 825w\" sizes=\"(max-width: 300px) 100vw, 300px\" \/><\/figure>\n<\/div>\n\n\n\n<p>Empowered Startups, una incubadora y fundici\u00f3n internacional de startups, destaca como una referencia para emprendedores a nivel mundial.<\/p>\n\n\n\n<p>Con la misi\u00f3n de ofrecer oportunidades de innovaci\u00f3n y comercializaci\u00f3n globales, esta proveedora de inversiones ofrece v\u00edas para obtener residencia y ciudadan\u00eda en Canad\u00e1, EE.UU. y Portugal.<\/p>\n\n\n\n<p>Esta incubadora colabora con universidades, polit\u00e9cnicos y empresas en todo el mundo, operando programas, equipos y oficinas en cinco jurisdicciones internacionales.<\/p>\n\n\n\n<p>Los programas flexibles de la organizaci\u00f3n, disponibles en l\u00ednea, se adaptan a las necesidades de empresarios e innovadores, permiti\u00e9ndoles gestionar negocios globalmente mientras cumplen con otros compromisos.<\/p>\n\n\n\n<p>Empowered Startups ha sido reconocida por sus herramientas de formaci\u00f3n y programas de mentor\u00eda por laboratorios universitarios l\u00edderes, incubadoras de startups, centros de innovaci\u00f3n y plataformas educativas online.<\/p>\n\n\n\n<p>Su cartera incluye una destacada variedad de ideas empresariales nacionales e internacionales exitosamente incubadas y aceleradas.<\/p>\n\n\n\n<p>En sus asociaciones, la empresa colabora con profesionales como:<\/p>\n\n\n\n<ul class=\"wp-block-list\">\n<li>Abogados<\/li>\n\n\n\n<li>Consultores de inmigraci\u00f3n<\/li>\n\n\n\n<li>Banquero<\/li>\n\n\n\n<li>Funcionarios gubernamentales<\/li>\n<\/ul>\n\n\n\n<p><\/p>\n\n\n\n<p>Facilitando as\u00ed oportunidades de movilidad para individuos calificados.<\/p>\n\n\n\n<p>Las colaboraciones gubernamentales incluyen entidades como:<\/p>\n\n\n\n<ul class=\"wp-block-list\">\n<li>Gobierno de Canad\u00e1<\/li>\n\n\n\n<li>Gobierno de Portugal<\/li>\n\n\n\n<li>Gobierno de Alberta<\/li>\n\n\n\n<li>Innovation, Science, and Economic Development Canada<\/li>\n<\/ul>\n\n\n\n<p><\/p>\n\n\n\n<p>Instituciones educativas como la Universidad de \u00c9vora, BCIT y otras, junto con l\u00edderes de la industria como Amazon Web Services y HubSpot for Startups, forman parte de su red.<\/p>\n\n\n\n<h2 class=\"wp-block-heading\">Programas de Empowered Startups<\/h2>\n\n\n\n<h3 class=\"wp-block-heading\">Empowered Startups Programa Visa Startup Canad\u00e1<\/h3>\n\n\n\n<p>Empowered Startups, en colaboraci\u00f3n con el Gobierno de Canad\u00e1 desde 2014, lidera el programa Canada Startup Visa, facilitando la incorporaci\u00f3n de emprendedores internacionales calificados.<\/p>\n\n\n\n<p>Este programa ha demostrado gran \u00e9xito, ofreciendo beneficios como:<\/p>\n\n\n\n<ul class=\"wp-block-list\">\n<li>Procesamiento r\u00e1pido<\/li>\n\n\n\n<li>Ambientes laborales flexibles<\/li>\n\n\n\n<li>Acceso a una red comprobada de expertos en migraci\u00f3n y startups<\/li>\n<\/ul>\n\n\n\n<p><\/p>\n\n\n\n<h3 class=\"wp-block-heading\">Empowered Startups Programa Visa HQA Portugal<\/h3>\n\n\n\n<p>El programa Empowered Startups Portugal HQA Visa, aprobado por el gobierno portugu\u00e9s, est\u00e1 dirigido a profesionales e inversores exitosos que gestionan empresas internacionales.<\/p>\n\n\n\n<p>Este programa ofrece una v\u00eda futura en la Uni\u00f3n Europea y trabaja con instituciones l\u00edderes en I+D, superando el programa Golden Visa.<\/p>\n\n\n\n<h3 class=\"wp-block-heading\">Empowered Startups Estados Unidos EB-2 NIW Startup R&amp;D Program<\/h3>\n\n\n\n<p>El programa EB-2 NIW Startup R&amp;D de Estados Unidos proporciona un camino simplificado para obtener la Green Card para emprendedores.<\/p>\n\n\n\n<p>La Green Card, obtenida de forma r\u00e1pida y eficaz, concede residencia permanente en EE.UU. al inversor y su familia, destac\u00e1ndose por su corto tiempo de procesamiento.<\/p>\n\n\n\n<h3 class=\"wp-block-heading\">Empowered Startups Alberta Foreign Graduate Entrepreneur Stream<\/h3>\n\n\n\n<p>El programa Alberta Foreign Graduate Entrepreneur Stream, dise\u00f1ado para graduados internacionales, les permite establecer startups en Alberta.<\/p>\n\n\n\n<p>Colaborar con Empowered y cumplir con ciertos criterios conduce a una carta de recomendaci\u00f3n para el Alberta Advantage Immigration Program.<\/p>\n\n\n\n<h3 class=\"wp-block-heading\">Otros Programas<\/h3>\n\n\n\n<p>La firma tambi\u00e9n gestiona programas como Empowered Nations, enfocado en la autodeterminaci\u00f3n y prosperidad de pueblos ind\u00edgenas, ofreciendo formaci\u00f3n en emprendimiento e innovaci\u00f3n.<\/p>\n\n\n\n<p>Adem\u00e1s, existen iniciativas como Empowered Startups Platform y Young Empowered Startuppers (YES), que proporcionan soluciones digitales, formaci\u00f3n y apoyo para startups, escuelas secundarias y j\u00f3venes emprendedores.<\/p>\n\n\n\n<p>Aunque las incubadoras ofrecen muchas ventajas, es crucial considerar los posibles inconvenientes antes de comprometerse.<\/p>\n\n\n\n<p>Las incubadoras destacadas suelen tener procesos de selecci\u00f3n rigurosos, priorizando inversiones con alto potencial de retorno.<\/p>\n\n\n\n<p>Dado el beneficio financiero potencial, asegurar un resultado exitoso se convierte en una prioridad.<\/p>\n\n\n\n<p>Algunas incubadoras pueden requerir compromisos de hasta dos a\u00f1os o hasta que el producto est\u00e9 listo para su lanzamiento.<\/p>\n\n\n\n<p><\/p>\n\n\n\n<p><strong>Siete afflitti dall'indecisione finanziaria? <\/strong><\/p>\n\n\n\n<figure class=\"wp-block-image size-large is-resized\"><img decoding=\"async\" width=\"512\" height=\"288\" src=\"https:\/\/adamfayed.com\/wp-content\/uploads\/2025\/03\/Adam-Fayed-Contact_CTA3-512x288.jpg\" alt=\"\" class=\"wp-image-117505\" style=\"width:683px;height:auto\" srcset=\"https:\/\/adamfayed.com\/wp-content\/uploads\/2025\/03\/Adam-Fayed-Contact_CTA3-512x288.jpg 512w, https:\/\/adamfayed.com\/wp-content\/uploads\/2025\/03\/Adam-Fayed-Contact_CTA3-300x169.jpg 300w, https:\/\/adamfayed.com\/wp-content\/uploads\/2025\/03\/Adam-Fayed-Contact_CTA3-768x432.jpg 768w, https:\/\/adamfayed.com\/wp-content\/uploads\/2025\/03\/Adam-Fayed-Contact_CTA3-scaled.jpg 825w\" sizes=\"(max-width: 512px) 100vw, 512px\" \/><\/figure>\n\n\n\n<div style=\"height:10px\" aria-hidden=\"true\" class=\"wp-block-spacer\"><\/div>\n\n\n\n<div class=\"wp-block-buttons is-layout-flex wp-block-buttons-is-layout-flex\">\n<div class=\"wp-block-button\"><a class=\"wp-block-button__link wp-element-button\" href=\"https:\/\/adamfayed.com\/it\/become-adams-client\/\">Diventa mio cliente<\/a><\/div>\n\n\n\n<div class=\"wp-block-button\"><a class=\"wp-block-button__link wp-element-button\" href=\"https:\/\/adamfayed.com\/it\/good-match-quiz\/\" target=\"_blank\" rel=\"noreferrer noopener\">Fare il quiz sull'idoneit\u00e0 del cliente<\/a><\/div>\n\n\n\n<div class=\"wp-block-button\"><a class=\"wp-block-button__link wp-element-button\" href=\"https:\/\/adamfayed.com\/it\/contact\/\" target=\"_blank\" rel=\"noreferrer noopener\">Contatto<\/a><\/div>\n<\/div>\n\n\n\n<p><strong>Adam \u00e8 un autore riconosciuto a livello internazionale in materia finanziaria con oltre 830 milioni di visualizzazioni di risposte su Quora, un libro molto venduto su Amazon e un contributo su Forbes.<\/strong><\/p>\n\n\n\n<p><\/p>","protected":false},"excerpt":{"rendered":"<p>\ud83c\udf10 English | Vedi in Italiano Esta rese\u00f1a de Empowered Startups proporcionar\u00e1 informaci\u00f3n completa sobre la incubadora de startups y sus iniciativas. Entendiendo el contexto general, las startups, en sus etapas iniciales, son fundadas por emprendedores para ofrecer productos o servicios demandados, seg\u00fan Forbes. Si deseas invertir como expatriado o individuo con alto patrimonio, que [&hellip;]<\/p>","protected":false},"author":14,"featured_media":191598,"parent":185416,"menu_order":0,"comment_status":"closed","ping_status":"closed","template":"","meta":{"rop_custom_images_group":[],"rop_custom_messages_group":[],"rop_publish_now":"initial","rop_publish_now_accounts":{"facebook_10166176115445471_100883565069113":""},"rop_publish_now_history":[],"rop_publish_now_status":"pending","footnotes":""},"class_list":["post-191587","page","type-page","status-publish","has-post-thumbnail","hentry"],"_links":{"self":[{"href":"https:\/\/adamfayed.com\/it\/wp-json\/wp\/v2\/pages\/191587","targetHints":{"allow":["GET"]}}],"collection":[{"href":"https:\/\/adamfayed.com\/it\/wp-json\/wp\/v2\/pages"}],"about":[{"href":"https:\/\/adamfayed.com\/it\/wp-json\/wp\/v2\/types\/page"}],"author":[{"embeddable":true,"href":"https:\/\/adamfayed.com\/it\/wp-json\/wp\/v2\/users\/14"}],"replies":[{"embeddable":true,"href":"https:\/\/adamfayed.com\/it\/wp-json\/wp\/v2\/comments?post=191587"}],"version-history":[{"count":2,"href":"https:\/\/adamfayed.com\/it\/wp-json\/wp\/v2\/pages\/191587\/revisions"}],"predecessor-version":[{"id":210100,"href":"https:\/\/adamfayed.com\/it\/wp-json\/wp\/v2\/pages\/191587\/revisions\/210100"}],"up":[{"embeddable":true,"href":"https:\/\/adamfayed.com\/it\/wp-json\/wp\/v2\/pages\/185416"}],"wp:featuredmedia":[{"embeddable":true,"href":"https:\/\/adamfayed.com\/it\/wp-json\/wp\/v2\/media\/191598"}],"wp:attachment":[{"href":"https:\/\/adamfayed.com\/it\/wp-json\/wp\/v2\/media?parent=191587"}],"curies":[{"name":"wp","href":"https:\/\/api.w.org\/{rel}","templated":true}]}}