{"id":191605,"date":"2025-07-20T19:13:01","date_gmt":"2025-07-20T19:13:01","guid":{"rendered":"https:\/\/adamfayed.com\/?page_id=191605"},"modified":"2025-09-09T17:35:37","modified_gmt":"2025-09-09T17:35:37","slug":"resena-de-logbook-loans-loan-notes","status":"publish","type":"page","link":"https:\/\/adamfayed.com\/it\/spanish-article\/resena-de-logbook-loans-loan-notes\/","title":{"rendered":"Rese\u00f1a de Logbook Loans Loan Notes"},"content":{"rendered":"<p class=\"has-text-align-right\">\ud83c\udf10 <a href=\"https:\/\/adamfayed.com\/it\/review-articles\/logbook-loans-secured-loan-notes-review\/\">Inglese<\/a> | <a href=\"https:\/\/adamfayed.com\/it\/italian-article\/recensione-logbook-loans-loan-notes\/\">Vedi in Italiano<\/a><\/p>\n\n\n\n<p>\u00bfTe interesa invertir en Logbook Loans?<\/p>\n\n\n\n<p>Este art\u00edculo trata sobre las opciones de inversi\u00f3n ofrecidas por Logbook Loans 247. La empresa proporciona pr\u00e9stamos prendarios y logbook loans en el Reino Unido desde 500 hasta 50.000 libras esterlinas, garantizados por veh\u00edculos o bienes de valor. Se consideran cr\u00e9ditos a corto plazo y alto costo.<\/p>\n\n\n\n<p>Si deseas invertir como expatriado o persona con alto patrimonio, que es mi especialidad, puedes escribirme (<a>hello<\/a>@adamfayed.com) o v\u00eda WhatsApp (+44-7393-450-837).<\/p>\n\n\n\n<p>Invertir en notas de pr\u00e9stamo siempre conlleva grandes riesgos, y podr\u00edas perder todo tu dinero.<\/p>\n\n\n\n<p>Conocer los pros y contras de la oportunidad puede marcar la diferencia.<\/p>\n\n\n\n<h2 class=\"wp-block-heading\">\u00bfQui\u00e9n es Logbook Loans 247?<\/h2>\n\n\n\n<p>Logbook Lending Ltd se especializa en pr\u00e9stamos subprime y opera bajo el nombre de Logbook Loans 247.<\/p>\n\n\n\n<p>La entidad fue fundada en 2010 y est\u00e1 regulada por la FCA.<\/p>\n\n\n\n<p>Tambi\u00e9n se ha rebautizado como Logbook Asset Management.<\/p>\n\n\n\n<h2 class=\"wp-block-heading\">Oportunidades de Inversi\u00f3n de Logbook Loans<\/h2>\n\n\n\n<div class=\"wp-block-group is-layout-constrained wp-block-group-is-layout-constrained\">\n<figure class=\"wp-block-image alignleft size-medium\"><img fetchpriority=\"high\" decoding=\"async\" width=\"300\" height=\"300\" src=\"https:\/\/adamfayed.com\/wp-content\/uploads\/2025\/07\/Oportunidades-de-Inversion-de-Logbook-Loans-300x300.png\" alt=\"\" class=\"wp-image-191611\" srcset=\"https:\/\/adamfayed.com\/wp-content\/uploads\/2025\/07\/Oportunidades-de-Inversion-de-Logbook-Loans-300x300.png 300w, https:\/\/adamfayed.com\/wp-content\/uploads\/2025\/07\/Oportunidades-de-Inversion-de-Logbook-Loans-512x512.png 512w, https:\/\/adamfayed.com\/wp-content\/uploads\/2025\/07\/Oportunidades-de-Inversion-de-Logbook-Loans-150x150.png 150w, https:\/\/adamfayed.com\/wp-content\/uploads\/2025\/07\/Oportunidades-de-Inversion-de-Logbook-Loans-768x768.png 768w, https:\/\/adamfayed.com\/wp-content\/uploads\/2025\/07\/Oportunidades-de-Inversion-de-Logbook-Loans-scaled.png 825w\" sizes=\"(max-width: 300px) 100vw, 300px\" \/><\/figure>\n<\/div>\n\n\n\n<p>La empresa ofrece notas de pr\u00e9stamo garantizadas para inversores calificados.<\/p>\n\n\n\n<p>Estas notas est\u00e1n respaldadas por una garant\u00eda que cubre todos los activos actuales y futuros de la compa\u00f1\u00eda.<\/p>\n\n\n\n<p>Las notas transferibles y no transferibles se emiten por 7 millones y 20 millones de libras respectivamente.<\/p>\n\n\n\n<h3 class=\"wp-block-heading\">Notas Garantizadas a 2 A\u00f1os<\/h3>\n\n\n\n<p>Los inversores pueden ganar 10% de inter\u00e9s en dos a\u00f1os, con pagos trimestrales. Alternativamente, pueden optar por cobrar el inter\u00e9s al vencimiento con un retorno anual del 11%.<\/p>\n\n\n\n<h3 class=\"wp-block-heading\">Notas Garantizadas a 3 A\u00f1os<\/h3>\n\n\n\n<p>Para un plazo de tres a\u00f1os, las notas garantizadas ofrecen un rendimiento del 11% si se reciben pagos trimestrales. Al optar por el pago al vencimiento, la tasa sube al 12%.<\/p>\n\n\n\n<h3 class=\"wp-block-heading\">\u00bfCu\u00e1l es la inversi\u00f3n m\u00ednima?<\/h3>\n\n\n\n<p>La inversi\u00f3n m\u00ednima es de 10.000 libras, d\u00f3lares o euros.<\/p>\n\n\n\n<h3 class=\"wp-block-heading\">\u00bfQui\u00e9n puede invertir en estas notas?<\/h3>\n\n\n\n<ul class=\"wp-block-list\">\n<li>Gestores de activos<\/li>\n\n\n\n<li>Personas de alto patrimonio<\/li>\n\n\n\n<li>Administradores de carteras<\/li>\n\n\n\n<li>Family offices<\/li>\n\n\n\n<li>Inversores sofisticados<\/li>\n<\/ul>\n\n\n\n<p><\/p>\n\n\n\n<h2 class=\"wp-block-heading\">Ventajas y desventajas de invertir en notas garantizadas<\/h2>\n\n\n\n<h3 class=\"wp-block-heading\">Ventajas<\/h3>\n\n\n\n<ul class=\"wp-block-list\">\n<li>Opci\u00f3n para diversificar inversions<\/li>\n\n\n\n<li>Accesibles desde cualquier Plataforma<\/li>\n\n\n\n<li>Mercado manejado directamente, menos influenciado por tendencias globales<\/li>\n\n\n\n<li>1,8 millones de libras en activos como garant\u00eda<\/li>\n\n\n\n<li>Ingresos constantes por intereses<\/li>\n<\/ul>\n\n\n\n<p><\/p>\n\n\n\n<h3 class=\"wp-block-heading\">Riesgos<\/h3>\n\n\n\n<ul class=\"wp-block-list\">\n<li>P\u00e9rdida de dinero si los prestatarios incumplen y la garant\u00eda no cubre la deuda<\/li>\n\n\n\n<li>Baja liquidez para vender a valor justo o r\u00e1pidamente<\/li>\n\n\n\n<li>No hay garant\u00eda de reembolso total a pesar de la garant\u00eda<\/li>\n<\/ul>\n\n\n\n<p><\/p>\n\n\n\n<h2 class=\"wp-block-heading\">Reflexi\u00f3n Final<\/h2>\n\n\n\n<p>Seg\u00fan la FCA, el sector de cr\u00e9dito a corto plazo y alto costo, como los logbook loans, est\u00e1 regulado con l\u00edmites a los cargos.<\/p>\n\n\n\n<p>Sin embargo, el panorama para este mercado es optimista y se espera un crecimiento notable.<\/p>\n\n\n\n<p>Estas notas permiten diversificar fuera de mercados financieros vol\u00e1tiles y pueden actuar como cobertura ante la inflaci\u00f3n.<\/p>\n\n\n\n<p>Antes de invertir, eval\u00faa los costos totales frente al capital disponible y consulta con un asesor financiero si tienes dudas.<\/p>\n\n\n\n<p><\/p>\n\n\n\n<p><strong>Siete afflitti dall'indecisione finanziaria? <\/strong><\/p>\n\n\n\n<figure class=\"wp-block-image size-large is-resized\"><img decoding=\"async\" width=\"512\" height=\"288\" src=\"https:\/\/adamfayed.com\/wp-content\/uploads\/2025\/03\/Adam-Fayed-Contact_CTA3-512x288.jpg\" alt=\"\" class=\"wp-image-117505\" style=\"width:683px;height:auto\" srcset=\"https:\/\/adamfayed.com\/wp-content\/uploads\/2025\/03\/Adam-Fayed-Contact_CTA3-512x288.jpg 512w, https:\/\/adamfayed.com\/wp-content\/uploads\/2025\/03\/Adam-Fayed-Contact_CTA3-300x169.jpg 300w, https:\/\/adamfayed.com\/wp-content\/uploads\/2025\/03\/Adam-Fayed-Contact_CTA3-768x432.jpg 768w, https:\/\/adamfayed.com\/wp-content\/uploads\/2025\/03\/Adam-Fayed-Contact_CTA3-scaled.jpg 825w\" sizes=\"(max-width: 512px) 100vw, 512px\" \/><\/figure>\n\n\n\n<div style=\"height:10px\" aria-hidden=\"true\" class=\"wp-block-spacer\"><\/div>\n\n\n\n<div class=\"wp-block-buttons is-layout-flex wp-block-buttons-is-layout-flex\">\n<div class=\"wp-block-button\"><a class=\"wp-block-button__link wp-element-button\" href=\"https:\/\/adamfayed.com\/it\/become-adams-client\/\">Diventa mio cliente<\/a><\/div>\n\n\n\n<div class=\"wp-block-button\"><a class=\"wp-block-button__link wp-element-button\" href=\"https:\/\/adamfayed.com\/it\/good-match-quiz\/\" target=\"_blank\" rel=\"noreferrer noopener\">Fare il quiz sull'idoneit\u00e0 del cliente<\/a><\/div>\n\n\n\n<div class=\"wp-block-button\"><a class=\"wp-block-button__link wp-element-button\" href=\"https:\/\/adamfayed.com\/it\/contact\/\" target=\"_blank\" rel=\"noreferrer noopener\">Contatto<\/a><\/div>\n<\/div>\n\n\n\n<p><strong>Adam \u00e8 un autore riconosciuto a livello internazionale in materia finanziaria con oltre 830 milioni di visualizzazioni di risposte su Quora, un libro molto venduto su Amazon e un contributo su Forbes.<\/strong><\/p>","protected":false},"excerpt":{"rendered":"<p>\ud83c\udf10 English | Vedi in Italiano \u00bfTe interesa invertir en Logbook Loans? Este art\u00edculo trata sobre las opciones de inversi\u00f3n ofrecidas por Logbook Loans 247. La empresa proporciona pr\u00e9stamos prendarios y logbook loans en el Reino Unido desde 500 hasta 50.000 libras esterlinas, garantizados por veh\u00edculos o bienes de valor. Se consideran cr\u00e9ditos a corto [&hellip;]<\/p>","protected":false},"author":14,"featured_media":191612,"parent":185416,"menu_order":0,"comment_status":"closed","ping_status":"closed","template":"","meta":{"rop_custom_images_group":[],"rop_custom_messages_group":[],"rop_publish_now":"initial","rop_publish_now_accounts":{"facebook_10166176115445471_100883565069113":""},"rop_publish_now_history":[],"rop_publish_now_status":"pending","footnotes":""},"class_list":["post-191605","page","type-page","status-publish","has-post-thumbnail","hentry"],"_links":{"self":[{"href":"https:\/\/adamfayed.com\/it\/wp-json\/wp\/v2\/pages\/191605","targetHints":{"allow":["GET"]}}],"collection":[{"href":"https:\/\/adamfayed.com\/it\/wp-json\/wp\/v2\/pages"}],"about":[{"href":"https:\/\/adamfayed.com\/it\/wp-json\/wp\/v2\/types\/page"}],"author":[{"embeddable":true,"href":"https:\/\/adamfayed.com\/it\/wp-json\/wp\/v2\/users\/14"}],"replies":[{"embeddable":true,"href":"https:\/\/adamfayed.com\/it\/wp-json\/wp\/v2\/comments?post=191605"}],"version-history":[{"count":2,"href":"https:\/\/adamfayed.com\/it\/wp-json\/wp\/v2\/pages\/191605\/revisions"}],"predecessor-version":[{"id":210097,"href":"https:\/\/adamfayed.com\/it\/wp-json\/wp\/v2\/pages\/191605\/revisions\/210097"}],"up":[{"embeddable":true,"href":"https:\/\/adamfayed.com\/it\/wp-json\/wp\/v2\/pages\/185416"}],"wp:featuredmedia":[{"embeddable":true,"href":"https:\/\/adamfayed.com\/it\/wp-json\/wp\/v2\/media\/191612"}],"wp:attachment":[{"href":"https:\/\/adamfayed.com\/it\/wp-json\/wp\/v2\/media?parent=191605"}],"curies":[{"name":"wp","href":"https:\/\/api.w.org\/{rel}","templated":true}]}}