{"id":191622,"date":"2025-07-20T19:25:03","date_gmt":"2025-07-20T19:25:03","guid":{"rendered":"https:\/\/adamfayed.com\/?page_id=191622"},"modified":"2025-09-09T17:42:20","modified_gmt":"2025-09-09T17:42:20","slug":"fondo-ingresos-pimco","status":"publish","type":"page","link":"https:\/\/adamfayed.com\/it\/spanish-article\/fondo-ingresos-pimco\/","title":{"rendered":"Rese\u00f1a del Fondo de Ingresos PIMCO"},"content":{"rendered":"<p class=\"has-text-align-right\">\ud83c\udf10 <a href=\"https:\/\/adamfayed.com\/it\/review-articles\/pimco-income-fund-review\/\">Inglese<\/a> | <a href=\"https:\/\/adamfayed.com\/it\/italian-article\/recensione-pimco-income-fund\/\">Vedi in Italiano<\/a><\/p>\n\n\n\n<p>Esta rese\u00f1a del PIMCO Income Fund analiza sus caracter\u00edsticas, cargos y rendimientos hist\u00f3ricos.<\/p>\n\n\n\n<p>Este fondo es ofrecido por PIMCO (Pacific Investment Management CO.), un actor clave en los mercados p\u00fablicos y privados de renta fija. La firma, con sede en Newport Beach, California, fue fundada en 1971.<\/p>\n\n\n\n<p>Si deseas invertir como expatriado o persona de alto patrimonio, que es mi especialidad, puedes escribirme (advice@adamfayed.com) o por WhatsApp (+44-7393-450-837).<\/p>\n\n\n\n<p>La informaci\u00f3n aqu\u00ed proviene de datos de Morningstar seg\u00fan lo reportado por el Financial Times.<\/p>\n\n\n\n<h2 class=\"wp-block-heading\">\u00bfQui\u00e9n es PIMCO?<\/h2>\n\n\n\n<p>La compa\u00f1\u00eda ofrece servicios de cuenta y fondos mutuos a clientes institucionales, de alto patrimonio e individuales.<\/p>\n\n\n\n<p>PIMCO inform\u00f3 que administra 1.86 billones de USD al 31 de diciembre de 2023.<\/p>\n\n\n\n<h2 class=\"wp-block-heading\">Todo sobre el Fondo de Ingresos PIMCO<\/h2>\n\n\n\n<h3 class=\"wp-block-heading\">\u00bfQu\u00e9 es un fondo de ingresos?<\/h3>\n\n\n\n<p>Son fondos mutuos o ETFs que generan ingresos regulares, e invierten en bonos, acciones con dividendos, acciones preferentes y otros activos de renta fija.<\/p>\n\n\n\n<h3 class=\"wp-block-heading\">\u00bfQu\u00e9 es el PIMCO Income Fund?<\/h3>\n\n\n\n<p>El PIMCO Income Fund (PIMIX) fue lanzado el 30 de marzo de 2007. Es una opci\u00f3n a considerar para quienes buscan un flujo constante de ingresos.<\/p>\n\n\n\n<h4 class=\"wp-block-heading\">Caracter\u00edsticas de la Clase Institucional del Fondo<\/h4>\n\n\n\n<p>Al menos el 65% de los activos se invierte en valores de renta fija con diferentes vencimientos, incluidos derivados como opciones, futuros y swaps.<\/p>\n\n\n\n<p>Puede invertir hasta el 50% en activos de alto rendimiento con calificaci\u00f3n inferior al grado de inversi\u00f3n (seg\u00fan Moody\u2019s, S&amp;P o Fitch).<\/p>\n\n\n\n<p>El fondo se centra en empresas de mediana capitalizaci\u00f3n, con estilo de inversi\u00f3n de valor o potencial de crecimiento.<\/p>\n\n\n\n<p>Posee una estrategia de bonos con calificaci\u00f3n media y exposici\u00f3n moderada a cambios en tasas de inter\u00e9s.<\/p>\n\n\n\n<p>Los precios est\u00e1n en USD y se actualizan diariamente.<\/p>\n\n\n\n<p>A diciembre de 2023, el fondo ten\u00eda activos netos de 137.46 mil millones USD, y su clase institucional era de 81.93 mil millones USD.<\/p>\n\n\n\n<h4 class=\"wp-block-heading\">Asignaci\u00f3n de Activos<\/h4>\n\n\n\n<p>El fondo invierte principalmente en bonos de EE.UU. (187,21%), con 0,27% en bienes ra\u00edces y 155,11% en el sector gubernamental.<\/p>\n\n\n\n<p>Geogr\u00e1ficamente, la principal inversi\u00f3n es en EE.UU. (0,56%).<\/p>\n\n\n\n<h4 class=\"wp-block-heading\">Inversi\u00f3n M\u00ednima<\/h4>\n\n\n\n<p>La inversi\u00f3n m\u00ednima inicial es de 1 mill\u00f3n de d\u00f3lares. No hay l\u00edmite para contribuciones adicionales. Solo est\u00e1 disponible para compra en EE.UU.<\/p>\n\n\n\n<h4 class=\"wp-block-heading\">Rendimiento del Fondo<\/h4>\n\n\n\n<p>En 5 a\u00f1os, los rendimientos crecieron 3,40%; en el \u00faltimo a\u00f1o 9,32%; en seis meses 5,32%; y el \u00faltimo mes arroj\u00f3 3,14%.<\/p>\n\n\n\n<p>En 2022 perdi\u00f3 7,81%, pero en 2023 y hasta el cierre anual, subi\u00f3 9,32%.<\/p>\n\n\n\n<h3 class=\"wp-block-heading\">\u00bfEs una buena inversi\u00f3n el Fondo PIMCO?<\/h3>\n\n\n\n<h4 class=\"wp-block-heading\">Ventajas<\/h4>\n\n\n\n<ol start=\"1\" class=\"wp-block-list\">\n<li>Ideal para quienes buscan ingresos constantes y confiables.<\/li>\n\n\n\n<li>Estrategia diversificada entre distintos sectores de renta fija.<\/li>\n\n\n\n<li>Gesti\u00f3n s\u00f3lida con experiencia y respaldo institucional.<\/li>\n<\/ol>\n\n\n\n<p><\/p>\n\n\n\n<h4 class=\"wp-block-heading\">Desventajas<\/h4>\n\n\n\n<ol start=\"1\" class=\"wp-block-list\">\n<li>Riesgos por alzas en tasas, factores econ\u00f3micos o impagos.<\/li>\n\n\n\n<li>Sensible a la volatilidad del mercado.<\/li>\n\n\n\n<li>Exposici\u00f3n a sectores riesgosos como hipotecas residenciales no garantizadas.<\/li>\n<\/ol>\n\n\n\n<p><\/p>\n\n\n\n<h2 class=\"wp-block-heading\">Conclusione<\/h2>\n\n\n\n<p>Una asignaci\u00f3n estrat\u00e9gica de activos es clave para obtener buenos resultados. El Fondo de Ingresos PIMCO representa una oportunidad valiosa para diversificar la renta fija en tu portafolio.<\/p>\n\n\n\n<p>Vale la pena revisar tu estrategia de ingresos globales.<\/p>\n\n\n\n<p><\/p>\n\n\n\n<p><strong>Siete afflitti dall'indecisione finanziaria? <\/strong><\/p>\n\n\n\n<figure class=\"wp-block-image size-large is-resized\"><img fetchpriority=\"high\" decoding=\"async\" width=\"512\" height=\"288\" src=\"https:\/\/adamfayed.com\/wp-content\/uploads\/2025\/03\/Adam-Fayed-Contact_CTA3-512x288.jpg\" alt=\"\" class=\"wp-image-117505\" style=\"width:683px;height:auto\" srcset=\"https:\/\/adamfayed.com\/wp-content\/uploads\/2025\/03\/Adam-Fayed-Contact_CTA3-512x288.jpg 512w, https:\/\/adamfayed.com\/wp-content\/uploads\/2025\/03\/Adam-Fayed-Contact_CTA3-300x169.jpg 300w, https:\/\/adamfayed.com\/wp-content\/uploads\/2025\/03\/Adam-Fayed-Contact_CTA3-768x432.jpg 768w, https:\/\/adamfayed.com\/wp-content\/uploads\/2025\/03\/Adam-Fayed-Contact_CTA3-scaled.jpg 825w\" sizes=\"(max-width: 512px) 100vw, 512px\" \/><\/figure>\n\n\n\n<div style=\"height:10px\" aria-hidden=\"true\" class=\"wp-block-spacer\"><\/div>\n\n\n\n<div class=\"wp-block-buttons is-layout-flex wp-block-buttons-is-layout-flex\">\n<div class=\"wp-block-button\"><a class=\"wp-block-button__link wp-element-button\" href=\"https:\/\/adamfayed.com\/it\/become-adams-client\/\">Diventa mio cliente<\/a><\/div>\n\n\n\n<div class=\"wp-block-button\"><a class=\"wp-block-button__link wp-element-button\" href=\"https:\/\/adamfayed.com\/it\/good-match-quiz\/\" target=\"_blank\" rel=\"noreferrer noopener\">Fare il quiz sull'idoneit\u00e0 del cliente<\/a><\/div>\n\n\n\n<div class=\"wp-block-button\"><a class=\"wp-block-button__link wp-element-button\" href=\"https:\/\/adamfayed.com\/it\/contact\/\" target=\"_blank\" rel=\"noreferrer noopener\">Contatto<\/a><\/div>\n<\/div>\n\n\n\n<p><strong>Adam \u00e8 un autore riconosciuto a livello internazionale in materia finanziaria con oltre 830 milioni di visualizzazioni di risposte su Quora, un libro molto venduto su Amazon e un contributo su Forbes.<\/strong><\/p>","protected":false},"excerpt":{"rendered":"<p>\ud83c\udf10 English | Vedi in Italiano Esta rese\u00f1a del PIMCO Income Fund analiza sus caracter\u00edsticas, cargos y rendimientos hist\u00f3ricos. Este fondo es ofrecido por PIMCO (Pacific Investment Management CO.), un actor clave en los mercados p\u00fablicos y privados de renta fija. La firma, con sede en Newport Beach, California, fue fundada en 1971. Si deseas [&hellip;]<\/p>","protected":false},"author":14,"featured_media":191630,"parent":185416,"menu_order":0,"comment_status":"closed","ping_status":"closed","template":"","meta":{"rop_custom_images_group":[],"rop_custom_messages_group":[],"rop_publish_now":"initial","rop_publish_now_accounts":{"facebook_10166176115445471_100883565069113":""},"rop_publish_now_history":[],"rop_publish_now_status":"pending","footnotes":""},"class_list":["post-191622","page","type-page","status-publish","has-post-thumbnail","hentry"],"_links":{"self":[{"href":"https:\/\/adamfayed.com\/it\/wp-json\/wp\/v2\/pages\/191622","targetHints":{"allow":["GET"]}}],"collection":[{"href":"https:\/\/adamfayed.com\/it\/wp-json\/wp\/v2\/pages"}],"about":[{"href":"https:\/\/adamfayed.com\/it\/wp-json\/wp\/v2\/types\/page"}],"author":[{"embeddable":true,"href":"https:\/\/adamfayed.com\/it\/wp-json\/wp\/v2\/users\/14"}],"replies":[{"embeddable":true,"href":"https:\/\/adamfayed.com\/it\/wp-json\/wp\/v2\/comments?post=191622"}],"version-history":[{"count":2,"href":"https:\/\/adamfayed.com\/it\/wp-json\/wp\/v2\/pages\/191622\/revisions"}],"predecessor-version":[{"id":210107,"href":"https:\/\/adamfayed.com\/it\/wp-json\/wp\/v2\/pages\/191622\/revisions\/210107"}],"up":[{"embeddable":true,"href":"https:\/\/adamfayed.com\/it\/wp-json\/wp\/v2\/pages\/185416"}],"wp:featuredmedia":[{"embeddable":true,"href":"https:\/\/adamfayed.com\/it\/wp-json\/wp\/v2\/media\/191630"}],"wp:attachment":[{"href":"https:\/\/adamfayed.com\/it\/wp-json\/wp\/v2\/media?parent=191622"}],"curies":[{"name":"wp","href":"https:\/\/api.w.org\/{rel}","templated":true}]}}