{"id":194329,"date":"2025-07-28T05:20:22","date_gmt":"2025-07-28T05:20:22","guid":{"rendered":"https:\/\/adamfayed.com\/?page_id=194329"},"modified":"2025-09-09T17:50:21","modified_gmt":"2025-09-09T17:50:21","slug":"altair-renewable-recensione","status":"publish","type":"page","link":"https:\/\/adamfayed.com\/it\/italian-article\/altair-renewable-recensione\/","title":{"rendered":"Recensione di Altair Renewable Energy Limited"},"content":{"rendered":"<p class=\"has-text-align-right\">\ud83c\udf10 <a href=\"https:\/\/adamfayed.com\/it\/review-articles\/altair-renewable-energy-limited-review\/\">Inglese<\/a> | <a href=\"https:\/\/adamfayed.com\/it\/spanish-article\/altair-renewable-resena\/\">Vedi in spagnolo<\/a><\/p>\n\n\n\n<p>Altair Renewable Energy Limited \u00e8 una societ\u00e0 di venture e development capital dedicata principalmente agli investimenti nella produzione di energia da fonti rinnovabili. Specializzata nel finanziamento di progetti in questo settore, l\u2019azienda si focalizza inizialmente su impianti a biomassa e biogas.<\/p>\n\n\n\n<p>La societ\u00e0 attualmente presenta conti insoluti e addebiti in sospeso, di cui parleremo pi\u00f9 avanti.<\/p>\n\n\n\n<p>Se desideri investire come espatriato o persona con alto patrimonio netto, puoi contattarmi via e-mail (hello@adamfayed.com) o su WhatsApp (+44-7393-450-837).<\/p>\n\n\n\n<p>Questo vale anche se stai cercando un servizio gratuito di revisione del portafoglio per espatriati, per ottimizzare i tuoi investimenti e individuare nuove opportunit\u00e0 di crescita.<\/p>\n\n\n\n<p>Alcuni dati potrebbero essere cambiati dai dati di redazione. Nulla di quanto scritto costituisce consulenza finanziaria, legale, fiscale o personale, n\u00e9 rappresenta una sollecitazione all'investimento o una raccomandazione di prodotti o servizi specifici.<\/p>\n\n\n\n<p>Le societ\u00e0 di venture capital come Altair Renewable, con investimenti nell\u2019energia rinnovabile, possono offrire ricompense finanziarie, specialmente se le imprese sostenute crescono significativamente. Ma c\u2019\u00e8 un grosso \u201cma\u201d: il potenziale di ritardi nei progetti, di spese eccessive o di fallimenti.<\/p>\n\n\n\n<p>Il fatto che Altair Renewable abbia problemi finanziari mette in evidenza che investimenti di questo tipo comportano sempre grandi rischi. Se non risolti, potrebbero portare a default o addirittura insolvenza, e potresti perdere tutto il capitale.<\/p>\n\n\n\n<h2 class=\"wp-block-heading\">Contesto di Altair Renewable Energy Limited<\/h2>\n\n\n\n<p>Con sede a Londra, Altair Renewable Energy Ltd \u00e8 stata fondata il 20 settembre 2017 (inizialmente con il nome Aratus Renewable Energy Limited fino al rebranding del 7 giugno 2018).<\/p>\n\n\n\n<p>Altair prevede di costruire un portafoglio diversificato di progetti di energia rinnovabile, tra cui marea, solare e eolico.<\/p>\n\n\n\n<p>La strategia di investimento dell\u2019azienda si concentra su opportunit\u00e0 nel Regno Unito e nell\u2019UE, soprattutto su quelle garantite da asset fisici o flussi di reddito supportati da governi o controparti affidabili.<\/p>\n\n\n\n<h3 class=\"wp-block-heading\">Investimenti di Altair Renewable Energy<\/h3>\n\n\n\n<div class=\"wp-block-group is-layout-constrained wp-block-group-is-layout-constrained\">\n<figure class=\"wp-block-image alignright size-large\"><img fetchpriority=\"high\" decoding=\"async\" width=\"512\" height=\"341\" src=\"https:\/\/adamfayed.com\/wp-content\/uploads\/2025\/07\/Investimenti-di-Altair-Renewable-Energy-512x341.jpg\" alt=\"Recensione di Altair Renewable Energy Limited\" class=\"wp-image-194340\" srcset=\"https:\/\/adamfayed.com\/wp-content\/uploads\/2025\/07\/Investimenti-di-Altair-Renewable-Energy-512x341.jpg 512w, https:\/\/adamfayed.com\/wp-content\/uploads\/2025\/07\/Investimenti-di-Altair-Renewable-Energy-300x200.jpg 300w, https:\/\/adamfayed.com\/wp-content\/uploads\/2025\/07\/Investimenti-di-Altair-Renewable-Energy-768x512.jpg 768w, https:\/\/adamfayed.com\/wp-content\/uploads\/2025\/07\/Investimenti-di-Altair-Renewable-Energy-scaled.jpg 825w\" sizes=\"(max-width: 512px) 100vw, 512px\" \/><\/figure>\n<\/div>\n\n\n\n<p>L\u2019azienda sta considerando diverse opzioni di finanziamento:<\/p>\n\n\n\n<ul class=\"wp-block-list\">\n<li>Costruire campi solari da 20\u202fMW nel Regno Unito.<\/li>\n\n\n\n<li>Acquistare e gestire 5\u202fMW di impianti solari esistenti.<\/li>\n\n\n\n<li>Avviare 25\u202fMW di nuova energia da biomassa nel Regno Unito e fuori UE.<\/li>\n\n\n\n<li>Acquisire 6\u202fMW di produzione biogas in corso.<\/li>\n\n\n\n<li>Iniziare progetti di energia mareomotrice da 20\u202fMW.<\/li>\n<\/ul>\n\n\n\n<p><\/p>\n\n\n\n<h3 class=\"wp-block-heading\">Loan note<\/h3>\n\n\n\n<p>La maggior parte degli investitori accede tramite loan note vendute su piattaforme dedicate agli espatriati come Custodian Life e TIPS.<\/p>\n\n\n\n<p>Finora non si registra alcun default in relazione a queste loan note.<\/p>\n\n\n\n<p>Tuttavia, ogni investitore dovrebbe capire che le loan note sono strumenti ad alto rischio.<\/p>\n\n\n\n<h2 class=\"wp-block-heading\">Considerazioni Finali<\/h2>\n\n\n\n<p>Il venture capital in imprese di energia rinnovabile pu\u00f2 offrire accesso a nuovi mercati, tecnologie e opportunit\u00e0 finanziarie. Collaborare con societ\u00e0 solide pu\u00f2 stimolare la crescita e apportare esperienza significativa.<\/p>\n\n\n\n<p>Inoltre, vista la crescente domanda di energie pulite, il potenziale di ritorni interessanti \u00e8 incoraggiante.<\/p>\n\n\n\n<p>Tuttavia, le startup possono trovare difficolt\u00e0 nel reperire capitale, rispondere alle aspettative di rapidi rendimenti e gestire l\u2019incertezza normativa. In pi\u00f9, c\u2019\u00e8 preoccupazione se la stessa societ\u00e0 di venture capital presenta conti scaduti come Altair Renewable Energy Limited.<\/p>\n\n\n\n<p>Prima di investire, valuta lo stato finanziario dell\u2019azienda: questo pu\u00f2 influire sulla loro capacit\u00e0 di supportare le imprese nel portafoglio e, infine, sulle performance del tuo investimento. In questo possiamo aiutarti.<\/p>\n\n\n\n<p>La maggior parte degli investitori accede a investimenti di questo tipo tramite strumenti di debito, come le loan note.<\/p>\n\n\n\n<p>Prima di farlo, assicurati di comprendere i rendimenti aggiustati per il rischio.<\/p>\n\n\n\n<p><\/p>\n\n\n\n<p><strong>Siete afflitti dall'indecisione finanziaria? <\/strong><\/p>\n\n\n\n<figure class=\"wp-block-image size-large is-resized\"><img decoding=\"async\" width=\"512\" height=\"288\" src=\"https:\/\/adamfayed.com\/wp-content\/uploads\/2025\/03\/Adam-Fayed-Contact_CTA3-512x288.jpg\" alt=\"\" class=\"wp-image-117505\" style=\"width:683px;height:auto\" srcset=\"https:\/\/adamfayed.com\/wp-content\/uploads\/2025\/03\/Adam-Fayed-Contact_CTA3-512x288.jpg 512w, https:\/\/adamfayed.com\/wp-content\/uploads\/2025\/03\/Adam-Fayed-Contact_CTA3-300x169.jpg 300w, https:\/\/adamfayed.com\/wp-content\/uploads\/2025\/03\/Adam-Fayed-Contact_CTA3-768x432.jpg 768w, https:\/\/adamfayed.com\/wp-content\/uploads\/2025\/03\/Adam-Fayed-Contact_CTA3-scaled.jpg 825w\" sizes=\"(max-width: 512px) 100vw, 512px\" \/><\/figure>\n\n\n\n<div style=\"height:10px\" aria-hidden=\"true\" class=\"wp-block-spacer\"><\/div>\n\n\n\n<div class=\"wp-block-buttons is-layout-flex wp-block-buttons-is-layout-flex\">\n<div class=\"wp-block-button\"><a class=\"wp-block-button__link wp-element-button\" href=\"https:\/\/adamfayed.com\/it\/become-adams-client\/\">Diventa mio cliente<\/a><\/div>\n\n\n\n<div class=\"wp-block-button\"><a class=\"wp-block-button__link wp-element-button\" href=\"https:\/\/adamfayed.com\/it\/good-match-quiz\/\" target=\"_blank\" rel=\"noreferrer noopener\">Fare il quiz sull'idoneit\u00e0 del cliente<\/a><\/div>\n\n\n\n<div class=\"wp-block-button\"><a class=\"wp-block-button__link wp-element-button\" href=\"https:\/\/adamfayed.com\/it\/contact\/\" target=\"_blank\" rel=\"noreferrer noopener\">Contatto<\/a><\/div>\n<\/div>\n\n\n\n<p><strong>Adam \u00e8 un autore riconosciuto a livello internazionale in materia finanziaria con oltre 830 milioni di visualizzazioni di risposte su Quora, un libro molto venduto su Amazon e un contributo su Forbes.<\/strong><\/p>","protected":false},"excerpt":{"rendered":"<p>\ud83c\udf10 English | Ver en Espa\u00f1ol Altair Renewable Energy Limited \u00e8 una societ\u00e0 di venture e development capital dedicata principalmente agli investimenti nella produzione di energia da fonti rinnovabili. Specializzata nel finanziamento di progetti in questo settore, l\u2019azienda si focalizza inizialmente su impianti a biomassa e biogas. La societ\u00e0 attualmente presenta conti insoluti e addebiti [&hellip;]<\/p>","protected":false},"author":14,"featured_media":194331,"parent":185423,"menu_order":0,"comment_status":"closed","ping_status":"closed","template":"","meta":{"rop_custom_images_group":[],"rop_custom_messages_group":[],"rop_publish_now":"initial","rop_publish_now_accounts":{"facebook_10166176115445471_100883565069113":""},"rop_publish_now_history":[],"rop_publish_now_status":"pending","footnotes":""},"class_list":["post-194329","page","type-page","status-publish","has-post-thumbnail","hentry"],"_links":{"self":[{"href":"https:\/\/adamfayed.com\/it\/wp-json\/wp\/v2\/pages\/194329","targetHints":{"allow":["GET"]}}],"collection":[{"href":"https:\/\/adamfayed.com\/it\/wp-json\/wp\/v2\/pages"}],"about":[{"href":"https:\/\/adamfayed.com\/it\/wp-json\/wp\/v2\/types\/page"}],"author":[{"embeddable":true,"href":"https:\/\/adamfayed.com\/it\/wp-json\/wp\/v2\/users\/14"}],"replies":[{"embeddable":true,"href":"https:\/\/adamfayed.com\/it\/wp-json\/wp\/v2\/comments?post=194329"}],"version-history":[{"count":3,"href":"https:\/\/adamfayed.com\/it\/wp-json\/wp\/v2\/pages\/194329\/revisions"}],"predecessor-version":[{"id":210121,"href":"https:\/\/adamfayed.com\/it\/wp-json\/wp\/v2\/pages\/194329\/revisions\/210121"}],"up":[{"embeddable":true,"href":"https:\/\/adamfayed.com\/it\/wp-json\/wp\/v2\/pages\/185423"}],"wp:featuredmedia":[{"embeddable":true,"href":"https:\/\/adamfayed.com\/it\/wp-json\/wp\/v2\/media\/194331"}],"wp:attachment":[{"href":"https:\/\/adamfayed.com\/it\/wp-json\/wp\/v2\/media?parent=194329"}],"curies":[{"name":"wp","href":"https:\/\/api.w.org\/{rel}","templated":true}]}}