{"id":194344,"date":"2025-07-28T07:37:24","date_gmt":"2025-07-28T07:37:24","guid":{"rendered":"https:\/\/adamfayed.com\/?page_id=194344"},"modified":"2025-09-09T17:52:00","modified_gmt":"2025-09-09T17:52:00","slug":"resena-de-angelhub","status":"publish","type":"page","link":"https:\/\/adamfayed.com\/it\/spanish-article\/resena-de-angelhub\/","title":{"rendered":"Rese\u00f1a de AngelHub"},"content":{"rendered":"<p class=\"has-text-align-right\">\ud83c\udf10 <a href=\"https:\/\/adamfayed.com\/it\/review-articles\/angelhub-review\/\">Inglese<\/a> | <a href=\"https:\/\/adamfayed.com\/it\/italian-article\/recensione-di-angelhub\/\">Vedi in Italiano<\/a><\/p>\n\n\n\n<p>En esta rese\u00f1a de AngelHub, analizaremos los antecedentes de la empresa y sus inversiones.<\/p>\n\n\n\n<p>AngelHub Limited es una plataforma regulada para invertir en startups tecnol\u00f3gicas. Permite que los inversores profesionales colaboren apoyando startups innovadoras verificadas, desde la Serie A hasta llegar a unicornios. Ayuda en la toma de decisiones ofreciendo datos relevantes y an\u00e1lisis de due diligence.<\/p>\n\n\n\n<p>Si est\u00e1s interesado en invertir como expatriado o persona con alto patrimonio neto, puedes escribirme (hello@adamfayed.com) o por WhatsApp (+44\u20117393\u2011450\u2011837).<\/p>\n\n\n\n<p>Esto tambi\u00e9n aplica si est\u00e1s buscando un servicio gratuito de revisi\u00f3n de cartera para expatriados que optimice tus inversiones e identifique oportunidades de crecimiento.<\/p>\n\n\n\n<p>Algunos datos podr\u00edan haber cambiado desde la redacci\u00f3n. Nada de lo aqu\u00ed escrito constituye asesoramiento financiero, legal, fiscal o personal, ni una invitaci\u00f3n a invertir o recomendaci\u00f3n de productos o servicios espec\u00edficos.<\/p>\n\n\n\n<p>Invertir en tecnolog\u00eda puede ser una buena oportunidad.<\/p>\n\n\n\n<p>La plataforma emplea a profesionales que examinan rigurosamente las empresas y seleccionan oportunidades para la comunidad inversora.<\/p>\n\n\n\n<p>AngelHub garantiza equidad y transparencia mediante:<\/p>\n\n\n\n<ul class=\"wp-block-list\">\n<li>due diligence exhaustive<\/li>\n\n\n\n<li>provisi\u00f3n de datos completos de las startups<\/li>\n\n\n\n<li>t\u00e9rminos de inversi\u00f3n transparentes<\/li>\n\n\n\n<li>verificaci\u00f3n de credenciales de los inversores<\/li>\n\n\n\n<li>mecanismo justo de asignaci\u00f3n<\/li>\n\n\n\n<li>educaci\u00f3n y apoyo a inversores<\/li>\n\n\n\n<li>protecci\u00f3n de intereses del inversor<\/li>\n\n\n\n<li>seguimiento y reportes continuos<\/li>\n<\/ul>\n\n\n\n<p><\/p>\n\n\n\n<p>AngelHub Limited tambi\u00e9n est\u00e1 regulada por la Comisi\u00f3n de Valores y Futuros.<\/p>\n\n\n\n<p>Aun as\u00ed, existen riesgos considerables, debido a la naturaleza impredecible de las startups y el sector tecnol\u00f3gico. Es esencial consultar con un asesor financiero.<\/p>\n\n\n\n<h2 class=\"wp-block-heading\">AngelHub: Inversiones<\/h2>\n\n\n\n<div class=\"wp-block-group is-layout-constrained wp-block-group-is-layout-constrained\">\n<figure class=\"wp-block-image alignleft size-medium\"><img fetchpriority=\"high\" decoding=\"async\" width=\"300\" height=\"300\" src=\"https:\/\/adamfayed.com\/wp-content\/uploads\/2025\/07\/AngelHub-Inversiones-300x300.png\" alt=\"\" class=\"wp-image-194394\" srcset=\"https:\/\/adamfayed.com\/wp-content\/uploads\/2025\/07\/AngelHub-Inversiones-300x300.png 300w, https:\/\/adamfayed.com\/wp-content\/uploads\/2025\/07\/AngelHub-Inversiones-512x512.png 512w, https:\/\/adamfayed.com\/wp-content\/uploads\/2025\/07\/AngelHub-Inversiones-150x150.png 150w, https:\/\/adamfayed.com\/wp-content\/uploads\/2025\/07\/AngelHub-Inversiones-768x768.png 768w, https:\/\/adamfayed.com\/wp-content\/uploads\/2025\/07\/AngelHub-Inversiones-scaled.png 825w\" sizes=\"(max-width: 300px) 100vw, 300px\" \/><\/figure>\n<\/div>\n\n\n\n<p>Hasta noviembre de 2022, los inversores hab\u00edan recibido un retorno total de 9,1 millones de USD de AngelHub Limited, que exige una inversi\u00f3n m\u00ednima de 10.000 USD. Tiene un historial de 25 campa\u00f1as de inversi\u00f3n.<\/p>\n\n\n\n<p>En menos de dos a\u00f1os, la plataforma logr\u00f3 dos exits y un retorno de 2,1 veces lo invertido.<\/p>\n\n\n\n<h3 class=\"wp-block-heading\">\u00bfQui\u00e9n puede invertir en AngelHub?<\/h3>\n\n\n\n<p>AngelHub Limited ofrece acceso a una nueva clase de activos para inversores profesionales, facilitando el proceso de inversi\u00f3n y recaudaci\u00f3n de fondos, democratizando la inversi\u00f3n en tecnolog\u00eda.<\/p>\n\n\n\n<p>Debes demostrar activos l\u00edquidos de al menos 8 millones de HKD, o su equivalente en moneda extranjera, para ser considerado inversor profesional.<\/p>\n\n\n\n<h3 class=\"wp-block-heading\">Comisiones de AngelHub<\/h3>\n\n\n\n<p>AngelHub Limited no cobra comisiones anuales de gesti\u00f3n.<\/p>\n\n\n\n<p>Para cubrir la estructura del veh\u00edculo de prop\u00f3sito especial y gastos administrativos, se aplica una comisi\u00f3n inicial del 5% por inversi\u00f3n. Adem\u00e1s, se cobra un 20% de comisi\u00f3n sobre las ganancias (carried interest) al momento de retiro o distribuci\u00f3n de dividendos.<\/p>\n\n\n\n<h3 class=\"wp-block-heading\">C\u00f3mo invertir en AngelHub<\/h3>\n\n\n\n<ol start=\"1\" class=\"wp-block-list\">\n<li>Reg\u00edstrate y valida tu estatus como inversor profesional.<\/li>\n\n\n\n<li>Explora las opciones de inversi\u00f3n.<\/li>\n\n\n\n<li>Realiza la inversi\u00f3n: AngelHub se encarga de documentaci\u00f3n, legalidad y transferencias.<\/li>\n\n\n\n<li>Considera realizar al menos diez inversiones para aumentar tus probabilidades de \u00e9xito.<\/li>\n<\/ol>\n\n\n\n<p><\/p>\n\n\n\n<h3 class=\"wp-block-heading\">Pros y Contras de Invertir con AngelHub<\/h3>\n\n\n\n<h4 class=\"wp-block-heading\">Ventajas<\/h4>\n\n\n\n<ul class=\"wp-block-list\">\n<li>Acceso a proyectos innovadores con riesgo compartido.<\/li>\n\n\n\n<li>Garant\u00eda legal y comunidad de inversores.<\/li>\n\n\n\n<li>Plataforma web amigable, sesiones Zoom y soporte completo.<\/li>\n\n\n\n<li>Diversidad en m\u00e9todos de financiaci\u00f3n y orientaci\u00f3n integral.<\/li>\n<\/ul>\n\n\n\n<p><\/p>\n\n\n\n<h4 class=\"wp-block-heading\">Riesgos<\/h4>\n\n\n\n<ul class=\"wp-block-list\">\n<li>Existe posibilidad de p\u00e9rdida de capital y baja liquidez.<\/li>\n\n\n\n<li>Las empresas est\u00e1n en etapas iniciales y su desempe\u00f1o es incierto.<\/li>\n\n\n\n<li>Varias startups pueden fracasar, aunque otras pueden ofrecer rendimientos significativos.<\/li>\n\n\n\n<li>S\u00f3lo debe invertirse dinero que uno est\u00e9 dispuesto a perder.<\/li>\n<\/ul>\n\n\n\n<p><\/p>\n\n\n\n<p><\/p>\n\n\n\n<p><strong>Siete afflitti dall'indecisione finanziaria? <\/strong><\/p>\n\n\n\n<figure class=\"wp-block-image size-large is-resized\"><img decoding=\"async\" width=\"512\" height=\"288\" src=\"https:\/\/adamfayed.com\/wp-content\/uploads\/2025\/03\/Adam-Fayed-Contact_CTA3-512x288.jpg\" alt=\"\" class=\"wp-image-117505\" style=\"width:683px;height:auto\" srcset=\"https:\/\/adamfayed.com\/wp-content\/uploads\/2025\/03\/Adam-Fayed-Contact_CTA3-512x288.jpg 512w, https:\/\/adamfayed.com\/wp-content\/uploads\/2025\/03\/Adam-Fayed-Contact_CTA3-300x169.jpg 300w, https:\/\/adamfayed.com\/wp-content\/uploads\/2025\/03\/Adam-Fayed-Contact_CTA3-768x432.jpg 768w, https:\/\/adamfayed.com\/wp-content\/uploads\/2025\/03\/Adam-Fayed-Contact_CTA3-scaled.jpg 825w\" sizes=\"(max-width: 512px) 100vw, 512px\" \/><\/figure>\n\n\n\n<div style=\"height:10px\" aria-hidden=\"true\" class=\"wp-block-spacer\"><\/div>\n\n\n\n<div class=\"wp-block-buttons is-layout-flex wp-block-buttons-is-layout-flex\">\n<div class=\"wp-block-button\"><a class=\"wp-block-button__link wp-element-button\" href=\"https:\/\/adamfayed.com\/it\/become-adams-client\/\">Diventa mio cliente<\/a><\/div>\n\n\n\n<div class=\"wp-block-button\"><a class=\"wp-block-button__link wp-element-button\" href=\"https:\/\/adamfayed.com\/it\/good-match-quiz\/\" target=\"_blank\" rel=\"noreferrer noopener\">Fare il quiz sull'idoneit\u00e0 del cliente<\/a><\/div>\n\n\n\n<div class=\"wp-block-button\"><a class=\"wp-block-button__link wp-element-button\" href=\"https:\/\/adamfayed.com\/it\/contact\/\" target=\"_blank\" rel=\"noreferrer noopener\">Contatto<\/a><\/div>\n<\/div>\n\n\n\n<p><strong>Adam \u00e8 un autore riconosciuto a livello internazionale in materia finanziaria con oltre 830 milioni di visualizzazioni di risposte su Quora, un libro molto venduto su Amazon e un contributo su Forbes.<\/strong><\/p>\n\n\n\n<p><\/p>","protected":false},"excerpt":{"rendered":"<p>\ud83c\udf10 English | Vedi in Italiano En esta rese\u00f1a de AngelHub, analizaremos los antecedentes de la empresa y sus inversiones. AngelHub Limited es una plataforma regulada para invertir en startups tecnol\u00f3gicas. Permite que los inversores profesionales colaboren apoyando startups innovadoras verificadas, desde la Serie A hasta llegar a unicornios. Ayuda en la toma de decisiones [&hellip;]<\/p>","protected":false},"author":14,"featured_media":194386,"parent":185416,"menu_order":0,"comment_status":"closed","ping_status":"closed","template":"","meta":{"rop_custom_images_group":[],"rop_custom_messages_group":[],"rop_publish_now":"initial","rop_publish_now_accounts":{"facebook_10166176115445471_100883565069113":""},"rop_publish_now_history":[],"rop_publish_now_status":"pending","footnotes":""},"class_list":["post-194344","page","type-page","status-publish","has-post-thumbnail","hentry"],"_links":{"self":[{"href":"https:\/\/adamfayed.com\/it\/wp-json\/wp\/v2\/pages\/194344","targetHints":{"allow":["GET"]}}],"collection":[{"href":"https:\/\/adamfayed.com\/it\/wp-json\/wp\/v2\/pages"}],"about":[{"href":"https:\/\/adamfayed.com\/it\/wp-json\/wp\/v2\/types\/page"}],"author":[{"embeddable":true,"href":"https:\/\/adamfayed.com\/it\/wp-json\/wp\/v2\/users\/14"}],"replies":[{"embeddable":true,"href":"https:\/\/adamfayed.com\/it\/wp-json\/wp\/v2\/comments?post=194344"}],"version-history":[{"count":2,"href":"https:\/\/adamfayed.com\/it\/wp-json\/wp\/v2\/pages\/194344\/revisions"}],"predecessor-version":[{"id":210124,"href":"https:\/\/adamfayed.com\/it\/wp-json\/wp\/v2\/pages\/194344\/revisions\/210124"}],"up":[{"embeddable":true,"href":"https:\/\/adamfayed.com\/it\/wp-json\/wp\/v2\/pages\/185416"}],"wp:featuredmedia":[{"embeddable":true,"href":"https:\/\/adamfayed.com\/it\/wp-json\/wp\/v2\/media\/194386"}],"wp:attachment":[{"href":"https:\/\/adamfayed.com\/it\/wp-json\/wp\/v2\/media?parent=194344"}],"curies":[{"name":"wp","href":"https:\/\/api.w.org\/{rel}","templated":true}]}}