{"id":194389,"date":"2025-07-28T08:12:57","date_gmt":"2025-07-28T08:12:57","guid":{"rendered":"https:\/\/adamfayed.com\/?page_id=194389"},"modified":"2025-09-09T17:53:51","modified_gmt":"2025-09-09T17:53:51","slug":"bono-audacia-series-13","status":"publish","type":"page","link":"https:\/\/adamfayed.com\/it\/spanish-article\/bono-audacia-series-13\/","title":{"rendered":"Rese\u00f1a del Bono Audacia Capital Series 13 Income"},"content":{"rendered":"<p class=\"has-text-align-right\">\ud83c\udf10 <a href=\"https:\/\/adamfayed.com\/it\/review-articles\/audacia-capital-series-13-income-bond-review\/\">Inglese<\/a> | <a href=\"https:\/\/adamfayed.com\/it\/italian-article\/bond-audacia-series-13\/\">Vedi in Italiano<\/a><\/p>\n\n\n\n<p>En este post revisaremos el bono de Audacia Capital, mencionado en documentos tanto como <em>income bond<\/em> como <em>corporate bond<\/em>, para analizar sus caracter\u00edsticas y condiciones.\u202fEl hecho de que tenga una designaci\u00f3n de <em>income bond<\/em>, pero sea un bono corporativo, indica que es un instrumento de deuda emitido por una empresa para obtener financiaci\u00f3n.<\/p>\n\n\n\n<p>Audacia Capital (Ireland) plc, constituida y registrada en la Rep\u00fablica de Irlanda, emite un programa de notas de varias series. Con calificaci\u00f3n BBB, puede emitir hasta 350 millones de euros en notas.<\/p>\n\n\n\n<p>Se desiderate partecipare come espatriato o persona con un alto patrimonio netto, potete scrivermi (hello@adamfayed.com) o su WhatsApp (+44-7393-450-837).<\/p>\n\n\n\n<p>Esto tambi\u00e9n incluye si buscas un servicio gratuito de revisi\u00f3n de cartera para optimizar tus inversiones e identificar oportunidades de crecimiento.<\/p>\n\n\n\n<p>Alcuni dati possono essere cambiati dopo la pubblicazione. Nulla di quanto qui scritto costituisce una consulenza finanziaria, legale, fiscale o personale, n\u00e9 rappresenta un invito all'investimento o una raccomandazione di prodotti o servizi specifici.<\/p>\n\n\n\n<p>Dado el riesgo inherente de este tipo de inversi\u00f3n, conviene buscar orientaci\u00f3n o asesoramiento.<\/p>\n\n\n\n<h2 class=\"wp-block-heading\">\u00bfQui\u00e9n es Audacia Capital?<\/h2>\n\n\n\n<p>Audacia ayuda a empresas de todos los tama\u00f1os a estructurar programas de bonos que les permiten conseguir garant\u00edas sin diluir el capital social.<\/p>\n\n\n\n<p>Act\u00faa \u00fanicamente como emisor, sin participar en la promoci\u00f3n, gesti\u00f3n o distribuci\u00f3n del bono.<\/p>\n\n\n\n<h2 class=\"wp-block-heading\">Caracter\u00edsticas de la Oferta Corporativa de Audacia Capital<\/h2>\n\n\n\n<figure class=\"wp-block-image aligncenter size-large\"><img fetchpriority=\"high\" decoding=\"async\" width=\"512\" height=\"341\" src=\"https:\/\/adamfayed.com\/wp-content\/uploads\/2025\/07\/Caracteristicas-de-la-Oferta-Corporativa-de-Audacia-Capital-512x341.png\" alt=\"\" class=\"wp-image-194418\" srcset=\"https:\/\/adamfayed.com\/wp-content\/uploads\/2025\/07\/Caracteristicas-de-la-Oferta-Corporativa-de-Audacia-Capital-512x341.png 512w, https:\/\/adamfayed.com\/wp-content\/uploads\/2025\/07\/Caracteristicas-de-la-Oferta-Corporativa-de-Audacia-Capital-300x200.png 300w, https:\/\/adamfayed.com\/wp-content\/uploads\/2025\/07\/Caracteristicas-de-la-Oferta-Corporativa-de-Audacia-Capital-768x512.png 768w, https:\/\/adamfayed.com\/wp-content\/uploads\/2025\/07\/Caracteristicas-de-la-Oferta-Corporativa-de-Audacia-Capital-scaled.png 825w\" sizes=\"(max-width: 512px) 100vw, 512px\" \/><\/figure>\n\n\n\n<p><\/p>\n\n\n\n<p>Este bono pertenece a la Serie 13, lanzada en 2020, siendo parte de la primera emisi\u00f3n de dicha serie.<\/p>\n\n\n\n<p>El valor total previsto para la serie es de 25 millones de libras, con emisiones individuales de hasta 20 millones; el monto real depender\u00e1 de las suscripciones.<\/p>\n\n\n\n<p>La seguridad del bono est\u00e1 respaldada por activos de TVR, fabricante de coches deportivos fundado en 1947, mediante una garant\u00eda flotante (<em>floating charge<\/em>).<\/p>\n\n\n\n<p>El bono ofrece una tasa fija del 8,25% anual, pagada trimestralmente, con vencimiento el 30 de abril de 2025.<br>Est\u00e1 listado en Euronext Dubl\u00edn y se puede comprar o vender cada d\u00eda.<\/p>\n\n\n\n<p>El bono es elegible para inversiones en fondos UCITS, cuentas de pensiones personales (SIPP) y cuentas de ahorro individuales.<\/p>\n\n\n\n<h3 class=\"wp-block-heading\">Inversi\u00f3n M\u00ednima<\/h3>\n\n\n\n<p>La suscripci\u00f3n m\u00ednima es de 10.000 libras para participar en la emisi\u00f3n.<\/p>\n\n\n\n<p>Durante el per\u00edodo de oferta, hay un m\u00ednimo de negociaci\u00f3n de 100.000 euros, aunque en el mercado secundario el bono es libremente transferible sin m\u00ednimo.<\/p>\n\n\n\n<h2 class=\"wp-block-heading\">Pros y Contras del Bono Series\u202f13 de Audacia Capital<\/h2>\n\n\n\n<h3 class=\"wp-block-heading\">Ventajas<\/h3>\n\n\n\n<ul class=\"wp-block-list\">\n<li>Rendimiento anual del 8,25%, que proporciona ingresos constantes hasta el vencimiento.<\/li>\n\n\n\n<li>Bono respaldado por activos y flujos de caja de TVR.<\/li>\n\n\n\n<li>Los bonos corporativos diversifican el riesgo del portafolio entre diferentes clases de activos, aportando estabilidad.<\/li>\n<\/ul>\n\n\n\n<p><\/p>\n\n\n\n<h3 class=\"wp-block-heading\">Riesgos<\/h3>\n\n\n\n<ul class=\"wp-block-list\">\n<li>Los bonos corporativos implican riesgo de cr\u00e9dito ligado a la salud financiera del emisor; problemas financieros podr\u00edan afectar los pagos.<\/li>\n\n\n\n<li>Bonos a tasa fija como la Serie 13 est\u00e1n expuestos a variaciones en las tasas de inter\u00e9s: un aumento puede disminuir su valor.<\/li>\n\n\n\n<li>Est\u00e1n sujetos a eventos inesperados que pueden afectar su valor de mercado.<\/li>\n\n\n\n<li>Es una inversi\u00f3n de alto riesgo: podr\u00edas perder todo tu capital.<\/li>\n<\/ul>\n\n\n\n<p><\/p>\n\n\n\n<p>Dado el riesgo elevado de esta inversi\u00f3n, es recomendable buscar gu\u00eda o asesoramiento profesional.<\/p>\n\n\n\n<p><\/p>\n\n\n\n<p><strong>Siete afflitti dall'indecisione finanziaria? <\/strong><\/p>\n\n\n\n<figure class=\"wp-block-image size-large is-resized\"><img decoding=\"async\" width=\"512\" height=\"288\" src=\"https:\/\/adamfayed.com\/wp-content\/uploads\/2025\/03\/Adam-Fayed-Contact_CTA3-512x288.jpg\" alt=\"\" class=\"wp-image-117505\" style=\"width:683px;height:auto\" srcset=\"https:\/\/adamfayed.com\/wp-content\/uploads\/2025\/03\/Adam-Fayed-Contact_CTA3-512x288.jpg 512w, https:\/\/adamfayed.com\/wp-content\/uploads\/2025\/03\/Adam-Fayed-Contact_CTA3-300x169.jpg 300w, https:\/\/adamfayed.com\/wp-content\/uploads\/2025\/03\/Adam-Fayed-Contact_CTA3-768x432.jpg 768w, https:\/\/adamfayed.com\/wp-content\/uploads\/2025\/03\/Adam-Fayed-Contact_CTA3-scaled.jpg 825w\" sizes=\"(max-width: 512px) 100vw, 512px\" \/><\/figure>\n\n\n\n<div style=\"height:10px\" aria-hidden=\"true\" class=\"wp-block-spacer\"><\/div>\n\n\n\n<div class=\"wp-block-buttons is-layout-flex wp-block-buttons-is-layout-flex\">\n<div class=\"wp-block-button\"><a class=\"wp-block-button__link wp-element-button\" href=\"https:\/\/adamfayed.com\/it\/become-adams-client\/\">Diventa mio cliente<\/a><\/div>\n\n\n\n<div class=\"wp-block-button\"><a class=\"wp-block-button__link wp-element-button\" href=\"https:\/\/adamfayed.com\/it\/good-match-quiz\/\" target=\"_blank\" rel=\"noreferrer noopener\">Fare il quiz sull'idoneit\u00e0 del cliente<\/a><\/div>\n\n\n\n<div class=\"wp-block-button\"><a class=\"wp-block-button__link wp-element-button\" href=\"https:\/\/adamfayed.com\/it\/contact\/\" target=\"_blank\" rel=\"noreferrer noopener\">Contatto<\/a><\/div>\n<\/div>\n\n\n\n<p><strong>Adam \u00e8 un autore riconosciuto a livello internazionale in materia finanziaria con oltre 830 milioni di visualizzazioni di risposte su Quora, un libro molto venduto su Amazon e un contributo su Forbes.<\/strong><\/p>","protected":false},"excerpt":{"rendered":"<p>\ud83c\udf10 English | Vedi in Italiano En este post revisaremos el bono de Audacia Capital, mencionado en documentos tanto como income bond como corporate bond, para analizar sus caracter\u00edsticas y condiciones.\u202fEl hecho de que tenga una designaci\u00f3n de income bond, pero sea un bono corporativo, indica que es un instrumento de deuda emitido por una [&hellip;]<\/p>","protected":false},"author":14,"featured_media":194410,"parent":185416,"menu_order":0,"comment_status":"closed","ping_status":"closed","template":"","meta":{"rop_custom_images_group":[],"rop_custom_messages_group":[],"rop_publish_now":"initial","rop_publish_now_accounts":{"facebook_10166176115445471_100883565069113":""},"rop_publish_now_history":[],"rop_publish_now_status":"pending","footnotes":""},"class_list":["post-194389","page","type-page","status-publish","has-post-thumbnail","hentry"],"_links":{"self":[{"href":"https:\/\/adamfayed.com\/it\/wp-json\/wp\/v2\/pages\/194389","targetHints":{"allow":["GET"]}}],"collection":[{"href":"https:\/\/adamfayed.com\/it\/wp-json\/wp\/v2\/pages"}],"about":[{"href":"https:\/\/adamfayed.com\/it\/wp-json\/wp\/v2\/types\/page"}],"author":[{"embeddable":true,"href":"https:\/\/adamfayed.com\/it\/wp-json\/wp\/v2\/users\/14"}],"replies":[{"embeddable":true,"href":"https:\/\/adamfayed.com\/it\/wp-json\/wp\/v2\/comments?post=194389"}],"version-history":[{"count":3,"href":"https:\/\/adamfayed.com\/it\/wp-json\/wp\/v2\/pages\/194389\/revisions"}],"predecessor-version":[{"id":210128,"href":"https:\/\/adamfayed.com\/it\/wp-json\/wp\/v2\/pages\/194389\/revisions\/210128"}],"up":[{"embeddable":true,"href":"https:\/\/adamfayed.com\/it\/wp-json\/wp\/v2\/pages\/185416"}],"wp:featuredmedia":[{"embeddable":true,"href":"https:\/\/adamfayed.com\/it\/wp-json\/wp\/v2\/media\/194410"}],"wp:attachment":[{"href":"https:\/\/adamfayed.com\/it\/wp-json\/wp\/v2\/media?parent=194389"}],"curies":[{"name":"wp","href":"https:\/\/api.w.org\/{rel}","templated":true}]}}