{"id":194436,"date":"2025-07-28T08:45:58","date_gmt":"2025-07-28T08:45:58","guid":{"rendered":"https:\/\/adamfayed.com\/?page_id=194436"},"modified":"2025-07-28T08:46:17","modified_gmt":"2025-07-28T08:46:17","slug":"recensione-castlestone-faang","status":"publish","type":"page","link":"https:\/\/adamfayed.com\/it\/italian-article\/recensione-castlestone-faang\/","title":{"rendered":"Recensione del Castlestone FAANG\u202f+\u202fUCITS Fund"},"content":{"rendered":"<p>Questa recensione metter\u00e0 in evidenza le caratteristiche di questa opportunit\u00e0 d\u2019investimento offerta da Castlestone Management LLC, societ\u00e0 indipendente di consulenza patrimoniale con sede a New York.<\/p>\n\n\n\n<p>La societ\u00e0 gestisce due fondi UCITS focalizzati su azioni, di cui uno sar\u00e0 oggetto di questo approfondimento.<\/p>\n\n\n\n<p>Se desideri investire come espatriato o persona con alto patrimonio netto \u2014 campo in cui sono specializzato \u2014 puoi contattarmi via email (hello@adamfayed.com) o su WhatsApp (+44\u20117393\u2011450\u2011837).<\/p>\n\n\n\n<p>Poich\u00e9 i fatti possono cambiare dopo la scrittura, \u00e8 importante consultare un consulente finanziario prima di decidere qualsiasi investimento.<\/p>\n\n\n\n<h2 class=\"wp-block-heading\">Termini e Caratteristiche del Castlestone FAANG\u202f+\u202fUCITS Fund<\/h2>\n\n\n\n<div class=\"wp-block-group is-layout-constrained wp-block-group-is-layout-constrained\">\n<figure class=\"wp-block-image aligncenter size-large\"><img fetchpriority=\"high\" decoding=\"async\" width=\"512\" height=\"341\" src=\"https:\/\/adamfayed.com\/wp-content\/uploads\/2025\/07\/Termini-e-Caratteristiche-del-Castlestone-FAANG-UCITS-Fund-512x341.png\" alt=\"\" class=\"wp-image-194460\" srcset=\"https:\/\/adamfayed.com\/wp-content\/uploads\/2025\/07\/Termini-e-Caratteristiche-del-Castlestone-FAANG-UCITS-Fund-512x341.png 512w, https:\/\/adamfayed.com\/wp-content\/uploads\/2025\/07\/Termini-e-Caratteristiche-del-Castlestone-FAANG-UCITS-Fund-300x200.png 300w, https:\/\/adamfayed.com\/wp-content\/uploads\/2025\/07\/Termini-e-Caratteristiche-del-Castlestone-FAANG-UCITS-Fund-768x512.png 768w, https:\/\/adamfayed.com\/wp-content\/uploads\/2025\/07\/Termini-e-Caratteristiche-del-Castlestone-FAANG-UCITS-Fund-scaled.png 825w\" sizes=\"(max-width: 512px) 100vw, 512px\" \/><\/figure>\n<\/div>\n\n\n\n<p><\/p>\n\n\n\n<p>Il fondo punta a una crescita del capitale investendo in azioni tecnologiche internazionali, in particolare le societ\u00e0 note come FAANG: Meta (Facebook), Apple, Amazon, Netflix e Google (Alphabet).<\/p>\n\n\n\n<p>Il portafoglio prevede una forte esposizione allo sviluppo tecnologico in vari settori, tra cui beni di consumo discrezionali, servizi di comunicazione e IT.<\/p>\n\n\n\n<p>Il fondo \u00e8 stato lanciato il 2 gennaio 2019, con valuta base in USD, ma offre anche classi in GBP ed EUR.<br>A marzo 2024, il patrimonio gestito era di circa 267 milioni di USD.<br>L\u2019investimento iniziale minimo varia in base alla valuta: 10.000, 5.000 o 1.000 unit\u00e0.<\/p>\n\n\n\n<p>L\u2019allocazione settoriale \u00e8 circa 45\u202f% tech, 25\u202f% consumer discretionary e 23\u202f% comunicazione.<\/p>\n\n\n\n<p>Geograficamente, il fondo investe prevalentemente negli USA (circa 70\u202f%), seguono Europa con 18,5\u202f% e Cina con 5\u202f%.<\/p>\n\n\n\n<p>Le principali partecipazioni includono The London Tunnels Plc (12,71\u202f%), Apple Inc (7,25\u202f%), e Alphabet Inc Class C (7,15\u202f%).<\/p>\n\n\n\n<h3 class=\"wp-block-heading\">Performance del Castlestone FAANG\u202f+\u202fUCITS Fund<\/h3>\n\n\n\n<ul class=\"wp-block-list\">\n<li>In USD: crescita del 13,25\u202f% in giugno e 23,54\u202f% da inizio anno. Nel 2020 ha guadagnato 47,02\u202f%, ma ha perso 37,63\u202f% nel 2022 a causa della volatilit\u00e0.<\/li>\n\n\n\n<li>In GBP: +13,26\u202f% a giugno e rendimento YTD del 23,96\u202f%. Valore salito di 43,07\u202f% nel 2023 ed \u00e8 sceso di 39,14\u202f% nel 2022.<\/li>\n\n\n\n<li>In EUR: rendimento YTD del 23,48\u202f%, +13,28\u202f% a giugno. Nel 2023 \u00e8 salito del 42,60\u202f%, crollando di 38,84\u202f% nel 2022.<\/li>\n<\/ul>\n\n\n\n<p><\/p>\n\n\n\n<h3 class=\"wp-block-heading\">Commissioni del Castlestone FAANG\u202f+\u202fUCITS Fund<\/h3>\n\n\n\n<p>Il fondo prevede una commissione di vendita fino all&#8217;1\u202f% mensile, costi di sottoscrizione dal 4 % al 6\u202f% e una commissione di gestione tra 1,25\u202f% e 1,75\u202f%.<\/p>\n\n\n\n<p>Sono previste spese aggiuntive come commissioni del depositario, costi di transazione relativi all\u2019acquisto e alla vendita degli asset sottostanti, e costi amministrativi.<\/p>\n\n\n\n<h3 class=\"wp-block-heading\">Pro e Contro del Castlestone FAANG\u202f+\u202fUCITS Fund<\/h3>\n\n\n\n<h4 class=\"wp-block-heading\">Vantaggi<\/h4>\n\n\n\n<ul class=\"wp-block-list\">\n<li>I fondi Castlestone sono diversificati su pi\u00f9 industrie.<\/li>\n\n\n\n<li>Accesso a societ\u00e0 tecnologiche di rilievo e leadership di settore.<\/li>\n\n\n\n<li>La liquidit\u00e0 giornaliera facilita entrate e uscite rapide.<\/li>\n<\/ul>\n\n\n\n<p><\/p>\n\n\n\n<h4 class=\"wp-block-heading\">Rischi<\/h4>\n\n\n\n<ul class=\"wp-block-list\">\n<li>Le azioni tecnologiche possono essere molto volatili, causando forti oscillazioni nel valore del fondo.<\/li>\n\n\n\n<li>La forte esposizione alle FAANG implica rischio elevato se queste aziende performano male.<\/li>\n\n\n\n<li>La performance del fondo \u00e8 strettamente correlata all\u2019andamento del mercato generale e del settore tech.<\/li>\n\n\n\n<li>Gli investimenti internazionali espongono il rendimento a variazioni dei tassi di cambio.<\/li>\n<\/ul>\n\n\n\n<p><\/p>\n\n\n\n<p><strong>Siete afflitti dall'indecisione finanziaria? <\/strong><\/p>\n\n\n\n<figure class=\"wp-block-image size-large is-resized\"><img decoding=\"async\" width=\"512\" height=\"288\" src=\"https:\/\/adamfayed.com\/wp-content\/uploads\/2025\/03\/Adam-Fayed-Contact_CTA3-512x288.jpg\" alt=\"\" class=\"wp-image-117505\" style=\"width:683px;height:auto\" srcset=\"https:\/\/adamfayed.com\/wp-content\/uploads\/2025\/03\/Adam-Fayed-Contact_CTA3-512x288.jpg 512w, https:\/\/adamfayed.com\/wp-content\/uploads\/2025\/03\/Adam-Fayed-Contact_CTA3-300x169.jpg 300w, https:\/\/adamfayed.com\/wp-content\/uploads\/2025\/03\/Adam-Fayed-Contact_CTA3-768x432.jpg 768w, https:\/\/adamfayed.com\/wp-content\/uploads\/2025\/03\/Adam-Fayed-Contact_CTA3-scaled.jpg 825w\" sizes=\"(max-width: 512px) 100vw, 512px\" \/><\/figure>\n\n\n\n<div style=\"height:10px\" aria-hidden=\"true\" class=\"wp-block-spacer\"><\/div>\n\n\n\n<div class=\"wp-block-buttons is-layout-flex wp-block-buttons-is-layout-flex\">\n<div class=\"wp-block-button\"><a class=\"wp-block-button__link wp-element-button\" href=\"https:\/\/adamfayed.com\/it\/become-adams-client\/\">Diventa mio cliente<\/a><\/div>\n\n\n\n<div class=\"wp-block-button\"><a class=\"wp-block-button__link wp-element-button\" href=\"https:\/\/adamfayed.com\/it\/good-match-quiz\/\" target=\"_blank\" rel=\"noreferrer noopener\">Fare il quiz sull'idoneit\u00e0 del cliente<\/a><\/div>\n\n\n\n<div class=\"wp-block-button\"><a class=\"wp-block-button__link wp-element-button\" href=\"https:\/\/adamfayed.com\/it\/contact\/\" target=\"_blank\" rel=\"noreferrer noopener\">Contatto<\/a><\/div>\n<\/div>\n\n\n\n<p><strong>Adam \u00e8 un autore riconosciuto a livello internazionale in materia finanziaria con oltre 830 milioni di visualizzazioni di risposte su Quora, un libro molto venduto su Amazon e un contributo su Forbes.<\/strong><\/p>","protected":false},"excerpt":{"rendered":"<p>Questa recensione metter\u00e0 in evidenza le caratteristiche di questa opportunit\u00e0 d\u2019investimento offerta da Castlestone Management LLC, societ\u00e0 indipendente di consulenza patrimoniale con sede a New York. La societ\u00e0 gestisce due fondi UCITS focalizzati su azioni, di cui uno sar\u00e0 oggetto di questo approfondimento. Se desideri investire come espatriato o persona con alto patrimonio netto \u2014 [&hellip;]<\/p>","protected":false},"author":14,"featured_media":194459,"parent":185423,"menu_order":0,"comment_status":"closed","ping_status":"closed","template":"","meta":{"rop_custom_images_group":[],"rop_custom_messages_group":[],"rop_publish_now":"initial","rop_publish_now_accounts":{"facebook_10166176115445471_100883565069113":""},"rop_publish_now_history":[],"rop_publish_now_status":"pending","footnotes":""},"class_list":["post-194436","page","type-page","status-publish","has-post-thumbnail","hentry"],"_links":{"self":[{"href":"https:\/\/adamfayed.com\/it\/wp-json\/wp\/v2\/pages\/194436","targetHints":{"allow":["GET"]}}],"collection":[{"href":"https:\/\/adamfayed.com\/it\/wp-json\/wp\/v2\/pages"}],"about":[{"href":"https:\/\/adamfayed.com\/it\/wp-json\/wp\/v2\/types\/page"}],"author":[{"embeddable":true,"href":"https:\/\/adamfayed.com\/it\/wp-json\/wp\/v2\/users\/14"}],"replies":[{"embeddable":true,"href":"https:\/\/adamfayed.com\/it\/wp-json\/wp\/v2\/comments?post=194436"}],"version-history":[{"count":2,"href":"https:\/\/adamfayed.com\/it\/wp-json\/wp\/v2\/pages\/194436\/revisions"}],"predecessor-version":[{"id":194464,"href":"https:\/\/adamfayed.com\/it\/wp-json\/wp\/v2\/pages\/194436\/revisions\/194464"}],"up":[{"embeddable":true,"href":"https:\/\/adamfayed.com\/it\/wp-json\/wp\/v2\/pages\/185423"}],"wp:featuredmedia":[{"embeddable":true,"href":"https:\/\/adamfayed.com\/it\/wp-json\/wp\/v2\/media\/194459"}],"wp:attachment":[{"href":"https:\/\/adamfayed.com\/it\/wp-json\/wp\/v2\/media?parent=194436"}],"curies":[{"name":"wp","href":"https:\/\/api.w.org\/{rel}","templated":true}]}}