{"id":194438,"date":"2025-07-28T08:57:16","date_gmt":"2025-07-28T08:57:16","guid":{"rendered":"https:\/\/adamfayed.com\/?page_id=194438"},"modified":"2025-07-28T08:57:18","modified_gmt":"2025-07-28T08:57:18","slug":"plan-ahorro-investors-evolution","status":"publish","type":"page","link":"https:\/\/adamfayed.com\/it\/spanish-article\/plan-ahorro-investors-evolution\/","title":{"rendered":"Rese\u00f1a del Plan de Ahorro Investors Trust Evolution"},"content":{"rendered":"<p>In questa ricerca del <em>Piano di risparmio Evolution di Investors Trust<\/em>, rivediamo le caratteristiche del piano di risparmio offerto dal fornitore, oltre a evidenziare i benefici e i rischi.<\/p>\n\n\n\n<p>Il piano di risparmio <em>Evoluzione della fiducia degli investitori<\/em> pu\u00f2 essere utilizzato per l'acquisto di fondi per l'istruzione o per il giubileo, in USD, EUR o GBP. Quanto maggiore \u00e8 il compromesso, tanto maggiore \u00e8 il potenziale di risparmio. Quando i contributi annuali superano determinati limiti, vengono stanziati dei fondi aggiuntivi per aiutare a raggiungere gli obiettivi di investimento futuri.<\/p>\n\n\n\n<p>Se desiderate partecipare come espatriato o persona con un alto patrimonio netto, potete scrivermi (hello@adamfayed.com) o su WhatsApp (+44-7393-450-837).<\/p>\n\n\n\n<p>Anche se siete alla ricerca di un servizio gratuito di revisione della vostra auto per gli espatriati, con l'obiettivo di ottimizzare i vostri investimenti e individuare nuove opportunit\u00e0 di crescita.<\/p>\n\n\n\n<p>Alcuni dati possono essere cambiati dopo la pubblicazione. Nulla di quanto qui scritto costituisce una consulenza finanziaria, legale, fiscale o personale, n\u00e9 rappresenta un invito all'investimento o una raccomandazione di prodotti o servizi specifici.<\/p>\n\n\n\n<p>Diversi investitori hanno una diversa tolleranza al rischio. Investors Trust offre prodotti di capitale unici per rispondere a queste esigenze, tra cui le inversioni alternative e i carter di locazione con protezione del capitale. La societ\u00e0 privilegia strategie creative che assicurano il capitale, generano entrate regolari e, in alcune occasioni, sfruttano le fluttuazioni del mercato.<\/p>\n\n\n\n<p>Offre soluzioni unit-linked orientate all'accesso ai mercati globali per gli inversionisti stranieri, con presenza in <em>Isole Cayman<\/em>, Malasia e Porto Rico, rivolgendosi a clienti di livello internazionale.<\/p>\n\n\n\n<h2 class=\"wp-block-heading\">Caratteristiche del Piano di risparmio Evolution di Investors Trust<\/h2>\n\n\n\n<h3 class=\"wp-block-heading\">Piano di risparmio Evolution di Investors Trust<\/h3>\n\n\n\n<ul class=\"wp-block-list\">\n<li>Piano flessibile in USD, EUR o GBP<\/li>\n\n\n\n<li>Contributo annuo minimo: 1.200 (duplicato per piani di 5 anni), con incremento annuo minimo di 600.<\/li>\n\n\n\n<li>Modalit\u00e0 di pagamento: annuale, semestrale, trimestrale o mensile<\/li>\n\n\n\n<li>Piani disponibili: 5, 10, 15, 20 o 25 anni<\/li>\n\n\n\n<li>Comisi\u00f3n administrativa: 1,9 % all'anno durante i primi 10 anni, poi 0,35 %.<\/li>\n\n\n\n<li>Commissione di struttura: 0,125 % del valore del credito<\/li>\n\n\n\n<li>Costo della quota: 7 USD\/EUR o 4,5 GBP al mese<\/li>\n\n\n\n<li>Spread offerta\/offerta: ninguno<\/li>\n\n\n\n<li>Beneficio per caduta: 101 % del valore del conto corrente<\/li>\n\n\n\n<li>Trasferimenti di fondi: gratuiti<\/li>\n\n\n\n<li>Penalizaciones por rescate seg\u00fan a\u00f1os restantes del contrato<\/li>\n\n\n\n<li>Reti parziali consentite dopo il periodo iniziale con valore minimo di salvataggio di 1,200<\/li>\n\n\n\n<li>Et\u00e0 di ingresso: da 18 a 80 anni per gruppi di 5 anni (ridurre con i gruppi pi\u00f9 grandi).<\/li>\n<\/ul>\n\n\n\n<p><\/p>\n\n\n\n<h3 class=\"wp-block-heading\">Piano di risparmio Evolution Plus di Investors Trust<\/h3>\n\n\n\n<ul class=\"wp-block-list\">\n<li>Elegido \u201cMiglior piano di risparmio internazionale\u201d por <em>Investimenti internazionali<\/em><\/li>\n\n\n\n<li>Disponibile in USD, EUR e GBP<\/li>\n\n\n\n<li>Contributo annuale minimo: 12.000<\/li>\n\n\n\n<li>Piloti disponibili per contributi minimi di 2.500 euro<\/li>\n\n\n\n<li>Incrementi annui di almeno 12.000<\/li>\n\n\n\n<li>Modalit\u00e0 di esecuzione: annuale, semestrale, trimestrale o mensile<\/li>\n\n\n\n<li>Sin comisi\u00f3n administrativa anual ni spread bid\/offer<\/li>\n\n\n\n<li>Costo della quota: 10 USD\/EUR o 7 GBP al mese<\/li>\n\n\n\n<li>Commissione di struttura: 0,16 % del valore di bilancio (1,92 % annuo)<\/li>\n\n\n\n<li>Commissione per l'uso della carta di credito: 3,5 %<\/li>\n\n\n\n<li>Trasferimenti di fondi gratuiti<\/li>\n\n\n\n<li>Beneficio per il decesso: 101 % del valore<\/li>\n\n\n\n<li>Penalizzazioni per salvataggio: 1,92 % il primo anno, successivamente 0 %<\/li>\n\n\n\n<li>Reti parziali permesse con valore minimo di salvataggio di 10.000<\/li>\n\n\n\n<li>Edades permitidas: 18-85 anni<\/li>\n<\/ul>\n\n\n\n<p><\/p>\n\n\n\n<h3 class=\"wp-block-heading\">Investors Trust Evolution Select<\/h3>\n\n\n\n<ul class=\"wp-block-list\">\n<li>Contributo minimo annuale: 12.000 USD\/EUR\/GBP<\/li>\n\n\n\n<li>Piloti per contributi minimi di 2.500 euro e aumenti annuali di 12.000 euro<\/li>\n\n\n\n<li>Frequenza di pagamento: annuale, semestrale, trimestrale o mensile<\/li>\n\n\n\n<li>Spread sin bid\/offer<\/li>\n\n\n\n<li>Comisi\u00f3n administrativa: 1 % sobre prima original durante los primeros 5 a\u00f1os<\/li>\n\n\n\n<li>Costo della quota: 10 USD\/EUR o 7 GBP mensili<\/li>\n\n\n\n<li>Commissione di struttura: 0,125 % mensili del valore di cassa (1,5 % annuali)<\/li>\n\n\n\n<li>Costo per carta di credito: 3,5 %<\/li>\n\n\n\n<li>Trasferimenti di fondi gratuiti<\/li>\n\n\n\n<li>Beneficio per caduta garantito del 101 % del valore del conto corrente<\/li>\n\n\n\n<li>Reti parziali permesse con valore minimo di salvataggio di 10.000<\/li>\n\n\n\n<li>Penalizzazioni per salvataggio da 4 % nell'anno 1 a 0 % nell'anno 5<\/li>\n\n\n\n<li>Et\u00e0 ammissibili: 18-85 anni<\/li>\n<\/ul>\n\n\n\n<p><\/p>\n\n\n\n<h2 class=\"wp-block-heading\">Pro e contro del piano di finanziamento<\/h2>\n\n\n\n<h3 class=\"wp-block-heading\">Ventajas<\/h3>\n\n\n\n<ul class=\"wp-block-list\">\n<li>Fidelizzazione e assegnazioni aggiuntive<\/li>\n\n\n\n<li>Ampia variet\u00e0 di fondi mutuabili<\/li>\n\n\n\n<li>Grande variet\u00e0 di gestori di attivit\u00e0<\/li>\n\n\n\n<li>Seguire il portafoglio in linea<\/li>\n\n\n\n<li>Baja inversi\u00f3n inicial m\u00ednima<\/li>\n\n\n\n<li>Trasferimenti di fondi senza costi<\/li>\n\n\n\n<li>Pi\u00f9 economico di molti altri piani analoghi<\/li>\n<\/ul>\n\n\n\n<p><\/p>\n\n\n\n<h3 class=\"wp-block-heading\">Desventajas<\/h3>\n\n\n\n<ul class=\"wp-block-list\">\n<li>Per coloro che possono investire un importo elevato, i prodotti di capitale unico possono essere pi\u00f9 adatti.<\/li>\n\n\n\n<li>Chi deve ritirarsi prima della madurez pu\u00f2 incorrere in penalizzazioni in base alla durata della pena.<\/li>\n\n\n\n<li>I rendimenti non sono garantiti, a differenza di un semplice fondo del tipo S&amp;P 500.<\/li>\n<\/ul>\n\n\n\n<p><\/p>\n\n\n\n<h2 class=\"wp-block-heading\"><strong>Conclusione<\/strong><\/h2>\n\n\n\n<p>Questo piano \u00e8 pi\u00f9 economico e flessibile di molti altri concorrenti, con un'ampia variet\u00e0 di fondi disponibili. Tuttavia, \u00e8 adatto solo a determinati profili; \u00e8 opportuno valutare se coincide con i propri obiettivi e prendere in considerazione un consulente professionale.<\/p>\n\n\n\n<p><\/p>\n\n\n\n<p><strong>Siete afflitti dall'indecisione finanziaria? <\/strong><\/p>\n\n\n\n<figure class=\"wp-block-image size-large is-resized\"><img fetchpriority=\"high\" decoding=\"async\" width=\"512\" height=\"288\" src=\"https:\/\/adamfayed.com\/wp-content\/uploads\/2025\/03\/Adam-Fayed-Contact_CTA3-512x288.jpg\" alt=\"\" class=\"wp-image-117505\" style=\"width:683px;height:auto\" srcset=\"https:\/\/adamfayed.com\/wp-content\/uploads\/2025\/03\/Adam-Fayed-Contact_CTA3-512x288.jpg 512w, https:\/\/adamfayed.com\/wp-content\/uploads\/2025\/03\/Adam-Fayed-Contact_CTA3-300x169.jpg 300w, https:\/\/adamfayed.com\/wp-content\/uploads\/2025\/03\/Adam-Fayed-Contact_CTA3-768x432.jpg 768w, https:\/\/adamfayed.com\/wp-content\/uploads\/2025\/03\/Adam-Fayed-Contact_CTA3-scaled.jpg 825w\" sizes=\"(max-width: 512px) 100vw, 512px\" \/><\/figure>\n\n\n\n<div style=\"height:10px\" aria-hidden=\"true\" class=\"wp-block-spacer\"><\/div>\n\n\n\n<div class=\"wp-block-buttons is-layout-flex wp-block-buttons-is-layout-flex\">\n<div class=\"wp-block-button\"><a class=\"wp-block-button__link wp-element-button\" href=\"https:\/\/adamfayed.com\/it\/become-adams-client\/\">Diventa mio cliente<\/a><\/div>\n\n\n\n<div class=\"wp-block-button\"><a class=\"wp-block-button__link wp-element-button\" href=\"https:\/\/adamfayed.com\/it\/good-match-quiz\/\" target=\"_blank\" rel=\"noreferrer noopener\">Fare il quiz sull'idoneit\u00e0 del cliente<\/a><\/div>\n\n\n\n<div class=\"wp-block-button\"><a class=\"wp-block-button__link wp-element-button\" href=\"https:\/\/adamfayed.com\/it\/contact\/\" target=\"_blank\" rel=\"noreferrer noopener\">Contatto<\/a><\/div>\n<\/div>\n\n\n\n<p><strong>Adam \u00e8 un autore riconosciuto a livello internazionale in materia finanziaria con oltre 830 milioni di visualizzazioni di risposte su Quora, un libro molto venduto su Amazon e un contributo su Forbes.<\/strong><\/p>\n\n\n\n<p><\/p>","protected":false},"excerpt":{"rendered":"<p>En esta rese\u00f1a del Investors Trust Evolution Savings Plan, revisaremos las caracter\u00edsticas del plan de ahorro ofrecido por el proveedor, adem\u00e1s de se\u00f1alar beneficios y riesgos. El plan de ahorro Investors Trust Evolution puede utilizarse para ahorro educativo o jubilaci\u00f3n, en USD, EUR o GBP. Cuanto mayor sea el compromiso, mayor ser\u00e1 el potencial de [&hellip;]<\/p>","protected":false},"author":14,"featured_media":194471,"parent":185416,"menu_order":0,"comment_status":"closed","ping_status":"closed","template":"","meta":{"rop_custom_images_group":[],"rop_custom_messages_group":[],"rop_publish_now":"initial","rop_publish_now_accounts":{"facebook_10166176115445471_100883565069113":""},"rop_publish_now_history":[],"rop_publish_now_status":"pending","footnotes":""},"class_list":["post-194438","page","type-page","status-publish","has-post-thumbnail","hentry"],"_links":{"self":[{"href":"https:\/\/adamfayed.com\/it\/wp-json\/wp\/v2\/pages\/194438","targetHints":{"allow":["GET"]}}],"collection":[{"href":"https:\/\/adamfayed.com\/it\/wp-json\/wp\/v2\/pages"}],"about":[{"href":"https:\/\/adamfayed.com\/it\/wp-json\/wp\/v2\/types\/page"}],"author":[{"embeddable":true,"href":"https:\/\/adamfayed.com\/it\/wp-json\/wp\/v2\/users\/14"}],"replies":[{"embeddable":true,"href":"https:\/\/adamfayed.com\/it\/wp-json\/wp\/v2\/comments?post=194438"}],"version-history":[{"count":2,"href":"https:\/\/adamfayed.com\/it\/wp-json\/wp\/v2\/pages\/194438\/revisions"}],"predecessor-version":[{"id":194472,"href":"https:\/\/adamfayed.com\/it\/wp-json\/wp\/v2\/pages\/194438\/revisions\/194472"}],"up":[{"embeddable":true,"href":"https:\/\/adamfayed.com\/it\/wp-json\/wp\/v2\/pages\/185416"}],"wp:featuredmedia":[{"embeddable":true,"href":"https:\/\/adamfayed.com\/it\/wp-json\/wp\/v2\/media\/194471"}],"wp:attachment":[{"href":"https:\/\/adamfayed.com\/it\/wp-json\/wp\/v2\/media?parent=194438"}],"curies":[{"name":"wp","href":"https:\/\/api.w.org\/{rel}","templated":true}]}}