{"id":194457,"date":"2025-07-28T09:57:19","date_gmt":"2025-07-28T09:57:19","guid":{"rendered":"https:\/\/adamfayed.com\/?page_id=194457"},"modified":"2025-07-28T09:58:59","modified_gmt":"2025-07-28T09:58:59","slug":"recensione-del-bond-kaeva-plc","status":"publish","type":"page","link":"https:\/\/adamfayed.com\/it\/italian-article\/recensione-del-bond-kaeva-plc\/","title":{"rendered":"Recensione del Bond Kaeva PLC"},"content":{"rendered":"<p>Questo articolo esaminer\u00e0 il bond emesso da Kaeva PLC per esplorarne i termini e le caratteristiche.<\/p>\n\n\n\n<p>Presenteremo aggiornamenti importanti sul programma obbligazionario, poich\u00e9 i pagamenti degli interessi non sono stati effettuati in tempo e sono state avviate procedure di liquidazione contro Kaeva Pty Ltd., il debitore.<\/p>\n\n\n\n<p>Il recente default rende essenziale rivalutare l&#8217;intero portafoglio, dato che potresti essere esposto a rischi nascosti.<\/p>\n\n\n\n<p>Se desideri investire come espatriato o persona con alto patrimonio netto, puoi contattarmi via e-mail (hello@adamfayed.com) o su WhatsApp (+44-7393-450-837).<\/p>\n\n\n\n<p>Questo vale anche se cerchi un servizio gratuito di revisione del portafoglio per ottimizzare i tuoi investimenti e identificare nuove opportunit\u00e0 di crescita.<\/p>\n\n\n\n<p>Alcuni dati potrebbero essere cambiati dai dati di redazione. Nulla di quanto scritto costituisce consulenza finanziaria, legale, fiscale o personale, n\u00e9 rappresenta una sollecitazione all'investimento o una raccomandazione di prodotti o servizi specifici.<\/p>\n\n\n\n<p>Kaeva PLC \u00e8 una societ\u00e0 di gestione degli investimenti che offre opportunit\u00e0 su misura a investitori istituzionali. In passato era conosciuta come BWI International Capital PLC e Index Ecogen PLC.<\/p>\n\n\n\n<p>Fondata il 17 agosto 2016 per offrire titoli quotati trasferibili tramite un programma di <em>secured notes<\/em>, ha cambiato nome in Kaeva Ltd il 2 ottobre 2023. In questo testo, si intenda Kaeva PLC = Kaeva Ltd.<\/p>\n\n\n\n<h3 class=\"wp-block-heading\">Termini e Caratteristiche del Bond Kaeva PLC<\/h3>\n\n\n\n<div class=\"wp-block-group is-layout-constrained wp-block-group-is-layout-constrained\">\n<figure class=\"wp-block-image alignright size-medium\"><img fetchpriority=\"high\" decoding=\"async\" width=\"300\" height=\"300\" src=\"https:\/\/adamfayed.com\/wp-content\/uploads\/2025\/07\/Termini-e-Caratteristiche-del-Bond-Kaeva-PLC-300x300.jpg\" alt=\"\" class=\"wp-image-194510\" srcset=\"https:\/\/adamfayed.com\/wp-content\/uploads\/2025\/07\/Termini-e-Caratteristiche-del-Bond-Kaeva-PLC-300x300.jpg 300w, https:\/\/adamfayed.com\/wp-content\/uploads\/2025\/07\/Termini-e-Caratteristiche-del-Bond-Kaeva-PLC-512x512.jpg 512w, https:\/\/adamfayed.com\/wp-content\/uploads\/2025\/07\/Termini-e-Caratteristiche-del-Bond-Kaeva-PLC-150x150.jpg 150w, https:\/\/adamfayed.com\/wp-content\/uploads\/2025\/07\/Termini-e-Caratteristiche-del-Bond-Kaeva-PLC-768x768.jpg 768w, https:\/\/adamfayed.com\/wp-content\/uploads\/2025\/07\/Termini-e-Caratteristiche-del-Bond-Kaeva-PLC-scaled.jpg 825w\" sizes=\"(max-width: 300px) 100vw, 300px\" \/><\/figure>\n<\/div>\n\n\n\n<p>Kaeva ha emesso fino a 1 miliardo di sterline di <em>senior secured notes<\/em> con interesse fisso del 9% annuo pagato semestralmente. Le obbligazioni erano disponibili in GBP, EUR e USD.<\/p>\n\n\n\n<p>Il bond, emesso l\u20198 febbraio 2019, \u00e8 scaduto l\u20198 febbraio 2024 ed era la prima tranche di un programma da 5 miliardi di sterline. I proventi netti erano destinati a prestiti anticipati o investimenti garantiti da asset.<\/p>\n\n\n\n<p>Le note erano garantite dai progetti stessi (<em>senior secured<\/em>) e quotate su Euronext Dublin e sulla Borsa di Francoforte, facilmente negoziabili. Il titolo pu\u00f2 essere detenuto tramite strumenti come UCITS, ISA, SIPP, SSAS, QROPS e Portfolio Bonds.<\/p>\n\n\n\n<p><\/p>\n\n\n\n<p><\/p>\n\n\n\n<h3 class=\"wp-block-heading\">Pro e Contro dei Bond Senior Secured a Tasso Fisso<\/h3>\n\n\n\n<h4 class=\"wp-block-heading\">Vantaggi<\/h4>\n\n\n\n<ul class=\"wp-block-list\">\n<li>Pagamento regolare degli interessi a tasso fisso.<\/li>\n\n\n\n<li>In caso di problemi, i detentori senior sono rimborsati prima di altri creditori.<\/li>\n<\/ul>\n\n\n\n<p><\/p>\n\n\n\n<h4 class=\"wp-block-heading\">Rischi<\/h4>\n\n\n\n<ul class=\"wp-block-list\">\n<li>Le variazioni dei tassi d\u2019interesse possono influire sul valore del bond.<\/li>\n\n\n\n<li>Il debitore pu\u00f2 mancare i pagamenti, compromettendo gli interessi.<\/li>\n<\/ul>\n\n\n\n<p><\/p>\n\n\n\n<h2 class=\"wp-block-heading\">Aggiornamenti sul Bond Kaeva PLC<\/h2>\n\n\n\n<ul class=\"wp-block-list\">\n<li>Il 9 aprile 2022, Kaeva ha ritirato le note con scadenza 2024 dalla Borsa di Francoforte; il 6 febbraio 2023 ha fatto lo stesso su Euronext Dublin.<\/li>\n\n\n\n<li>Nel 2023 non sono stati percepiti proventi, rispetto ai 1,9 milioni di sterline dell\u2019anno precedente.<\/li>\n\n\n\n<li>Nell\u2019anno conclusosi il 31 agosto 2023, non \u00e8 stato pagato alcun coupon perch\u00e9 il debitore (Kaeva Pty Ltd) non ha versato le somme dovute.<\/li>\n\n\n\n<li>Il 9 luglio 2023 \u00e8 stato avviato il processo di liquidazione per Kaeva Pty Ltd.; ci\u00f2 ha attivato immediatamente la scadenza delle note senior.<\/li>\n\n\n\n<li>Non essendo emersi asset sufficienti, Kaeva Ltd ha informato creditori e investitori che non riceveranno pagamenti. Tuttavia, l\u2019azienda continua a operare come <em>going concern<\/em>.<\/li>\n\n\n\n<li>Il 14 marzo 2024 si \u00e8 tenuta una riunione informale dei <em>noteholders<\/em> per discutere il ritardo nei pagamenti e le prossime azioni. Saranno necessarie ulteriori votazioni sulle modifiche ai termini del contratto.<\/li>\n<\/ul>\n\n\n\n<p><\/p>\n\n\n\n<h2 class=\"wp-block-heading\">Riflessioni Finali<\/h2>\n\n\n\n<p>I bond comportano rischi significativi, tra cui default e perdita di capitale. \u00c8 fondamentale valutare la solvibilit\u00e0 dell\u2019emittente, diversificare e pianificare con attenzione, preferibilmente insieme a un consulente.<\/p>\n\n\n\n<p>Il mancato pagamento degli interessi e il conseguente avvio della liquidazione espongono i detentori a perdite rilevanti. Anche se i creditori hanno priorit\u00e0, gli asset disponibili potrebbero non essere sufficienti a coprire i debiti, e si potrebbe perdere tutto o ricevere una frazione dell\u2019investimento.<\/p>\n\n\n\n<p>In casi estremi, i detentori potrebbero dover intraprendere azioni legali, che possono comportare costi elevati e lunghe tempistiche.<\/p>\n\n\n\n<p><\/p>\n\n\n\n<p><\/p>\n\n\n\n<p><strong>Siete afflitti dall'indecisione finanziaria? <\/strong><\/p>\n\n\n\n<figure class=\"wp-block-image size-large is-resized\"><img decoding=\"async\" width=\"512\" height=\"288\" src=\"https:\/\/adamfayed.com\/wp-content\/uploads\/2025\/03\/Adam-Fayed-Contact_CTA3-512x288.jpg\" alt=\"\" class=\"wp-image-117505\" style=\"width:683px;height:auto\" srcset=\"https:\/\/adamfayed.com\/wp-content\/uploads\/2025\/03\/Adam-Fayed-Contact_CTA3-512x288.jpg 512w, https:\/\/adamfayed.com\/wp-content\/uploads\/2025\/03\/Adam-Fayed-Contact_CTA3-300x169.jpg 300w, https:\/\/adamfayed.com\/wp-content\/uploads\/2025\/03\/Adam-Fayed-Contact_CTA3-768x432.jpg 768w, https:\/\/adamfayed.com\/wp-content\/uploads\/2025\/03\/Adam-Fayed-Contact_CTA3-scaled.jpg 825w\" sizes=\"(max-width: 512px) 100vw, 512px\" \/><\/figure>\n\n\n\n<div style=\"height:10px\" aria-hidden=\"true\" class=\"wp-block-spacer\"><\/div>\n\n\n\n<div class=\"wp-block-buttons is-layout-flex wp-block-buttons-is-layout-flex\">\n<div class=\"wp-block-button\"><a class=\"wp-block-button__link wp-element-button\" href=\"https:\/\/adamfayed.com\/it\/become-adams-client\/\">Diventa mio cliente<\/a><\/div>\n\n\n\n<div class=\"wp-block-button\"><a class=\"wp-block-button__link wp-element-button\" href=\"https:\/\/adamfayed.com\/it\/good-match-quiz\/\" target=\"_blank\" rel=\"noreferrer noopener\">Fare il quiz sull'idoneit\u00e0 del cliente<\/a><\/div>\n\n\n\n<div class=\"wp-block-button\"><a class=\"wp-block-button__link wp-element-button\" href=\"https:\/\/adamfayed.com\/it\/contact\/\" target=\"_blank\" rel=\"noreferrer noopener\">Contatto<\/a><\/div>\n<\/div>\n\n\n\n<p><strong>Adam \u00e8 un autore riconosciuto a livello internazionale in materia finanziaria con oltre 830 milioni di visualizzazioni di risposte su Quora, un libro molto venduto su Amazon e un contributo su Forbes.<\/strong><\/p>","protected":false},"excerpt":{"rendered":"<p>Questo articolo esaminer\u00e0 il bond emesso da Kaeva PLC per esplorarne i termini e le caratteristiche. Presenteremo aggiornamenti importanti sul programma obbligazionario, poich\u00e9 i pagamenti degli interessi non sono stati effettuati in tempo e sono state avviate procedure di liquidazione contro Kaeva Pty Ltd., il debitore. Il recente default rende essenziale rivalutare l&#8217;intero portafoglio, dato [&hellip;]<\/p>","protected":false},"author":14,"featured_media":194505,"parent":185423,"menu_order":0,"comment_status":"closed","ping_status":"closed","template":"","meta":{"rop_custom_images_group":[],"rop_custom_messages_group":[],"rop_publish_now":"initial","rop_publish_now_accounts":{"facebook_10166176115445471_100883565069113":""},"rop_publish_now_history":[],"rop_publish_now_status":"pending","footnotes":""},"class_list":["post-194457","page","type-page","status-publish","has-post-thumbnail","hentry"],"_links":{"self":[{"href":"https:\/\/adamfayed.com\/it\/wp-json\/wp\/v2\/pages\/194457","targetHints":{"allow":["GET"]}}],"collection":[{"href":"https:\/\/adamfayed.com\/it\/wp-json\/wp\/v2\/pages"}],"about":[{"href":"https:\/\/adamfayed.com\/it\/wp-json\/wp\/v2\/types\/page"}],"author":[{"embeddable":true,"href":"https:\/\/adamfayed.com\/it\/wp-json\/wp\/v2\/users\/14"}],"replies":[{"embeddable":true,"href":"https:\/\/adamfayed.com\/it\/wp-json\/wp\/v2\/comments?post=194457"}],"version-history":[{"count":2,"href":"https:\/\/adamfayed.com\/it\/wp-json\/wp\/v2\/pages\/194457\/revisions"}],"predecessor-version":[{"id":194513,"href":"https:\/\/adamfayed.com\/it\/wp-json\/wp\/v2\/pages\/194457\/revisions\/194513"}],"up":[{"embeddable":true,"href":"https:\/\/adamfayed.com\/it\/wp-json\/wp\/v2\/pages\/185423"}],"wp:featuredmedia":[{"embeddable":true,"href":"https:\/\/adamfayed.com\/it\/wp-json\/wp\/v2\/media\/194505"}],"wp:attachment":[{"href":"https:\/\/adamfayed.com\/it\/wp-json\/wp\/v2\/media?parent=194457"}],"curies":[{"name":"wp","href":"https:\/\/api.w.org\/{rel}","templated":true}]}}