{"id":194538,"date":"2025-07-28T11:05:45","date_gmt":"2025-07-28T11:05:45","guid":{"rendered":"https:\/\/adamfayed.com\/?page_id=194538"},"modified":"2025-07-28T11:06:27","modified_gmt":"2025-07-28T11:06:27","slug":"recensione-del-redhat-capital-bond","status":"publish","type":"page","link":"https:\/\/adamfayed.com\/it\/italian-article\/recensione-del-redhat-capital-bond\/","title":{"rendered":"Recensione del Redhat Capital Bond"},"content":{"rendered":"<p>Redhat Capital plc offre investimenti in obbligazioni, che saranno l\u2019argomento principale di questa recensione.<\/p>\n\n\n\n<p>Questo articolo \u00e8 destinato al mercato dei non residenti nel Regno Unito e a coloro che sono in grado di valutare il rischio d\u2019investimento.<\/p>\n\n\n\n<p>Se desideri investire come espatriato o individuo ad alto patrimonio, che \u00e8 la mia specializzazione, puoi scrivermi a (hello@adamfayed.com) o usare WhatsApp (+44-7393-450-837).<\/p>\n\n\n\n<p>Abbiamo cercato di rendere questo articolo il pi\u00f9 accurato possibile, ma non possiamo garantire che tutte le informazioni siano aggiornate, quindi dovresti sempre fare le tue ricerche.<\/p>\n\n\n\n<h2 class=\"wp-block-heading\">Cos&#8217;\u00e8 Redhat Capital?<\/h2>\n\n\n\n<p>Tra i numerosi mercati globali in cui Redhat Capital PLC vanta un\u2019ampia esperienza di trading ci sono le materie prime, gli indici principali e il mercato dei cambi (FX).<\/p>\n\n\n\n<p>Le classi di attivi in valuta estera e materie prime fanno ora parte delle aree di trading in continua espansione di Redhat Capital.<\/p>\n\n\n\n<p>L\u2019azienda punta anche a commerciare immobili commerciali per diversificare il proprio portafoglio.<\/p>\n\n\n\n<h2 class=\"wp-block-heading\">Offerta Series 1 Bond a Reddito Fisso<\/h2>\n\n\n\n<figure class=\"wp-block-image alignright size-large\"><img fetchpriority=\"high\" decoding=\"async\" width=\"341\" height=\"512\" src=\"https:\/\/adamfayed.com\/wp-content\/uploads\/2025\/07\/Offerta-Series-1-Bond-a-Reddito-Fisso-341x512.png\" alt=\"\" class=\"wp-image-194581\" srcset=\"https:\/\/adamfayed.com\/wp-content\/uploads\/2025\/07\/Offerta-Series-1-Bond-a-Reddito-Fisso-341x512.png 341w, https:\/\/adamfayed.com\/wp-content\/uploads\/2025\/07\/Offerta-Series-1-Bond-a-Reddito-Fisso-200x300.png 200w, https:\/\/adamfayed.com\/wp-content\/uploads\/2025\/07\/Offerta-Series-1-Bond-a-Reddito-Fisso-768x1152.png 768w, https:\/\/adamfayed.com\/wp-content\/uploads\/2025\/07\/Offerta-Series-1-Bond-a-Reddito-Fisso-scaled.png 550w\" sizes=\"(max-width: 341px) 100vw, 341px\" \/><\/figure>\n\n\n\n<p>L\u2019offerta obbligazionaria a reddito fisso consente agli investitori di coprirsi dai rischi garantendo liquidit\u00e0. Il bond offre un interesse annuo del 12%, pagato trimestralmente a posteriori, su una durata di due anni.<\/p>\n\n\n\n<p>La Series\u202f1 \u00e8 la prima tranche del programma obbligazionario di Redhat Capital.<\/p>\n\n\n\n<p>Questi bond sono quotati alla Borsa di Vienna, richiedono un investimento minimo di 100.000\u202f\u20ac e sono disponibili in sterline, dollari USA ed euro.<\/p>\n\n\n\n<p>Le obbligazioni sono garantite da asset della societ\u00e0 e riservate ad investitori professionali e controparti qualificate. Il trustee responsabile \u00e8 The City Partnership Trustee (UK) Ltd.<\/p>\n\n\n\n<p>I detentori di criptovalute possono convertire le loro monete in USD e investirle tramite il bond Redhat.<\/p>\n\n\n\n<p>In risposta all\u2019elevata domanda, Redhat Capital ha aumentato la capacit\u00e0 di emissione fino a 2 miliardi di euro, e successivamente ha esteso la dimensione del programma a 5 miliardi di euro con la Series\u202f2. Non sono disponibili ulteriori dettagli su questa tranche.<\/p>\n\n\n\n<h3 class=\"wp-block-heading\">Allocazione degli Asset<\/h3>\n\n\n\n<p>La struttura del bond \u00e8 pensata per superare gli standard del settore, limitando l\u2019esposizione alle oscillazioni di mercato, gestendo il rischio e producendo rendimenti costanti in ogni scenario.<\/p>\n\n\n\n<p>Un quarto degli asset \u00e8 in equity (liquidit\u00e0), investita principalmente in grandi societ\u00e0 USA e blue\u2011chip UK. Circa il 15% \u00e8 allocato in materie prime (energia e metalli) tramite futures e opzioni. Il 13% \u00e8 investito in futures su indici (principalmente USA e UK).<\/p>\n\n\n\n<h3 class=\"wp-block-heading\">Come Investire<\/h3>\n\n\n\n<p>Esistono quattro modalit\u00e0 per partecipare all\u2019investimento obbligazionario di Redhat Capital:<\/p>\n\n\n\n<ol start=\"1\" class=\"wp-block-list\">\n<li>Rivolgersi direttamente al team Redhat.<\/li>\n\n\n\n<li>Investire tramite piattaforme di investimento principali.<\/li>\n\n\n\n<li>Passare tramite un gestore patrimoniale regolamentato.<\/li>\n\n\n\n<li>Acquistare i bond su piattaforme con accordi esclusivi, da 25.000\u202fUSD di investimento minimo.<\/li>\n<\/ol>\n\n\n\n<p><\/p>\n\n\n\n<h3 class=\"wp-block-heading\">Pro e Contro dei Bond Redhat Capital<\/h3>\n\n\n\n<h4 class=\"wp-block-heading\">Vantaggi<\/h4>\n\n\n\n<ul class=\"wp-block-list\">\n<li>Alla scadenza, il capitale iniziale viene restituito integralmente.<\/li>\n\n\n\n<li>Storico di pagamenti puntuali degli interessi ogni trimestre.<\/li>\n\n\n\n<li>I bond a tasso fisso offrono ritorni prevedibili e sicurezza.<\/li>\n\n\n\n<li>Diversificazione: l\u2019investimento copre mercati finanziari globali, indici chiave e asset commodities garantiti da beni.<\/li>\n\n\n\n<li>Gestione del rischio solida grazie a 75 anni di esperienza combinata in trading e risk management.<\/li>\n<\/ul>\n\n\n\n<p><\/p>\n\n\n\n<h4 class=\"wp-block-heading\">Svantaggi<\/h4>\n\n\n\n<ul class=\"wp-block-list\">\n<li>I bond sono sensibili ai tassi d\u2019interesse: se questi salgono, il valore di mercato pu\u00f2 calare e generare perdite, soprattutto per vendite anticipate.<\/li>\n\n\n\n<li>L\u2019inflazione a lungo termine erode il valore reale del reddito fisso. Se i pagamenti non tengono il passo, i rendimenti reali possono calare.<\/li>\n\n\n\n<li>Rischio di credito: l\u2019emittente pu\u00f2 non rimborsare.<\/li>\n\n\n\n<li>In mercati rialzisti, i rendimenti delle obbligazioni possono risultare inferiori rispetto ad azioni o immobili<\/li>\n<\/ul>\n\n\n\n<p><\/p>\n\n\n\n<p>Gli investitori dovrebbero valutare attentamente i rischi e i propri obiettivi prima di impegnarsi in strumenti a reddito fisso. In caso di dubbi, \u00e8 sempre consigliabile consultare un esperto finanziario.<\/p>\n\n\n\n<p><\/p>\n\n\n\n<p><\/p>\n\n\n\n<p><strong>Siete afflitti dall'indecisione finanziaria? <\/strong><\/p>\n\n\n\n<figure class=\"wp-block-image size-large is-resized\"><img decoding=\"async\" width=\"512\" height=\"288\" src=\"https:\/\/adamfayed.com\/wp-content\/uploads\/2025\/03\/Adam-Fayed-Contact_CTA3-512x288.jpg\" alt=\"\" class=\"wp-image-117505\" style=\"width:683px;height:auto\" srcset=\"https:\/\/adamfayed.com\/wp-content\/uploads\/2025\/03\/Adam-Fayed-Contact_CTA3-512x288.jpg 512w, https:\/\/adamfayed.com\/wp-content\/uploads\/2025\/03\/Adam-Fayed-Contact_CTA3-300x169.jpg 300w, https:\/\/adamfayed.com\/wp-content\/uploads\/2025\/03\/Adam-Fayed-Contact_CTA3-768x432.jpg 768w, https:\/\/adamfayed.com\/wp-content\/uploads\/2025\/03\/Adam-Fayed-Contact_CTA3-scaled.jpg 825w\" sizes=\"(max-width: 512px) 100vw, 512px\" \/><\/figure>\n\n\n\n<div style=\"height:10px\" aria-hidden=\"true\" class=\"wp-block-spacer\"><\/div>\n\n\n\n<div class=\"wp-block-buttons is-layout-flex wp-block-buttons-is-layout-flex\">\n<div class=\"wp-block-button\"><a class=\"wp-block-button__link wp-element-button\" href=\"https:\/\/adamfayed.com\/it\/become-adams-client\/\">Diventa mio cliente<\/a><\/div>\n\n\n\n<div class=\"wp-block-button\"><a class=\"wp-block-button__link wp-element-button\" href=\"https:\/\/adamfayed.com\/it\/good-match-quiz\/\" target=\"_blank\" rel=\"noreferrer noopener\">Fare il quiz sull'idoneit\u00e0 del cliente<\/a><\/div>\n\n\n\n<div class=\"wp-block-button\"><a class=\"wp-block-button__link wp-element-button\" href=\"https:\/\/adamfayed.com\/it\/contact\/\" target=\"_blank\" rel=\"noreferrer noopener\">Contatto<\/a><\/div>\n<\/div>\n\n\n\n<p><strong>Adam \u00e8 un autore riconosciuto a livello internazionale in materia finanziaria con oltre 830 milioni di visualizzazioni di risposte su Quora, un libro molto venduto su Amazon e un contributo su Forbes.<\/strong><\/p>\n\n\n\n<p><\/p>","protected":false},"excerpt":{"rendered":"<p>Redhat Capital plc offre investimenti in obbligazioni, che saranno l\u2019argomento principale di questa recensione. Questo articolo \u00e8 destinato al mercato dei non residenti nel Regno Unito e a coloro che sono in grado di valutare il rischio d\u2019investimento. Se desideri investire come espatriato o individuo ad alto patrimonio, che \u00e8 la mia specializzazione, puoi scrivermi [&hellip;]<\/p>","protected":false},"author":14,"featured_media":194577,"parent":185423,"menu_order":0,"comment_status":"closed","ping_status":"closed","template":"","meta":{"rop_custom_images_group":[],"rop_custom_messages_group":[],"rop_publish_now":"initial","rop_publish_now_accounts":{"facebook_10166176115445471_100883565069113":""},"rop_publish_now_history":[],"rop_publish_now_status":"pending","footnotes":""},"class_list":["post-194538","page","type-page","status-publish","has-post-thumbnail","hentry"],"_links":{"self":[{"href":"https:\/\/adamfayed.com\/it\/wp-json\/wp\/v2\/pages\/194538","targetHints":{"allow":["GET"]}}],"collection":[{"href":"https:\/\/adamfayed.com\/it\/wp-json\/wp\/v2\/pages"}],"about":[{"href":"https:\/\/adamfayed.com\/it\/wp-json\/wp\/v2\/types\/page"}],"author":[{"embeddable":true,"href":"https:\/\/adamfayed.com\/it\/wp-json\/wp\/v2\/users\/14"}],"replies":[{"embeddable":true,"href":"https:\/\/adamfayed.com\/it\/wp-json\/wp\/v2\/comments?post=194538"}],"version-history":[{"count":2,"href":"https:\/\/adamfayed.com\/it\/wp-json\/wp\/v2\/pages\/194538\/revisions"}],"predecessor-version":[{"id":194585,"href":"https:\/\/adamfayed.com\/it\/wp-json\/wp\/v2\/pages\/194538\/revisions\/194585"}],"up":[{"embeddable":true,"href":"https:\/\/adamfayed.com\/it\/wp-json\/wp\/v2\/pages\/185423"}],"wp:featuredmedia":[{"embeddable":true,"href":"https:\/\/adamfayed.com\/it\/wp-json\/wp\/v2\/media\/194577"}],"wp:attachment":[{"href":"https:\/\/adamfayed.com\/it\/wp-json\/wp\/v2\/media?parent=194538"}],"curies":[{"name":"wp","href":"https:\/\/api.w.org\/{rel}","templated":true}]}}