{"id":194541,"date":"2025-07-28T11:36:46","date_gmt":"2025-07-28T11:36:46","guid":{"rendered":"https:\/\/adamfayed.com\/?page_id=194541"},"modified":"2025-07-28T11:36:48","modified_gmt":"2025-07-28T11:36:48","slug":"resena-de-the-single-cask","status":"publish","type":"page","link":"https:\/\/adamfayed.com\/it\/spanish-article\/resena-de-the-single-cask\/","title":{"rendered":"Ricerca di The Single Cask"},"content":{"rendered":"<p>In questa ricerca di <em>Il barile singolo<\/em>, parleremo di ci\u00f2 che offre questa azienda, di come investire e di quali considerazioni fiscali si possono fare.<\/p>\n\n\n\n<p>L'azienda aiuta le persone a comprare barili di whisky con finalit\u00e0 di investimento, operando come corredatore di barili e anche come imbottigliatore indipendente. Assiste i clienti nell'acquisto e nella gestione dei barili di whisky escoc\u00e9s maduro.<\/p>\n\n\n\n<p>Se desiderate partecipare come espatriato o persona con un alto patrimonio netto, potete scrivermi (hello@adamfayed.com) o su WhatsApp (+44-7393-450-837).<\/p>\n\n\n\n<p>Si pu\u00f2 anche richiedere una revisione gratuita della carta di credito per gli espatriati e ottimizzare i propri investimenti o individuare le opportunit\u00e0 di crescita.<\/p>\n\n\n\n<p>Alcuni dati possono essere cambiati rispetto alla data di pubblicazione. Nulla di quanto qui scritto costituisce una consulenza finanziaria, legale o fiscale, n\u00e9 una raccomandazione di investimento.<\/p>\n\n\n\n<h2 class=\"wp-block-heading\">Visione generale di The Single Cask<\/h2>\n\n\n\n<p><em>Il barile singolo<\/em> vende whisky di alta qualit\u00e0 direttamente dal bar, senza filtri, con la sua forza e i suoi colori originali. Offre edizioni limitate e distillati premium in collaborazione con rinomate distillerie.<\/p>\n\n\n\n<p>Il suo obiettivo \u00e8 offrire il whisky nel suo stato pi\u00f9 puro, mettendo in risalto l'autenticit\u00e0 di ogni bottiglia elaborata da una sola barra. L'obiettivo \u00e8 l'integrit\u00e0 del prodotto e l'esperienza del consumatore.<\/p>\n\n\n\n<p>Gli investitori nel settore del whisky esclusivo possono beneficiare dell'esperienza di The Single Cask UK nell'acquisizione e nella gestione di barricate di produzione, gestione dell'evaporazione, sicurezza, licenze e imposte.<\/p>\n\n\n\n<p>Inoltre, possiamo aiutarvi se desiderate vendere una barrica.<\/p>\n\n\n\n<h2 class=\"wp-block-heading\">Investimento in whisky con The Single Cask<\/h2>\n\n\n\n<div class=\"wp-block-group is-layout-constrained wp-block-group-is-layout-constrained\">\n<figure class=\"wp-block-image alignright size-large\"><img fetchpriority=\"high\" decoding=\"async\" width=\"341\" height=\"512\" src=\"https:\/\/adamfayed.com\/wp-content\/uploads\/2025\/07\/Inversion-en-Whisky-con-The-Single-Cask-341x512.png\" alt=\"\" class=\"wp-image-194607\" srcset=\"https:\/\/adamfayed.com\/wp-content\/uploads\/2025\/07\/Inversion-en-Whisky-con-The-Single-Cask-341x512.png 341w, https:\/\/adamfayed.com\/wp-content\/uploads\/2025\/07\/Inversion-en-Whisky-con-The-Single-Cask-200x300.png 200w, https:\/\/adamfayed.com\/wp-content\/uploads\/2025\/07\/Inversion-en-Whisky-con-The-Single-Cask-768x1152.png 768w, https:\/\/adamfayed.com\/wp-content\/uploads\/2025\/07\/Inversion-en-Whisky-con-The-Single-Cask-scaled.png 550w\" sizes=\"(max-width: 341px) 100vw, 341px\" \/><\/figure>\n<\/div>\n\n\n\n<h3 class=\"wp-block-heading\">C\u00f3mo comprare whisky<\/h3>\n\n\n\n<ol start=\"1\" class=\"wp-block-list\">\n<li>Consultate gli esperti di The Single Cask UK per scegliere il tipo di whisky e l'et\u00e0 desiderata.<\/li>\n\n\n\n<li>Personalizza l'etichetta e il logo.<\/li>\n\n\n\n<li>Vi assistiamo in tutto il processo di acquisizione della barra.<\/li>\n\n\n\n<li>Potete imbottigliare il whisky come desiderate.<\/li>\n\n\n\n<li>Godetevi il whisky direttamente dal bancone e posate la bottiglia che ne risulta.<\/li>\n<\/ol>\n\n\n\n<p><\/p>\n\n\n\n<h3 class=\"wp-block-heading\">Implicazioni fiscali<\/h3>\n\n\n\n<p>Le barricate di whisky hanno una vita utile inferiore ai 50 anni, per cui sono da considerarsi attivi perecedenti (<em>spreco di risorse<\/em>) e sono esenti dall'imposta sui redditi da capitale.<\/p>\n\n\n\n<p>Ci\u00f2 si traduce in un'opzione fiscalmente vantaggiosa.<\/p>\n\n\n\n<p>Inoltre, \u00e8 possibile ridurre l'imposta di successione: se si dona a figli o nipoti e il donante vive almeno 7 anni, il valore pu\u00f2 essere escluso dal patrimonio, in base alla legge sul trasferimento di beni potenzialmente esenti.<\/p>\n\n\n\n<h3 class=\"wp-block-heading\">Offerte e offerte di The Single Cask UK<\/h3>\n\n\n\n<h4 class=\"wp-block-heading\">Ventajas<\/h4>\n\n\n\n<ul class=\"wp-block-list\">\n<li>Poseer y embotellar un whisky \u00fanico y personalisado.<\/li>\n\n\n\n<li>Assistenza per l'acquisizione e la gestione delle barriere per l'investimento.<\/li>\n\n\n\n<li>Embotellador indipendente con espressioni uniche e limitate.<\/li>\n\n\n\n<li>Potenziale di rivalutazione e redditivit\u00e0 futura.<\/li>\n\n\n\n<li>Servizio personalizzato e monitoraggio del processo di maturazione.<\/li>\n<\/ul>\n\n\n\n<p><\/p>\n\n\n\n<h4 class=\"wp-block-heading\">Desventajas<\/h4>\n\n\n\n<ul class=\"wp-block-list\">\n<li>Preferenze del consumatore e volatilit\u00e0 del mercato del whisky.<\/li>\n\n\n\n<li>Obligaciones fiscales (IVA, impuestos especiales) que deben planificarse.<\/li>\n\n\n\n<li>Costi di propriet\u00e0: assicurazione, custodia e manutenzione.<\/li>\n\n\n\n<li>Il mercato non \u00e8 regolamentato, i prezzi sono incoerenti e mancano le vie di comunicazione per i reclami.<\/li>\n\n\n\n<li>Non genera ingresos regulares come inmuebles o acciones.<\/li>\n\n\n\n<li>Sono necessari 10-15 anni per la maturazione.<\/li>\n\n\n\n<li>Valore difficile da determinare e scarsa liquidit\u00e0.<\/li>\n\n\n\n<li>Non \u00e8 adatto a tutti, nonostante l'alto potenziale di guadagno.<\/li>\n<\/ul>\n\n\n\n<p><\/p>\n\n\n\n<p><\/p>\n\n\n\n<p><strong>Siete afflitti dall'indecisione finanziaria? <\/strong><\/p>\n\n\n\n<figure class=\"wp-block-image size-large is-resized\"><img decoding=\"async\" width=\"512\" height=\"288\" src=\"https:\/\/adamfayed.com\/wp-content\/uploads\/2025\/03\/Adam-Fayed-Contact_CTA3-512x288.jpg\" alt=\"\" class=\"wp-image-117505\" style=\"width:683px;height:auto\" srcset=\"https:\/\/adamfayed.com\/wp-content\/uploads\/2025\/03\/Adam-Fayed-Contact_CTA3-512x288.jpg 512w, https:\/\/adamfayed.com\/wp-content\/uploads\/2025\/03\/Adam-Fayed-Contact_CTA3-300x169.jpg 300w, https:\/\/adamfayed.com\/wp-content\/uploads\/2025\/03\/Adam-Fayed-Contact_CTA3-768x432.jpg 768w, https:\/\/adamfayed.com\/wp-content\/uploads\/2025\/03\/Adam-Fayed-Contact_CTA3-scaled.jpg 825w\" sizes=\"(max-width: 512px) 100vw, 512px\" \/><\/figure>\n\n\n\n<div style=\"height:10px\" aria-hidden=\"true\" class=\"wp-block-spacer\"><\/div>\n\n\n\n<div class=\"wp-block-buttons is-layout-flex wp-block-buttons-is-layout-flex\">\n<div class=\"wp-block-button\"><a class=\"wp-block-button__link wp-element-button\" href=\"https:\/\/adamfayed.com\/it\/become-adams-client\/\">Diventa mio cliente<\/a><\/div>\n\n\n\n<div class=\"wp-block-button\"><a class=\"wp-block-button__link wp-element-button\" href=\"https:\/\/adamfayed.com\/it\/good-match-quiz\/\" target=\"_blank\" rel=\"noreferrer noopener\">Fare il quiz sull'idoneit\u00e0 del cliente<\/a><\/div>\n\n\n\n<div class=\"wp-block-button\"><a class=\"wp-block-button__link wp-element-button\" href=\"https:\/\/adamfayed.com\/it\/contact\/\" target=\"_blank\" rel=\"noreferrer noopener\">Contatto<\/a><\/div>\n<\/div>\n\n\n\n<p><strong>Adam \u00e8 un autore riconosciuto a livello internazionale in materia finanziaria con oltre 830 milioni di visualizzazioni di risposte su Quora, un libro molto venduto su Amazon e un contributo su Forbes.<\/strong><\/p>","protected":false},"excerpt":{"rendered":"<p>En esta rese\u00f1a de The Single Cask, hablaremos sobre lo que ofrece esta empresa, c\u00f3mo invertir y qu\u00e9 consideraciones fiscales pueden surgir. La empresa ayuda a las personas a comprar barricas de whisky con fines de inversi\u00f3n, actuando como corredor de barricas e incluso como embotellador independiente. Asiste a los clientes en la compra y [&hellip;]<\/p>\n","protected":false},"author":14,"featured_media":194598,"parent":185416,"menu_order":0,"comment_status":"closed","ping_status":"closed","template":"","meta":{"rop_custom_images_group":[],"rop_custom_messages_group":[],"rop_publish_now":"initial","rop_publish_now_accounts":{"facebook_10166176115445471_100883565069113":""},"rop_publish_now_history":[],"rop_publish_now_status":"pending","footnotes":""},"class_list":["post-194541","page","type-page","status-publish","has-post-thumbnail","hentry"],"_links":{"self":[{"href":"https:\/\/adamfayed.com\/it\/wp-json\/wp\/v2\/pages\/194541","targetHints":{"allow":["GET"]}}],"collection":[{"href":"https:\/\/adamfayed.com\/it\/wp-json\/wp\/v2\/pages"}],"about":[{"href":"https:\/\/adamfayed.com\/it\/wp-json\/wp\/v2\/types\/page"}],"author":[{"embeddable":true,"href":"https:\/\/adamfayed.com\/it\/wp-json\/wp\/v2\/users\/14"}],"replies":[{"embeddable":true,"href":"https:\/\/adamfayed.com\/it\/wp-json\/wp\/v2\/comments?post=194541"}],"version-history":[{"count":1,"href":"https:\/\/adamfayed.com\/it\/wp-json\/wp\/v2\/pages\/194541\/revisions"}],"predecessor-version":[{"id":194608,"href":"https:\/\/adamfayed.com\/it\/wp-json\/wp\/v2\/pages\/194541\/revisions\/194608"}],"up":[{"embeddable":true,"href":"https:\/\/adamfayed.com\/it\/wp-json\/wp\/v2\/pages\/185416"}],"wp:featuredmedia":[{"embeddable":true,"href":"https:\/\/adamfayed.com\/it\/wp-json\/wp\/v2\/media\/194598"}],"wp:attachment":[{"href":"https:\/\/adamfayed.com\/it\/wp-json\/wp\/v2\/media?parent=194541"}],"curies":[{"name":"wp","href":"https:\/\/api.w.org\/{rel}","templated":true}]}}