{"id":194845,"date":"2025-07-29T07:27:45","date_gmt":"2025-07-29T07:27:45","guid":{"rendered":"https:\/\/adamfayed.com\/?page_id=194845"},"modified":"2025-07-29T07:27:50","modified_gmt":"2025-07-29T07:27:50","slug":"golden-visa-grecia-francia","status":"publish","type":"page","link":"https:\/\/adamfayed.com\/it\/spanish-article\/golden-visa-grecia-francia\/","title":{"rendered":"Si pu\u00f2 vivere in Francia con il Golden Visa della Grecia?"},"content":{"rendered":"<p>La Francia, con la sua ricca cultura, l'arte e i suoi paesaggi impressionanti, \u00e8 un destino privilegiato per molti espatriati, sia per motivi di lavoro che di residenza.<\/p>\n\n\n\n<p>Ma se si possiede una Golden Visa griega, si pu\u00f2 vivere in Francia?<\/p>\n\n\n\n<p>La risposta \u00e8 breve: no a tempo indeterminato. Il Golden Visa de Grecia permette di viaggiare senza visto all'interno dello spazio Schengen, Francia compresa, ma solo per un massimo di 90 giorni in un periodo di 180 giorni. Non offre il diritto di stabilirsi o di vivere a tempo pieno in Francia.<\/p>\n\n\n\n<p>Per rimanere pi\u00f9 a lungo legalmente o per trasferirsi in modo permanente, \u00e8 necessario richiedere separatamente un visto di lunga durata o un permesso di residenza in Francia, anche se si \u00e8 gi\u00e0 in possesso di una residenza in Canada.<\/p>\n\n\n\n<p>Per questo motivo, sebbene il Golden Visa griega sia molto utile per gli spostamenti e la libert\u00e0 di movimento, non sostituisce i diritti di residenza specifici di ciascun Paese.<\/p>\n\n\n\n<p>Tuttavia, molti espatriati considerano una strategia intelligente come un \u201cpiano B\u201d: una forma flessibile e conveniente di mantenere una base in Europa con numerosi vantaggi di stile di vita.<\/p>\n\n\n\n<p>Se sei un espatriato o un individuo con un alto patrimonio e stai pensando di fare un investimento, che \u00e8 la mia specialit\u00e0, puoi scrivermi a hello@adamfayed.com o inviarmi un messaggio su WhatsApp al (+44-7393-450-837).<\/p>\n\n\n\n<p>Questo vale anche per chi cerca una seconda opinione o alternative di investimento.<\/p>\n\n\n\n<p>Alcuni dati possono essere cambiati nel momento in cui si scrive questo documento. Nulla di quanto qui esposto costituisce un'assistenza finanziaria, legale, fiscale o personale, n\u00e9 un invito all'investimento.<\/p>\n\n\n\n<p>Vediamo pi\u00f9 da vicino cosa offre il Golden Visa della Grecia e come influisce sulla vostra capacit\u00e0 di rimanere in Francia.<\/p>\n\n\n\n<h2 class=\"wp-block-heading\">Che cos'\u00e8 il Golden Visa della Grecia e perch\u00e9 \u00e8 cos\u00ec popolare?<\/h2>\n\n\n\n<h3 class=\"wp-block-heading\">Programma Golden Visa della Grecia<\/h3>\n\n\n\n<p>Introdotto nel 2013, il programma Golden Visa de Grecia \u00e8 un popolare programma di residenza per investimento che offre ai cittadini non appartenenti all'UE una via per ottenere la residenza in Grecia. Investendo solo 250.000 euro in beni immobili grigi, si pu\u00f2 ottenere un permesso di residenza rinnovabile di cinque anni.<\/p>\n\n\n\n<p>Uno dei principali vantaggi di questo programma \u00e8 che si rivolge direttamente alle famiglie, il che lo rende ideale per chi desidera trasferirsi con la propria famiglia.<\/p>\n\n\n\n<p>Anche se non concede la residenza in tutta l'UE, il Golden Visa de Grecia permette di vivere in Grecia e di viaggiare liberamente nello Spazio Schengen senza bisogno di visti aggiuntivi.<\/p>\n\n\n\n<p>Se state considerando il Golden Visa griega, uno dei suoi aspetti pi\u00f9 interessanti \u00e8 l'accessibilit\u00e0 rispetto ad altri programmi di residenza nell'UE.<\/p>\n\n\n\n<p>L'investimento minimo parte da 250.000 euro, il che la rende una delle opzioni pi\u00f9 convenienti di Golden Visa in Europa.<\/p>\n\n\n\n<p>A questo proposito, i prezzi sono aumentati di recente fino a 800.000 euro in zone esclusive come il centro di Atenas, Tesal\u00f3nica, Santorini e Mykonos, dove la domanda di immobili \u00e8 alta.<\/p>\n\n\n\n<p>La maggior parte dei richiedenti opta per l'acquisto di immobili residenziali o commerciali, ma esistono anche altre strade. Puoi anche:<\/p>\n\n\n\n<ul class=\"wp-block-list\">\n<li>Stipulare un contratto di arrendistato a lungo termine per un alloggio alberghiero o un'unit\u00e0 turistica,<\/li>\n\n\n\n<li>Invertire i terreni per lo sviluppo futuro,<\/li>\n\n\n\n<li>Oppure, anche se meno comune, apportare capitali a imprese grigie o investire in strumenti finanziari locali.<\/li>\n<\/ul>\n\n\n\n<p><\/p>\n\n\n\n<p>Le bienes ra\u00edces continuano a essere l'opzione pi\u00f9 popolare grazie alla loro semplicit\u00e0 e alla possibilit\u00e0 di generare reddito con l'acquisto.<\/p>\n\n\n\n<p>Oltre all'investimento in s\u00e9, ci\u00f2 che realmente attrae gli espatriati a questo programma sono i vantaggi in termini di stile di vita e la flessibilit\u00e0 che offre.<\/p>\n\n\n\n<p>Per conoscere pi\u00f9 a fondo i benefici del Golden Visa griega, compreso il confronto con altre opzioni di residenza, consultare la guida completa.<\/p>\n\n\n\n<h2 class=\"wp-block-heading\">Viajar vs. Residir: Conoscere le regole di Schengen<\/h2>\n\n\n\n<p>Uno dei maggiori malintesi tra i titolari di un visto d'oro \u00e8 quello di sostenere che la residenza in un Paese Schengen conferisca automaticamente il diritto di vivere in qualsiasi altro Paese dell'UE. Purtroppo non funziona cos\u00ec.<\/p>\n\n\n\n<p>Esiste una netta differenza tra i diritti di viaggio e i diritti di residenza all'interno dello Spazio Schengen, e comprendere questa distinzione \u00e8 fondamentale, soprattutto se si possiede un permesso di residenza griego e si sta pensando di trascorrere un periodo prolungato in Paesi come la Francia.<\/p>\n\n\n\n<h2 class=\"wp-block-heading\">Viaggiare in Francia con la Golden Visa Griega: \u00bfQu\u00e9 es legal?<\/h2>\n\n\n\n<p>Se avete un permesso di residenza valido in Grecia, potete visitare la Francia per 90 giorni nell'arco di 180 giorni, senza bisogno di un visto aggiuntivo. Ci\u00f2 significa che potrete godere di vacanze brevi, viaggi di lavoro o visite familiari senza complicazioni.<\/p>\n\n\n\n<p>Sin embargo, no puedes establecerte ni residir permanentemente en Francia con la Golden Visa griega.<\/p>\n\n\n\n<p>Se il tuo obiettivo \u00e8 quello di trasferirti in Francia a tempo indeterminato, devi richiedere un visto di lunga durata o un permesso di residenza francese, anche se sei gi\u00e0 residente in Grecia.<\/p>\n\n\n\n<p>La Francia offre diverse opzioni di visto per giovani, lavoratori a distanza, imprenditori e investitori, ognuna con requisiti come la verifica dei redditi, l'alloggio e la copertura medica.<\/p>\n\n\n\n<p>Inoltre, \u00e8 importante sapere che gli agenti dell'immigrazione possono richiedere prove di alloggio, passaporti di ritorno e mezzi economici durante la vostra visita; per questo motivo, portate sempre con voi i vostri documenti, anche se viaggiate solo come turisti.<\/p>\n\n\n\n<h2 class=\"wp-block-heading\">Regolamento 90\/180 di Schengen<\/h2>\n\n\n\n<p>Questa \u00e8 una delle regole pi\u00f9 importanti da tenere in considerazione quando si viaggia in Europa con una Golden Visa griega.<\/p>\n\n\n\n<p>La regola 90\/180 significa che potete rimanere in altri Paesi Schengen (come la Francia) fino a 90 giorni all'interno di un periodo di 180 giorni.<\/p>\n\n\n\n<p>Esto no se aplica por pa\u00eds, sino como un l\u00edmite combinado en toda la Zona Schengen.<\/p>\n\n\n\n<p>Ad esempio, se si passano 30 giorni in Francia, 30 in Italia e 30 in Spagna, si \u00e8 raggiunto il limite di 90 giorni e si deve uscire dallo Spazio Schengen o rientrare in Grecia fino a quando non si apre una nuova frontiera.<\/p>\n\n\n\n<h2 class=\"wp-block-heading\">\u00bfQu\u00e9 Pasa Si Te Quedas M\u00e1s Tiempo del Permitido en Francia?<\/h2>\n\n\n\n<div class=\"wp-block-group is-layout-constrained wp-block-group-is-layout-constrained\">\n<figure class=\"wp-block-image alignleft size-large\"><img fetchpriority=\"high\" decoding=\"async\" width=\"512\" height=\"512\" src=\"https:\/\/adamfayed.com\/wp-content\/uploads\/2024\/09\/Greek-golden-visa-updates-512x512.webp\" alt=\"\" class=\"wp-image-90548\" srcset=\"https:\/\/adamfayed.com\/wp-content\/uploads\/2024\/09\/Greek-golden-visa-updates-512x512.webp 512w, https:\/\/adamfayed.com\/wp-content\/uploads\/2024\/09\/Greek-golden-visa-updates-300x300.webp 300w, https:\/\/adamfayed.com\/wp-content\/uploads\/2024\/09\/Greek-golden-visa-updates-150x150.webp 150w, https:\/\/adamfayed.com\/wp-content\/uploads\/2024\/09\/Greek-golden-visa-updates-768x768.webp 768w, https:\/\/adamfayed.com\/wp-content\/uploads\/2024\/09\/Greek-golden-visa-updates-scaled.webp 825w\" sizes=\"(max-width: 512px) 100vw, 512px\" \/><\/figure>\n\n\n\n<p>Superare il limite di 90 giorni in Francia o in qualsiasi parte dello Spazio Schengen pu\u00f2 comportare gravi conseguenze, anche se la tua residenza in Grecia rimane valida.<\/p>\n\n\n\n<p>Alcuni dei rischi includono:<\/p>\n\n\n\n<ul class=\"wp-block-list\">\n<li>Multas o sanciones administrativas<\/li>\n\n\n\n<li>Essere inclusi nel Sistema di Informazione di Schengen (SIS), il che influisce sui futuri viaggi.<\/li>\n\n\n\n<li>Possibili divieti di ingresso in Francia o in altri paesi dell'UE<\/li>\n\n\n\n<li>Dificultades para renovar el permiso de residencia griego<\/li>\n\n\n\n<li>Problemi nel richiedere futuri visti di lunga durata o residenze europee<\/li>\n<\/ul>\n\n\n\n<p><\/p>\n\n\n\n<p>Le autorit\u00e0 francesi tengono in grande considerazione l'adempimento dell'obbligo migratorio e possono effettuare controlli frontali o ispezioni di documenti, soprattutto negli aeroporti e nelle stazioni.<\/p>\n<\/div>\n\n\n\n<h2 class=\"wp-block-heading\">Vuoi trasferirti in Francia? Ecco le nostre opzioni legali<\/h2>\n\n\n\n<h3 class=\"wp-block-heading\">Requisiti per il visto di lunga permanenza in Francia<\/h3>\n\n\n\n<p>Per rimanere in Francia pi\u00f9 di 90 giorni, \u00e8 necessario richiedere un visto di lunga durata. I requisiti variano a seconda del tipo di soggiorno, ma questi sono i pi\u00f9 comuni:<\/p>\n\n\n\n<ul class=\"wp-block-list\">\n<li><strong>Pasaporte v\u00e1lido:<\/strong> Il vostro passaporto deve essere valido per almeno tre mesi oltre il vostro soggiorno previsto.<\/li>\n\n\n\n<li><strong>Formulario di richiesta di visto di lungo soggiorno:<\/strong> Deve essere debitamente compilato in lettere maiuscole, firmato e sottoscritto dal richiedente.<\/li>\n\n\n\n<li><strong>Prueba de alojamiento:<\/strong> \u00c8 necessario presentare la prova del luogo di residenza (contratto di affitto, prenotazione alberghiera o carta d'invito).<\/li>\n\n\n\n<li><strong>1 foto reciente tama\u00f1o pasaporte:<\/strong> Realizzato negli ultimi 6 mesi, formato 3,5 x 4,5 cm.<\/li>\n\n\n\n<li><strong>Prova dei mezzi finanziari:<\/strong> Dovete dimostrare che potete mantenervi economicamente (estratti bancari, certificati di reddito o pensioni).<\/li>\n\n\n\n<li><strong>Seguro m\u00e9dico:<\/strong> Dovete contare su una copertura medica integrale per coprire la vostra permanenza in Francia.<\/li>\n<\/ul>\n\n\n\n<p><\/p>\n\n\n\n<p><strong>Documentaci\u00f3n adicional:<\/strong> A seconda del motivo del tuo soggiorno (lavoro, studio, giubileo), sono necessari documenti specifici per rispondere alla tua richiesta.<\/p>\n\n\n\n<p>Ogni tipo di visto ha i propri requisiti, per cui \u00e8 importante consultarsi con il consolato francese per ottenere informazioni aggiornate in base alla propria situazione.<\/p>\n\n\n\n<h3 class=\"wp-block-heading\">Tempi di elaborazione del visto per soggiorni di lunga durata in Francia<\/h3>\n\n\n\n<p>Una volta inviata la richiesta, il tempo di elaborazione pu\u00f2 variare da 2 a 8 settimane.<\/p>\n\n\n\n<p>Fattori come l'epoca dell'anno, la quantit\u00e0 di richieste e la necessit\u00e0 di documenti aggiuntivi possono influire sui livelli.<\/p>\n\n\n\n<p>Consigli per un processo pi\u00f9 fluido:<\/p>\n\n\n\n<ul class=\"wp-block-list\">\n<li>Chiedete con anticipo, possibilmente almeno 3 mesi prima del vostro trasferimento.<\/li>\n\n\n\n<li>Assicuratevi che la vostra documentazione sia completa e senza errori.<\/li>\n\n\n\n<li>Preparatevi a un'intervista o a fornire dati biologici, perch\u00e9 questo fa parte del processo in molti casi.<\/li>\n<\/ul>\n\n\n\n<p><\/p>\n\n\n\n<p>Una volta approvato, il tuo visto sar\u00e0 valido fino a un anno e dovrai convalidarlo una volta arrivato in Francia.<\/p>\n\n\n\n<h2 class=\"wp-block-heading\">Riflessione finale: \u00bfVale la Pena la Golden Visa Griega para Expatriados?<\/h2>\n\n\n\n<p>Se il Golden Visa griega vale la pena o no dipende dai tuoi obiettivi come espatriato.<\/p>\n\n\n\n<p>Ma per molti, la risposta \u00e8 un \"rotundo s\u00ed\", soprattutto se si cerca una residenza sicura nell'UE, la libert\u00e0 di movimento all'interno dello spazio Schengen e un processo relativamente semplice.<\/p>\n\n\n\n<p>La Golden Visa della Grecia \u00e8 l'ideale per chi desidera:<\/p>\n\n\n\n<ul class=\"wp-block-list\">\n<li>Assicurarsi un piano B o una seconda residenza senza cambiare completamente la propria vita.<\/li>\n\n\n\n<li>Trascorrere lunghi periodi in Europa, in particolare in Grecia, con la possibilit\u00e0 di tornare nel paese d'origine.<\/li>\n\n\n\n<li>Intraprendere in aree rurali con un potenziale turistico e di vendita.<\/li>\n\n\n\n<li>Includere la propria famiglia in un'unica richiesta (figlio, figli a carico e padri).<\/li>\n<\/ul>\n\n\n\n<p><\/p>\n\n\n\n<p>Poich\u00e9 la Grecia non richiede di risiedervi per un periodo di tempo completo, risulta particolarmente interessante per i lavoratori lontani, i giovani e i viaggiatori occasionali che desiderano una base europea senza regole rigide di presenza fisica.<\/p>\n\n\n\n<h3 class=\"wp-block-heading\">Ma non \u00e8 per tutti<\/h3>\n\n\n\n<p>Se il tuo obiettivo principale \u00e8 vivere in un altro Paese dell'UE come Francia, Alemania o Spagna, il Golden Visa griega non ti conferisce diritti automatici di residenza in quei luoghi.<\/p>\n\n\n\n<p>Permette soggiorni brevi in altri Paesi Schengen, ma non un reinserimento a largo raggio. In questo caso, \u00e8 necessario richiedere separatamente un visto di lungo soggiorno nel Paese che si preferisce.<\/p>\n\n\n\n<p><strong>Vale la pena di farlo, allora?<\/strong> Se cercate un accesso facile all'UE, flessibilit\u00e0 di stile di vita e investimenti immobiliari, la Golden Visa griega \u00e8 difficile da superare.<\/p>\n\n\n\n<p>Se invece il vostro obiettivo \u00e8 vivere stabilmente in un altro Paese europeo, allora dovrete prendere in considerazione altre strade o usare la residenza in Grecia come passo strategico.<\/p>\n\n\n\n<p>Vuoi richiedere il Golden Visa per la Grecia? Consulta qui la nostra guida su come candidarsi al programma Golden Visa greco.<\/p>\n\n\n\n<p><\/p>\n\n\n\n<p><strong>Siete afflitti dall'indecisione finanziaria? <\/strong><\/p>\n\n\n\n<figure class=\"wp-block-image size-large is-resized\"><img decoding=\"async\" width=\"512\" height=\"288\" src=\"https:\/\/adamfayed.com\/wp-content\/uploads\/2025\/03\/Adam-Fayed-Contact_CTA3-512x288.jpg\" alt=\"\" class=\"wp-image-117505\" style=\"width:683px;height:auto\" srcset=\"https:\/\/adamfayed.com\/wp-content\/uploads\/2025\/03\/Adam-Fayed-Contact_CTA3-512x288.jpg 512w, https:\/\/adamfayed.com\/wp-content\/uploads\/2025\/03\/Adam-Fayed-Contact_CTA3-300x169.jpg 300w, https:\/\/adamfayed.com\/wp-content\/uploads\/2025\/03\/Adam-Fayed-Contact_CTA3-768x432.jpg 768w, https:\/\/adamfayed.com\/wp-content\/uploads\/2025\/03\/Adam-Fayed-Contact_CTA3-scaled.jpg 825w\" sizes=\"(max-width: 512px) 100vw, 512px\" \/><\/figure>\n\n\n\n<div style=\"height:10px\" aria-hidden=\"true\" class=\"wp-block-spacer\"><\/div>\n\n\n\n<div class=\"wp-block-buttons is-layout-flex wp-block-buttons-is-layout-flex\">\n<div class=\"wp-block-button\"><a class=\"wp-block-button__link wp-element-button\" href=\"https:\/\/adamfayed.com\/it\/become-adams-client\/\">Diventa mio cliente<\/a><\/div>\n\n\n\n<div class=\"wp-block-button\"><a class=\"wp-block-button__link wp-element-button\" href=\"https:\/\/adamfayed.com\/it\/good-match-quiz\/\" target=\"_blank\" rel=\"noreferrer noopener\">Fare il quiz sull'idoneit\u00e0 del cliente<\/a><\/div>\n\n\n\n<div class=\"wp-block-button\"><a class=\"wp-block-button__link wp-element-button\" href=\"https:\/\/adamfayed.com\/it\/contact\/\" target=\"_blank\" rel=\"noreferrer noopener\">Contatto<\/a><\/div>\n<\/div>\n\n\n\n<p><strong>Adam \u00e8 un autore riconosciuto a livello internazionale in materia finanziaria con oltre 830 milioni di visualizzazioni di risposte su Quora, un libro molto venduto su Amazon e un contributo su Forbes.<\/strong><\/p>","protected":false},"excerpt":{"rendered":"<p>Francia, con su rica cultura, arte y paisajes impresionantes, es un destino so\u00f1ado para muchos expatriados, ya sea por negocios, placer o residencia. Pero si tienes una Golden Visa griega, \u00bfpuedes vivir en Francia? La respuesta corta: no de forma permanente. La Golden Visa de Grecia permite viajar sin visa dentro del espacio Schengen, incluida [&hellip;]<\/p>","protected":false},"author":60,"featured_media":135276,"parent":185416,"menu_order":0,"comment_status":"closed","ping_status":"closed","template":"","meta":{"rop_custom_images_group":[],"rop_custom_messages_group":[],"rop_publish_now":"initial","rop_publish_now_accounts":{"facebook_10166176115445471_100883565069113":""},"rop_publish_now_history":[],"rop_publish_now_status":"pending","footnotes":""},"class_list":["post-194845","page","type-page","status-publish","has-post-thumbnail","hentry"],"_links":{"self":[{"href":"https:\/\/adamfayed.com\/it\/wp-json\/wp\/v2\/pages\/194845","targetHints":{"allow":["GET"]}}],"collection":[{"href":"https:\/\/adamfayed.com\/it\/wp-json\/wp\/v2\/pages"}],"about":[{"href":"https:\/\/adamfayed.com\/it\/wp-json\/wp\/v2\/types\/page"}],"author":[{"embeddable":true,"href":"https:\/\/adamfayed.com\/it\/wp-json\/wp\/v2\/users\/60"}],"replies":[{"embeddable":true,"href":"https:\/\/adamfayed.com\/it\/wp-json\/wp\/v2\/comments?post=194845"}],"version-history":[{"count":2,"href":"https:\/\/adamfayed.com\/it\/wp-json\/wp\/v2\/pages\/194845\/revisions"}],"predecessor-version":[{"id":194848,"href":"https:\/\/adamfayed.com\/it\/wp-json\/wp\/v2\/pages\/194845\/revisions\/194848"}],"up":[{"embeddable":true,"href":"https:\/\/adamfayed.com\/it\/wp-json\/wp\/v2\/pages\/185416"}],"wp:featuredmedia":[{"embeddable":true,"href":"https:\/\/adamfayed.com\/it\/wp-json\/wp\/v2\/media\/135276"}],"wp:attachment":[{"href":"https:\/\/adamfayed.com\/it\/wp-json\/wp\/v2\/media?parent=194845"}],"curies":[{"name":"wp","href":"https:\/\/api.w.org\/{rel}","templated":true}]}}