{"id":3,"date":"2018-05-20T03:07:30","date_gmt":"2018-05-20T03:07:30","guid":{"rendered":"https:\/\/adamfayed.com\/?page_id=3"},"modified":"2025-08-12T21:31:14","modified_gmt":"2025-08-12T21:31:14","slug":"termsandconditionsandprivacy","status":"publish","type":"page","link":"https:\/\/adamfayed.com\/it\/termsandconditionsandprivacy\/","title":{"rendered":"Privacy, cookie, termini e condizioni"},"content":{"rendered":"<div data-elementor-type=\"wp-page\" data-elementor-id=\"3\" class=\"elementor elementor-3\" data-elementor-post-type=\"page\">\n\t\t\t\t\t\t<section class=\"elementor-section elementor-top-section elementor-element elementor-element-3c9e6b7c elementor-section-boxed elementor-section-height-default elementor-section-height-default\" data-id=\"3c9e6b7c\" data-element_type=\"section\">\n\t\t\t\t\t\t<div class=\"elementor-container elementor-column-gap-default\">\n\t\t\t\t\t<div class=\"elementor-column elementor-col-100 elementor-top-column elementor-element elementor-element-32b3318d\" data-id=\"32b3318d\" data-element_type=\"column\">\n\t\t\t<div class=\"elementor-widget-wrap elementor-element-populated\">\n\t\t\t\t\t\t<div class=\"elementor-element elementor-element-60fccd41 elementor-widget elementor-widget-text-editor\" data-id=\"60fccd41\" data-element_type=\"widget\" data-widget_type=\"text-editor.default\">\n\t\t\t\t<div class=\"elementor-widget-container\">\n\t\t\t\t\t\t\t\t\t<p><!-- \/wp:paragraph --><\/p>\n<p><!-- wp:paragraph --><\/p>\n<p>I Termini e le Condizioni (i \u201cTermini\u201d) si applicano non solo a chi accede ai contenuti di Adam Fayed visto l'e-mail, ma anche a chiunque visiti il sito www.adamfayed.com (il \u201cSito Web\u201d). Ogni volta che si accede o si utilizza questo Sito web, si riconosce di aver letto e accettato di essere vincolati da questi Termini. Se non si accettano i presenti Termini, \u00e8 vietato accedere o continuare a utilizzare il Sito web.<\/p>\n<p>Chi \u00e8 <a class=\"wpil_keyword_link\" title=\"Adam Fayed\" href=\"https:\/\/adamfayed.com\/it\/\" data-wpil-keyword-link=\"linked\" data-wpil-monitor-id=\"2048\">Adam Fayed<\/a><\/p>\n<p>Questo sito web \u00e8 gestito per scopi di personal branding ed \u00e8 destinato esclusivamente a condividere le opinioni personali, le esperienze e il percorso personale e professionale di Adam Fayed.<\/p>\n<p>Tutti i punti di vista, le opinioni, le affermazioni, le intuizioni e le dichiarazioni espresse su questo sito web e rilasciate da Adam Fayed nei podcast, su Youtube e su altri media\/social media (inclusi WhatsApp, Facebook, WeChat, Instagram, ecc.) sono rilasciate da Adam Fayed a titolo strettamente personale. Non rappresentano, riflettono o implicano alcuna posizione ufficiale, opinione o approvazione di organizzazioni, datori di lavoro, clienti o istituzioni con cui Adam Fayed \u00e8 o \u00e8 stato affiliato. Nulla di quanto contenuto in questo sito web deve essere interpretato come fatto per conto o con l'autorizzazione di tali entit\u00e0.<\/p>\n<p><\/p>\n<p>Conformit\u00e0 alle leggi<\/p>\n<p>L'utente accetta di rispettare tutte le norme locali in relazione all'utilizzo di questo sito web, comprese tutte le leggi, le norme, i codici e i regolamenti del paese in cui risiede e del paese da cui accede a questo sito web, comprese, a titolo esemplificativo, tutte le leggi, le norme, i codici, i regolamenti, i decreti, gli atti, gli ordini, le direttive, la legislazione, i disegni di legge e gli statuti in materia di tasse, contratti, propriet\u00e0 intellettuale, titoli, tecnologia, computer, frodi e privacy.<\/p>\n<p>Il presente sito web non \u00e8 rivolto e non deve essere consultato da persone in qualsiasi giurisdizione - compresi gli Stati Uniti d'America, il Regno Unito, gli Emirati Arabi Uniti e la RAS di Hong Kong - in cui (a causa della nazionalit\u00e0, della residenza o di altro tipo di tale persona) sia vietata la pubblicazione o la disponibilit\u00e0 del presente sito web e\/o dei suoi contenuti, dei materiali e delle informazioni disponibili su o attraverso il sito web (insieme, i \u201cMateriali\u201c).<\/p>\n<p>Adam Fayed non garantisce che il contenuto di questo Sito web sia appropriato per l'uso in tutti i luoghi, o che i prodotti o i servizi discussi in questo Sito web siano disponibili o appropriati per la vendita o l'uso in tutte le giurisdizioni o paesi, o da parte di tutti i tipi di investitori. \u00c8 responsabilit\u00e0 dell'utente essere a conoscenza e osservare tutte le leggi e i regolamenti applicabili di qualsiasi giurisdizione pertinente.<\/p>\n<p>Nessuna garanzia<\/p>\n<p>Adam Fayed non rilascia alcuna dichiarazione o garanzia, espressa o implicita, in merito all'accuratezza, all'affidabilit\u00e0, alla completezza, all'idoneit\u00e0 o ad altre caratteristiche dei Materiali. Qualsiasi contenuto di questo sito Web \u00e8 soggetto a modifiche senza preavviso. Tutti i Materiali sono forniti \u201ccos\u00ec come sono\u201d, senza alcun tipo di garanzia. Nella misura massima consentita dalla legge applicabile, Adam Fayed declina inoltre tutte le garanzie e le condizioni relative a tali Materiali, comprese tutte le garanzie e le condizioni implicite di commerciabilit\u00e0, idoneit\u00e0 per uno scopo particolare, titolo, non violazione e disponibilit\u00e0.<\/p>\n<p>Nessuna offerta, sollecitazione o consulenza<\/p>\n<p>Il sito web e i materiali sono destinati a fornire informazioni esclusivamente a investitori professionali e sofisticati che conoscono e sono in grado di valutare i meriti e i rischi associati a prodotti e servizi finanziari del tipo descritto nel presente documento e nessun'altra persona dovrebbe accedervi, agire o fare affidamento su di essi. Nulla di quanto contenuto in questo sito web \u00e8 destinato a costituire (i) consulenza sugli investimenti o qualsiasi forma di sollecitazione o raccomandazione o un'offerta, o sollecitazione di un'offerta, per l'acquisto o la vendita di qualsiasi prodotto o servizio finanziario, (ii) consulenza sugli investimenti, legale, commerciale o fiscale o un'offerta di fornire tale consulenza, o (iii) una base per prendere qualsiasi decisione di investimento.&nbsp;<\/p>\n<p><\/p>\n<p>I Materiali sono forniti a titolo puramente informativo e non tengono conto della situazione individuale dell'utente.<\/p>\n<p>Prima di prendere qualsiasi decisione di investimento, \u00e8 necessario richiedere una consulenza finanziaria, fiscale, legale o di altro tipo.<\/p>\n<p>Alcune pagine di questo sito web possono contenere informazioni generali che potrebbero aiutarvi a determinare se siete idonei a richiedere i servizi professionali di Adam Fayed o di qualsiasi entit\u00e0 in cui Adam Fayed \u00e8 impiegato, ricopre una posizione (anche come direttore, funzionario, dipendente o consulente), ha una partecipazione azionaria o un interesse finanziario, o con cui Adam Fayed \u00e8 altrimenti affiliato professionalmente. Tuttavia, qualsiasi servizio di questo tipo - sia esso offerto da Adam Fayed a titolo professionale o da qualsiasi entit\u00e0 affiliata - sar\u00e0 fornito in modo del tutto separato da questo sito web e sar\u00e0 soggetto a termini, condizioni e processi di assunzione formali distinti. Nulla di quanto contenuto in questo sito web costituisce un'offerta di servizi professionali, n\u00e9 deve essere interpretato come la formazione di un rapporto di clientela di qualsiasi tipo. Qualsiasi riferimento a terzi, servizi o prodotti non implica l'approvazione o la partnership, a meno che non sia esplicitamente indicato.<\/p>\n<p>Privacy e cookie<\/p>\n<p>Leggi sulla protezione dei dati<\/p>\n<p>Adam Fayed rispetta tutte le leggi applicabili in materia di protezione dei dati e non ha alcun interesse a conservare i vostri dati, a meno che non sia richiesto dalle leggi.<br>Adam Fayed non invia e-mail di massa a meno che non ci si iscriva alla sua newsletter tramite il Sito web o l'App Investing Right. L'utente ha il diritto di cancellarsi dalle mailing list di Adam Fayed in qualsiasi momento, anche se ha originariamente scelto di iscriversi, cliccando sul pulsante \u201cunsubscribe\u201d disponibile in fondo a ogni e-mail.<\/p>\n<p>Raccolta, conservazione, protezione, utilizzo e accesso alle informazioni raccolte<\/p>\n<p>Adam Fayed raccoglie le informazioni dell'utente solo se l'utente ha contattato Adam Fayed e se ha specificamente richiesto a Adam Fayed di farlo. Ad esempio, se vi iscrivete a una delle mailing list di Adam Fayed, la vostra e-mail verr\u00e0 memorizzata in base alla vostra richiesta.<\/p>\n<p>Adam Fayed non vende i dati personali degli utenti del Sito. <\/p>\n<p>Commenti<\/p>\n<p>Se l'utente lascia un commento sul Sito, i dati mostrati nel modulo dei commenti, il suo indirizzo IP e la stringa dell'user agent del browser vengono raccolti per aiutare il rilevamento dello spam.<\/p>\n<p>Una stringa anonima creata dall'indirizzo e-mail dell'utente (chiamata anche hash) pu\u00f2 essere fornita al servizio Gravatar per verificare se l'utente lo sta utilizzando. L'informativa sulla privacy del servizio Gravatar \u00e8 disponibile qui: https:\/\/automattic.com\/privacy\/.<\/p>\n<p>Una volta approvato, il commento apparir\u00e0 sul Sito insieme all'immagine del profilo dell'utente. Lasciando un commento sul Sito, l'utente acconsente a che Adam Fayed lo visualizzi sul Sito insieme alla foto del suo profilo.<\/p>\n<p>Condivisione dei dati<\/p>\n<p>Adam Fayed non vende i dati a terzi e rispetta tutte le norme vigenti in materia di protezione dei dati. In qualsiasi momento \u00e8 possibile richiedere la cancellazione dei propri dati.<\/p>\n<p>Conservazione dei dati<\/p>\n<p>Se si lascia un commento, il commento e i suoi metadati vengono conservati a tempo indeterminato, in modo che eventuali commenti successivi vengano automaticamente approvati (invece di essere trattenuti in una coda di moderazione).<\/p>\n<p>Se l'utente si registra sul Sito web, le informazioni personali contenute nel suo profilo utente verranno salvate. Tutti gli utenti registrati possono vedere, modificare e\/o cancellare le proprie informazioni personali in qualsiasi momento (ad eccezione del fatto che non possono cambiare il proprio nome utente). Anche gli amministratori del sito web possono vedere e modificare tali informazioni.<\/p>\n<p>Quali diritti avete sui vostri dati<\/p>\n<p>Se siete un utente registrato sul sito web, o avete lasciato dei commenti al suo interno, potete richiedere di ricevere un file esportato dei dati personali in vostro possesso, compresi quelli che avete fornito nell'ambito dell'utilizzo del sito web. \u00c8 inoltre possibile richiedere la cancellazione di tutti i dati personali in possesso dell'utente. Sono esclusi i dati che devono essere conservati per scopi amministrativi, legali o di sicurezza.<br>Dove vengono inviati i vostri dati e come potete contattarmi in merito ai vostri dati.<\/p>\n<p>I commenti lasciati dai visitatori del Sito possono essere controllati attraverso un servizio automatico di rilevamento dello spam. \u00c8 possibile contattare Adam Fayed via e-mail in merito ai propri dati - hello@adamfayed.com<br>Biscotti<\/p>\n<p>Se lasciate un commento sul sito web, potete scegliere di salvare il vostro nome, indirizzo e-mail e sito web nei cookie. Questo per comodit\u00e0 dell'utente, in modo che non debba inserire nuovamente i propri dati quando lascia un altro commento. La durata di questi cookie \u00e8 di un anno.<\/p>\n<p>Se si dispone di un account e si accede al Sito, verr\u00e0 impostato un cookie temporaneo per determinare se il browser accetta i cookie. Questo cookie non contiene dati personali e viene eliminato quando si chiude il browser.<\/p>\n<p>Quando si accede al Sito come utente registrato, vengono automaticamente impostati diversi cookie per salvare le informazioni di accesso e le scelte di visualizzazione dello schermo. I cookie di accesso durano due giorni, mentre quelli relativi alle opzioni dello schermo durano un anno. Se l'utente seleziona \u201cRicordami\u201d, il suo login rester\u00e0 attivo per due settimane. Se si esce dal proprio account, i cookie di accesso verranno rimossi.<\/p>\n<p>Siti web di terze parti<\/p>\n<p>Adam Fayed non si assume alcuna responsabilit\u00e0 per i siti di terzi disponibili attraverso il Sito, tramite collegamento ipertestuale o altro, e qualsiasi accesso o utilizzo di un sito di terzi \u00e8 esclusivamente a rischio dell'utente. L'utente \u00e8 incoraggiato a <a class=\"wpil_keyword_link\" title=\"recensione\" href=\"https:\/\/adamfayed.com\/it\/category\/review-articles\/\" data-wpil-keyword-link=\"linked\" data-wpil-monitor-id=\"2047\">recensione<\/a> le condizioni di utilizzo applicabili a tali siti.<\/p>\n<p>Dichiarazioni previsionali<br>Alcune affermazioni contenute nel Sito Web o nei Materiali costituiscono \u201cdichiarazioni previsionali\u201d, che possono essere identificate dall'uso di terminologia previsionale come \u201cpotrebbe\u201d, \u201csar\u00e0\u201d, \u201cdovrebbe\u201d, \u201caspettarsi\u201d, \u201canticipare\u201d, \u201cstimare\u201d, \u201cmirare\u201d, \u201cprogettare\u201d, \u201cpuntare\u201d, \u201cintendere\u201d, \u201ccontinuare\u201d o \u201ccredere\u201d, le relative negazioni, altre variazioni o altra terminologia simile. Tutte le dichiarazioni previsionali si basano su ipotesi che potrebbero non rivelarsi corrette.  A causa di vari rischi e incertezze, gli eventi o i risultati effettivi possono differire materialmente da quanto riflesso o contemplato in tali dichiarazioni previsionali. Adam Fayed non ha l'obbligo di aggiornare o modificare alcuna dichiarazione previsionale, sia a seguito di nuove informazioni, eventi futuri o altro. <\/p>\n<p>LIMITAZIONE DI RESPONSABILIT\u00c0&nbsp;&nbsp;&nbsp; <\/p>\n<p>NELLA MISURA MASSIMA CONSENTITA DALLA LEGGE APPLICABILE, ADAM FAYED NON SAR\u00c0 RESPONSABILE PER EVENTUALI RECLAMI, RESPONSABILIT\u00c0, PERDITE, COSTI O DANNI, COMPRESI I DANNI DIRETTI, INDIRETTI, PUNITIVI, INCIDENTALI, SPECIALI O CONSEQUENZIALI, DERIVANTI DA O IN QUALSIASI MODO CONNESSI CON (I) L'USO O L'IMPOSSIBILIT\u00c0 DI UTILIZZARE QUESTO SITO WEB O CON QUALSIASI RITARDO NELL'USO DEL SITO WEB, O (II) QUALSIASI MATERIALE OTTENUTO ATTRAVERSO QUESTO SITO WEB, O (III) ALTRIMENTI DERIVANTI DALL'ACCESSO E\/O DALL'USO DI QUESTO SITO WEB; IN OGNI CASO, SIA CHE SI BASI SU TEORIE DERIVANTI DA CONTRATTO, TORTO, RESPONSABILIT\u00c0 OGGETTIVA O ALTRO. TALI LIMITAZIONI SI APPLICANO ANCHE SE ADAM FAYED \u00c8 STATA AVVISATA DELLA POSSIBILIT\u00c0 DI DANNI.<\/p>\n<p>Modifiche ai Termini<\/p>\n<p>Adam Fayed si riserva il diritto di modificare le<i>e<\/i> Condizioni in qualsiasi momento.<br>L'uso continuato del Sito Web da parte dell'utente costituir\u00e0 l'accettazione incondizionata delle presenti Condizioni.  \u00c8 responsabilit\u00e0 dell'utente rivedere i Termini ogni volta che accede al Sito web o ai Materiali.  L'utente \u00e8 sempre vincolato alle versioni attuali e aggiornate dei Termini e alle leggi applicabili.<\/p>\n<p>Propriet\u00e0 dei marchi, ecc.<\/p>\n<p>Tutti i testi, le foto, i grafici, i loghi, i contenuti e gli altri materiali presenti su questo sito web sono protetti da copyright, marchi e altre leggi applicabili. In particolare, tutti i marchi, i nomi commerciali e i loghi visualizzati su questo Sito sono di propriet\u00e0 di Adam Fayed e questo Sito non concede alcuna licenza in merito.<\/p>\n<p>Email<\/p>\n<p>Se contattate Adam Fayed o ricevete in altro modo comunicazioni da lui, non potete inoltrare o copiare (in tutto o in parte) tali comunicazioni - inviate tramite e-mail o altri mezzi di comunicazione - a nessuno senza il previo consenso scritto di Adam Fayed.<\/p>\n<p>L'indirizzo e-mail hello@adamfayed.com \u00e8 controllato da numerose persone. Pertanto, i messaggi di posta elettronica inviati da tale indirizzo non devono essere considerati automaticamente come provenienti o riflettenti l'opinione ufficiale di Adam Fayed.<\/p>\n<p>Adam Fayed si sforza di inviare tutte le e-mail da hello@adamfayed.com. Tuttavia, Adam Fayed pu\u00f2 utilizzare altri indirizzi e-mail personali (ad esempio adamfayed@hotmail.co.uk, adamfayed@iamgltd.com, adamfayed@int-amg.com). I presenti Termini si applicano anche a qualsiasi comunicazione inviata da tali indirizzi e-mail personali.<\/p>\n<p>Traduzioni e contenuti in lingue straniere<\/p>\n<p>Questo sito web pu\u00f2 contenere contenuti in lingue diverse dall'inglese o contenuti tradotti in inglese da un'altra lingua. Tali contenuti sono forniti solo a titolo di informazione generale e di convenienza.<\/p>\n<p>Non viene fornita alcuna dichiarazione o garanzia in merito all'accuratezza, alla completezza o all'affidabilit\u00e0 di qualsiasi contenuto fornito in una lingua diversa dall'inglese o di qualsiasi traduzione in inglese. In particolare, Adam Fayed declina ogni responsabilit\u00e0 per eventuali errori, omissioni o interpretazioni errate derivanti da traduzioni - da o verso l'inglese - e per qualsiasi affidamento fatto su tali contenuti.<\/p>\n<p>Procedure di reclamo<\/p>\n<p>Tutti i reclami devono essere inviati a hello@adamfayed.com.<\/p>\n<p>Profili falsi<\/p>\n<p>Adam Fayed non pu\u00f2 essere ritenuto legalmente responsabile di siti web Adam Fayed falsi o di profili falsi su piattaforme di social media, tra cui Quora e Medium.<\/p>\n<p>Allo stesso modo, se l'utente si relaziona con un altro collaboratore o menzionato sul Sito web, Adam Fayed non sar\u00e0 responsabile del suo impegno con tale collaboratore.<\/p>\n<p>Richieste DMCA<\/p>\n<p>Tutte le richieste e le notifiche di servizio di rimozione DMCA devono essere inviate a hello@adamfayed.com e specificare l'URL esatto della pagina che richiede l'intervento, altrimenti sar\u00e0 troppo difficile aiutarvi con qualsiasi richiesta.<\/p>\n<p>Le richieste legittime saranno tenute nella giusta considerazione.<\/p>\n<p>REGNO UNITO\/FCA<\/p>\n<p>Questo \u00e8 un sito web di personal branding.  L'uso di un numero WhatsApp britannico non deve essere considerato come un'indicazione del fatto che io viva nel Regno Unito o che le mie entit\u00e0 siano regolamentate dalla FCA, cosa che non avviene.&nbsp;&nbsp;<\/p>\n<p>Contenuto&nbsp;<\/p>\n<p>Non tutti i contenuti scritti su questo sito web, Medium, LinkedIn, TikTok, Instagram e oltre sono scritti, prodotti o controllati direttamente da Adam Fayed.  Tutte le opinioni non devono essere considerate la posizione ufficiale di Adam Fayed o delle sue entit\u00e0.&nbsp;<\/p>\n<p><!-- \/wp:paragraph --><\/p>\n<p><!-- wp:paragraph --><\/p>\n<p><!-- \/wp:paragraph --><\/p>\n<p><!-- wp:paragraph --><\/p>\n<p><\/p>\n<p><!-- \/wp:paragraph --><\/p>\t\t\t\t\t\t\t\t<\/div>\n\t\t\t\t<\/div>\n\t\t\t\t\t<\/div>\n\t\t<\/div>\n\t\t\t\t\t<\/div>\n\t\t<\/section>\n\t\t\t\t<\/div>","protected":false},"excerpt":{"rendered":"<p>The Terms and Conditions (the \u201cTerms\u201d) apply not only to those accessing Adam Fayed\u2019s content visa email, but also to anyone visiting www.adamfayed.com (the \u201cWebsite\u201d). Each time you access or use this Website, you acknowledge that you have read and agree to be bound by these Terms. If you do not agree to these Terms,&nbsp;entering [&hellip;]<\/p>","protected":false},"author":1,"featured_media":0,"parent":0,"menu_order":0,"comment_status":"closed","ping_status":"closed","template":"","meta":{"rop_custom_images_group":[],"rop_custom_messages_group":[],"rop_publish_now":"initial","rop_publish_now_accounts":{"facebook_10166176115445471_100883565069113":""},"rop_publish_now_history":[],"rop_publish_now_status":"pending","footnotes":""},"class_list":["post-3","page","type-page","status-publish","hentry"],"_links":{"self":[{"href":"https:\/\/adamfayed.com\/it\/wp-json\/wp\/v2\/pages\/3","targetHints":{"allow":["GET"]}}],"collection":[{"href":"https:\/\/adamfayed.com\/it\/wp-json\/wp\/v2\/pages"}],"about":[{"href":"https:\/\/adamfayed.com\/it\/wp-json\/wp\/v2\/types\/page"}],"author":[{"embeddable":true,"href":"https:\/\/adamfayed.com\/it\/wp-json\/wp\/v2\/users\/1"}],"replies":[{"embeddable":true,"href":"https:\/\/adamfayed.com\/it\/wp-json\/wp\/v2\/comments?post=3"}],"version-history":[{"count":3,"href":"https:\/\/adamfayed.com\/it\/wp-json\/wp\/v2\/pages\/3\/revisions"}],"predecessor-version":[{"id":200220,"href":"https:\/\/adamfayed.com\/it\/wp-json\/wp\/v2\/pages\/3\/revisions\/200220"}],"wp:attachment":[{"href":"https:\/\/adamfayed.com\/it\/wp-json\/wp\/v2\/media?parent=3"}],"curies":[{"name":"wp","href":"https:\/\/api.w.org\/{rel}","templated":true}]}}