{"id":54558,"date":"2023-02-12T06:20:03","date_gmt":"2023-02-12T06:20:03","guid":{"rendered":"https:\/\/adamfayed.com\/?p=54558"},"modified":"2025-03-25T08:46:18","modified_gmt":"2025-03-25T08:46:18","slug":"financial-planner","status":"publish","type":"page","link":"https:\/\/adamfayed.com\/it\/financial-planning\/personal-financial-planning\/financial-planner\/","title":{"rendered":"Che cos'\u00e8 un Financial Planner?"},"content":{"rendered":"<p>Questa pagina approfondisce come i pianificatori finanziari possono aiutarvi a raggiungere i vostri obiettivi finanziari, cosa fanno, come avvalersi dei loro servizi e tutto il resto.<\/p>\n\n\n\n<p>In particolare, saranno trattati i seguenti punti:<\/p>\n\n\n\n<ul class=\"wp-block-list\">\n<li>Che cos'\u00e8 un pianificatore finanziario?<\/li>\n\n\n\n<li>Cosa fa un pianificatore finanziario?<\/li>\n\n\n\n<li>Certificazione di pianificatore finanziario<\/li>\n\n\n\n<li>Onorari dei pianificatori finanziari<\/li>\n\n\n\n<li>Pianificatore finanziario vs. consulente finanziario<\/li>\n\n\n\n<li>Dovrei assumere un pianificatore finanziario?<\/li>\n<\/ul>\n\n\n\n<p><\/p>\n\n\n\n<p>Se avete domande o volete investire come espatriati o persone con un elevato patrimonio netto, potete scrivermi un'e-mail (advice@adamfayed.com) o utilizzare il seguente link<\/p>\n\n\n\n<p>Se avete un'idea delle vostre finanze, forse state pensando a come i pianificatori finanziari possono aiutarvi a raggiungere i vostri obiettivi.<\/p>\n\n\n\n<div style=\"height:25px\" aria-hidden=\"true\" class=\"wp-block-spacer\"><\/div>\n\n\n\n<h2 class=\"wp-block-heading\"><strong>Che cos'\u00e8 un pianificatore finanziario?<\/strong><\/h2>\n\n\n\n<figure class=\"wp-block-image alignleft size-medium\"><img fetchpriority=\"high\" decoding=\"async\" width=\"300\" height=\"300\" src=\"https:\/\/adamfayed.com\/wp-content\/uploads\/2024\/03\/What-is-a-financial-planner-300x300.webp\" alt=\"What is a financial planner\" class=\"wp-image-83178\" srcset=\"https:\/\/adamfayed.com\/wp-content\/uploads\/2024\/03\/What-is-a-financial-planner-300x300.webp 300w, https:\/\/adamfayed.com\/wp-content\/uploads\/2024\/03\/What-is-a-financial-planner-512x512.webp 512w, https:\/\/adamfayed.com\/wp-content\/uploads\/2024\/03\/What-is-a-financial-planner-150x150.webp 150w, https:\/\/adamfayed.com\/wp-content\/uploads\/2024\/03\/What-is-a-financial-planner-768x768.webp 768w, https:\/\/adamfayed.com\/wp-content\/uploads\/2024\/03\/What-is-a-financial-planner-scaled.webp 825w\" sizes=\"(max-width: 300px) 100vw, 300px\" \/><\/figure>\n\n\n\n<p>In parole povere, un pianificatore finanziario \u00e8 un professionista che aiuta le persone a gestire il proprio denaro.<\/p>\n\n\n\n<p>Un pianificatore finanziario aiuta i clienti a creare un piano per i loro obiettivi e traguardi. Quando ci si prefigge di raggiungere un obiettivo, \u00e8 importante sapere dove si sta andando e a che punto \u00e8 il percorso.<\/p>\n\n\n\n<p>Ad esempio, se desiderate investire denaro o estinguere un debito, un pianificatore sar\u00e0 in grado di aiutarvi a raggiungere i vostri obiettivi attraverso l'uso di diversi strumenti e strategie.<\/p>\n\n\n\n<p>Sono anche in grado di indirizzare i clienti verso altri specialisti nelle aree in cui necessitano di una consulenza esperta. Un buon pianificatore finanziario ha le risorse per mettervi in contatto con esperti fiscali, gestori patrimoniali e pianificatori della pensione, qualora ne abbiate bisogno, e i migliori possono persino fornirvi loro stessi questi servizi.<\/p>\n\n\n\n<p>I pianificatori finanziari aiuteranno i clienti a stabilire obiettivi e traguardi per se stessi, ponendo loro domande pertinenti ai loro obiettivi, come ad esempio:<\/p>\n\n\n\n<ul class=\"wp-block-list\">\n<li>Di quanto denaro ho bisogno?<\/li>\n\n\n\n<li>Quanto tempo richiede questo obiettivo?<\/li>\n\n\n\n<li>Di quali risorse ho bisogno per raggiungere questo obiettivo?<\/li>\n\n\n\n<li>Quanto rischio sono disposto a correre con il mio patrimonio?<\/li>\n\n\n\n<li>Cosa succede al mio patrimonio quando muoio?<\/li>\n<\/ul>\n\n\n\n<p><\/p>\n\n\n\n<p>Sulla base delle risposte a queste domande, un pianificatore pu\u00f2 costruire il piano pi\u00f9 adatto ai vostri obiettivi e alle vostre circostanze.<\/p>\n\n\n\n<p>I pianificatori finanziari personali vi aiutano a rispettare questo piano stabilendo un budget, creando un sistema di bilancio per le spese, tenendo traccia delle spese e delle entrate discrezionali, comprendendo come prendere decisioni intelligenti sugli investimenti e gestendo le tasse.<\/p>\n\n\n\n<p>Possono anche aiutarvi a gestire il vostro debito e a estinguere i prestiti pi\u00f9 velocemente, o a fare piani per ridurre l'ammontare degli interessi da pagare.<\/p>\n\n\n\n<div style=\"height:25px\" aria-hidden=\"true\" class=\"wp-block-spacer\"><\/div>\n\n\n\n<h2 class=\"wp-block-heading\"><strong>Cosa fa un pianificatore finanziario?<\/strong><\/h2>\n\n\n\n<p>Il <a href=\"https:\/\/www.cfp.net\/-\/media\/files\/cfp-board\/knowledge\/reports-and-research\/guide-to-careers-in-financial-planning\/guide-to-careers-in-financial-planning.pdf?la=en&amp;hash=4188AAC685C39C6D2124EA12BC2DA9E5\" target=\"_blank\" rel=\"noopener\">Consiglio CFB<\/a> descrive la pianificazione finanziaria come un \u201cprocesso collaborativo che aiuta a massimizzare il potenziale di un cliente nel raggiungimento degli obiettivi di vita attraverso una consulenza finanziaria che integra elementi rilevanti della situazione personale e finanziaria del cliente\u201d.<\/p>\n\n\n\n<p>In altre parole, <a class=\"wpil_keyword_link\" href=\"https:\/\/adamfayed.com\/it\/financial-planning\/personal-financial-planning\/\" title=\"pianificazione finanziaria\" data-wpil-keyword-link=\"linked\" data-wpil-monitor-id=\"653\">pianificazione finanziaria<\/a> \u00e8 una collaborazione con un professionista per aumentare le possibilit\u00e0 di raggiungere i vostri obiettivi finanziari personali. Questi professionisti forniscono una guida finanziaria che tiene conto degli aspetti pi\u00f9 rilevanti della vostra situazione finanziaria e personale.<\/p>\n\n\n\n<p>Sulla base delle loro priorit\u00e0 e convinzioni di base, i pianificatori finanziari personali collaborano con le persone e le famiglie per aiutarle a prendere sagge decisioni finanziarie e di investimento che aumenteranno le loro possibilit\u00e0 di raggiungere importanti obiettivi di vita.<\/p>\n\n\n\n<p>Alcuni pianificatori si concentrano su un'area specifica, come il risparmio previdenziale, mentre altri adottano un approccio olistico che considera il benessere complessivo del cliente. Possono essere presi in considerazione anche gli effetti finanziari della famiglia, del lavoro, dell'istruzione e della salute fisica.<\/p>\n\n\n\n<p>Inoltre, anche le aziende possono avvalersi dell'assistenza di pianificatori finanziari per creare e gestire piani di pensionamento e altri programmi di benessere finanziario per i dipendenti.<\/p>\n\n\n\n<p>Tutti questi professionisti, dal pianificatore finanziario personale a quello aziendale, vengono istruiti per guidare i clienti verso decisioni finanziarie sagge attraverso una disciplina <a class=\"wpil_keyword_link\" href=\"https:\/\/adamfayed.com\/it\/personal-financial-planning\/\" title=\"pianificazione finanziaria\" data-wpil-keyword-link=\"linked\" data-wpil-monitor-id=\"1875\">pianificazione finanziaria<\/a> approccio.<\/p>\n\n\n\n<p>In quanto tali, i pianificatori sono in grado di utilizzare le loro conoscenze in materia di finanza personale, budgeting, imposte e prodotti finanziari, <a href=\"https:\/\/adamfayed.com\/it\/investment-options\/\">opzioni di investimento<\/a>, e dei mercati di investimento, nonch\u00e9 la capacit\u00e0 di utilizzare solidi strumenti analitici e dati in grado di illustrare vari risultati per guidare i clienti verso i loro obiettivi.<\/p>\n\n\n\n<p>Tuttavia, si tratta solo di raccomandazioni. I pianificatori finanziari spesso lasciano ai loro clienti il compito di prendere le decisioni. Il loro lavoro si limita a garantire che i clienti siano il pi\u00f9 possibile istruiti sulle loro opzioni e sulle varie linee d'azione che possono intraprendere per raggiungere il futuro finanziario desiderato.<\/p>\n\n\n\n<p>Quando lavorate con un pianificatore, dovete aspettarvi una struttura di relazione a lungo termine e continuativa. <\/p>\n\n\n\n<div style=\"height:25px\" aria-hidden=\"true\" class=\"wp-block-spacer\"><\/div>\n\n\n\n<h2 class=\"wp-block-heading\"><strong>Certificazione di pianificatore finanziario<\/strong><\/h2>\n\n\n\n<figure class=\"wp-block-image alignright size-medium\"><img decoding=\"async\" width=\"300\" height=\"300\" src=\"https:\/\/adamfayed.com\/wp-content\/uploads\/2024\/03\/Financial-Planner-Certification-300x300.webp\" alt=\"Financial Planner Certification\" class=\"wp-image-83177\" srcset=\"https:\/\/adamfayed.com\/wp-content\/uploads\/2024\/03\/Financial-Planner-Certification-300x300.webp 300w, https:\/\/adamfayed.com\/wp-content\/uploads\/2024\/03\/Financial-Planner-Certification-512x512.webp 512w, https:\/\/adamfayed.com\/wp-content\/uploads\/2024\/03\/Financial-Planner-Certification-150x150.webp 150w, https:\/\/adamfayed.com\/wp-content\/uploads\/2024\/03\/Financial-Planner-Certification-768x768.webp 768w, https:\/\/adamfayed.com\/wp-content\/uploads\/2024\/03\/Financial-Planner-Certification-scaled.webp 825w\" sizes=\"(max-width: 300px) 100vw, 300px\" \/><\/figure>\n\n\n\n<p>Per dimostrare la propria competenza, alcuni pianificatori finanziari possono ottenere credenziali professionali come la certificazione Certified Financial Planner (CFP) negli Stati Uniti.<\/p>\n\n\n\n<p>I pianificatori finanziari certificati possiedono lo standard di eccellenza nella pianificazione finanziaria conferito dall'Associazione dei pianificatori finanziari. <a href=\"https:\/\/www.cfp.net\/about-cfp-board\" target=\"_blank\" rel=\"noopener\">Consiglio degli standard del pianificatore finanziario certificato Inc.<\/a>.<\/p>\n\n\n\n<p>Gli esperti CFP si attengono a rigorosi standard educativi, formativi ed etici e vengono rilasciati solo a coloro che completano con successo gli esami iniziali del CFP Board. A questi professionisti viene poi richiesto di continuare a seguire programmi di formazione annuale per mantenere le loro competenze e la loro certificazione.<\/p>\n\n\n\n<p>Il CFP Board of Standards stabilisce e applica i requisiti per tale certificazione al fine di tutelare gli standard di competenza e di etica dei pianificatori finanziari a beneficio del pubblico in generale.<\/p>\n\n\n\n<p>La certificazione iniziale CFP \u00e8 costituita da quattro componenti: formazione, esame, esperienza ed etica. Il candidato alla CFP dovr\u00e0 dedicare fino a 1.000 ore per completare i corsi necessari e superare l'esame.<\/p>\n\n\n\n<p>Una laurea e un curriculum di pianificazione finanziaria sono i requisiti minimi per diventare Certified Financial Planner. Il candidato deve aderire alle Regole di condotta, che mettono al primo posto gli interessi dei clienti, e soddisfare gli Standard di idoneit\u00e0 per i candidati e i dichiaranti al fine di superare la componente etica.<\/p>\n\n\n\n<div style=\"height:13px\" aria-hidden=\"true\" class=\"wp-block-spacer\"><\/div>\n\n\n\n<h3 class=\"wp-block-heading\">Come diventare un pianificatore finanziario certificato nel Regno Unito<\/h3>\n\n\n\n<p>Per chi si chiede come diventare un pianificatore finanziario certificato nel Regno Unito, esiste la certificazione Chartered Financial Planner, rilasciata dal Chartered Insurance Institute (CII).<\/p>\n\n\n\n<p>I titolari del <a href=\"https:\/\/www.cii.co.uk\/membership\/join-us\/chartered\/corporate-chartered\/why-choose-a-chartered-firm\/financial-planners\/\" target=\"_blank\" rel=\"noopener\">Pianificatore finanziario diplomato<\/a> che \u00e8 spesso considerato il \u201cgold standard\u201d del settore nel Regno Unito, sono per definizione tra i consulenti pi\u00f9 preparati ed esperti del settore.<\/p>\n\n\n\n<p>Chi vuole diventare Chartered Financial Planner deve prepararsi e superare circa 14 esami che coprono diversi argomenti relativi ai servizi finanziari. Nel programma di qualificazione del Chartered Insurance Institute, ogni esame ha un numero specifico di \u201ccrediti\u201d.\u201d<\/p>\n\n\n\n<p>Oltre a superare gli esami, un CII chartered financial planner deve anche essere membro della Personal Finance Society, mantenere una formazione continua attraverso una quantit\u00e0 specifica di Continuing Professional Development ogni anno e avere un minimo di cinque anni di esperienza nel settore.<\/p>\n\n\n\n<div style=\"height:25px\" aria-hidden=\"true\" class=\"wp-block-spacer\"><\/div>\n\n\n\n<h2 class=\"wp-block-heading\"><strong>Tariffe del pianificatore finanziario<\/strong><\/h2>\n\n\n\n<p>Le tariffe dei pianificatori finanziari variano in quanto i pianificatori finanziari vengono pagati per i loro servizi in vari modi. Alcuni applicano un compenso fisso o una tariffa oraria per il tempo necessario a sviluppare un piano finanziario, ma non vendono prodotti di investimento.<\/p>\n\n\n\n<p>Altri ricevono il pagamento sotto forma di commissioni sui prodotti venduti. Altri ancora utilizzano un mix di tasse e commissioni.<\/p>\n\n\n\n<div style=\"height:25px\" aria-hidden=\"true\" class=\"wp-block-spacer\"><\/div>\n\n\n\n<h2 class=\"wp-block-heading\"><strong>Pianificatore finanziario vs. consulente finanziario<\/strong><\/h2>\n\n\n\n<p>La pianificazione finanziaria \u00e8 un impegno olistico e a lungo termine. Nel frattempo, un <a href=\"https:\/\/adamfayed.com\/it\/financial-planning\/expat-financial-advisor\/\">consulente finanziario<\/a> \u00e8 quello adatto a preoccupazioni pi\u00f9 specifiche, spesso a breve termine.<\/p>\n\n\n\n<p>L'ampia definizione di \u201cconsulente finanziario\u201d comprende un'ampia gamma di specialisti, tra cui agenti di cambio, broker assicurativi, gestori di patrimoni, pianificatori immobiliari, banchieri e altri ancora. I consulenti finanziari che si concentrano sui titoli sono chiamati consulenti per gli investimenti.<\/p>\n\n\n\n<p>Lo scenario pi\u00f9 tipico in cui si pu\u00f2 trovare un consulente finanziario \u00e8 in banca, quando si chiedono informazioni sui diversi prodotti e conti. I consulenti finanziari non hanno bisogno di una visione completa delle vostre finanze per offrirvi una guida finanziaria o raccomandazioni di investimento.<\/p>\n\n\n\n<p>I pianificatori finanziari, invece, hanno una visione macroscopica dello stato di salute e degli obiettivi finanziari complessivi del cliente, per adattare le loro strategie e le loro indicazioni a tale scopo. Un consulente finanziario che adotta questa visione nella sua strategia pu\u00f2 essere chiamato anche pianificatore finanziario.<\/p>\n\n\n\n<p>In breve, un pianificatore finanziario \u00e8 un esperto specializzato nell'aiutare a creare e adottare una strategia finanziaria a lungo termine. Un consulente finanziario \u00e8 un termine pi\u00f9 ampio che pu\u00f2 indicare tutto ci\u00f2 che riguarda la consulenza finanziaria.<\/p>\n\n\n\n<div style=\"height:25px\" aria-hidden=\"true\" class=\"wp-block-spacer\"><\/div>\n\n\n\n<h2 class=\"wp-block-heading\"><strong>Dovrei assumere un pianificatore finanziario?<\/strong><\/h2>\n\n\n\n<figure class=\"wp-block-image alignleft size-medium\"><img decoding=\"async\" width=\"300\" height=\"300\" src=\"https:\/\/adamfayed.com\/wp-content\/uploads\/2024\/03\/Should-I-hire-a-financial-planner-300x300.webp\" alt=\"Should I hire a financial planner\" class=\"wp-image-83176\" srcset=\"https:\/\/adamfayed.com\/wp-content\/uploads\/2024\/03\/Should-I-hire-a-financial-planner-300x300.webp 300w, https:\/\/adamfayed.com\/wp-content\/uploads\/2024\/03\/Should-I-hire-a-financial-planner-512x512.webp 512w, https:\/\/adamfayed.com\/wp-content\/uploads\/2024\/03\/Should-I-hire-a-financial-planner-150x150.webp 150w, https:\/\/adamfayed.com\/wp-content\/uploads\/2024\/03\/Should-I-hire-a-financial-planner-768x768.webp 768w, https:\/\/adamfayed.com\/wp-content\/uploads\/2024\/03\/Should-I-hire-a-financial-planner-scaled.webp 825w\" sizes=\"(max-width: 300px) 100vw, 300px\" \/><\/figure>\n\n\n\n<p>I pianificatori finanziari possono aiutarvi a mettere in ordine le vostre finanze, evitando cos\u00ec di preoccuparvi per il futuro. Potreste pensare che sia una cosa che fanno solo i ricchi, ma in realt\u00e0 non \u00e8 cos\u00ec. Ci sono molti modi per accedere all'aiuto di pianificazione finanziaria di cui avete bisogno e che meritate senza spendere una fortuna.<\/p>\n\n\n\n<p>Se non avete le competenze necessarie per gestire le vostre finanze, assumere un pianificatore finanziario pu\u00f2 essere un'opzione intelligente.<\/p>\n\n\n\n<p>Non dimenticate che i pianificatori finanziari possono aiutarvi in modi che vanno ben oltre la gestione degli investimenti. I pianificatori finanziari possono aiutarvi in molti aspetti diversi della vostra vita finanziaria. Possono aiutarvi con:<\/p>\n\n\n\n<p>Pianificazione successoria, ovvero il processo di preparazione per il futuro dopo il decesso, stabilendo come verranno distribuiti o gestiti i beni.<\/p>\n\n\n\n<p><a href=\"https:\/\/adamfayed.com\/it\/financial-planning\/personal-financial-planning\/expat-tax\/\">Pianificazione fiscale<\/a>, che \u00e8 la quantit\u00e0 di tasse che dovreste pagare in base al vostro reddito e ad altri fattori (come il luogo in cui vivete o l'attivit\u00e0 che svolgete). Se non si procede in modo corretto, si rischia di incorrere in un'enorme fortuna e in grattacapi legali in seguito.<\/p>\n\n\n\n<p>Pianificazione del pensionamento, che comporta la decisione se prendere o meno le prestazioni della previdenza sociale al momento del pensionamento; che tipo di <a href=\"https:\/\/adamfayed.com\/it\/financial-planning\/personal-financial-planning\/the-retirement-plan-guide\/\">piano di pensionamento<\/a> se i piani sponsorizzati dal datore di lavoro siano o meno adatti alla propria situazione.<\/p>\n\n\n\n<p>Un pianificatore finanziario pu\u00f2 aiutarvi a fare tutte queste cose: risparmiare per il futuro o <a href=\"https:\/\/adamfayed.com\/it\/living-abroad\/\">vivere all'estero<\/a>, I consulenti legali sono in grado di pianificare la pensione, di creare un budget, di investire saggiamente il vostro denaro e cos\u00ec via. Inoltre, aiutano a proteggere il vostro patrimonio utilizzando tutte le loro conoscenze per ridurre le tasse che dovete pagare per il vostro patrimonio.<\/p>\n\n\n\n<div style=\"height:13px\" aria-hidden=\"true\" class=\"wp-block-spacer\"><\/div>\n\n\n\n<h3 class=\"wp-block-heading\">Come trovare un buon pianificatore finanziario vicino a me?<\/h3>\n\n\n\n<p>Pu\u00f2 essere difficile capire quando si riceve un buon consiglio. Pu\u00f2 valere la pena di fare un po' di shopping per trovare il pianificatore finanziario giusto per voi. <\/p>\n\n\n\n<p>Per questo \u00e8 importante affidarsi a un pianificatore finanziario di cui ci si fida e sui cui consigli si pu\u00f2 fare affidamento.<\/p>\n\n\n\n<p>Cercate le comunit\u00e0 imprenditoriali e di investitori locali, trovate le agenzie governative che regolamentano i servizi finanziari, o anche andate online per trovare recensioni su particolari organizzazioni o servizi di pianificazione finanziaria che vi interessano.<\/p>\n\n\n\n<div style=\"height:13px\" aria-hidden=\"true\" class=\"wp-block-spacer\"><\/div>\n\n\n\n<h3 class=\"wp-block-heading\">Cosa fa un robo-advisor?<\/h3>\n\n\n\n<p>Un tipico robo-advisor conduce un sondaggio online per informarsi sulla vostra condizione finanziaria e sui vostri obiettivi futuri. I dati vengono poi utilizzati per fornire consigli ed effettuare investimenti automatici per conto del cliente.<\/p>\n\n\n\n<p>La facilit\u00e0 di configurazione del conto, la pianificazione accurata degli obiettivi, i servizi di gestione del conto e del portafoglio sono tutte caratteristiche dei robo-advisor, che offrono anche prezzi ragionevoli, contenuti informativi e misure di sicurezza aggiuntive per la vostra esperienza di investimento.<\/p>\n\n\n\n<p>I robo-advisor offrono alternative meno costose ai consulenti tradizionali. Le piattaforme online possono fornire gli stessi servizi a un prezzo molto inferiore, eliminando il coinvolgimento umano.<\/p>\n\n\n\n<p>Inoltre, i robo-advisor sono pi\u00f9 semplici da usare. Se si dispone di una connessione a internet, \u00e8 possibile <a href=\"https:\/\/adamfayed.com\/it\/contact\/\">contatto<\/a> quando si vuole.<\/p>\n\n\n\n<p><strong>Siete afflitti dall'indecisione finanziaria? <\/strong><\/p>\n\n\n\n<figure class=\"wp-block-image size-large is-resized\"><img loading=\"lazy\" decoding=\"async\" width=\"512\" height=\"288\" src=\"https:\/\/adamfayed.com\/wp-content\/uploads\/2025\/03\/Adam-Fayed-Contact_CTA3-512x288.jpg\" alt=\"\" class=\"wp-image-117505\" style=\"width:683px;height:auto\" srcset=\"https:\/\/adamfayed.com\/wp-content\/uploads\/2025\/03\/Adam-Fayed-Contact_CTA3-512x288.jpg 512w, https:\/\/adamfayed.com\/wp-content\/uploads\/2025\/03\/Adam-Fayed-Contact_CTA3-300x169.jpg 300w, https:\/\/adamfayed.com\/wp-content\/uploads\/2025\/03\/Adam-Fayed-Contact_CTA3-768x432.jpg 768w, https:\/\/adamfayed.com\/wp-content\/uploads\/2025\/03\/Adam-Fayed-Contact_CTA3-scaled.jpg 825w\" sizes=\"(max-width: 512px) 100vw, 512px\" \/><\/figure>\n\n\n\n<div style=\"height:10px\" aria-hidden=\"true\" class=\"wp-block-spacer\"><\/div>\n\n\n\n<div class=\"wp-block-buttons is-layout-flex wp-block-buttons-is-layout-flex\">\n<div class=\"wp-block-button\"><a class=\"wp-block-button__link wp-element-button\" href=\"https:\/\/adamfayed.com\/it\/become-adams-client\/\">Diventa mio cliente<\/a><\/div>\n\n\n\n<div class=\"wp-block-button\"><a class=\"wp-block-button__link wp-element-button\" href=\"https:\/\/adamfayed.com\/it\/good-match-quiz\/\" target=\"_blank\" rel=\"noreferrer noopener\">Fare il quiz sull'idoneit\u00e0 del cliente<\/a><\/div>\n\n\n\n<div class=\"wp-block-button\"><a class=\"wp-block-button__link wp-element-button\" href=\"https:\/\/adamfayed.com\/it\/contact\/\" target=\"_blank\" rel=\"noreferrer noopener\">Contatto<\/a><\/div>\n<\/div>\n\n\n\n<p><strong>Adam \u00e8 un autore riconosciuto a livello internazionale in materia finanziaria con oltre 830 milioni di visualizzazioni di risposte su Quora, un libro molto venduto su Amazon e un contributo su Forbes.<\/strong><\/p>","protected":false},"excerpt":{"rendered":"<p>Che cos'\u00e8 un Financial Planner? <\/p>","protected":false},"author":16,"featured_media":83199,"parent":73747,"menu_order":0,"comment_status":"open","ping_status":"closed","template":"","meta":{"rop_custom_images_group":[],"rop_custom_messages_group":[],"rop_publish_now":"initial","rop_publish_now_accounts":{"facebook_10166176115445471_100883565069113":""},"rop_publish_now_history":[],"rop_publish_now_status":"pending","footnotes":""},"class_list":["post-54558","page","type-page","status-publish","has-post-thumbnail","hentry"],"_links":{"self":[{"href":"https:\/\/adamfayed.com\/it\/wp-json\/wp\/v2\/pages\/54558","targetHints":{"allow":["GET"]}}],"collection":[{"href":"https:\/\/adamfayed.com\/it\/wp-json\/wp\/v2\/pages"}],"about":[{"href":"https:\/\/adamfayed.com\/it\/wp-json\/wp\/v2\/types\/page"}],"author":[{"embeddable":true,"href":"https:\/\/adamfayed.com\/it\/wp-json\/wp\/v2\/users\/16"}],"replies":[{"embeddable":true,"href":"https:\/\/adamfayed.com\/it\/wp-json\/wp\/v2\/comments?post=54558"}],"version-history":[{"count":2,"href":"https:\/\/adamfayed.com\/it\/wp-json\/wp\/v2\/pages\/54558\/revisions"}],"predecessor-version":[{"id":120934,"href":"https:\/\/adamfayed.com\/it\/wp-json\/wp\/v2\/pages\/54558\/revisions\/120934"}],"up":[{"embeddable":true,"href":"https:\/\/adamfayed.com\/it\/wp-json\/wp\/v2\/pages\/73747"}],"wp:featuredmedia":[{"embeddable":true,"href":"https:\/\/adamfayed.com\/it\/wp-json\/wp\/v2\/media\/83199"}],"wp:attachment":[{"href":"https:\/\/adamfayed.com\/it\/wp-json\/wp\/v2\/media?parent=54558"}],"curies":[{"name":"wp","href":"https:\/\/api.w.org\/{rel}","templated":true}]}}