{"id":72385,"date":"2023-11-17T06:45:49","date_gmt":"2023-11-17T06:45:49","guid":{"rendered":"https:\/\/adamfayed.com\/?page_id=72385"},"modified":"2024-02-28T08:30:38","modified_gmt":"2024-02-28T08:30:38","slug":"categories-index","status":"publish","type":"page","link":"https:\/\/adamfayed.com\/it\/categories-index\/","title":{"rendered":"Indice delle categorie"},"content":{"rendered":"<div data-elementor-type=\"wp-page\" data-elementor-id=\"72385\" class=\"elementor elementor-72385\" data-elementor-post-type=\"page\">\n\t\t\t\t\t\t<section class=\"elementor-section elementor-top-section elementor-element elementor-element-3dd5a677 elementor-section-boxed elementor-section-height-default elementor-section-height-default\" data-id=\"3dd5a677\" data-element_type=\"section\">\n\t\t\t\t\t\t<div class=\"elementor-container elementor-column-gap-default\">\n\t\t\t\t\t<div class=\"elementor-column elementor-col-100 elementor-top-column elementor-element elementor-element-6aec899\" data-id=\"6aec899\" data-element_type=\"column\">\n\t\t\t<div class=\"elementor-widget-wrap elementor-element-populated\">\n\t\t\t\t\t\t<div class=\"elementor-element elementor-element-47d4e962 elementor-widget elementor-widget-text-editor\" data-id=\"47d4e962\" data-element_type=\"widget\" data-widget_type=\"text-editor.default\">\n\t\t\t\t<div class=\"elementor-widget-container\">\n\t\t\t\t\t\t\t\t\t<p><\/p>\n<p><\/p>\n<p><\/p>\n<h2 class=\"wp-block-heading\"><a href=\"https:\/\/adamfayed.com\/it\/category\/review-articles\/\"><strong>Articoli di recensione<\/strong><\/a><\/h2>\n<p><\/p>\n<p><\/p>\n<p><\/p>\n<p><\/p>\n<p>Questa categoria fornisce valutazioni e analisi complete di prodotti, servizi e tendenze finanziarie. Presenta recensioni imparziali e dettagliate da parte di un team di esperti finanziari, che coprono piattaforme di investimento, servizi bancari, polizze assicurative e strumenti finanziari. Le recensioni rispondono alle principali domande degli investitori e dei consumatori, valutando i prodotti in base a criteri quali l'efficacia dei costi, l'esperienza dell'utente e l'innovazione.<\/p>\n<p><\/p>\n<p><\/p>\n<h2 class=\"wp-block-heading\"><a href=\"https:\/\/adamfayed.com\/it\/category\/banking-review-articles\/\"><strong>Articoli di revisione bancaria<\/strong><\/a><\/h2>\n<p><\/p>\n<p><\/p>\n<p><\/p>\n<p><\/p>\n<p>Si occupa di fornire recensioni e analisi di vari servizi bancari. Ci\u00f2 potrebbe includere valutazioni di diverse banche, dei loro servizi, dei tipi di conto e della qualit\u00e0 del servizio clienti offerto.<\/p>\n<p><\/p>\n<p><\/p>\n<h2 class=\"wp-block-heading\"><a href=\"https:\/\/adamfayed.com\/it\/category\/investment-provider-reviews\/\"><strong>Recensioni sui fornitori di investimenti<\/strong><\/a><\/h2>\n<p><\/p>\n<p><\/p>\n<p><\/p>\n<p><\/p>\n<p>Offre recensioni e analisi di vari fornitori di investimenti. Ci\u00f2 potrebbe includere valutazioni di piattaforme di investimento, servizi di brokeraggio e confronti tra le commissioni e i servizi offerti dai fornitori.<\/p>\n<p><\/p>\n<p><\/p>\n<p><\/p>\n<p><\/p>\n<h2 class=\"wp-block-heading\"><a href=\"https:\/\/adamfayed.com\/it\/category\/investment-options\/\"><strong>Opzioni di investimento<\/strong><\/a><\/h2>\n<p><\/p>\n<p><\/p>\n<p><\/p>\n<p><\/p>\n<p>Una categoria probabilmente dedicata all'esplorazione e alla spiegazione di diverse opportunit\u00e0 di investimento. Pu\u00f2 coprire una gamma di strumenti di investimento, dalle azioni e obbligazioni a opzioni pi\u00f9 di nicchia.<\/p>\n<p><\/p>\n<p><\/p>\n<h2 class=\"wp-block-heading\"><a href=\"https:\/\/adamfayed.com\/it\/category\/wealth-asset-management\/\"><strong>Gestione patrimoniale<\/strong><\/a><\/h2>\n<p><\/p>\n<p><\/p>\n<p><\/p>\n<p><\/p>\n<p>Tratta argomenti relativi alla gestione del patrimonio, tra cui strategie di investimento, gestione del portafoglio e consigli per la conservazione e la crescita del patrimonio.<\/p>\n<p><\/p>\n<p><\/p>\n<p><\/p>\n<p><\/p>\n<h2 class=\"wp-block-heading\"><a href=\"https:\/\/adamfayed.com\/it\/category\/stock-markets\/\"><strong>Mercati azionari<\/strong><\/a><\/h2>\n<p><\/p>\n<p><\/p>\n<p><\/p>\n<p><\/p>\n<p>Fornisce approfondimenti e analisi dei mercati azionari di tutto il mondo, offrendo aggiornamenti sulle tendenze del mercato, sulle opportunit\u00e0 di investimento e sulle strategie di investimento in borsa.<\/p>\n<p><\/p>\n<p><\/p>\n<h2 class=\"wp-block-heading\"><a href=\"https:\/\/adamfayed.com\/it\/category\/etf\/\"><strong>ETF<\/strong><\/a><\/h2>\n<p><\/p>\n<p><\/p>\n<p><\/p>\n<p><\/p>\n<p>Si concentra sugli Exchange Traded Funds (ETF), fornendo approfondimenti su come investire in ETF, sui loro vantaggi, sulle tendenze di mercato e sul confronto con altre opzioni di investimento.<\/p>\n<p><\/p>\n<p><\/p>\n<h2 class=\"wp-block-heading\"><a href=\"https:\/\/adamfayed.com\/it\/category\/precious-metals-investment\/\"><strong>Investimento in metalli preziosi<\/strong><\/a><\/h2>\n<p><\/p>\n<p><\/p>\n<p><\/p>\n<p><\/p>\n<p>Si concentra sugli investimenti in metalli preziosi come oro, argento, platino e palladio, compresi metalli fisici, ETF, futures e azioni di societ\u00e0 minerarie.<\/p>\n<p><\/p>\n<p><\/p>\n<p><\/p>\n<p><\/p>\n<p><\/p>\n<p><\/p>\n<p><\/p>\n<p><\/p>\n<p><\/p>\n<p><\/p>\n<p><\/p>\n<p><\/p>\n<h2 class=\"wp-block-heading\"><a href=\"https:\/\/adamfayed.com\/it\/category\/financial-planning\/\"><strong>Pianificazione finanziaria<\/strong><\/a><\/h2>\n<p><\/p>\n<p><\/p>\n<p><\/p>\n<p><\/p>\n<p>Si concentra sulle strategie per un'efficace <a class=\"wpil_keyword_link\" title=\"pianificazione finanziaria\" href=\"https:\/\/adamfayed.com\/it\/personal-financial-planning\/\" data-wpil-keyword-link=\"linked\">pianificazione finanziaria<\/a>, che tratta argomenti come il budgeting, il risparmio, la pianificazione degli investimenti e la definizione di obiettivi finanziari a lungo termine.<\/p>\n<p><\/p>\n<p><\/p>\n<h2 class=\"wp-block-heading\"><a href=\"https:\/\/adamfayed.com\/it\/category\/retirement\/\"><strong>Pensionamento<\/strong><\/a><\/h2>\n<p><\/p>\n<p><\/p>\n<p><\/p>\n<p><\/p>\n<p>Offre informazioni e consigli sulla pianificazione della pensione. Include strategie di risparmio, opzioni di investimento per i fondi pensione e consigli sulla gestione delle finanze dopo il pensionamento.<\/p>\n<p><\/p>\n<p><\/p>\n<h2 class=\"wp-block-heading\"><a href=\"https:\/\/adamfayed.com\/it\/category\/pension\/\"><strong>Pensione<\/strong><\/a><\/h2>\n<p><\/p>\n<p><\/p>\n<p><\/p>\n<p><\/p>\n<p>Offre consulenza e informazioni sulla pianificazione pensionistica, compresi i diversi tipi di piani pensionistici, le strategie per massimizzare i benefici della pensione e la pianificazione del pensionamento.<\/p>\n<p><\/p>\n<p><\/p>\n<p><\/p>\n<p><\/p>\n<p><\/p>\n<p><\/p>\n<p><\/p>\n<p><\/p>\n<h2 class=\"wp-block-heading\"><strong><a href=\"https:\/\/adamfayed.com\/it\/category\/expats\/\">Espatriati<\/a><\/strong><\/h2>\n<p><\/p>\n<p><\/p>\n<p><\/p>\n<p><\/p>\n<p>Questa categoria si concentra sulla consulenza finanziaria e sulle informazioni rilevanti per gli espatriati, trattando argomenti come le banche internazionali, gli investimenti e le attivit\u00e0 di ricerca. <a class=\"wpil_keyword_link\" title=\"vivere all&#039;estero\" href=\"https:\/\/adamfayed.com\/it\/living-abroad\/\" data-wpil-keyword-link=\"linked\">vivere all'estero<\/a>, e la gestione delle finanze in diversi Paesi.<\/p>\n<p><\/p>\n<p><\/p>\n<p><\/p>\n<p><\/p>\n<h2 class=\"wp-block-heading\"><a href=\"https:\/\/adamfayed.com\/it\/category\/how-to-guides\/\"><strong>Come fare le guide<\/strong><\/a><\/h2>\n<p><\/p>\n<p><\/p>\n<p><\/p>\n<p><\/p>\n<p>Guide fai-da-te incentrate su investimenti e finanza. Questi articoli offrono probabilmente istruzioni e consigli passo-passo su varie attivit\u00e0 finanziarie e strategie di investimento.<\/p>\n<p><\/p>\n<p><\/p>\n<h2 class=\"wp-block-heading\"><a href=\"https:\/\/adamfayed.com\/it\/category\/savings\/\"><strong>Risparmio<\/strong><\/a><\/h2>\n<p><\/p>\n<p><\/p>\n<p><\/p>\n<p><\/p>\n<p>Dedicato alle strategie e ai consigli per il risparmio, compresi i suggerimenti per la creazione di un fondo di emergenza, i conti di risparmio ad alto rendimento e le tecniche per un risparmio efficace.<\/p>\n<p><\/p>\n<p><\/p>\n<h2 class=\"wp-block-heading\"><a href=\"https:\/\/adamfayed.com\/it\/category\/send-money-money-transfer\/\"><strong>Inviare denaro\/trasferimento di denaro<\/strong><\/a><\/h2>\n<p><\/p>\n<p><\/p>\n<p><\/p>\n<p><\/p>\n<p>Tratta i vari aspetti dei trasferimenti internazionali di denaro, compresi i migliori servizi per gli espatriati, i consigli per trasferimenti economici e la comprensione dei tassi di cambio.<\/p>\n<p><\/p>\n<p><\/p>\n<p><\/p>\n<p><\/p>\n<p><\/p>\n<p><\/p>\n<p><\/p>\n<p><\/p>\n<h2 class=\"wp-block-heading\"><a href=\"https:\/\/adamfayed.com\/it\/category\/real-estate\/\"><strong>Immobili\/Propriet\u00e0<\/strong><\/a><\/h2>\n<p><\/p>\n<p><\/p>\n<p><\/p>\n<p><\/p>\n<p>Offre approfondimenti e consigli sugli investimenti immobiliari e sulla gestione delle propriet\u00e0. Pu\u00f2 riguardare le tendenze del mercato, le strategie di investimento e i consigli per l'acquisto o la vendita di immobili.<\/p>\n<p><\/p>\n<p><\/p>\n<p><\/p>\n<p><\/p>\n<h2 class=\"wp-block-heading\"><a href=\"https:\/\/adamfayed.com\/it\/category\/lifestyle\/\"><strong>Stile di vita<\/strong><\/a><\/h2>\n<p><\/p>\n<p><\/p>\n<p><\/p>\n<p><\/p>\n<p>Si concentra sugli aspetti finanziari delle varie scelte di vita. Si pu\u00f2 trattare della definizione del budget per gli obiettivi dello stile di vita, dell'impatto finanziario delle decisioni sullo stile di vita o dell'integrazione della finanza personale con la pianificazione dello stile di vita.<\/p>\n<h3><a href=\"https:\/\/adamfayed.com\/it\/category\/lifestyle\/cost-of-living\/\">Costo della vita<\/a><\/h3>\n<p>Il costo della vita \u00e8 una sottocategoria dello stile di vita.  La categoria \u201cCosto della vita\u201d offre un'esplorazione approfondita del panorama economico affrontato dagli espatriati di tutto il mondo.<\/p>\n<p><\/p>\n<p><\/p>\n<p><\/p>\n<p><\/p>\n<p><\/p>\n<p><\/p>\n<p><\/p>\n<p><\/p>\n<p><\/p>\n<p><\/p>\n<p><\/p>\n<p><\/p>\n<p><\/p>\n<p><\/p>\n<p><\/p>\n<p><\/p>\n<h2 class=\"wp-block-heading\"><a href=\"https:\/\/adamfayed.com\/it\/category\/business-strategy\/\"><strong>Strategia aziendale<\/strong><\/a><\/h2>\n<p><\/p>\n<p><\/p>\n<p><\/p>\n<p><\/p>\n<p>Si concentra sulle strategie di crescita e gestione aziendale, trattando argomenti come l'analisi di mercato, la pianificazione aziendale e il processo decisionale strategico per il successo dell'impresa.<\/p>\n<p><\/p>\n<p><\/p>\n<h2 class=\"wp-block-heading\"><a href=\"https:\/\/adamfayed.com\/it\/category\/insurance\/\"><strong>Assicurazione<\/strong><\/a><\/h2>\n<p><\/p>\n<p><\/p>\n<p><\/p>\n<p><\/p>\n<p>Copre i vari aspetti delle polizze assicurative per la salute, la vita e l'auto, inclusa la selezione<\/p>\n<p><\/p>\n<p><\/p>\n<p><\/p>\n<p><\/p>\n<h2 class=\"wp-block-heading\"><a href=\"https:\/\/adamfayed.com\/it\/category\/trading-platforms-review\/\"><strong>Recensione delle piattaforme di trading<\/strong><\/a><\/h2>\n<p><\/p>\n<p><\/p>\n<p><\/p>\n<p><\/p>\n<p>Offre valutazioni e approfondimenti su varie piattaforme di trading, concentrandosi sull'esperienza dell'utente, sulle commissioni e sulle caratteristiche.<\/p>\n<p><\/p>\n<p><\/p>\n<h2 class=\"wp-block-heading\"><a href=\"https:\/\/adamfayed.com\/it\/category\/investment-funds\/\"><strong>Fondi di investimento<\/strong><\/a><\/h2>\n<p><\/p>\n<p><\/p>\n<p><\/p>\n<p><\/p>\n<p>Discute i diversi tipi di fondi d'investimento, le loro strategie, le prestazioni e come scegliere quello giusto.<\/p>\n<p><\/p>\n<p><\/p>\n<h2><a href=\"https:\/\/adamfayed.com\/it\/category\/bonds\/\"><strong>Obbligazioni<\/strong><\/a><\/h2>\n<p><\/p>\n<p><\/p>\n<p><\/p>\n<p><\/p>\n<p>Si concentra sugli investimenti obbligazionari, trattando i tipi di obbligazioni, l'analisi del mercato e le tattiche di investimento.<\/p>\n<p><\/p>\n<p><\/p>\n<h2><a href=\"https:\/\/adamfayed.com\/it\/category\/index-fund\/\"><strong>Fondo indicizzato<\/strong><\/a><\/h2>\n<p><\/p>\n<p><\/p>\n<p><\/p>\n<p><\/p>\n<p>Dedicato ai fondi indicizzati, ne illustra i vantaggi, il confronto con altri tipi di investimento e le strategie di selezione.<\/p>\n<p><\/p>\n<p><\/p>\n<h2><a href=\"https:\/\/adamfayed.com\/it\/category\/mutual-funds\/\"><strong>Fondo comune di investimento <\/strong><\/a><\/h2>\n<p><\/p>\n<p><\/p>\n<p><\/p>\n<p><\/p>\n<p>Tratta vari aspetti degli investimenti in fondi comuni di investimento, tra cui i tipi di fondi, la gestione del portafoglio e l'analisi delle prestazioni.<\/p>\n<p><\/p>\n<p><\/p>\n<p><\/p>\n<p><\/p>\n<p><\/p>\n<p><\/p>\n<p><\/p>\n<p><\/p>\n<p><\/p>\n<p><\/p>\n<h2 class=\"wp-block-heading\"><a href=\"https:\/\/adamfayed.com\/it\/category\/financial-news\/\"><strong>Notizie finanziarie<\/strong><\/a><\/h2>\n<p><\/p>\n<p><\/p>\n<p><\/p>\n<p><\/p>\n<p>Fornisce le ultime notizie e gli aggiornamenti dal mondo finanziario, coprendo le tendenze del mercato, gli eventi economici e le previsioni finanziarie.<\/p>\n<p><\/p>\n<p><\/p>\n<p><\/p>\n<p><\/p>\n<p><\/p>\n<p><\/p>\n<p><\/p>\n<p><\/p>\n<h2 class=\"wp-block-heading\"><a href=\"https:\/\/adamfayed.com\/it\/category\/mortgage\/\"><strong>Mutuo<\/strong><\/a><\/h2>\n<p><\/p>\n<p><\/p>\n<p><\/p>\n<p><\/p>\n<p>Offre consigli sui mutui, tra cui la scelta del piano ipotecario giusto, i tassi di interesse e le strategie di rimborso.<\/p>\n<p><\/p>\n<p><\/p>\n<p><\/p>\n<p><\/p>\n<p><\/p>\n<p><\/p>\n<p><\/p>\n<p><\/p>\n<h2 class=\"wp-block-heading\"><a href=\"https:\/\/adamfayed.com\/it\/category\/adam-fayed-in-the-media\/\"><strong>Adam Fayed nei media<\/strong><\/a><\/h2>\n<p><\/p>\n<p><\/p>\n<p><\/p>\n<p><\/p>\n<p>Presenta webinar ospitati da <a class=\"wpil_keyword_link\" title=\"Adam Fayed\" href=\"https:\/\/adamfayed.com\/it\/\" data-wpil-keyword-link=\"linked\">Adam Fayed<\/a>, che copre una serie di argomenti finanziari, strategie e approfondimenti.<\/p>\n<p><\/p>\n<p><\/p>\n<p><\/p>\n<p><\/p>\n<p><\/p>\n<p><\/p>\n<h2 class=\"wp-block-heading\"><a href=\"https:\/\/adamfayed.com\/it\/category\/immigration-citizenship\/\"><strong>Immigrazione e cittadinanza<\/strong><\/a><\/h2>\n<p><\/p>\n<p><\/p>\n<p><\/p>\n<p><\/p>\n<p>Likely fornisce informazioni e indicazioni sugli aspetti finanziari legati all'immigrazione e alla cittadinanza, come gli investimenti per i programmi di residenza o cittadinanza, i requisiti finanziari e le implicazioni fiscali.<\/p>\n<p><\/p>\n<p><\/p>\n<p><\/p>\n<p><\/p>\n<h2 class=\"wp-block-heading\"><a href=\"https:\/\/adamfayed.com\/it\/category\/podcast\/\"><strong>Podcast\/Audio<\/strong><\/a><\/h2>\n<p><\/p>\n<p><\/p>\n<p><\/p>\n<p><\/p>\n<p>Presenta contenuti finanziari in formato audio o podcast. Si tratta di interviste con esperti finanziari, guide audio sulla pianificazione finanziaria o discussioni sulle tendenze finanziarie attuali.<\/p>\n<p><\/p>\n<p><\/p>\n<p><\/p>\t\t\t\t\t\t\t\t<\/div>\n\t\t\t\t<\/div>\n\t\t\t\t\t<\/div>\n\t\t<\/div>\n\t\t\t\t\t<\/div>\n\t\t<\/section>\n\t\t\t\t<\/div>","protected":false},"excerpt":{"rendered":"<p>Questa categoria fornisce valutazioni e analisi complete di prodotti, servizi e tendenze finanziarie. Presenta recensioni imparziali e dettagliate da parte di un team di esperti finanziari, che coprono piattaforme di investimento, servizi bancari, polizze assicurative e strumenti finanziari. Le recensioni rispondono alle principali domande degli investitori e dei consumatori, valutando i prodotti in base a criteri quali l'efficacia dei costi, l'esperienza dell'utente e l'innovazione.<\/p>","protected":false},"author":1,"featured_media":0,"parent":0,"menu_order":0,"comment_status":"closed","ping_status":"closed","template":"","meta":{"rop_custom_images_group":[],"rop_custom_messages_group":[],"rop_publish_now":"initial","rop_publish_now_accounts":{"facebook_10166176115445471_100883565069113":""},"rop_publish_now_history":[],"rop_publish_now_status":"pending","footnotes":""},"class_list":["post-72385","page","type-page","status-publish","hentry"],"_links":{"self":[{"href":"https:\/\/adamfayed.com\/it\/wp-json\/wp\/v2\/pages\/72385","targetHints":{"allow":["GET"]}}],"collection":[{"href":"https:\/\/adamfayed.com\/it\/wp-json\/wp\/v2\/pages"}],"about":[{"href":"https:\/\/adamfayed.com\/it\/wp-json\/wp\/v2\/types\/page"}],"author":[{"embeddable":true,"href":"https:\/\/adamfayed.com\/it\/wp-json\/wp\/v2\/users\/1"}],"replies":[{"embeddable":true,"href":"https:\/\/adamfayed.com\/it\/wp-json\/wp\/v2\/comments?post=72385"}],"version-history":[{"count":3,"href":"https:\/\/adamfayed.com\/it\/wp-json\/wp\/v2\/pages\/72385\/revisions"}],"predecessor-version":[{"id":81721,"href":"https:\/\/adamfayed.com\/it\/wp-json\/wp\/v2\/pages\/72385\/revisions\/81721"}],"wp:attachment":[{"href":"https:\/\/adamfayed.com\/it\/wp-json\/wp\/v2\/media?parent=72385"}],"curies":[{"name":"wp","href":"https:\/\/api.w.org\/{rel}","templated":true}]}}