{"id":78474,"date":"2024-04-22T10:22:06","date_gmt":"2024-04-22T10:22:06","guid":{"rendered":"https:\/\/adamfayed.com\/?page_id=78474"},"modified":"2025-12-08T14:07:16","modified_gmt":"2025-12-08T14:07:16","slug":"best-banks-for-offshore-banking","status":"publish","type":"page","link":"https:\/\/adamfayed.com\/it\/offshore-investment\/offshore-banking\/best-banks-for-offshore-banking\/","title":{"rendered":"Le migliori banche per l'offshore"},"content":{"rendered":"<p><a href=\"https:\/\/adamfayed.com\/it\/financial-planning\/offshore-investment\/offshore-banking\/\">Banche offshore<\/a> comporta l'apertura e il mantenimento di un conto bancario al di fuori del proprio Paese di residenza.<\/p>\n\n\n\n<p>Le banche per conti offshore sono specializzate nella fornitura di servizi finanziari a clienti stranieri, offrendo una serie di prodotti che si rivolgono a una clientela internazionale. Questi istituti operano in contesti normativi diversi, che spesso offrono vantaggi non disponibili con le banche nazionali.<\/p>\n\n\n\n<p>Se volete investire come un espatriato o un individuo con un alto patrimonio netto, che \u00e8 ci\u00f2 in cui sono specializzato, potete inviarmi un'e-mail (advice@adamfayed.com) o utilizzare WhatsApp (+44-7393-450-837).<\/p>\n\n\n\n<p>Le informazioni contenute in questo articolo hanno un valore puramente indicativo. Non costituiscono consulenza finanziaria, legale o fiscale e non rappresentano una raccomandazione o una sollecitazione a investire. Alcuni fatti potrebbero essere cambiati dal momento della stesura.<\/p>\n\n\n\n<p>In questa pagina vengono analizzate le migliori banche per l'offshore banking. <\/p>\n\n\n\n<div style=\"height:29px\" aria-hidden=\"true\" class=\"wp-block-spacer\"><\/div>\n\n\n\n<div class=\"wp-block-group is-layout-constrained wp-block-group-is-layout-constrained\">\n<figure class=\"wp-block-image alignright size-medium is-resized\"><img fetchpriority=\"high\" decoding=\"async\" width=\"300\" height=\"300\" src=\"https:\/\/adamfayed.com\/wp-content\/uploads\/2024\/01\/banks-for-offshore-account-1-300x300.webp\" alt=\"Best Banks for Offshore Banking\" class=\"wp-image-78484\" style=\"width:210px;height:auto\" srcset=\"https:\/\/adamfayed.com\/wp-content\/uploads\/2024\/01\/banks-for-offshore-account-1-300x300.webp 300w, https:\/\/adamfayed.com\/wp-content\/uploads\/2024\/01\/banks-for-offshore-account-1-512x512.webp 512w, https:\/\/adamfayed.com\/wp-content\/uploads\/2024\/01\/banks-for-offshore-account-1-150x150.webp 150w, https:\/\/adamfayed.com\/wp-content\/uploads\/2024\/01\/banks-for-offshore-account-1-768x768.webp 768w, https:\/\/adamfayed.com\/wp-content\/uploads\/2024\/01\/banks-for-offshore-account-1-scaled.webp 825w\" sizes=\"(max-width: 300px) 100vw, 300px\" \/><\/figure>\n<\/div>\n\n\n\n<h2 class=\"wp-block-heading\"><strong>HSBC Holdings<\/strong><\/h2>\n\n\n\n<p><a href=\"https:\/\/adamfayed.com\/it\/review-articles\/hsbc-expat-review\/\" data-type=\"link\" data-id=\"https:\/\/adamfayed.com\/review-articles\/hsbc-expat-review\/\">HSBC <\/a>Holdings plc si distingue tra le banche per <a href=\"https:\/\/adamfayed.com\/it\/financial-planning\/offshore-investment\/offshore-account\/\">conto offshore<\/a> grazie alla sua gamma completa di servizi. I clienti hanno accesso a conti multivaluta, <a href=\"https:\/\/adamfayed.com\/it\/financial-planning\/expat-financial-advisor\/what-is-wealth-management\/\">gestione patrimoniale<\/a>, servizi di investimento e servizi bancari online.<\/p>\n\n\n\n<p><a href=\"https:\/\/www.hsbc.com\/\" target=\"_blank\" rel=\"noreferrer noopener\">HSBC<\/a> opera nelle principali giurisdizioni offshore, tra cui le Isole del Canale, l'Isola di Man e alcuni paesi selezionati in Asia e Medio Oriente.<\/p>\n\n\n\n<div style=\"height:29px\" aria-hidden=\"true\" class=\"wp-block-spacer\"><\/div>\n\n\n\n<h2 class=\"wp-block-heading\"><strong>Societ\u00e0 bancaria svizzera<\/strong><\/h2>\n\n\n\n<p>Swiss Bank Corporation, nota per le sue rigorose politiche sulla privacy, offre ai clienti riservatezza e sicurezza, caratteristiche tipiche delle banche svizzere.<\/p>\n\n\n\n<p>La banca offre ai clienti una serie di opportunit\u00e0 di investimento, tra cui l'accesso ai mercati svizzeri e internazionali, portafogli gestiti e soluzioni di investimento su misura.<\/p>\n\n\n\n<div style=\"height:29px\" aria-hidden=\"true\" class=\"wp-block-spacer\"><\/div>\n\n\n\n<h2 class=\"wp-block-heading\"><strong>Barclays International<\/strong><\/h2>\n\n\n\n<p><a href=\"https:\/\/adamfayed.com\/it\/review-articles\/barclays-international-review\/\" target=\"_blank\" rel=\"noreferrer noopener\">Barclays International<\/a> offre una variet\u00e0 di <a href=\"https:\/\/international.barclays.com\/\" target=\"_blank\" rel=\"noreferrer noopener\">tipi di conto<\/a> per soddisfare le diverse esigenze bancarie offshore, dai conti di risparmio e correnti ai conti di investimento e di cambio.<\/p>\n\n\n\n<p>I servizi di gestione patrimoniale di Barclays sono completi e comprendono <a href=\"https:\/\/adamfayed.com\/it\/financial-planning\/personal-financial-planning\/\">pianificazione finanziaria<\/a>, gestione degli investimenti e pianificazione dell'eredit\u00e0.<\/p>\n\n\n\n<div style=\"height:29px\" aria-hidden=\"true\" class=\"wp-block-spacer\"><\/div>\n\n\n\n<h2 class=\"wp-block-heading\"><strong>Banca Standard Chartered<\/strong><\/h2>\n\n\n\n<p><a href=\"https:\/\/www.sc.com\/en\/\" target=\"_blank\" rel=\"noreferrer noopener\">Banca Standard Chartered<\/a> ha una forte attenzione ai mercati emergenti, offrendo ai clienti opportunit\u00e0 di investimento uniche e solide piattaforme bancarie online e mobili.<\/p>\n\n\n\n<p>La loro esperienza offre ai clienti approfondimenti e accesso a settori in crescita non facilmente reperibili nei mercati pi\u00f9 sviluppati.<\/p>\n\n\n\n<div style=\"height:29px\" aria-hidden=\"true\" class=\"wp-block-spacer\"><\/div>\n\n\n\n<div class=\"wp-block-group is-layout-constrained wp-block-group-is-layout-constrained\">\n<figure class=\"wp-block-image alignright size-medium is-resized\"><img decoding=\"async\" width=\"300\" height=\"300\" src=\"https:\/\/adamfayed.com\/wp-content\/uploads\/2024\/01\/banks-for-offshore-account-2-300x300.webp\" alt=\"banks for offshore account\" class=\"wp-image-78482\" style=\"width:180px;height:auto\" srcset=\"https:\/\/adamfayed.com\/wp-content\/uploads\/2024\/01\/banks-for-offshore-account-2-300x300.webp 300w, https:\/\/adamfayed.com\/wp-content\/uploads\/2024\/01\/banks-for-offshore-account-2-512x512.webp 512w, https:\/\/adamfayed.com\/wp-content\/uploads\/2024\/01\/banks-for-offshore-account-2-150x150.webp 150w, https:\/\/adamfayed.com\/wp-content\/uploads\/2024\/01\/banks-for-offshore-account-2-768x768.webp 768w, https:\/\/adamfayed.com\/wp-content\/uploads\/2024\/01\/banks-for-offshore-account-2-scaled.webp 825w\" sizes=\"(max-width: 300px) 100vw, 300px\" \/><\/figure>\n<\/div>\n\n\n\n<h2 class=\"wp-block-heading\"><strong>Banca personale internazionale Citibank<\/strong><\/h2>\n\n\n\n<p><a href=\"https:\/\/adamfayed.com\/it\/review-articles\/citibank-review-2022-part-1\/\">Citibank<\/a> La Banca Internazionale Personale ha <a href=\"https:\/\/www.ipb.citibank.co.uk\/citigold\/index.htm\" target=\"_blank\" rel=\"noreferrer noopener\">operazioni<\/a> in oltre 20 Paesi.<\/p>\n\n\n\n<p>La banca si distingue per i servizi di concierge offerti ai clienti dei conti offshore, offrendo assistenza personalizzata per le esigenze bancarie, l'organizzazione dei viaggi e altro ancora. <\/p>\n\n\n\n<div style=\"height:29px\" aria-hidden=\"true\" class=\"wp-block-spacer\"><\/div>\n\n\n\n<h2 class=\"wp-block-heading\"><strong>Deutsche Bank<\/strong><\/h2>\n\n\n\n<p><a href=\"https:\/\/adamfayed.com\/it\/review-articles\/deutsche-bank-expat-account-review-2022-products-and-services\/\" target=\"_blank\" rel=\"noreferrer noopener\">Deutsche Bank<\/a> eccelle in <a href=\"https:\/\/adamfayed.com\/it\/financial-planning\/offshore-investment\/offshore-financial-services\/offshore-asset-management\/\">gestione degli asset<\/a>, offrendo ai clienti dei conti offshore strategie d'investimento su misura e servizi di gestione del portafoglio.<\/p>\n\n\n\n<p><a href=\"https:\/\/www.db.com\/index?language_id=1&amp;kid=sl.redirect-en.shortcut\" target=\"_blank\" rel=\"noreferrer noopener\">La banca<\/a> d\u00e0 priorit\u00e0 alla sicurezza, impiegando tecnologie avanzate e protocolli rigorosi per proteggere i conti dei clienti e le informazioni personali.<\/p>\n\n\n\n<div style=\"height:29px\" aria-hidden=\"true\" class=\"wp-block-spacer\"><\/div>\n\n\n\n<h2 class=\"wp-block-heading\"><strong>Banca di Singapore<\/strong><\/h2>\n\n\n\n<p>Il <a href=\"https:\/\/www.bankofsingapore.com\/homepage.html\" target=\"_blank\" rel=\"noreferrer noopener\">Banca di Singapore<\/a> \u00e8 rinomata per la sua profonda esperienza nei mercati asiatici, offrendo ai clienti dei conti offshore una visione unica e l'accesso a una delle regioni in pi\u00f9 rapida crescita del mondo.<\/p>\n\n\n\n<p>Il loro approccio su misura all'offshore banking soddisfa le sofisticate esigenze di individui e famiglie con un elevato patrimonio netto, garantendo una gestione finanziaria personalizzata ed efficace.<\/p>\n\n\n\n<div style=\"height:29px\" aria-hidden=\"true\" class=\"wp-block-spacer\"><\/div>\n\n\n\n<h2 class=\"wp-block-heading\"><strong>SunBank<\/strong><\/h2>\n\n\n\n<p><a href=\"https:\/\/sunbank.kn\/\" target=\"_blank\" rel=\"noopener\">SunBank<\/a>, con sede a Nevis, \u00e8 una delle banche offshore pi\u00f9 discrete e pi\u00f9 attente alla protezione del patrimonio dei Caraibi.<\/p>\n\n\n\n<p>Conosciuta per la sua stabilit\u00e0 e per le severe leggi sulla privacy finanziaria, offre conti multivaluta, servizi bancari privati e conti aziendali offshore per imprenditori e investitori globali.<\/p>\n\n\n\n<p>Nevis \u00e8 una delle principali giurisdizioni offshore grazie alle sue forti regole di riservatezza, alle normative favorevoli alle imprese e alle protezioni legali per i titolari di conti esteri.<\/p>\n\n\n\n<p>SunBank sfrutta questo ambiente per offrire una maggiore privacy, un digital banking sicuro e l'accesso ai mercati finanziari globali.<\/p>\n\n\n\n<p>Sebbene Sun Bank lavori naturalmente con clienti che utilizzano trust, LLC e altre entit\u00e0 offshore di Nevis, i suoi servizi rimangono disponibili per clienti individuali e aziendali in tutto il mondo.<\/p>\n\n\n\n<p><\/p>\n\n\n\n<p><strong>Siete afflitti dall'indecisione finanziaria? <\/strong><\/p>\n\n\n\n<figure class=\"wp-block-image size-large is-resized\"><img decoding=\"async\" width=\"512\" height=\"288\" src=\"https:\/\/adamfayed.com\/wp-content\/uploads\/2025\/03\/Adam-Fayed-Contact_CTA3-512x288.jpg\" alt=\"\" class=\"wp-image-117505\" style=\"width:683px;height:auto\" srcset=\"https:\/\/adamfayed.com\/wp-content\/uploads\/2025\/03\/Adam-Fayed-Contact_CTA3-512x288.jpg 512w, https:\/\/adamfayed.com\/wp-content\/uploads\/2025\/03\/Adam-Fayed-Contact_CTA3-300x169.jpg 300w, https:\/\/adamfayed.com\/wp-content\/uploads\/2025\/03\/Adam-Fayed-Contact_CTA3-768x432.jpg 768w, https:\/\/adamfayed.com\/wp-content\/uploads\/2025\/03\/Adam-Fayed-Contact_CTA3-scaled.jpg 825w\" sizes=\"(max-width: 512px) 100vw, 512px\" \/><\/figure>\n\n\n\n<div style=\"height:10px\" aria-hidden=\"true\" class=\"wp-block-spacer\"><\/div>\n\n\n\n<div class=\"wp-block-buttons is-layout-flex wp-block-buttons-is-layout-flex\">\n<div class=\"wp-block-button\"><a class=\"wp-block-button__link wp-element-button\" href=\"https:\/\/adamfayed.com\/it\/become-adams-client\/\">Diventa mio cliente<\/a><\/div>\n\n\n\n<div class=\"wp-block-button\"><a class=\"wp-block-button__link wp-element-button\" href=\"https:\/\/adamfayed.com\/it\/good-match-quiz\/\" target=\"_blank\" rel=\"noreferrer noopener\">Fare il quiz sull'idoneit\u00e0 del cliente<\/a><\/div>\n\n\n\n<div class=\"wp-block-button\"><a class=\"wp-block-button__link wp-element-button\" href=\"https:\/\/adamfayed.com\/it\/contact\/\" target=\"_blank\" rel=\"noreferrer noopener\">Contatto<\/a><\/div>\n<\/div>\n\n\n\n<p><strong>Adam \u00e8 un autore riconosciuto a livello internazionale in materia finanziaria con oltre 830 milioni di visualizzazioni di risposte su Quora, un libro molto venduto su Amazon e un contributo su Forbes.<\/strong><\/p>","protected":false},"excerpt":{"rendered":"<p>Le migliori banche per l'offshore<\/p>","protected":false},"author":14,"featured_media":78478,"parent":81072,"menu_order":0,"comment_status":"open","ping_status":"closed","template":"","meta":{"rop_custom_images_group":[],"rop_custom_messages_group":[],"rop_publish_now":"initial","rop_publish_now_accounts":{"facebook_10166176115445471_100883565069113":""},"rop_publish_now_history":[],"rop_publish_now_status":"pending","footnotes":""},"class_list":["post-78474","page","type-page","status-publish","has-post-thumbnail","hentry"],"_links":{"self":[{"href":"https:\/\/adamfayed.com\/it\/wp-json\/wp\/v2\/pages\/78474","targetHints":{"allow":["GET"]}}],"collection":[{"href":"https:\/\/adamfayed.com\/it\/wp-json\/wp\/v2\/pages"}],"about":[{"href":"https:\/\/adamfayed.com\/it\/wp-json\/wp\/v2\/types\/page"}],"author":[{"embeddable":true,"href":"https:\/\/adamfayed.com\/it\/wp-json\/wp\/v2\/users\/14"}],"replies":[{"embeddable":true,"href":"https:\/\/adamfayed.com\/it\/wp-json\/wp\/v2\/comments?post=78474"}],"version-history":[{"count":3,"href":"https:\/\/adamfayed.com\/it\/wp-json\/wp\/v2\/pages\/78474\/revisions"}],"predecessor-version":[{"id":242513,"href":"https:\/\/adamfayed.com\/it\/wp-json\/wp\/v2\/pages\/78474\/revisions\/242513"}],"up":[{"embeddable":true,"href":"https:\/\/adamfayed.com\/it\/wp-json\/wp\/v2\/pages\/81072"}],"wp:featuredmedia":[{"embeddable":true,"href":"https:\/\/adamfayed.com\/it\/wp-json\/wp\/v2\/media\/78478"}],"wp:attachment":[{"href":"https:\/\/adamfayed.com\/it\/wp-json\/wp\/v2\/media?parent=78474"}],"curies":[{"name":"wp","href":"https:\/\/api.w.org\/{rel}","templated":true}]}}