{"id":78705,"date":"2024-02-26T07:52:47","date_gmt":"2024-02-26T07:52:47","guid":{"rendered":"https:\/\/adamfayed.com\/?page_id=78705"},"modified":"2025-11-18T08:41:16","modified_gmt":"2025-11-18T08:41:16","slug":"stocks","status":"publish","type":"page","link":"https:\/\/adamfayed.com\/it\/investment-options\/stocks\/","title":{"rendered":"Cosa sono le azioni e come si investe?"},"content":{"rendered":"<p>Le azioni sono <a href=\"https:\/\/adamfayed.com\/it\/investment-options\/\" target=\"_blank\" rel=\"noreferrer noopener\">opzioni di investimento<\/a> che di solito fanno parte di un portafoglio di investimenti.<\/p>\n\n\n\n<p>Se state cercando di investire come espatriati o individui con un alto patrimonio netto, che \u00e8 ci\u00f2 in cui sono specializzato, potete inviarmi un'e-mail (advice@adamfayed.com) o un messaggio WhatsApp (+44-7393-450-837).<\/p>\n\n\n\n<p>In questa pagina si illustra che cosa sono esattamente le scorte, discutendone:<\/p>\n\n\n\n<ul class=\"wp-block-list\">\n<li>Cosa sono le azioni e come funzionano le azioni?\n<ul class=\"wp-block-list\">\n<li>Tipi di azioni<\/li>\n\n\n\n<li>Vantaggi dell'investimento in azioni<\/li>\n\n\n\n<li>Rischi associati all'investimento azionario<\/li>\n<\/ul>\n<\/li>\n\n\n\n<li>Come acquistare e vendere azioni\n<ul class=\"wp-block-list\">\n<li>Cosa sono gli indici di borsa?<\/li>\n\n\n\n<li>Cosa influenza i prezzi delle azioni?<\/li>\n<\/ul>\n<\/li>\n\n\n\n<li>Suggerimenti per un investimento azionario di successo<\/li>\n<\/ul>\n\n\n\n<div style=\"height:30px\" aria-hidden=\"true\" class=\"wp-block-spacer\"><\/div>\n\n\n\n<h2 class=\"wp-block-heading\"><strong>Cosa sono le azioni e come funzionano le azioni?<\/strong><\/h2>\n\n\n\n<div class=\"wp-block-group is-layout-constrained wp-block-group-is-layout-constrained\">\n<figure class=\"wp-block-image alignright size-medium is-resized\"><img fetchpriority=\"high\" decoding=\"async\" width=\"300\" height=\"300\" src=\"https:\/\/adamfayed.com\/wp-content\/uploads\/2024\/02\/what-are-stocks-300x300.webp\" alt=\"what are stocks and how they work\" class=\"wp-image-81336\" style=\"width:222px;height:auto\" srcset=\"https:\/\/adamfayed.com\/wp-content\/uploads\/2024\/02\/what-are-stocks-300x300.webp 300w, https:\/\/adamfayed.com\/wp-content\/uploads\/2024\/02\/what-are-stocks-512x512.webp 512w, https:\/\/adamfayed.com\/wp-content\/uploads\/2024\/02\/what-are-stocks-150x150.webp 150w, https:\/\/adamfayed.com\/wp-content\/uploads\/2024\/02\/what-are-stocks-768x768.webp 768w, https:\/\/adamfayed.com\/wp-content\/uploads\/2024\/02\/what-are-stocks-scaled.webp 825w\" sizes=\"(max-width: 300px) 100vw, 300px\" \/><\/figure>\n<\/div>\n\n\n\n<p>Le azioni, note anche come titoli o azioni, rappresentano la propriet\u00e0 di una societ\u00e0. Quando si possiede un'azione, si diventa azionisti, il che significa che si hanno diritti di voto e una parte dei beni e degli utili della societ\u00e0. L'investimento in azioni pu\u00f2 offrire opportunit\u00e0 di crescita del capitale e la possibilit\u00e0 di guadagnare dividendi.<\/p>\n\n\n\n<p>Le aziende emettono azioni come mezzo per raccogliere capitali per finanziare le loro operazioni e la loro crescita. <\/p>\n\n\n\n<p>Vengono scambiate nelle borse valori, che sono piattaforme in cui compratori e venditori si incontrano per scambiare azioni.<\/p>\n\n\n\n<div style=\"height:20px\" aria-hidden=\"true\" class=\"wp-block-spacer\"><\/div>\n\n\n\n<h3 class=\"wp-block-heading\">Tipi di azioni<\/h3>\n\n\n\n<ul class=\"wp-block-list\">\n<li>Azioni ordinarie: Sono il tipo pi\u00f9 elementare di azioni. Quando si acquista un'azione ordinaria, si diventa proprietari parziali della societ\u00e0 e si ha il diritto di voto sulle questioni aziendali. Gli azionisti ordinari hanno diritto agli utili e alle attivit\u00e0 della societ\u00e0 dopo aver soddisfatto altri obblighi.<\/li>\n<\/ul>\n\n\n\n<p><\/p>\n\n\n\n<ul class=\"wp-block-list\">\n<li>Azioni privilegiate: Sono un tipo di azioni che hanno un diritto maggiore sulle attivit\u00e0 e sugli utili della societ\u00e0 rispetto alle azioni ordinarie. Gli azionisti privilegiati hanno un dividendo fisso e vengono pagati prima degli azionisti ordinari. Tuttavia, gli azionisti privilegiati di solito non hanno diritto di voto.<\/li>\n<\/ul>\n\n\n\n<p><\/p>\n\n\n\n<ul class=\"wp-block-list\">\n<li>Azioni Blue-Chip: Si tratta di azioni di societ\u00e0 consolidate con una storia di utili e dividendi stabili. Queste societ\u00e0 sono spesso leader nei loro settori e sono considerate investimenti affidabili.<\/li>\n<\/ul>\n\n\n\n<p><\/p>\n\n\n\n<ul class=\"wp-block-list\">\n<li>Azioni in crescita: Sono azioni di societ\u00e0 che si prevede crescano a un tasso superiore alla media rispetto alle altre societ\u00e0 del mercato. In genere non pagano dividendi, poich\u00e9 la societ\u00e0 reinveste gli utili nella crescita.<\/li>\n<\/ul>\n\n\n\n<p><\/p>\n\n\n\n<ul class=\"wp-block-list\">\n<li>Azioni di valore: Sono azioni di societ\u00e0 considerate sottovalutate dal mercato. Gli investitori cercano azioni di valore che hanno un prezzo inferiore rispetto al loro valore intrinseco, nella convinzione che il mercato alla fine riconoscer\u00e0 il vero valore della societ\u00e0.<\/li>\n<\/ul>\n\n\n\n<p><\/p>\n\n\n\n<ul class=\"wp-block-list\">\n<li><a href=\"https:\/\/adamfayed.com\/it\/investment-options\/dividend-stocks\/\">Azioni a dividendo<\/a>: Si tratta di azioni di societ\u00e0 che distribuiscono regolarmente una parte degli utili agli azionisti sotto forma di dividendi. Sono preferite dagli investitori orientati al reddito che cercano un flusso costante di reddito. La selezione del <a href=\"https:\/\/adamfayed.com\/it\/investment-options\/what-are-stocks\/best-dividend-stocks-to-buy-and-hold\/\">I migliori titoli a dividendo da acquistare e mantenere<\/a> consente agli investitori di costruire un portafoglio solido. Conoscere il <a href=\"https:\/\/adamfayed.com\/it\/investment-options\/stocks\/pros-and-cons-of-investing-in-dividend-stocks\/\">Pro e contro dell'investimento in azioni a dividendo<\/a> \u00e8 importante per <a href=\"https:\/\/adamfayed.com\/it\/financial-planning\/personal-financial-planning\/\">pianificazione finanziaria personale<\/a>. <\/li>\n<\/ul>\n\n\n\n<div style=\"height:20px\" aria-hidden=\"true\" class=\"wp-block-spacer\"><\/div>\n\n\n\n<h3 class=\"wp-block-heading\">Pro e contro dell'investimento in azioni<\/h3>\n\n\n\n<div class=\"wp-block-group is-layout-constrained wp-block-group-is-layout-constrained\">\n<figure class=\"wp-block-image alignright size-medium is-resized\"><img decoding=\"async\" width=\"300\" height=\"300\" src=\"https:\/\/adamfayed.com\/wp-content\/uploads\/2024\/02\/Pros-and-cons-of-investing-in-stocks-1-300x300.webp\" alt=\"Pros and cons of investing in stocks\" class=\"wp-image-81338\" style=\"width:263px;height:auto\" srcset=\"https:\/\/adamfayed.com\/wp-content\/uploads\/2024\/02\/Pros-and-cons-of-investing-in-stocks-1-300x300.webp 300w, https:\/\/adamfayed.com\/wp-content\/uploads\/2024\/02\/Pros-and-cons-of-investing-in-stocks-1-512x512.webp 512w, https:\/\/adamfayed.com\/wp-content\/uploads\/2024\/02\/Pros-and-cons-of-investing-in-stocks-1-150x150.webp 150w, https:\/\/adamfayed.com\/wp-content\/uploads\/2024\/02\/Pros-and-cons-of-investing-in-stocks-1-768x768.webp 768w, https:\/\/adamfayed.com\/wp-content\/uploads\/2024\/02\/Pros-and-cons-of-investing-in-stocks-1-scaled.webp 825w\" sizes=\"(max-width: 300px) 100vw, 300px\" \/><\/figure>\n<\/div>\n\n\n\n<h4 class=\"wp-block-heading\">Vantaggi dell'investimento in azioni<\/h4>\n\n\n\n<ul class=\"wp-block-list\">\n<li>Potenziale di rendimenti pi\u00f9 elevati: Storicamente, le azioni hanno fornito rendimenti medi pi\u00f9 elevati rispetto ad altre classi di attivit\u00e0 nel lungo periodo. Anche se non ci sono garanzie, hanno il potenziale per generare una crescita significativa del capitale.<\/li>\n<\/ul>\n\n\n\n<p><\/p>\n\n\n\n<ul class=\"wp-block-list\">\n<li>Propriet\u00e0 e diritto di voto: Quando le possedete, diventate proprietari parziali dell'azienda e avete il diritto di voto sulle questioni aziendali.<\/li>\n<\/ul>\n\n\n\n<p><\/p>\n\n\n\n<ul class=\"wp-block-list\">\n<li>Liquidit\u00e0: Si tratta di investimenti altamente liquidi, che possono cio\u00e8 essere acquistati e venduti rapidamente in borsa.<\/li>\n<\/ul>\n\n\n\n<p><\/p>\n\n\n\n<ul class=\"wp-block-list\">\n<li>Diversificazione: L'investimento in azioni consente di diversificare il portafoglio, ripartendo gli investimenti tra diverse societ\u00e0 e settori.<\/li>\n<\/ul>\n\n\n\n<p><\/p>\n\n\n\n<ul class=\"wp-block-list\">\n<li>Reddito da dividendi: Alcuni pagano dividendi, che possono costituire un flusso costante di reddito per gli investitori.<\/li>\n<\/ul>\n\n\n\n<div style=\"height:20px\" aria-hidden=\"true\" class=\"wp-block-spacer\"><\/div>\n\n\n\n<h4 class=\"wp-block-heading\">Rischi associati all'investimento azionario<\/h4>\n\n\n\n<p>I prezzi delle azioni possono essere altamente volatili, ossia possono subire oscillazioni significative in un breve periodo di tempo. Questa volatilit\u00e0 pu\u00f2 portare a guadagni o perdite sostanziali, a seconda del momento dell'investimento.<\/p>\n\n\n\n<p>L'investimento in singole azioni espone anche a rischi specifici della societ\u00e0, come una cattiva performance finanziaria, problemi di gestione o problemi legali.<\/p>\n\n\n\n<p>Naturalmente, lo stato di salute generale dell'economia pu\u00f2 influire sui prezzi delle azioni. Le recessioni o le flessioni economiche possono portare a una diminuzione della spesa dei consumatori e degli utili aziendali, con conseguenti ripercussioni negative sui prezzi delle azioni.<\/p>\n\n\n\n<p>Ci\u00f2 significa che le variazioni dei tassi di interesse possono influire sui prezzi delle azioni. Quando i tassi d'interesse aumentano, i costi di finanziamento aumentano per le aziende, il che pu\u00f2 portare a una riduzione dei profitti e a un potenziale calo del prezzo delle azioni.<\/p>\n\n\n\n<p>Inoltre, sebbene si tratti di investimenti generalmente liquidi, pu\u00f2 capitare che non si riesca a vendere le azioni al prezzo desiderato a causa di bassi volumi di negoziazione o di interruzioni del mercato.<\/p>\n\n\n\n<div style=\"height:30px\" aria-hidden=\"true\" class=\"wp-block-spacer\"><\/div>\n\n\n\n<h2 class=\"wp-block-heading\"><strong>Come acquistare e vendere azioni<\/strong><\/h2>\n\n\n\n<p>Ecco una guida passo-passo su come investire in azioni secondo <a href=\"https:\/\/www.forbes.com\/advisor\/investing\/how-to-buy-stocks\/\" target=\"_blank\" rel=\"noopener\">Forbes<\/a>:<\/p>\n\n\n\n<ul class=\"wp-block-list\">\n<li>Aprire un conto di intermediazione: Dovrete aprire un conto di intermediazione con una societ\u00e0 di intermediazione affidabile. Fate una ricerca su diversi broker e sceglietene uno che soddisfi le vostre esigenze in termini di commissioni, piattaforma di trading, servizio clienti e risorse educative.<\/li>\n<\/ul>\n\n\n\n<p><\/p>\n\n\n\n<ul class=\"wp-block-list\">\n<li>Finanziare il conto: Una volta scelto il broker, trasferite il denaro dal vostro conto bancario a quello del broker.<\/li>\n<\/ul>\n\n\n\n<p><\/p>\n\n\n\n<ul class=\"wp-block-list\">\n<li>Ricerca: Effettuate una ricerca approfondita sulle societ\u00e0 a cui siete interessati. Considerate fattori quali la salute finanziaria dell'azienda, le tendenze del settore, la posizione competitiva e le prospettive di crescita.<\/li>\n<\/ul>\n\n\n\n<p><\/p>\n\n\n\n<ul class=\"wp-block-list\">\n<li>Effettuare un ordine: Una volta selezionate le azioni che desiderate acquistare, effettuate un ordine attraverso la piattaforma di trading del vostro broker. Potete scegliere tra ordini di mercato, che vengono eseguiti immediatamente al prezzo di mercato prevalente, o ordini limite, che vi permettono di specificare il prezzo massimo che siete disposti a pagare.<\/li>\n<\/ul>\n\n\n\n<p><\/p>\n\n\n\n<ul class=\"wp-block-list\">\n<li>Monitorare i propri investimenti: Tenete d'occhio le notizie sulle societ\u00e0, gli annunci di utili e le tendenze del mercato che possono influenzare il valore dei vostri titoli.<\/li>\n<\/ul>\n\n\n\n<p><\/p>\n\n\n\n<ul class=\"wp-block-list\">\n<li>Decidere quando vendere: Quando arriva il momento di vendere, considerate fattori quali i vostri obiettivi di investimento, la performance della societ\u00e0 e le condizioni di mercato.<\/li>\n<\/ul>\n\n\n\n<p><\/p>\n\n\n\n<ul class=\"wp-block-list\">\n<li>\u00c8 bene ricordare che l'acquisto e la vendita di azioni comportano commissioni di intermediazione e potenziali implicazioni fiscali. <\/li>\n<\/ul>\n\n\n\n<div style=\"height:20px\" aria-hidden=\"true\" class=\"wp-block-spacer\"><\/div>\n\n\n\n<h3 class=\"wp-block-heading\">Cosa sono gli indici di borsa?<\/h3>\n\n\n\n<p>Gli indici del mercato azionario sono benchmark che misurano la performance di un gruppo di titoli che rappresentano un particolare mercato o settore. Questi indici forniscono indicazioni sullo stato di salute generale e sulle tendenze del mercato azionario.<\/p>\n\n\n\n<p>Il Dow Jones Industrial Average (<a href=\"https:\/\/www.spglobal.com\/spdji\/en\/indices\/equity\/dow-jones-industrial-average\/\" target=\"_blank\" rel=\"noopener\">DJIA<\/a>) \u00e8 uno degli indici di borsa pi\u00f9 antichi e pi\u00f9 seguiti. \u00c8 composto da 30 grandi societ\u00e0 quotate in borsa che rappresentano vari settori.<\/p>\n\n\n\n<div class=\"wp-block-group is-layout-constrained wp-block-group-is-layout-constrained\">\n<figure class=\"wp-block-image alignright size-medium is-resized\"><img decoding=\"async\" width=\"300\" height=\"300\" src=\"https:\/\/adamfayed.com\/wp-content\/uploads\/2024\/01\/calcul-300x300.webp\" alt=\"What are stock market indices?\" class=\"wp-image-78707\" style=\"width:227px;height:auto\" srcset=\"https:\/\/adamfayed.com\/wp-content\/uploads\/2024\/01\/calcul-300x300.webp 300w, https:\/\/adamfayed.com\/wp-content\/uploads\/2024\/01\/calcul-512x512.webp 512w, https:\/\/adamfayed.com\/wp-content\/uploads\/2024\/01\/calcul-150x150.webp 150w, https:\/\/adamfayed.com\/wp-content\/uploads\/2024\/01\/calcul.webp 608w\" sizes=\"(max-width: 300px) 100vw, 300px\" \/><\/figure>\n<\/div>\n\n\n\n<p>Il <a href=\"https:\/\/adamfayed.com\/it\/review-articles\/sp-500-investing-investors-trust-reviews\/\" target=\"_blank\" rel=\"noreferrer noopener\">S&amp;P 500<\/a> \u00e8 un indice pi\u00f9 ampio che comprende 500 titoli a grande capitalizzazione di aziende leader in diversi settori. Viene spesso utilizzato come indicatore della performance complessiva del mercato azionario statunitense.<\/p>\n\n\n\n<p>Il <a href=\"https:\/\/www.nasdaq.com\/\" target=\"_blank\" rel=\"noopener\">NASDAQ<\/a> Il Composite \u00e8 un indice che tiene conto della performance di tutti i titoli quotati alla borsa valori NASDAQ. \u00c8 noto per la sua forte rappresentanza di societ\u00e0 tecnologiche.<\/p>\n\n\n\n<p>Il <a href=\"https:\/\/www.londonstockexchange.com\/indices\/ftse-100\" target=\"_blank\" rel=\"noopener\">FTSE 100 <\/a>\u00e8 un indice che comprende le 100 maggiori societ\u00e0 quotate alla Borsa di Londra. Rappresenta una parte significativa del mercato azionario britannico.<\/p>\n\n\n\n<p>Il <a href=\"https:\/\/indexes.nikkei.co.jp\/en\/nkave\/index\/profile?idx=nk225\" target=\"_blank\" rel=\"noopener\">Nikkei 225<\/a> \u00e8 un indice del mercato azionario che tiene conto della performance di 225 grandi societ\u00e0 quotate alla Borsa di Tokyo. \u00c8 un indicatore chiave del mercato azionario giapponese.<\/p>\n\n\n\n<div style=\"height:20px\" aria-hidden=\"true\" class=\"wp-block-spacer\"><\/div>\n\n\n\n<h3 class=\"wp-block-heading\">Cosa influenza i prezzi delle azioni?<\/h3>\n\n\n\n<ul class=\"wp-block-list\">\n<li>Utili e redditivit\u00e0: Una forte crescita degli utili e della redditivit\u00e0 \u00e8 generalmente considerata un segnale positivo per gli investitori.<\/li>\n<\/ul>\n\n\n\n<p><\/p>\n\n\n\n<ul class=\"wp-block-list\">\n<li>Tendenze del settore e del mercato: Le tendenze positive del settore o le condizioni di mercato possono far salire i prezzi delle azioni, mentre le tendenze negative possono portare a cali.<\/li>\n<\/ul>\n\n\n\n<p><\/p>\n\n\n\n<ul class=\"wp-block-list\">\n<li>Notizie e annunci della societ\u00e0: Le notizie e gli annunci relativi a una societ\u00e0, come il lancio di nuovi prodotti, le partnership o i risultati finanziari, possono avere un impatto significativo sul prezzo delle azioni. Le notizie positive portano generalmente a un aumento del prezzo delle azioni, mentre quelle negative possono provocare un calo.<\/li>\n<\/ul>\n\n\n\n<p><\/p>\n\n\n\n<ul class=\"wp-block-list\">\n<li>Fattori macroeconomici: Gli indicatori economici, come la crescita del PIL, i tassi di interesse, l'inflazione e il tasso di disoccupazione, possono influenzare i prezzi delle azioni. <\/li>\n<\/ul>\n\n\n\n<p><\/p>\n\n\n\n<ul class=\"wp-block-list\">\n<li>Sentimento degli investitori: Il sentiment degli investitori, ovvero l'umore e le prospettive generali degli investitori, pu\u00f2 influire sui prezzi delle azioni. <\/li>\n<\/ul>\n\n\n\n<p><\/p>\n\n\n\n<ul class=\"wp-block-list\">\n<li>Domanda e offerta di mercato: Se ci sono pi\u00f9 acquirenti che venditori, i prezzi delle azioni tendono ad aumentare, mentre se ci sono pi\u00f9 venditori che acquirenti, i prezzi delle azioni tendono a diminuire.<\/li>\n<\/ul>\n\n\n\n<div style=\"height:30px\" aria-hidden=\"true\" class=\"wp-block-spacer\"><\/div>\n\n\n\n<h2 class=\"wp-block-heading\"><strong>Suggerimenti per un investimento azionario di successo<\/strong><\/h2>\n\n\n\n<p>Ecco alcuni suggerimenti per aiutarvi a <a href=\"https:\/\/adamfayed.com\/it\/what-are-the-best-investment-options-for-uk-expats-in-2022\/\">buoni investimenti<\/a>:<\/p>\n\n\n\n<ul class=\"wp-block-list\">\n<li>Stabilire obiettivi di investimento chiari: Prima di investire, \u00e8 bene sapere quali sono le azioni e definire i propri obiettivi di investimento, come l'accumulo di ricchezza, la pianificazione della pensione o il finanziamento di uno specifico obiettivo finanziario.<\/li>\n<\/ul>\n\n\n\n<p><\/p>\n\n\n\n<ul class=\"wp-block-list\">\n<li>Diversificare il portafoglio: La diversificazione \u00e8 fondamentale per gestire il rischio. Distribuite le vostre partecipazioni tra diverse societ\u00e0 di investimento, settori e classi di attivit\u00e0. <\/li>\n<\/ul>\n\n\n\n<p><\/p>\n\n\n\n<ul class=\"wp-block-list\">\n<li>Rimanete informati: Tenetevi aggiornati sulle notizie di mercato, sulle tendenze economiche e sugli sviluppi aziendali che possono avere un impatto sui vostri investimenti. <\/li>\n<\/ul>\n\n\n\n<p><\/p>\n\n\n\n<ul class=\"wp-block-list\">\n<li>Investire a lungo termine: Concentratevi sui fondamentali delle societ\u00e0 in cui investite ed evitate di prendere decisioni impulsive basate sulle fluttuazioni di mercato a breve termine.<\/li>\n<\/ul>\n\n\n\n<p><\/p>\n\n\n\n<ul class=\"wp-block-list\">\n<li>Considerate la possibilit\u00e0 di lavorare con un consulente finanziario: Se siete alle prime armi con gli investimenti o avete bisogno di una guida, prendete in considerazione la possibilit\u00e0 di lavorare con un <a href=\"https:\/\/adamfayed.com\/it\/financial-planning\/expat-financial-advisor\/\">consulente finanziario<\/a> che pu\u00f2 fornire una consulenza personalizzata in base alla vostra situazione finanziaria e ai vostri obiettivi.<\/li>\n<\/ul>\n\n\n\n<p><\/p>\n\n\n\n<p><strong>Siete afflitti dall'indecisione finanziaria? <\/strong><\/p>\n\n\n\n<figure class=\"wp-block-image size-large is-resized\"><img loading=\"lazy\" decoding=\"async\" width=\"512\" height=\"288\" src=\"https:\/\/adamfayed.com\/wp-content\/uploads\/2025\/03\/Adam-Fayed-Contact_CTA3-512x288.jpg\" alt=\"\" class=\"wp-image-117505\" style=\"width:683px;height:auto\" srcset=\"https:\/\/adamfayed.com\/wp-content\/uploads\/2025\/03\/Adam-Fayed-Contact_CTA3-512x288.jpg 512w, https:\/\/adamfayed.com\/wp-content\/uploads\/2025\/03\/Adam-Fayed-Contact_CTA3-300x169.jpg 300w, https:\/\/adamfayed.com\/wp-content\/uploads\/2025\/03\/Adam-Fayed-Contact_CTA3-768x432.jpg 768w, https:\/\/adamfayed.com\/wp-content\/uploads\/2025\/03\/Adam-Fayed-Contact_CTA3-scaled.jpg 825w\" sizes=\"(max-width: 512px) 100vw, 512px\" \/><\/figure>\n\n\n\n<div style=\"height:10px\" aria-hidden=\"true\" class=\"wp-block-spacer\"><\/div>\n\n\n\n<div class=\"wp-block-buttons is-layout-flex wp-block-buttons-is-layout-flex\">\n<div class=\"wp-block-button\"><a class=\"wp-block-button__link wp-element-button\" href=\"https:\/\/adamfayed.com\/it\/become-adams-client\/\">Diventa mio cliente<\/a><\/div>\n\n\n\n<div class=\"wp-block-button\"><a class=\"wp-block-button__link wp-element-button\" href=\"https:\/\/adamfayed.com\/it\/good-match-quiz\/\" target=\"_blank\" rel=\"noreferrer noopener\">Fare il quiz sull'idoneit\u00e0 del cliente<\/a><\/div>\n\n\n\n<div class=\"wp-block-button\"><a class=\"wp-block-button__link wp-element-button\" href=\"https:\/\/adamfayed.com\/it\/contact\/\" target=\"_blank\" rel=\"noreferrer noopener\">Contatto<\/a><\/div>\n<\/div>\n\n\n\n<p><strong>Adam \u00e8 un autore riconosciuto a livello internazionale in materia finanziaria con oltre 830 milioni di visualizzazioni di risposte su Quora, un libro molto venduto su Amazon e un contributo su Forbes.<\/strong><\/p>","protected":false},"excerpt":{"rendered":"<p>Cosa sono le azioni e come si investe?<\/p>","protected":false},"author":14,"featured_media":78706,"parent":79603,"menu_order":0,"comment_status":"open","ping_status":"closed","template":"","meta":{"rop_custom_images_group":[],"rop_custom_messages_group":[],"rop_publish_now":"initial","rop_publish_now_accounts":{"facebook_10166176115445471_100883565069113":""},"rop_publish_now_history":[],"rop_publish_now_status":"pending","footnotes":""},"class_list":["post-78705","page","type-page","status-publish","has-post-thumbnail","hentry"],"_links":{"self":[{"href":"https:\/\/adamfayed.com\/it\/wp-json\/wp\/v2\/pages\/78705","targetHints":{"allow":["GET"]}}],"collection":[{"href":"https:\/\/adamfayed.com\/it\/wp-json\/wp\/v2\/pages"}],"about":[{"href":"https:\/\/adamfayed.com\/it\/wp-json\/wp\/v2\/types\/page"}],"author":[{"embeddable":true,"href":"https:\/\/adamfayed.com\/it\/wp-json\/wp\/v2\/users\/14"}],"replies":[{"embeddable":true,"href":"https:\/\/adamfayed.com\/it\/wp-json\/wp\/v2\/comments?post=78705"}],"version-history":[{"count":2,"href":"https:\/\/adamfayed.com\/it\/wp-json\/wp\/v2\/pages\/78705\/revisions"}],"predecessor-version":[{"id":234802,"href":"https:\/\/adamfayed.com\/it\/wp-json\/wp\/v2\/pages\/78705\/revisions\/234802"}],"up":[{"embeddable":true,"href":"https:\/\/adamfayed.com\/it\/wp-json\/wp\/v2\/pages\/79603"}],"wp:featuredmedia":[{"embeddable":true,"href":"https:\/\/adamfayed.com\/it\/wp-json\/wp\/v2\/media\/78706"}],"wp:attachment":[{"href":"https:\/\/adamfayed.com\/it\/wp-json\/wp\/v2\/media?parent=78705"}],"curies":[{"name":"wp","href":"https:\/\/api.w.org\/{rel}","templated":true}]}}