{"id":78738,"date":"2024-02-29T13:30:16","date_gmt":"2024-02-29T13:30:16","guid":{"rendered":"https:\/\/adamfayed.com\/?page_id=78738"},"modified":"2025-03-04T11:33:37","modified_gmt":"2025-03-04T11:33:37","slug":"do-etfs-pay-dividends","status":"publish","type":"page","link":"https:\/\/adamfayed.com\/it\/investment-options\/etfs\/do-etfs-pay-dividends\/","title":{"rendered":"Gli ETF pagano dividendi?"},"content":{"rendered":"<p>Questa pagina affronta la domanda \u201cGli ETF pagano dividendi?\u201d e aiuta a capire quali fattori considerare nella scelta di un ETF. <a href=\"https:\/\/adamfayed.com\/it\/what-are-the-best-investment-options-for-canadian-expats-in-2023\/\">opzione di investimento<\/a>. Includer\u00e0 i seguenti argomenti:<\/p>\n\n\n\n<figure class=\"wp-block-image alignright size-medium\"><img fetchpriority=\"high\" decoding=\"async\" width=\"300\" height=\"300\" src=\"https:\/\/adamfayed.com\/wp-content\/uploads\/2024\/01\/investoretf-300x300.webp\" alt=\"ETFs can pay dividends, but the distribution process varies depending on the fund's structure and underlying assets. \" class=\"wp-image-78740\" srcset=\"https:\/\/adamfayed.com\/wp-content\/uploads\/2024\/01\/investoretf-300x300.webp 300w, https:\/\/adamfayed.com\/wp-content\/uploads\/2024\/01\/investoretf-512x512.webp 512w, https:\/\/adamfayed.com\/wp-content\/uploads\/2024\/01\/investoretf-150x150.webp 150w, https:\/\/adamfayed.com\/wp-content\/uploads\/2024\/01\/investoretf.webp 608w\" sizes=\"(max-width: 300px) 100vw, 300px\" \/><\/figure>\n\n\n\n<ul class=\"wp-block-list\">\n<li>Gli ETF pagano dividendi?<\/li>\n\n\n\n<li>ETFS che pagano dividendi\n<ul class=\"wp-block-list\">\n<li>ETF sui dividendi<\/li>\n\n\n\n<li>ETF sugli aristocratici dei dividendi<\/li>\n\n\n\n<li>ETF a dividendo mensile<\/li>\n\n\n\n<li>ETF ad alto rendimento da dividendi<\/li>\n<\/ul>\n<\/li>\n\n\n\n<li>Cosa considerare quando si scelgono i migliori ETF in cui investire<\/li>\n<\/ul>\n\n\n\n<p><\/p>\n\n\n\n<p>Se state cercando di investire come espatriati o individui con un alto patrimonio netto, che \u00e8 ci\u00f2 in cui sono specializzato, potete inviarmi un'e-mail (advice@adamfayed.com) o un messaggio WhatsApp (+44-7393-450-837).<\/p>\n\n\n\n<p>La diversit\u00e0 e le opportunit\u00e0 di crescita offerte dai fondi negoziati in borsa (ETF) attraggono molti investitori. Tuttavia, prima di impegnarvi in un ETF, dovreste ricercare le loro politiche di distribuzione dei dividendi, in quanto ci\u00f2 influenzer\u00e0 notevolmente il vostro approccio all'investimento e il vostro comportamento complessivo. <a href=\"https:\/\/adamfayed.com\/it\/financial-planning\/personal-financial-planning\/\">piano finanziario<\/a>.<\/p>\n\n\n\n<div style=\"height:30px\" aria-hidden=\"true\" class=\"wp-block-spacer\"><\/div>\n\n\n\n<h2 class=\"wp-block-heading\"><strong>Gli ETF pagano dividendi?<\/strong><\/h2>\n\n\n\n<p><a href=\"https:\/\/www.fidelity.com\/learning-center\/investment-products\/etf\/dividends-on-etfs\" target=\"_blank\" rel=\"noopener\">Gli ETF possono pagare i dividendi<\/a>, ma il processo di distribuzione varia a seconda della struttura del fondo e delle attivit\u00e0 sottostanti. Alcuni ETF distribuiscono i dividendi regolarmente, mentre altri li reinvestono nel fondo.<\/p>\n\n\n\n<div style=\"height:30px\" aria-hidden=\"true\" class=\"wp-block-spacer\"><\/div>\n\n\n\n<h2 class=\"wp-block-heading\"><strong>ETFS che pagano dividendi<\/strong><\/h2>\n\n\n\n<p><\/p>\n\n\n\n<h3 class=\"wp-block-heading\">ETF sui dividendi<\/h3>\n\n\n\n<p>Gli ETF sui dividendi sono una categoria di fondi negoziati in borsa che investono principalmente in azioni che pagano dividendi. Questi ETF offrono agli investitori un'esposizione a un portafoglio di azioni che pagano dividendi, offrendo un modo conveniente di investire in attivit\u00e0 che generano reddito.<\/p>\n\n\n\n<p>Gli ETF che pagano dividendi spesso tracciano un indice composto da titoli che pagano dividendi, consentendo agli investitori di beneficiare del potenziale di reddito e crescita associato alle societ\u00e0 che pagano dividendi.<\/p>\n\n\n\n<div style=\"height:20px\" aria-hidden=\"true\" class=\"wp-block-spacer\"><\/div>\n\n\n\n<h3 class=\"wp-block-heading\">ETF sugli aristocratici dei dividendi<\/h3>\n\n\n\n<p>Le societ\u00e0 aristocratiche dei dividendi sono societ\u00e0 che hanno una storia di aumento costante dei dividendi anno dopo anno.<\/p>\n\n\n\n<p>Gli ETF sugli aristocratici dei dividendi sono progettati specificamente per investire in queste stimate societ\u00e0. Questi ETF seguono tipicamente un indice composto da societ\u00e0 aristocratiche dei dividendi, offrendo agli investitori l'accesso a un portafoglio di societ\u00e0 consolidate con un solido track record di crescita dei dividendi.<\/p>\n\n\n\n<p>L'investimento in ETF aristocratici dei dividendi pu\u00f2 essere interessante per gli investitori orientati al reddito che cercano un reddito da dividendi affidabile e in crescita.<\/p>\n\n\n\n<div style=\"height:20px\" aria-hidden=\"true\" class=\"wp-block-spacer\"><\/div>\n\n\n\n<figure class=\"wp-block-image alignright size-medium is-resized\"><img decoding=\"async\" width=\"300\" height=\"300\" src=\"https:\/\/adamfayed.com\/wp-content\/uploads\/2024\/02\/dividend-paying-etfs-300x300.webp\" alt=\"Dividend paying ETFS\" class=\"wp-image-81973\" style=\"width:261px;height:auto\" srcset=\"https:\/\/adamfayed.com\/wp-content\/uploads\/2024\/02\/dividend-paying-etfs-300x300.webp 300w, https:\/\/adamfayed.com\/wp-content\/uploads\/2024\/02\/dividend-paying-etfs-512x512.webp 512w, https:\/\/adamfayed.com\/wp-content\/uploads\/2024\/02\/dividend-paying-etfs-150x150.webp 150w, https:\/\/adamfayed.com\/wp-content\/uploads\/2024\/02\/dividend-paying-etfs-768x768.webp 768w, https:\/\/adamfayed.com\/wp-content\/uploads\/2024\/02\/dividend-paying-etfs-scaled.webp 825w\" sizes=\"(max-width: 300px) 100vw, 300px\" \/><\/figure>\n\n\n\n<h3 class=\"wp-block-heading\">ETF a dividendo mensile<\/h3>\n\n\n\n<p>Gli ETF a dividendo mensile sono progettati per fornire agli investitori un reddito mensile regolare. Questi ETF consistono tipicamente in azioni o altre attivit\u00e0 generatrici di reddito che pagano dividendi su base mensile.<\/p>\n\n\n\n<p>Per gli investitori alla ricerca di un flusso di reddito costante, gli ETF a dividendo mensili possono rappresentare un'opzione interessante, in quanto offrono il potenziale di un flusso di cassa pi\u00f9 frequente rispetto agli ETF che pagano i dividendi su base trimestrale o annuale.<\/p>\n\n\n\n<div style=\"height:20px\" aria-hidden=\"true\" class=\"wp-block-spacer\"><\/div>\n\n\n\n<h3 class=\"wp-block-heading\">ETF ad alto rendimento da dividendi<\/h3>\n\n\n\n<p>Gli ETF ad alto rendimento da dividendi si concentrano su societ\u00e0 con elevati rendimenti da dividendi, spesso societ\u00e0 mature e stabili con flussi di cassa prevedibili. Questi ETF sono popolari tra gli investitori alla ricerca di reddito che privilegiano il reddito corrente rispetto alla potenziale rivalutazione del capitale.<\/p>\n\n\n\n<div style=\"height:30px\" aria-hidden=\"true\" class=\"wp-block-spacer\"><\/div>\n\n\n\n<h2 class=\"wp-block-heading\"><strong>Cosa considerare quando si scelgono i migliori ETF in cui investire<\/strong><\/h2>\n\n\n\n<p>In primo luogo, valutare il <a href=\"https:\/\/adamfayed.com\/it\/investment-options\/best-investments-for-expats-in-2025\/\" target=\"_blank\" rel=\"noreferrer noopener\">opzione di investimento<\/a> rapporto di spesa, che rappresenta le commissioni annuali applicate dal fondo. I rapporti di spesa pi\u00f9 bassi sono generalmente pi\u00f9 favorevoli per gli investitori.<\/p>\n\n\n\n<p>Inoltre, considerate il tracking error del fondo, che misura quanto la performance dell'ETF sia in linea con l'indice sottostante. Un basso tracking error indica che l'ETF replica accuratamente i rendimenti dell'indice.<\/p>\n\n\n\n<p><\/p>\n\n\n\n<p><strong>Siete afflitti dall'indecisione finanziaria? <\/strong><\/p>\n\n\n\n<figure class=\"wp-block-image size-large is-resized\"><img decoding=\"async\" width=\"512\" height=\"288\" src=\"https:\/\/adamfayed.com\/wp-content\/uploads\/2025\/03\/Adam-Fayed-Contact_CTA3-512x288.jpg\" alt=\"\" class=\"wp-image-117505\" style=\"width:683px;height:auto\" srcset=\"https:\/\/adamfayed.com\/wp-content\/uploads\/2025\/03\/Adam-Fayed-Contact_CTA3-512x288.jpg 512w, https:\/\/adamfayed.com\/wp-content\/uploads\/2025\/03\/Adam-Fayed-Contact_CTA3-300x169.jpg 300w, https:\/\/adamfayed.com\/wp-content\/uploads\/2025\/03\/Adam-Fayed-Contact_CTA3-768x432.jpg 768w, https:\/\/adamfayed.com\/wp-content\/uploads\/2025\/03\/Adam-Fayed-Contact_CTA3-scaled.jpg 825w\" sizes=\"(max-width: 512px) 100vw, 512px\" \/><\/figure>\n\n\n\n<div style=\"height:10px\" aria-hidden=\"true\" class=\"wp-block-spacer\"><\/div>\n\n\n\n<div class=\"wp-block-buttons is-layout-flex wp-block-buttons-is-layout-flex\">\n<div class=\"wp-block-button\"><a class=\"wp-block-button__link wp-element-button\" href=\"https:\/\/adamfayed.com\/it\/become-adams-client\/\">Diventa mio cliente<\/a><\/div>\n\n\n\n<div class=\"wp-block-button\"><a class=\"wp-block-button__link wp-element-button\" href=\"https:\/\/adamfayed.com\/it\/good-match-quiz\/\" target=\"_blank\" rel=\"noreferrer noopener\">Fare il quiz sull'idoneit\u00e0 del cliente<\/a><\/div>\n\n\n\n<div class=\"wp-block-button\"><a class=\"wp-block-button__link wp-element-button\" href=\"https:\/\/adamfayed.com\/it\/contact\/\" target=\"_blank\" rel=\"noreferrer noopener\">Contatto<\/a><\/div>\n<\/div>\n\n\n\n<p><strong>Adam \u00e8 un autore riconosciuto a livello internazionale in materia finanziaria con oltre 830 milioni di visualizzazioni di risposte su Quora, un libro molto venduto su Amazon e un contributo su Forbes.<\/strong><\/p>\n\n\n\n\n\n<p><\/p>","protected":false},"excerpt":{"rendered":"<p>Gli ETF pagano dividendi?<\/p>","protected":false},"author":16,"featured_media":78739,"parent":78406,"menu_order":0,"comment_status":"open","ping_status":"closed","template":"","meta":{"rop_custom_images_group":[],"rop_custom_messages_group":[],"rop_publish_now":"initial","rop_publish_now_accounts":{"facebook_10166176115445471_100883565069113":""},"rop_publish_now_history":[],"rop_publish_now_status":"pending","footnotes":""},"class_list":["post-78738","page","type-page","status-publish","has-post-thumbnail","hentry"],"_links":{"self":[{"href":"https:\/\/adamfayed.com\/it\/wp-json\/wp\/v2\/pages\/78738","targetHints":{"allow":["GET"]}}],"collection":[{"href":"https:\/\/adamfayed.com\/it\/wp-json\/wp\/v2\/pages"}],"about":[{"href":"https:\/\/adamfayed.com\/it\/wp-json\/wp\/v2\/types\/page"}],"author":[{"embeddable":true,"href":"https:\/\/adamfayed.com\/it\/wp-json\/wp\/v2\/users\/16"}],"replies":[{"embeddable":true,"href":"https:\/\/adamfayed.com\/it\/wp-json\/wp\/v2\/comments?post=78738"}],"version-history":[{"count":3,"href":"https:\/\/adamfayed.com\/it\/wp-json\/wp\/v2\/pages\/78738\/revisions"}],"predecessor-version":[{"id":106192,"href":"https:\/\/adamfayed.com\/it\/wp-json\/wp\/v2\/pages\/78738\/revisions\/106192"}],"up":[{"embeddable":true,"href":"https:\/\/adamfayed.com\/it\/wp-json\/wp\/v2\/pages\/78406"}],"wp:featuredmedia":[{"embeddable":true,"href":"https:\/\/adamfayed.com\/it\/wp-json\/wp\/v2\/media\/78739"}],"wp:attachment":[{"href":"https:\/\/adamfayed.com\/it\/wp-json\/wp\/v2\/media?parent=78738"}],"curies":[{"name":"wp","href":"https:\/\/api.w.org\/{rel}","templated":true}]}}