{"id":78746,"date":"2024-02-19T07:58:56","date_gmt":"2024-02-19T07:58:56","guid":{"rendered":"https:\/\/adamfayed.com\/?page_id=78746"},"modified":"2025-03-25T11:47:41","modified_gmt":"2025-03-25T11:47:41","slug":"mutual-funds-risk","status":"publish","type":"page","link":"https:\/\/adamfayed.com\/it\/investment-options\/mutual-funds\/mutual-funds-risk\/","title":{"rendered":"Rischio e performance dei fondi comuni di investimento"},"content":{"rendered":"<p><a href=\"https:\/\/adamfayed.com\/it\/investment-options\/mutual-funds\/\" data-type=\"link\" data-id=\"https:\/\/adamfayed.com\/investment-options\/mutual-funds\/\">Fondi comuni di investimento<\/a> sono una delle scelte migliori sia per gli investitori alle prime armi che per quelli esperti, in quanto offrono un mix di diversificazione, gestione professionale e accessibilit\u00e0.<\/p>\n\n\n\n<p>Questa pagina approfondisce gli aspetti critici della valutazione del rischio dei fondi comuni di investimento, concentrandosi sulla comprensione dei loro profili di rischio e sull'analisi della storia delle performance dei fondi comuni.<\/p>\n\n\n\n<p>Se state cercando di investire come espatriati o individui con un alto patrimonio netto, che \u00e8 ci\u00f2 in cui sono specializzato, potete inviarmi un'e-mail (advice@adamfayed.com) o un messaggio WhatsApp (+44-7393-450-837).<\/p>\n\n\n\n<p>Sono in discussione i seguenti argomenti:<\/p>\n\n\n\n<ul class=\"wp-block-list\">\n<li>Come si valuta il rischio dei fondi comuni di investimento?\n<ul class=\"wp-block-list\">\n<li>Chiedere una consulenza professionale per il proprio portafoglio di fondi comuni di investimento<\/li>\n<\/ul>\n<\/li>\n\n\n\n<li>Riequilibrare il portafoglio d'investimento quando si investe in fondi comuni di investimento\n<ul class=\"wp-block-list\">\n<li>Quando riequilibrare il portafoglio di fondi comuni di investimento?<\/li>\n<\/ul>\n<\/li>\n\n\n\n<li>Punti di forza<\/li>\n<\/ul>\n\n\n\n<div style=\"height:30px\" aria-hidden=\"true\" class=\"wp-block-spacer\"><\/div>\n\n\n\n<h2 class=\"wp-block-heading\"><strong>Come si valuta il rischio dei fondi comuni di investimento?<\/strong><\/h2>\n\n\n\n<p>Ecco alcune metriche chiave da prendere in considerazione per la valutazione <a href=\"https:\/\/www.investor.gov\/introduction-investing\/investing-basics\/investment-products\/mutual-funds-and-exchange-traded-1#Benefits\" target=\"_blank\" rel=\"noopener\">rischio e performance dei fondi comuni di investimento<\/a>:<\/p>\n\n\n\n<ul class=\"wp-block-list\">\n<li>Rendimento totale: Il rendimento totale riflette la performance complessiva del fondo, che comprende sia la rivalutazione del capitale che il reddito. Confrontate il rendimento totale del fondo con l'indice di riferimento e con fondi simili per valutarne la performance relativa.<\/li>\n<\/ul>\n\n\n\n<p><\/p>\n\n\n\n<ul class=\"wp-block-list\">\n<li>Deviazione standard: La deviazione standard misura la volatilit\u00e0 dei rendimenti di un fondo. Una deviazione standard pi\u00f9 bassa indica una volatilit\u00e0 inferiore e potenzialmente un rischio minore.<\/li>\n<\/ul>\n\n\n\n<p><\/p>\n\n\n\n<ul class=\"wp-block-list\">\n<li>Alfa e Beta: L'alfa misura la performance corretta per il rischio di un fondo rispetto al suo benchmark. Un alfa positivo indica che il fondo ha sovraperformato il suo benchmark. Il beta misura la sensibilit\u00e0 del fondo ai movimenti del mercato. Un beta pari a 1 indica che il fondo si muove in linea con il mercato.<\/li>\n<\/ul>\n\n\n\n<p><\/p>\n\n\n\n<ul class=\"wp-block-list\">\n<li>Rapporto di Sharpe: Lo Sharpe ratio valuta il rendimento corretto per il rischio di un fondo considerando l'eccesso di rendimento generato per unit\u00e0 di rischio assunto. Rapporti di Sharpe pi\u00f9 elevati indicano una migliore performance corretta per il rischio.<\/li>\n<\/ul>\n\n\n\n<p><\/p>\n\n\n\n<ul class=\"wp-block-list\">\n<li>Rapporto di spesa: Considerare il rapporto di spesa in relazione alla performance del fondo. Un rapporto di spesa elevato pu\u00f2 incidere significativamente sui rendimenti complessivi, quindi \u00e8 importante valutare se la performance giustifica le commissioni del fondo comune.<\/li>\n<\/ul>\n\n\n\n<div style=\"height:20px\" aria-hidden=\"true\" class=\"wp-block-spacer\"><\/div>\n\n\n\n<figure class=\"wp-block-image alignright size-medium is-resized\"><img fetchpriority=\"high\" decoding=\"async\" width=\"300\" height=\"300\" src=\"https:\/\/adamfayed.com\/wp-content\/uploads\/2024\/01\/fundmanage-300x300.webp\" alt=\"While conducting your own research and analysis is valuable, seeking professional advice can provide additional expertise and guidance. Financial advisors can help you navigate the complexities of mutual fund investing and tailor recommendations to your specific needs.\" class=\"wp-image-78748\" style=\"width:238px;height:auto\" srcset=\"https:\/\/adamfayed.com\/wp-content\/uploads\/2024\/01\/fundmanage-300x300.webp 300w, https:\/\/adamfayed.com\/wp-content\/uploads\/2024\/01\/fundmanage-512x512.webp 512w, https:\/\/adamfayed.com\/wp-content\/uploads\/2024\/01\/fundmanage-150x150.webp 150w, https:\/\/adamfayed.com\/wp-content\/uploads\/2024\/01\/fundmanage.webp 608w\" sizes=\"(max-width: 300px) 100vw, 300px\" \/><\/figure>\n\n\n\n<h3 class=\"wp-block-heading\">Dovreste chiedere ai consulenti finanziari personali di gestire il vostro portafoglio di fondi comuni?<\/h3>\n\n\n\n<p>Sebbene la ricerca e l'analisi in proprio siano preziose, la consulenza di un professionista pu\u00f2 fornire ulteriori competenze e indicazioni. <a href=\"https:\/\/adamfayed.com\/it\/financial-planning\/expat-financial-advisor\/\">Consulenti finanziari<\/a> pu\u00f2 aiutarvi a districarvi tra le complessit\u00e0 degli investimenti in fondi comuni di investimento e ad adattare le raccomandazioni alle vostre esigenze specifiche.<\/p>\n\n\n\n<p>Un consulente finanziario pu\u00f2 valutare i vostri obiettivi d'investimento, la vostra tolleranza al rischio e il vostro orizzonte temporale per consigliarvi i fondi comuni d'investimento in linea con i vostri obiettivi. Inoltre, \u00e8 in grado di fornire un monitoraggio continuo e di apportare le modifiche necessarie al vostro portafoglio.<\/p>\n\n\n\n<div style=\"height:30px\" aria-hidden=\"true\" class=\"wp-block-spacer\"><\/div>\n\n\n\n<h2 class=\"wp-block-heading\"><strong>Riequilibrare il portafoglio d'investimento quando si investe in fondi comuni di investimento<\/strong><\/h2>\n\n\n\n<p>Il ribilanciamento \u00e8 un aspetto importante del mantenimento della strategia di asset allocation. Nel corso del tempo, la performance delle diverse classi di attivit\u00e0 pu\u00f2 far s\u00ec che il portafoglio si discosti dall'allocazione target.<\/p>\n\n\n\n<p>Il ribilanciamento consiste nel vendere gli investimenti che sono stati sovrappesati e nell'acquistare quelli che sono stati sottopesati, riportando il portafoglio in linea con l'allocazione desiderata.<\/p>\n\n\n\n<p>Ad esempio, se il vostro portafoglio originario puntava su 60% di azioni e 40% di azioni. <a href=\"https:\/\/adamfayed.com\/it\/investment-options\/offshore-investment-bonds\/\" target=\"_blank\" rel=\"noreferrer noopener\">obbligazioni<\/a> e, a causa di un rally del mercato azionario, il portafoglio passa a 70% di azioni e 30% di obbligazioni, si vendono alcune azioni e si acquistano altre obbligazioni per ripristinare il rapporto 60\/40.<\/p>\n\n\n\n<div style=\"height:20px\" aria-hidden=\"true\" class=\"wp-block-spacer\"><\/div>\n\n\n\n<h3 class=\"wp-block-heading\">Quando riequilibrare il portafoglio di fondi comuni di investimento?<\/h3>\n\n\n\n<p>Il ribilanciamento pu\u00f2 essere effettuato con cadenza regolare, ad esempio annuale o semestrale, oppure in base a variazioni percentuali significative dell'asset allocation.<\/p>\n\n\n\n<p>Alcuni investitori preferiscono un approccio basato sul calendario, ribilanciando a intervalli prestabiliti, mentre altri possono optare per un approccio basato sulla soglia, ribilanciando quando una classe di attivit\u00e0 si discosta di una certa percentuale dalla sua allocazione target. <\/p>\n\n\n\n<p>\u00c8 inoltre importante considerare <a href=\"https:\/\/adamfayed.com\/it\/financial-planning\/personal-financial-planning\/expat-tax\/\" data-type=\"link\" data-id=\"https:\/\/adamfayed.com\/financial-planning\/personal-financial-planning\/expat-tax\/\">implicazioni fiscali<\/a> e i costi di transazione al momento del ribilanciamento. La vendita di attivit\u00e0 in un conto imponibile pu\u00f2 far scattare le imposte sulle plusvalenze, per cui \u00e8 saggio scegliere in modo strategico quando e quanto vendere. In alcuni casi, il ribilanciamento all'interno di conti fiscalmente agevolati come IRA o 401(k) pu\u00f2 essere un approccio pi\u00f9 efficiente dal punto di vista fiscale.<\/p>\n\n\n\n<p>Il ribilanciamento regolare del portafoglio \u00e8 una parte essenziale della gestione degli investimenti. Assicura che il vostro portafoglio rimanga allineato alla vostra tolleranza al rischio e ai vostri obiettivi d'investimento, aiutandovi a navigare efficacemente tra gli alti e bassi del mercato.<\/p>\n\n\n\n<div style=\"height:30px\" aria-hidden=\"true\" class=\"wp-block-spacer\"><\/div>\n\n\n\n<h2 class=\"wp-block-heading\"><strong>Punti di forza<\/strong><\/h2>\n\n\n\n<p>Valutare i rischi di <a href=\"https:\/\/adamfayed.com\/it\/investment-options\/\" target=\"_blank\" rel=\"noreferrer noopener\">opzioni di investimento<\/a> Come i fondi comuni di investimento, la valutazione della performance si basa sull'analisi dei rendimenti storici, sul confronto con i benchmark e sulla coerenza nel tempo.<\/p>\n\n\n\n<p><\/p>\n\n\n\n<p><strong>Siete afflitti dall'indecisione finanziaria? <\/strong><\/p>\n\n\n\n<figure class=\"wp-block-image size-large is-resized\"><img decoding=\"async\" width=\"512\" height=\"288\" src=\"https:\/\/adamfayed.com\/wp-content\/uploads\/2025\/03\/Adam-Fayed-Contact_CTA3-512x288.jpg\" alt=\"\" class=\"wp-image-117505\" style=\"width:683px;height:auto\" srcset=\"https:\/\/adamfayed.com\/wp-content\/uploads\/2025\/03\/Adam-Fayed-Contact_CTA3-512x288.jpg 512w, https:\/\/adamfayed.com\/wp-content\/uploads\/2025\/03\/Adam-Fayed-Contact_CTA3-300x169.jpg 300w, https:\/\/adamfayed.com\/wp-content\/uploads\/2025\/03\/Adam-Fayed-Contact_CTA3-768x432.jpg 768w, https:\/\/adamfayed.com\/wp-content\/uploads\/2025\/03\/Adam-Fayed-Contact_CTA3-scaled.jpg 825w\" sizes=\"(max-width: 512px) 100vw, 512px\" \/><\/figure>\n\n\n\n<div style=\"height:10px\" aria-hidden=\"true\" class=\"wp-block-spacer\"><\/div>\n\n\n\n<div class=\"wp-block-buttons is-layout-flex wp-block-buttons-is-layout-flex\">\n<div class=\"wp-block-button\"><a class=\"wp-block-button__link wp-element-button\" href=\"https:\/\/adamfayed.com\/it\/become-adams-client\/\">Diventa mio cliente<\/a><\/div>\n\n\n\n<div class=\"wp-block-button\"><a class=\"wp-block-button__link wp-element-button\" href=\"https:\/\/adamfayed.com\/it\/good-match-quiz\/\" target=\"_blank\" rel=\"noreferrer noopener\">Fare il quiz sull'idoneit\u00e0 del cliente<\/a><\/div>\n\n\n\n<div class=\"wp-block-button\"><a class=\"wp-block-button__link wp-element-button\" href=\"https:\/\/adamfayed.com\/it\/contact\/\" target=\"_blank\" rel=\"noreferrer noopener\">Contatto<\/a><\/div>\n<\/div>\n\n\n\n<p><strong>Adam \u00e8 un autore riconosciuto a livello internazionale in materia finanziaria con oltre 830 milioni di visualizzazioni di risposte su Quora, un libro molto venduto su Amazon e un contributo su Forbes.<\/strong><\/p>","protected":false},"excerpt":{"rendered":"<p>Rischio e performance dei fondi comuni di investimento<\/p>","protected":false},"author":16,"featured_media":78747,"parent":78255,"menu_order":0,"comment_status":"open","ping_status":"closed","template":"","meta":{"rop_custom_images_group":[],"rop_custom_messages_group":[],"rop_publish_now":"initial","rop_publish_now_accounts":{"facebook_10166176115445471_100883565069113":""},"rop_publish_now_history":[],"rop_publish_now_status":"pending","footnotes":""},"class_list":["post-78746","page","type-page","status-publish","has-post-thumbnail","hentry"],"_links":{"self":[{"href":"https:\/\/adamfayed.com\/it\/wp-json\/wp\/v2\/pages\/78746","targetHints":{"allow":["GET"]}}],"collection":[{"href":"https:\/\/adamfayed.com\/it\/wp-json\/wp\/v2\/pages"}],"about":[{"href":"https:\/\/adamfayed.com\/it\/wp-json\/wp\/v2\/types\/page"}],"author":[{"embeddable":true,"href":"https:\/\/adamfayed.com\/it\/wp-json\/wp\/v2\/users\/16"}],"replies":[{"embeddable":true,"href":"https:\/\/adamfayed.com\/it\/wp-json\/wp\/v2\/comments?post=78746"}],"version-history":[{"count":2,"href":"https:\/\/adamfayed.com\/it\/wp-json\/wp\/v2\/pages\/78746\/revisions"}],"predecessor-version":[{"id":121038,"href":"https:\/\/adamfayed.com\/it\/wp-json\/wp\/v2\/pages\/78746\/revisions\/121038"}],"up":[{"embeddable":true,"href":"https:\/\/adamfayed.com\/it\/wp-json\/wp\/v2\/pages\/78255"}],"wp:featuredmedia":[{"embeddable":true,"href":"https:\/\/adamfayed.com\/it\/wp-json\/wp\/v2\/media\/78747"}],"wp:attachment":[{"href":"https:\/\/adamfayed.com\/it\/wp-json\/wp\/v2\/media?parent=78746"}],"curies":[{"name":"wp","href":"https:\/\/api.w.org\/{rel}","templated":true}]}}