{"id":79730,"date":"2024-04-18T19:01:36","date_gmt":"2024-04-18T19:01:36","guid":{"rendered":"https:\/\/adamfayed.com\/?page_id=79730"},"modified":"2025-11-03T07:14:04","modified_gmt":"2025-11-03T07:14:04","slug":"savings-account","status":"publish","type":"page","link":"https:\/\/adamfayed.com\/it\/investment-options\/savings-account\/","title":{"rendered":"Conto di risparmio"},"content":{"rendered":"<p>I conti di risparmio svolgono un ruolo cruciale nella finanza personale, in quanto offrono un luogo sicuro dove depositare il proprio denaro e guadagnare interessi nel tempo. <\/p>\n\n\n\n<p>In questa pagina si parler\u00e0 di:<\/p>\n\n\n\n<ul class=\"wp-block-list\">\n<li>Che cos'\u00e8 un conto di risparmio?<\/li>\n\n\n\n<li>Conto corrente vs. conto di risparmio<\/li>\n\n\n\n<li>Tassi di interesse dei conti di risparmio<\/li>\n\n\n\n<li>Miglior conto di risparmio<\/li>\n<\/ul>\n\n\n\n<p><\/p>\n\n\n\n<p>Se volete investire come un espatriato o un individuo con un alto patrimonio netto, che \u00e8 ci\u00f2 in cui sono specializzato, potete inviarmi un'e-mail (advice@adamfayed.com) o utilizzare WhatsApp (+44-7393-450-837).<\/p>\n\n\n\n<p>Il risparmio costituisce la base per una solida <a href=\"https:\/\/adamfayed.com\/it\/financial-planning\/personal-financial-planning\/\">piano finanziario<\/a>.<\/p>\n\n\n\n<div style=\"height:18px\" aria-hidden=\"true\" class=\"wp-block-spacer\"><\/div>\n\n\n\n<h2 class=\"wp-block-heading\"><strong>Che cos'\u00e8 un conto di risparmio?<\/strong><\/h2>\n\n\n\n<p>Un conto di risparmio \u00e8 un conto di deposito presso una banca o un istituto finanziario che consente di tenere il proprio denaro al sicuro e di guadagnare interessi.<\/p>\n\n\n\n<p>A differenza dei conti correnti, che sono concepiti per le transazioni quotidiane, i conti di risparmio si concentrano sulla conservazione dei fondi a lungo termine. Incoraggiano il risparmio offrendo interessi sul denaro depositato, che si accumulano nel tempo, contribuendo a far crescere il saldo.<\/p>\n\n\n\n<div class=\"wp-block-group is-layout-constrained wp-block-group-is-layout-constrained\">\n<figure class=\"wp-block-image alignright size-medium\"><img fetchpriority=\"high\" decoding=\"async\" width=\"300\" height=\"300\" src=\"https:\/\/adamfayed.com\/wp-content\/uploads\/2024\/02\/Savings-Accounts-1-300x300.webp\" alt=\"Savings Account Interest Rates\" class=\"wp-image-79915\" srcset=\"https:\/\/adamfayed.com\/wp-content\/uploads\/2024\/02\/Savings-Accounts-1-300x300.webp 300w, https:\/\/adamfayed.com\/wp-content\/uploads\/2024\/02\/Savings-Accounts-1-512x512.webp 512w, https:\/\/adamfayed.com\/wp-content\/uploads\/2024\/02\/Savings-Accounts-1-150x150.webp 150w, https:\/\/adamfayed.com\/wp-content\/uploads\/2024\/02\/Savings-Accounts-1-768x768.webp 768w, https:\/\/adamfayed.com\/wp-content\/uploads\/2024\/02\/Savings-Accounts-1-scaled.webp 825w\" sizes=\"(max-width: 300px) 100vw, 300px\" \/><\/figure>\n<\/div>\n\n\n\n<p>Le banche utilizzano il denaro contenuto in questi conti per finanziare prestiti ad altri clienti, una pratica che consente loro di pagare gli interessi. Il tasso di crescita del vostro denaro dipende dalla <a href=\"https:\/\/www.chase.com\/personal\/banking\/education\/budgeting-saving\/how-to-calculate-apy\" target=\"_blank\" rel=\"noopener\">rendimento annuo percentuale (APY)<\/a> il conto offre.<\/p>\n\n\n\n<p>Le norme federali limitano il numero di alcuni tipi di prelievi o trasferimenti dai risparmi a sei per ciclo di rendicontazione, sottolineando il loro scopo.<\/p>\n\n\n\n<p>I vantaggi di avere un conto di risparmio sono numerosi. Offrono un luogo sicuro in cui riporre i propri contanti, spesso assicurati fino a $250.000 dall'Agenzia delle Entrate. <a href=\"https:\/\/www.fdic.gov\/\" target=\"_blank\" rel=\"noopener\">Societ\u00e0 federale di assicurazione dei depositi (FDIC)<\/a> negli Stati Uniti, proteggendo i vostri fondi dai fallimenti bancari.<\/p>\n\n\n\n<p>Offrono inoltre liquidit\u00e0, ossia la possibilit\u00e0 di accedere al proprio denaro in caso di necessit\u00e0, anche se non cos\u00ec liberamente come nel caso dei conti correnti.<\/p>\n\n\n\n<p>Questa liquidit\u00e0, combinata con la sicurezza della FDIC <a href=\"https:\/\/adamfayed.com\/it\/insurance\/\">assicurazione<\/a>, Questo rende questi conti una scelta eccellente per costituire un fondo di emergenza o per risparmiare per obiettivi finanziari a breve termine.<\/p>\n\n\n\n<div style=\"height:18px\" aria-hidden=\"true\" class=\"wp-block-spacer\"><\/div>\n\n\n\n<h3 class=\"wp-block-heading\"><a href=\"https:\/\/adamfayed.com\/it\/investment-options\/savings-account\/health-savings-accounts\/\">Conti di risparmio sanitario<\/a> (HSA)<\/h3>\n\n\n\n<p>Conti di risparmio sanitario (HSA) <a href=\"https:\/\/www.healthcare.gov\/glossary\/health-savings-account-hsa\/\" target=\"_blank\" rel=\"noopener\">offerta<\/a> un modo fiscalmente agevolato per risparmiare e pagare le spese sanitarie. Per avere diritto a un HSA \u00e8 necessario iscriversi a un'associazione di volontariato. <a href=\"https:\/\/www.healthcare.gov\/glossary\/high-deductible-health-plan\/\" target=\"_blank\" rel=\"noopener\">piano sanitario ad alta deducibilit\u00e0 (HDHP).<\/a><\/p>\n\n\n\n<p>Questi conti si distinguono perch\u00e9 consentono di versare contributi al lordo delle imposte, che crescono in esenzione fiscale e possono essere ritirati in esenzione fiscale se utilizzati per spese mediche qualificate. Questo triplice vantaggio fiscale rende gli HSA un potente strumento per la gestione delle spese sanitarie.<\/p>\n\n\n\n<div style=\"height:18px\" aria-hidden=\"true\" class=\"wp-block-spacer\"><\/div>\n\n\n\n<h3 class=\"wp-block-heading\">Conto corrente e conto di risparmio<\/h3>\n\n\n\n<p>Un conto corrente \u00e8 progettato per le transazioni quotidiane, compresi depositi, prelievi e pagamenti. Questi conti offrono in genere transazioni illimitate, carte di debito e, talvolta, la possibilit\u00e0 di scrivere assegni.<\/p>\n\n\n\n<p>L'uso principale di un conto corrente \u00e8 la comodit\u00e0 per le attivit\u00e0 finanziarie quotidiane. \u00c8 il luogo in cui si deposita lo stipendio, si pagano le bollette o si prelevano contanti senza preoccuparsi dei limiti delle transazioni.<\/p>\n\n\n\n<p>Il risparmio, invece, \u00e8 destinato a conservare il denaro a lungo termine, guadagnando interessi sul saldo. Serve come riserva per i fondi di emergenza o come risparmio per gli obiettivi finanziari. <\/p>\n\n\n\n<p>Questo conto \u00e8 soggetto a limiti di transazione, che scoraggiano i prelievi frequenti e aiutano a promuovere l'abitudine al risparmio.<\/p>\n\n\n\n<div style=\"height:18px\" aria-hidden=\"true\" class=\"wp-block-spacer\"><\/div>\n\n\n\n<h2 class=\"wp-block-heading\"><strong>Tassi di interesse sui conti di risparmio<\/strong><\/h2>\n\n\n\n<figure class=\"wp-block-image alignright size-medium is-resized\"><img decoding=\"async\" width=\"300\" height=\"300\" src=\"https:\/\/adamfayed.com\/wp-content\/uploads\/2024\/02\/Savings-Accounts-3-300x300.webp\" alt=\"Best Bank for Savings Account\" class=\"wp-image-79918\" style=\"width:192px;height:auto\" srcset=\"https:\/\/adamfayed.com\/wp-content\/uploads\/2024\/02\/Savings-Accounts-3-300x300.webp 300w, https:\/\/adamfayed.com\/wp-content\/uploads\/2024\/02\/Savings-Accounts-3-512x512.webp 512w, https:\/\/adamfayed.com\/wp-content\/uploads\/2024\/02\/Savings-Accounts-3-150x150.webp 150w, https:\/\/adamfayed.com\/wp-content\/uploads\/2024\/02\/Savings-Accounts-3-768x768.webp 768w, https:\/\/adamfayed.com\/wp-content\/uploads\/2024\/02\/Savings-Accounts-3-scaled.webp 825w\" sizes=\"(max-width: 300px) 100vw, 300px\" \/><\/figure>\n\n\n\n<p>I tassi di interesse sui risparmi sono determinati da diversi fattori, tra cui il contesto economico generale, la politica monetaria della Federal Reserve e la concorrenza tra le banche.<\/p>\n\n\n\n<p>Le banche pagano gli interessi su questi conti come compenso per aver depositato il vostro denaro presso di loro, che poi prestano ad altri.<\/p>\n\n\n\n<div style=\"height:18px\" aria-hidden=\"true\" class=\"wp-block-spacer\"><\/div>\n\n\n\n<h3 class=\"wp-block-heading\">Cos'\u00e8 un conto di risparmio ad alto rendimento?<\/h3>\n\n\n\n<p>Un conto di risparmio ad alto rendimento \u00e8 un tipo di conto di risparmio che offre un tasso di interesse significativamente pi\u00f9 alto rispetto ai conti tradizionali.<\/p>\n\n\n\n<p>Questi conti sono particolarmente interessanti per i risparmiatori che desiderano massimizzare il rendimento dei loro depositi senza assumersi il rischio associato a investimenti quali <a href=\"https:\/\/adamfayed.com\/it\/investment-options\/what-are-stocks\/\">scorte<\/a> o <a href=\"https:\/\/adamfayed.com\/it\/investment-options\/what-are-bonds\/\">obbligazioni<\/a>.<\/p>\n\n\n\n<div style=\"height:18px\" aria-hidden=\"true\" class=\"wp-block-spacer\"><\/div>\n\n\n\n<h2 class=\"wp-block-heading\"><strong>Miglior conto di risparmio<\/strong><\/h2>\n\n\n\n<p>Le banche online hanno rivoluzionato il modo di risparmiare, offrendo spesso tassi di interesse pi\u00f9 elevati rispetto alle banche tradizionali grazie ai minori costi operativi.<\/p>\n\n\n\n<p>Quando si valutano le opzioni per il miglior risparmio online, bisogna considerare fattori come i tassi di interesse, le commissioni, l'accessibilit\u00e0 e i vantaggi aggiuntivi. Un conto che combina un rendimento elevato con commissioni ridotte e un accesso comodo offre il miglior valore per la maggior parte dei risparmiatori.<\/p>\n\n\n\n<div style=\"height:18px\" aria-hidden=\"true\" class=\"wp-block-spacer\"><\/div>\n\n\n\n<h2 class=\"wp-block-heading\"><strong>La migliore banca per il conto di risparmio<\/strong><\/h2>\n\n\n\n<p>La scelta della migliore banca per il risparmio \u00e8 fondamentale per ottimizzare la crescita finanziaria e raggiungere gli obiettivi di risparmio.<\/p>\n\n\n\n<p>Tra le migliori banche per questo conto figurano Capital One, Chase, Discover, Ally Bank, Bank of America, American Express, Sofi e Goldman Sachs.<\/p>\n\n\n\n<p><\/p>\n\n\n\n<p><strong>Siete afflitti dall'indecisione finanziaria? <\/strong><\/p>\n\n\n\n<figure class=\"wp-block-image size-large is-resized\"><img decoding=\"async\" width=\"512\" height=\"288\" src=\"https:\/\/adamfayed.com\/wp-content\/uploads\/2025\/03\/Adam-Fayed-Contact_CTA3-512x288.jpg\" alt=\"\" class=\"wp-image-117505\" style=\"width:683px;height:auto\" srcset=\"https:\/\/adamfayed.com\/wp-content\/uploads\/2025\/03\/Adam-Fayed-Contact_CTA3-512x288.jpg 512w, https:\/\/adamfayed.com\/wp-content\/uploads\/2025\/03\/Adam-Fayed-Contact_CTA3-300x169.jpg 300w, https:\/\/adamfayed.com\/wp-content\/uploads\/2025\/03\/Adam-Fayed-Contact_CTA3-768x432.jpg 768w, https:\/\/adamfayed.com\/wp-content\/uploads\/2025\/03\/Adam-Fayed-Contact_CTA3-scaled.jpg 825w\" sizes=\"(max-width: 512px) 100vw, 512px\" \/><\/figure>\n\n\n\n<div style=\"height:10px\" aria-hidden=\"true\" class=\"wp-block-spacer\"><\/div>\n\n\n\n<div class=\"wp-block-buttons is-layout-flex wp-block-buttons-is-layout-flex\">\n<div class=\"wp-block-button\"><a class=\"wp-block-button__link wp-element-button\" href=\"https:\/\/adamfayed.com\/it\/become-adams-client\/\">Diventa mio cliente<\/a><\/div>\n\n\n\n<div class=\"wp-block-button\"><a class=\"wp-block-button__link wp-element-button\" href=\"https:\/\/adamfayed.com\/it\/good-match-quiz\/\" target=\"_blank\" rel=\"noreferrer noopener\">Fare il quiz sull'idoneit\u00e0 del cliente<\/a><\/div>\n\n\n\n<div class=\"wp-block-button\"><a class=\"wp-block-button__link wp-element-button\" href=\"https:\/\/adamfayed.com\/it\/contact\/\" target=\"_blank\" rel=\"noreferrer noopener\">Contatto<\/a><\/div>\n<\/div>\n\n\n\n<p><strong>Adam \u00e8 un autore riconosciuto a livello internazionale in materia finanziaria con oltre 830 milioni di visualizzazioni di risposte su Quora, un libro molto venduto su Amazon e un contributo su Forbes.<\/strong><\/p>","protected":false},"excerpt":{"rendered":"<p>Conto di risparmio<\/p>","protected":false},"author":17,"featured_media":79921,"parent":79603,"menu_order":0,"comment_status":"open","ping_status":"closed","template":"","meta":{"rop_custom_images_group":[],"rop_custom_messages_group":[],"rop_publish_now":"initial","rop_publish_now_accounts":{"facebook_10166176115445471_100883565069113":""},"rop_publish_now_history":[],"rop_publish_now_status":"pending","footnotes":""},"class_list":["post-79730","page","type-page","status-publish","has-post-thumbnail","hentry"],"_links":{"self":[{"href":"https:\/\/adamfayed.com\/it\/wp-json\/wp\/v2\/pages\/79730","targetHints":{"allow":["GET"]}}],"collection":[{"href":"https:\/\/adamfayed.com\/it\/wp-json\/wp\/v2\/pages"}],"about":[{"href":"https:\/\/adamfayed.com\/it\/wp-json\/wp\/v2\/types\/page"}],"author":[{"embeddable":true,"href":"https:\/\/adamfayed.com\/it\/wp-json\/wp\/v2\/users\/17"}],"replies":[{"embeddable":true,"href":"https:\/\/adamfayed.com\/it\/wp-json\/wp\/v2\/comments?post=79730"}],"version-history":[{"count":2,"href":"https:\/\/adamfayed.com\/it\/wp-json\/wp\/v2\/pages\/79730\/revisions"}],"predecessor-version":[{"id":228921,"href":"https:\/\/adamfayed.com\/it\/wp-json\/wp\/v2\/pages\/79730\/revisions\/228921"}],"up":[{"embeddable":true,"href":"https:\/\/adamfayed.com\/it\/wp-json\/wp\/v2\/pages\/79603"}],"wp:featuredmedia":[{"embeddable":true,"href":"https:\/\/adamfayed.com\/it\/wp-json\/wp\/v2\/media\/79921"}],"wp:attachment":[{"href":"https:\/\/adamfayed.com\/it\/wp-json\/wp\/v2\/media?parent=79730"}],"curies":[{"name":"wp","href":"https:\/\/api.w.org\/{rel}","templated":true}]}}