{"id":79733,"date":"2024-02-19T16:45:23","date_gmt":"2024-02-19T16:45:23","guid":{"rendered":"https:\/\/adamfayed.com\/?page_id=79733"},"modified":"2025-03-27T06:43:09","modified_gmt":"2025-03-27T06:43:09","slug":"independent-financial-advisor","status":"publish","type":"page","link":"https:\/\/adamfayed.com\/it\/expat-financial-advisor\/independent-financial-advisor\/","title":{"rendered":"Consulente finanziario indipendente (IFA)"},"content":{"rendered":"<p>Mappa del sito: <a href=\"https:\/\/adamfayed.com\/it\/financial-planning\/expat-financial-advisor\/\">Consulente finanziario per gli espatri<\/a> &gt; Consulente finanziario indipendente<\/p>\n\n\n\n<p>Tra gli aspetti importanti della gestione delle proprie finanze vi sono il risparmio per il futuro e il raggiungimento di un punto di stabilit\u00e0 finanziaria.  Un consulente finanziario indipendente di fiducia pu\u00f2 far luce sul labirinto delle opportunit\u00e0 di investimento, delle strategie di pensionamento e della gestione patrimoniale.\u00a0<\/p>\n\n\n\n<p>Se state cercando di investire come espatriati o individui con un alto patrimonio netto, che \u00e8 ci\u00f2 in cui sono specializzato, potete inviarmi un'e-mail (advice@adamfayed.com) o un messaggio WhatsApp (+44-7393-450-837).<\/p>\n\n\n\n<p>In questa sede, daremo uno sguardo ai consulenti finanziari indipendenti (IFA), a ci\u00f2 che fanno, ai vantaggi che offrono e a come la loro consulenza imparziale possa aiutare le persone a sentirsi pi\u00f9 sicure quando si tratta di affrontare le complessit\u00e0 della vita quotidiana. <a href=\"https:\/\/adamfayed.com\/it\/financial-planning\/personal-financial-planning\/\">pianificazione finanziaria<\/a>.<\/p>\n\n\n\n<p>In particolare, gli argomenti che tratteremo includono:<\/p>\n\n\n\n<ul class=\"wp-block-list\">\n<li>Che cos'\u00e8 un consulente finanziario indipendente?\n<ul class=\"wp-block-list\">\n<li>Consulente finanziario vs. consulente finanziario<\/li>\n<\/ul>\n<\/li>\n\n\n\n<li>Cosa fa un consulente finanziario?<\/li>\n\n\n\n<li>Servizi di consulenza finanziaria indipendente<\/li>\n<\/ul>\n\n\n\n<div style=\"height:30px\" aria-hidden=\"true\" class=\"wp-block-spacer\"><\/div>\n\n\n\n<h2 class=\"wp-block-heading\"><strong>Che cos'\u00e8 un consulente finanziario indipendente?<\/strong><\/h2>\n\n\n\n<figure class=\"wp-block-image alignright size-medium\"><img fetchpriority=\"high\" decoding=\"async\" width=\"300\" height=\"200\" src=\"https:\/\/adamfayed.com\/wp-content\/uploads\/2024\/02\/what-does-a-financial-advisor-do-300x200.jpg\" alt=\"What is an independent financial advisor\" class=\"wp-image-79738\" srcset=\"https:\/\/adamfayed.com\/wp-content\/uploads\/2024\/02\/what-does-a-financial-advisor-do-300x200.jpg 300w, https:\/\/adamfayed.com\/wp-content\/uploads\/2024\/02\/what-does-a-financial-advisor-do-512x342.jpg 512w, https:\/\/adamfayed.com\/wp-content\/uploads\/2024\/02\/what-does-a-financial-advisor-do.jpg 640w\" sizes=\"(max-width: 300px) 100vw, 300px\" \/><\/figure>\n\n\n\n<p>Una persona o un'azienda che viene considerata un consulente finanziario indipendente non ha alcun legame con <a href=\"https:\/\/adamfayed.com\/it\/review-articles\/hsbc-expat-review-2024-a-good-solution-for-expats\/\" data-type=\"link\" data-id=\"https:\/\/adamfayed.com\/review-articles\/hsbc-expat-review-2024-a-good-solution-for-expats\/\">banche pi\u00f9 grandi<\/a> o altre organizzazioni finanziarie. Possono fornirvi una consulenza priva di pregiudizi, in base a quanto stabilito da <a href=\"https:\/\/www.marketwatch.com\/picks\/what-is-an-independent-financial-adviser-how-do-they-differ-from-the-rest-d7e2ceab\" target=\"_blank\" rel=\"noopener\">MarketWatch<\/a>.<\/p>\n\n\n\n<p>Per ridurre la probabilit\u00e0 di conflitti di interesse, questi consulenti gestiscono una variet\u00e0 di prodotti e servizi finanziari e spesso si avvalgono di depositari esterni per custodire i beni dei loro clienti. Possono scegliere di evitare i conflitti di interesse operando secondo un modello di remunerazione a parcella, comune tra i liberi professionisti.<\/p>\n\n\n\n<p>Per diventare un consulente finanziario indipendente \u00e8 necessario acquisire diverse licenze di negoziazione di titoli e di consulenza finanziaria. I prerequisiti fondamentali includono la conformit\u00e0 con le agenzie di regolamentazione, l'osservanza delle norme etiche e di conformit\u00e0 e l'impegno continuo nei programmi di formazione.<\/p>\n\n\n\n<p>Per avere un maggiore margine di manovra, per poter decidere del futuro della propria societ\u00e0 e per potersi attenere a una certa filosofia di investimento, molti consulenti stanno diventando indipendenti.<\/p>\n\n\n\n<p>Tra le tante sfaccettature di <a class=\"wpil_keyword_link\" href=\"https:\/\/adamfayed.com\/it\/personal-financial-planning\/\" title=\"pianificazione finanziaria\" data-wpil-keyword-link=\"linked\" data-wpil-monitor-id=\"1880\">pianificazione finanziaria<\/a> La creazione e il monitoraggio delle dichiarazioni sulla politica d'investimento sono le attivit\u00e0 che svolgono con i clienti.<\/p>\n\n\n\n<figure class=\"wp-block-embed is-type-wp-embed is-provider-adam-fayed wp-block-embed-adam-fayed\"><div class=\"wp-block-embed__wrapper\">\n<blockquote class=\"wp-embedded-content\" data-secret=\"iLwVlHmUz4\"><a href=\"https:\/\/adamfayed.com\/it\/financial-planning\/personal-financial-planning\/\">Pianificazione finanziaria personale<\/a><\/blockquote><iframe class=\"wp-embedded-content\" sandbox=\"allow-scripts\" security=\"restricted\" style=\"position: absolute; visibility: hidden;\" title=\"\u201cPianificazione finanziaria personale\u201d - Adam Fayed\" src=\"https:\/\/adamfayed.com\/financial-planning\/personal-financial-planning\/embed\/#?secret=9KWHLl6ari#?secret=iLwVlHmUz4\" data-secret=\"iLwVlHmUz4\" width=\"600\" height=\"338\" frameborder=\"0\" marginwidth=\"0\" marginheight=\"0\" scrolling=\"no\"><\/iframe>\n<\/div><\/figure>\n\n\n\n<p><\/p>\n\n\n\n<div style=\"height:18px\" aria-hidden=\"true\" class=\"wp-block-spacer\"><\/div>\n\n\n\n<h3 class=\"wp-block-heading\">Consulente finanziario vs. consulente finanziario<\/h3>\n\n\n\n<p>L'enfasi dei consulenti finanziari tende a essere sul lungo termine, mentre quella dei consulenti finanziari \u00e8 sul breve termine.<\/p>\n\n\n\n<p>A differenza dei consulenti finanziari, i consulenti finanziari possono scegliere di lavorare per un'organizzazione o di mettersi in proprio.<\/p>\n\n\n\n<div style=\"height:30px\" aria-hidden=\"true\" class=\"wp-block-spacer\"><\/div>\n\n\n\n<h2 class=\"wp-block-heading\"><strong>Cosa fa un consulente finanziario?<\/strong><\/h2>\n\n\n\n<figure class=\"wp-block-image alignright size-medium is-resized\"><img decoding=\"async\" width=\"300\" height=\"300\" src=\"https:\/\/adamfayed.com\/wp-content\/uploads\/2024\/02\/What-does-a-financial-advisor-do-300x300.webp\" alt=\"What does a financial advisor do\" class=\"wp-image-81436\" style=\"width:261px;height:auto\" srcset=\"https:\/\/adamfayed.com\/wp-content\/uploads\/2024\/02\/What-does-a-financial-advisor-do-300x300.webp 300w, https:\/\/adamfayed.com\/wp-content\/uploads\/2024\/02\/What-does-a-financial-advisor-do-512x512.webp 512w, https:\/\/adamfayed.com\/wp-content\/uploads\/2024\/02\/What-does-a-financial-advisor-do-150x150.webp 150w, https:\/\/adamfayed.com\/wp-content\/uploads\/2024\/02\/What-does-a-financial-advisor-do-768x768.webp 768w, https:\/\/adamfayed.com\/wp-content\/uploads\/2024\/02\/What-does-a-financial-advisor-do-scaled.webp 825w\" sizes=\"(max-width: 300px) 100vw, 300px\" \/><\/figure>\n\n\n\n<p>Per aiutare i loro clienti a prendere decisioni sicure e di successo, i consulenti finanziari offrono una guida strategica su diversi aspetti. <a href=\"https:\/\/adamfayed.com\/it\/review-articles\/zurich-vista-quantum-friends-provident-hansard-rl360-reviews\/\" target=\"_blank\" rel=\"noreferrer noopener\">prodotti e servizi finanziari<\/a>. Tra i loro compiti c'\u00e8 la creazione di piani finanziari completi dopo aver raccolto informazioni sulla situazione e sui desideri dei clienti. Inoltre, valutano i dati monetari, compilano rapporti sulla performance degli investimenti e fanno previsioni sul reddito dei clienti.<\/p>\n\n\n\n<p>Oltre a gestire e aggiornare i portafogli dei clienti, i consulenti finanziari si occupano anche di creare e mantenere una base di clienti, di tenere i clienti al corrente di qualsiasi cambiamento della loro condizione finanziaria attraverso un contatto regolare con i clienti e altro ancora.<\/p>\n\n\n\n<div style=\"height:30px\" aria-hidden=\"true\" class=\"wp-block-spacer\"><\/div>\n\n\n\n<h2 class=\"wp-block-heading\"><strong>Servizi di consulenza finanziaria indipendente<\/strong><\/h2>\n\n\n\n<p>I servizi pi\u00f9 comuni di consulenza finanziaria comprendono:<\/p>\n\n\n\n<ul class=\"wp-block-list\">\n<li>Consigliare i clienti sugli investimenti in base al loro stile, ai loro obiettivi e alla loro tolleranza al rischio, e costruire e modificare le strategie in modo appropriato.<\/li>\n<\/ul>\n\n\n\n<p><\/p>\n\n\n\n<ul class=\"wp-block-list\">\n<li>Assistere i clienti nella gestione del loro debito con successo.<\/li>\n<\/ul>\n\n\n\n<p><\/p>\n\n\n\n<ul class=\"wp-block-list\">\n<li>Ha assistito i clienti nella formulazione e nel rispetto dei budget per raggiungere gli obiettivi finanziari.<\/li>\n<\/ul>\n\n\n\n<p><\/p>\n\n\n\n<ul class=\"wp-block-list\">\n<li>Coaching ai clienti per il college <a href=\"https:\/\/adamfayed.com\/it\/review-articles\/zurich-international-vista-savings-plan-review\/\">pianificazione del risparmio<\/a> e <a href=\"https:\/\/adamfayed.com\/it\/review-articles\/rl360-regular-savings-plan-review\/\" data-type=\"link\" data-id=\"https:\/\/adamfayed.com\/review-articles\/rl360-regular-savings-plan-review\/\">risparmio<\/a> per l'istruzione dei loro figli.<\/li>\n<\/ul>\n\n\n\n<p><\/p>\n\n\n\n<ul class=\"wp-block-list\">\n<li>Creare un piano dettagliato per aiutare i clienti a raggiungere gli obiettivi <a href=\"https:\/\/adamfayed.com\/it\/financial-planning\/personal-financial-planning\/the-retirement-plan-guide\/\">pensionamento<\/a>.<\/li>\n<\/ul>\n\n\n\n<p><\/p>\n\n\n\n<ul class=\"wp-block-list\">\n<li>Aiutare i clienti a gestire e distribuire <a href=\"https:\/\/adamfayed.com\/it\/wealth-asset-management\/offshore-asset-protection-guide\/\" data-type=\"link\" data-id=\"https:\/\/adamfayed.com\/wealth-asset-management\/offshore-asset-protection-guide\/\">patrimonio<\/a> secondo i loro desideri.<\/li>\n<\/ul>\n\n\n\n<p><\/p>\n\n\n\n<p><strong>Siete afflitti dall'indecisione finanziaria? <\/strong><\/p>\n\n\n\n<figure class=\"wp-block-image size-large is-resized\"><img decoding=\"async\" width=\"512\" height=\"288\" src=\"https:\/\/adamfayed.com\/wp-content\/uploads\/2025\/03\/Adam-Fayed-Contact_CTA3-512x288.jpg\" alt=\"\" class=\"wp-image-117505\" style=\"width:683px;height:auto\" srcset=\"https:\/\/adamfayed.com\/wp-content\/uploads\/2025\/03\/Adam-Fayed-Contact_CTA3-512x288.jpg 512w, https:\/\/adamfayed.com\/wp-content\/uploads\/2025\/03\/Adam-Fayed-Contact_CTA3-300x169.jpg 300w, https:\/\/adamfayed.com\/wp-content\/uploads\/2025\/03\/Adam-Fayed-Contact_CTA3-768x432.jpg 768w, https:\/\/adamfayed.com\/wp-content\/uploads\/2025\/03\/Adam-Fayed-Contact_CTA3-scaled.jpg 825w\" sizes=\"(max-width: 512px) 100vw, 512px\" \/><\/figure>\n\n\n\n<div style=\"height:10px\" aria-hidden=\"true\" class=\"wp-block-spacer\"><\/div>\n\n\n\n<div class=\"wp-block-buttons is-layout-flex wp-block-buttons-is-layout-flex\">\n<div class=\"wp-block-button\"><a class=\"wp-block-button__link wp-element-button\" href=\"https:\/\/adamfayed.com\/it\/become-adams-client\/\">Diventa mio cliente<\/a><\/div>\n\n\n\n<div class=\"wp-block-button\"><a class=\"wp-block-button__link wp-element-button\" href=\"https:\/\/adamfayed.com\/it\/good-match-quiz\/\" target=\"_blank\" rel=\"noreferrer noopener\">Fare il quiz sull'idoneit\u00e0 del cliente<\/a><\/div>\n\n\n\n<div class=\"wp-block-button\"><a class=\"wp-block-button__link wp-element-button\" href=\"https:\/\/adamfayed.com\/it\/contact\/\" target=\"_blank\" rel=\"noreferrer noopener\">Contatto<\/a><\/div>\n<\/div>\n\n\n\n<p><strong>Adam \u00e8 un autore riconosciuto a livello internazionale in materia finanziaria con oltre 830 milioni di visualizzazioni di risposte su Quora, un libro molto venduto su Amazon e un contributo su Forbes.<\/strong><\/p>","protected":false},"excerpt":{"rendered":"<p>Sitemap: Expat Financial advisor &gt; Independent financial advisor Important parts of managing one&#8217;s own finances include saving for the future and reaching a point of financial stability.\u00a0 A trusted independent financial advisor can shed light on the maze of investing opportunities, retirement strategies, and asset management.\u00a0 If you are looking to invest as an expat [&hellip;]<\/p>\n","protected":false},"author":14,"featured_media":79737,"parent":58269,"menu_order":0,"comment_status":"open","ping_status":"closed","template":"","meta":{"rop_custom_images_group":[],"rop_custom_messages_group":[],"rop_publish_now":"initial","rop_publish_now_accounts":{"facebook_10166176115445471_100883565069113":""},"rop_publish_now_history":[],"rop_publish_now_status":"pending","footnotes":""},"class_list":["post-79733","page","type-page","status-publish","has-post-thumbnail","hentry"],"_links":{"self":[{"href":"https:\/\/adamfayed.com\/it\/wp-json\/wp\/v2\/pages\/79733","targetHints":{"allow":["GET"]}}],"collection":[{"href":"https:\/\/adamfayed.com\/it\/wp-json\/wp\/v2\/pages"}],"about":[{"href":"https:\/\/adamfayed.com\/it\/wp-json\/wp\/v2\/types\/page"}],"author":[{"embeddable":true,"href":"https:\/\/adamfayed.com\/it\/wp-json\/wp\/v2\/users\/14"}],"replies":[{"embeddable":true,"href":"https:\/\/adamfayed.com\/it\/wp-json\/wp\/v2\/comments?post=79733"}],"version-history":[{"count":3,"href":"https:\/\/adamfayed.com\/it\/wp-json\/wp\/v2\/pages\/79733\/revisions"}],"predecessor-version":[{"id":122217,"href":"https:\/\/adamfayed.com\/it\/wp-json\/wp\/v2\/pages\/79733\/revisions\/122217"}],"up":[{"embeddable":true,"href":"https:\/\/adamfayed.com\/it\/wp-json\/wp\/v2\/pages\/58269"}],"wp:featuredmedia":[{"embeddable":true,"href":"https:\/\/adamfayed.com\/it\/wp-json\/wp\/v2\/media\/79737"}],"wp:attachment":[{"href":"https:\/\/adamfayed.com\/it\/wp-json\/wp\/v2\/media?parent=79733"}],"curies":[{"name":"wp","href":"https:\/\/api.w.org\/{rel}","templated":true}]}}