{"id":81050,"date":"2024-02-26T02:54:46","date_gmt":"2024-02-26T02:54:46","guid":{"rendered":"https:\/\/adamfayed.com\/?page_id=81050"},"modified":"2025-04-03T14:11:12","modified_gmt":"2025-04-03T14:11:12","slug":"best-investments-for-2024","status":"publish","type":"page","link":"https:\/\/adamfayed.com\/it\/investment-options\/best-investments-for-2024\/","title":{"rendered":"I migliori investimenti per il 2024"},"content":{"rendered":"<p>Nonostante le aspettative iniziali, l'anno scorso si \u00e8 rivelato positivo per le azioni: il mercato ha registrato una crescita significativa nonostante le sfide dell'aumento dei tassi di interesse e la minaccia incombente di una recessione.<\/p>\n\n\n\n<p>Anche l'anno in corso potrebbe presentare delle incertezze. A prescindere da ci\u00f2 che accadr\u00e0, tuttavia, esistono ancora potenziali <a href=\"https:\/\/adamfayed.com\/it\/investment-options\/\">opzioni di investimento<\/a> dove investire il denaro, soprattutto per chi ha una prospettiva di lungo periodo.<\/p>\n\n\n\n<p>Se state cercando di investire come espatriati o individui con un alto patrimonio netto, che \u00e8 ci\u00f2 in cui sono specializzato, potete inviarmi un'e-mail (advice@adamfayed.com) o un messaggio WhatsApp (+44-7393-450-837).<\/p>\n\n\n\n<p>Il seguente elenco dei migliori investimenti per il 2024 inizia con alcune opzioni pi\u00f9 sicure e prosegue con quelle che offrono un potenziale di profitto pi\u00f9 elevato, ma che comportano un rischio maggiore. In questo modo si ottiene una combinazione equilibrata di stabilit\u00e0 e crescita in un clima di mercato difficile.<\/p>\n\n\n\n<p><\/p>\n\n\n\n<ul class=\"wp-block-list\">\n<li>Conti di risparmio ad alto rendimento<\/li>\n\n\n\n<li>Certificati di deposito a lungo termine<\/li>\n\n\n\n<li>Fondi obbligazionari corporate a lungo termine<\/li>\n\n\n\n<li>Fondi azionari a dividendo<\/li>\n\n\n\n<li>Fondi azionari value<\/li>\n\n\n\n<li>Fondi indicizzati REIT<\/li>\n\n\n\n<li>Propriet\u00e0 in affitto<\/li>\n<\/ul>\n\n\n\n<div style=\"height:23px\" aria-hidden=\"true\" class=\"wp-block-spacer\"><\/div>\n\n\n\n<h2 class=\"wp-block-heading\"><strong>Conti di risparmio ad alto rendimento<\/strong><\/h2>\n\n\n\n<p>A <a href=\"https:\/\/money.usnews.com\/investing\/articles\/10-best-investments-for-2024\" target=\"_blank\" rel=\"noopener\">conto di risparmio online ad alto rendimento<\/a> \u00e8 un tipo di conto che matura interessi sulla somma di denaro depositata. Simile a un conto di risparmio tradizionale, questo conto digitale offre un modo conveniente di conservare il proprio denaro.<\/p>\n\n\n\n<p>Un conto di risparmio \u00e8 un'opzione ideale come uno dei migliori investimenti per il 2024 per chi ha bisogno di un accesso immediato ai propri fondi. Inoltre, un conto di risparmio ad alto rendimento \u00e8 adatto agli investitori prudenti che vogliono ridurre la possibilit\u00e0 di non ricevere indietro il proprio investimento.<\/p>\n\n\n\n<p>Esistono diverse banche che offrono questo tipo di conti, protetti dalla Federal Deposit Insurance Corporation (FDIC). Pertanto, se si rispettano i limiti assicurativi federali, non \u00e8 necessario preoccuparsi di perdere i propri depositi.<\/p>\n\n\n\n<p>Sebbene i conti di risparmio ad alto rendimento siano considerati investimenti sicuri, simili ai CD, esiste comunque il rischio potenziale di perdere il valore del proprio denaro nel tempo a causa dell'inflazione, se i tassi di interesse sono troppo bassi.<\/p>\n\n\n\n<p>Le banche online offrono spesso tassi di interesse significativamente pi\u00f9 elevati rispetto alle banche tradizionali, grazie ai minori costi generali. Inoltre, il trasferimento di denaro alla vostra banca principale o l'accesso attraverso uno sportello bancomat sono di solito rapidi e convenienti.<\/p>\n\n\n\n<p>Per una parte significativa dell'anno, i tassi possono superare il tasso d'inflazione, determinando potenzialmente un aumento del vostro potere d'acquisto.<\/p>\n\n\n\n<div style=\"height:23px\" aria-hidden=\"true\" class=\"wp-block-spacer\"><\/div>\n\n\n\n<h2 class=\"wp-block-heading\"><strong>Certificati di deposito a lungo termine<\/strong><\/h2>\n\n\n\n<p>I certificati di deposito, noti anche come CD, sono tipicamente forniti dalle banche e tendono ad avere un tasso di interesse pi\u00f9 elevato rispetto ai conti di risparmio. Sono uno dei <a href=\"https:\/\/adamfayed.com\/it\/expats\/what-are-the-best-investing-options-for-american-expats-in-2023\/\">i migliori investimenti<\/a> per il 2024 per gli investitori a basso rischio.<\/p>\n\n\n\n<p>In situazioni in cui si prevede una diminuzione dei tassi di interesse, i CD a lungo termine possono essere una scelta pi\u00f9 vantaggiosa, in quanto consentono di mantenere un tasso di rendimento pi\u00f9 elevato sul proprio denaro per un periodo di tempo prolungato.<\/p>\n\n\n\n<p>Grazie alla loro natura sicura e ai migliori rendimenti, i certificati di deposito possono essere un'opzione adatta alle persone anziane che non hanno bisogno di liquidit\u00e0 immediata e sono in grado di investire i loro fondi per un breve periodo di tempo.<\/p>\n\n\n\n<p>Gli investitori che sono avversi al rischio e hanno un periodo di tempo specifico in cui hanno bisogno del loro denaro possono trarre vantaggio dall'utilizzo di un CD. Bloccando i loro contanti, possono potenzialmente ottenere un rendimento pi\u00f9 elevato rispetto a un conto di risparmio.<\/p>\n\n\n\n<p>Sebbene i CD siano generalmente percepiti come investimenti a basso rischio, essi presentano un potenziale rischio di reinvestimento. Ci\u00f2 significa che, in caso di diminuzione dei tassi d'interesse, gli investitori possono ricevere rendimenti inferiori quando reinvestono il capitale e gli interessi in nuovi CD con tassi pi\u00f9 bassi, come dimostrato nel 2020 e nel 2021.<\/p>\n\n\n\n<p>Una potenziale preoccupazione \u00e8 che i tassi d'interesse possano aumentare e che gli individui non possano approfittare di questa opportunit\u00e0 se hanno gi\u00e0 impegnato i loro fondi in un certificato di deposito (CD).<\/p>\n\n\n\n<p>Tuttavia, considerando il calo dei tassi previsto per il 2024, potrebbe essere vantaggioso assicurarsi un CD a lungo termine per ottenere un rendimento maggiore per tutta la durata del CD.<\/p>\n\n\n\n<p>Tenete presente che il potere d'acquisto del vostro investimento potrebbe ridursi notevolmente a causa dell'inflazione e delle imposte.<\/p>\n\n\n\n<p>Inoltre, se avete un CD, l'istituto finanziario vi pagher\u00e0 gli interessi a intervalli frequenti. Alla scadenza, riceverete l'importo iniziale investito e gli interessi accumulati.<\/p>\n\n\n\n<div style=\"height:23px\" aria-hidden=\"true\" class=\"wp-block-spacer\"><\/div>\n\n\n\n<h2 class=\"wp-block-heading\"><strong>Fondi obbligazionari corporate a lungo termine<\/strong><\/h2>\n\n\n\n<p>Le societ\u00e0 hanno la possibilit\u00e0 di generare fondi attraverso l'emissione di obbligazioni societarie agli investitori, che possono poi essere consolidate in fondi obbligazionari che detengono obbligazioni emesse da numerose societ\u00e0.<\/p>\n\n\n\n<p>Le obbligazioni con scadenza a lungo termine, pari o superiore a 10 anni, sono un'opzione pi\u00f9 adatta nei periodi di calo dei tassi d'interesse, come si prevede avverr\u00e0 quest'anno. <a href=\"https:\/\/adamfayed.com\/it\/best-investment-options-for-australian-expats-in-2023\/\">i migliori investimenti<\/a> per il 2024.<\/p>\n\n\n\n<p>I fondi obbligazionari societari sono adatti agli investitori che desiderano un flusso costante di reddito, come i pensionati, o a coloro che cercano di ridurre il rischio del proprio portafoglio pur ottenendo un profitto. Per gli investitori avversi al rischio che cercano rendimenti pi\u00f9 elevati rispetto ai fondi obbligazionari governativi, i fondi obbligazionari societari a lungo termine possono essere un'opzione valida.<\/p>\n\n\n\n<p>Analogamente ad altri tipi di fondi obbligazionari, i fondi obbligazionari societari a lungo termine non dispongono di copertura assicurativa FDIC.<\/p>\n\n\n\n<p>\u00c8 possibile che le imprese subiscano una riduzione del loro punteggio di credito o incontrino difficolt\u00e0 finanziarie, con conseguente insolvenza delle loro obbligazioni.<\/p>\n\n\n\n<p>Per ridurre questo rischio, \u00e8 importante assicurarsi che il portafoglio sia composto da obbligazioni societarie di alta qualit\u00e0. Inoltre, i fondi obbligazionari detengono in genere obbligazioni di pi\u00f9 societ\u00e0, riducendo cos\u00ec la probabilit\u00e0 che un'unica obbligazione abbia un impatto significativo sul vostro portafoglio.<\/p>\n\n\n\n<p>In genere, i fondi obbligazionari a lungo termine con rating investment-grade offrono agli investitori rendimenti pi\u00f9 interessanti rispetto ai fondi obbligazionari governativi e municipali. Tuttavia, questi rendimenti pi\u00f9 elevati comportano anche un maggiore livello di rischio.<\/p>\n\n\n\n<p>I fondi obbligazionari corporate sono disponibili per l'acquisto e la vendita attraverso i broker che offrono la negoziazione di ETF e fondi comuni.<\/p>\n\n\n\n<p>La negoziazione di ETF \u00e8 generalmente esente da commissioni con la maggior parte dei broker, mentre l'acquisto di un fondo comune pu\u00f2 richiedere una commissione o un investimento minimo con alcuni broker.<\/p>\n\n\n\n<div style=\"height:23px\" aria-hidden=\"true\" class=\"wp-block-spacer\"><\/div>\n\n\n\n<h2 class=\"wp-block-heading\"><strong>Fondi azionari a dividendo<\/strong><\/h2>\n\n\n\n<p>I dividendi si riferiscono agli utili di una societ\u00e0 che vengono distribuiti agli azionisti, in genere con cadenza trimestrale. Pertanto, i titoli a dividendo sono titoli che prevedono una distribuzione monetaria, cosa che non avviene per tutti i titoli. Un fondo, invece, riunisce solo i titoli a dividendo in un'unica unit\u00e0 per agevolarne l'acquisto.<\/p>\n\n\n\n<p>L'acquisto di singole azioni, indipendentemente dal fatto che forniscano o meno dividendi, \u00e8 pi\u00f9 adatto a investitori esperti e avanzati. Tuttavia, \u00e8 possibile ridurre il rischio investendo in un fondo azionario che comprende una variet\u00e0 di titoli.<\/p>\n\n\n\n<p>I fondi azionari a dividendo sono una scelta saggia per quasi tutti i tipi di investitori azionari, in particolare per coloro che cercano una fonte di reddito e sono alla ricerca dei migliori investimenti per il 2024. Possono essere particolarmente vantaggiosi per chi ha bisogno di un reddito costante ed \u00e8 in grado di mantenere i propri investimenti per lunghi periodi di tempo.<\/p>\n\n\n\n<p>Come per ogni tipo di investimento azionario, anche i titoli a dividendo presentano dei rischi. Sebbene siano generalmente considerati meno rischiosi dei titoli growth o di altri titoli che non pagano dividendi, \u00e8 importante selezionare con attenzione i titoli a dividendo da includere nel proprio portafoglio.<\/p>\n\n\n\n<p>\u00c8 importante scegliere le societ\u00e0 che hanno una solida storia di aumento dei dividendi piuttosto che concentrarsi esclusivamente su quelle con il rendimento attuale pi\u00f9 elevato. Questo potrebbe indicare potenziali problemi in futuro.<\/p>\n\n\n\n<p>Tuttavia, va notato che anche le societ\u00e0 pi\u00f9 apprezzate possono trovarsi ad affrontare crisi inaspettate, per cui una buona reputazione non \u00e8 sempre sufficiente a prevenire la diminuzione o l'eliminazione dei dividendi.<\/p>\n\n\n\n<p>Un modo per mitigare questi rischi \u00e8 investire in un fondo azionario a dividendo che offra una gamma diversificata di attivit\u00e0, riducendo la dipendenza da un'unica societ\u00e0. Questo pu\u00f2 essere ottenuto acquistando un ETF sui dividendi.<\/p>\n\n\n\n<p>Potete potenzialmente aumentare la sicurezza dei vostri investimenti in borsa scegliendo azioni che offrono dividendi.<\/p>\n\n\n\n<p>L'investimento in un titolo a dividendo consente di ottenere guadagni potenziali attraverso la crescita del mercato a lungo termine, fornendo al contempo un rendimento immediato in contanti.<\/p>\n\n\n\n<p>I fondi azionari a dividendo possono essere ottenuti sotto forma di ETF o fondi comuni di investimento presso qualsiasi brokeraggio che li offra.<\/p>\n\n\n\n<div style=\"height:23px\" aria-hidden=\"true\" class=\"wp-block-spacer\"><\/div>\n\n\n\n<h2 class=\"wp-block-heading\"><strong>Fondi azionari value<\/strong><\/h2>\n\n\n\n<p>Questi investimenti si concentrano sui titoli value che hanno un prezzo inferiore rispetto alle altre opzioni presenti sul mercato. Quando i prezzi delle azioni aumentano, come spesso accade, gli investitori si chiedono spesso dove investire il proprio denaro. Un'opzione potenziale per gli investitori \u00e8 rappresentata dai fondi azionari value.<\/p>\n\n\n\n<p>Questi fondi sono tra i migliori investimenti per il 2024 per chi \u00e8 disposto ad accettare le fluttuazioni che si verificano quando si investe in azioni. Inoltre, gli investitori in fondi azionari dovrebbero avere un piano di investimento a pi\u00f9 lungo termine, in genere da tre a cinque anni, per poter affrontare le turbolenze del mercato.<\/p>\n\n\n\n<p>Sebbene i fondi azionari value possano offrire un'opzione pi\u00f9 sicura rispetto ad altri tipi di fondi azionari grazie al loro costo inferiore, sono comunque composti da azioni e quindi subiranno maggiori fluttuazioni rispetto a investimenti pi\u00f9 sicuri come le obbligazioni a breve termine.<\/p>\n\n\n\n<p>Tenete presente che in genere i governi non forniscono una copertura assicurativa per i fondi azionari di valore.<\/p>\n\n\n\n<p>Con l'aumento dei tassi d'interesse, i titoli value superano in genere i titoli growth, che diventano meno attraenti.<\/p>\n\n\n\n<p>Alcuni fondi azionari che privilegiano il valore offrono anche un dividendo, il che rappresenta un ulteriore incentivo per numerosi investitori.<\/p>\n\n\n\n<div style=\"height:23px\" aria-hidden=\"true\" class=\"wp-block-spacer\"><\/div>\n\n\n\n<h2 class=\"wp-block-heading\"><strong>Fondi indicizzati REIT<\/strong><\/h2>\n\n\n\n<p>Un REIT, o real estate investment trust, \u00e8 un'opzione molto interessante per investire nel settore immobiliare. Versando dividendi ed evitando le imposte sulle societ\u00e0, i REIT offrono un'opportunit\u00e0 unica agli investitori. I fondi indicizzati REIT distribuiscono questi dividendi agli azionisti, rendendoli una scelta popolare.<\/p>\n\n\n\n<div class=\"wp-block-group is-layout-constrained wp-block-group-is-layout-constrained\">\n<figure class=\"wp-block-image alignright size-medium\"><img fetchpriority=\"high\" decoding=\"async\" width=\"300\" height=\"181\" src=\"https:\/\/adamfayed.com\/wp-content\/uploads\/2024\/02\/pexels-timur-saglambilek-87223-300x181.jpg\" alt=\"After facing difficulties due to increasing interest rates, 2024 may be the year for REITs to shine once again. They make our list of the best investments for 2024.\" class=\"wp-image-81057\" srcset=\"https:\/\/adamfayed.com\/wp-content\/uploads\/2024\/02\/pexels-timur-saglambilek-87223-300x181.jpg 300w, https:\/\/adamfayed.com\/wp-content\/uploads\/2024\/02\/pexels-timur-saglambilek-87223-512x310.jpg 512w, https:\/\/adamfayed.com\/wp-content\/uploads\/2024\/02\/pexels-timur-saglambilek-87223.jpg 640w\" sizes=\"(max-width: 300px) 100vw, 300px\" \/><\/figure>\n<\/div>\n\n\n\n<p>Questi fondi REIT quotati in borsa spesso includono una gamma diversificata di titoli, dando accesso a vari sottosettori come alloggi, appartamenti e uffici. Ci\u00f2 consente agli investitori di diversificare facilmente il proprio portafoglio immobiliare senza dover affrontare la gestione degli immobili.<\/p>\n\n\n\n<p>Dopo le difficolt\u00e0 dovute all'aumento dei tassi di interesse, il 2024 potrebbe essere l'anno in cui i REIT torneranno a brillare. Sono stati inseriti nella nostra lista dei migliori investimenti per il 2024.<\/p>\n\n\n\n<p>I fondi indicizzati REIT offrono dividendi significativi, il che li rende un'opzione interessante per gli investitori che danno priorit\u00e0 alla generazione di reddito, come i pensionati. Inoltre, i REIT sono potenzialmente in grado di aumentare il loro valore nel tempo, offrendo opportunit\u00e0 di rivalutazione del capitale.<\/p>\n\n\n\n<p>Tuttavia, poich\u00e9 i prezzi dei REIT quotati in borsa possono subire notevoli fluttuazioni, gli investitori dovrebbero mantenere una prospettiva di lungo termine ed essere pronti a gestire l'eventuale volatilit\u00e0.<\/p>\n\n\n\n<p>L'investimento in un fondo indicizzato REIT pu\u00f2 mitigare i rischi associati al possesso di singoli REIT, in quanto il fondo offre una diversificazione grazie alla presenza di pi\u00f9 REIT all'interno di un unico fondo.<\/p>\n\n\n\n<p>Tuttavia, il valore del fondo pu\u00f2 ancora fluttuare, soprattutto in caso di aumento dei tassi di interesse. \u00c8 importante essere prudenti nei confronti di REIT o fondi REIT non negoziati pubblicamente.<\/p>\n\n\n\n<p>Gli investitori in un fondo REIT possono trarre due vantaggi potenziali: un flusso crescente di dividendi e un aumento del valore del capitale. Nel lungo periodo, un fondo REIT ben performante ha il potenziale di generare rendimenti annui del 10-12%, di cui una parte viene distribuita sotto forma di dividendi.<\/p>\n\n\n\n<div style=\"height:23px\" aria-hidden=\"true\" class=\"wp-block-spacer\"><\/div>\n\n\n\n<h2 class=\"wp-block-heading\"><strong>Propriet\u00e0 in affitto<\/strong><\/h2>\n\n\n\n<p>L'acquisto di immobili in affitto pu\u00f2 essere un'impresa redditizia se si \u00e8 disposti a gestirli in prima persona. Questo percorso richiede la selezione dell'immobile appropriato, la garanzia di un finanziamento o l'acquisto a titolo definitivo, la manutenzione dell'immobile e la gestione degli inquilini.<\/p>\n\n\n\n<p>Poich\u00e9 i prezzi delle abitazioni si sono recentemente stabilizzati, un acquisto immobiliare pianificato con cura potrebbe dare risultati positivi in futuro, soprattutto perch\u00e9 i tassi di interesse hanno raggiunto il loro massimo nel 2023.<\/p>\n\n\n\n<p>La propriet\u00e0 di immobili in affitto \u00e8 una scelta redditizia per gli investitori che cercano un modo sostenibile per controllare le loro propriet\u00e0 e ottenere un reddito costante. In particolare, pu\u00f2 essere uno dei migliori investimenti per il 2024.<\/p>\n\n\n\n<p>La comodit\u00e0 di acquistare e vendere digitalmente attivit\u00e0 sul mercato azionario potrebbe non essere disponibile con un semplice clic o tocco sul proprio dispositivo connesso a Internet.<\/p>\n\n\n\n<p>Inoltre, potreste dover affrontare l'inconveniente di ricevere una notifica di rottura di un tubo alle 3 del mattino.<\/p>\n\n\n\n<p>Poich\u00e9 i tassi d'interesse hanno raggiunto il loro massimo l'anno scorso, le attuali condizioni di mercato possono rappresentare un'opportunit\u00e0 favorevole per ottenere un finanziamento per un nuovo immobile nel 2024, in previsione di tassi pi\u00f9 bassi.<\/p>\n\n\n\n<p>Tuttavia, lo stato di incertezza dell'economia pu\u00f2 porre delle sfide quando si tratta di gestire la propriet\u00e0 in modo efficace.<\/p>\n\n\n\n<p>Mantenendo i propri beni, pagando gradualmente i debiti e aumentando il reddito da locazione si pu\u00f2 ottenere un forte flusso di cassa per la pensione.<\/p>\n\n\n\n<p>\u00c8 consigliabile collaborare con un agente immobiliare per trovare alloggi in affitto. In alternativa, potete concentrarvi sulla creazione di una rete di contatti che potrebbe fornirvi offerte vantaggiose prima che siano disponibili sul mercato.<\/p>\n\n\n\n<p><strong>Siete afflitti dall'indecisione finanziaria? <\/strong><\/p>\n\n\n\n<figure class=\"wp-block-image size-large is-resized\"><img decoding=\"async\" width=\"512\" height=\"288\" src=\"https:\/\/adamfayed.com\/wp-content\/uploads\/2025\/03\/Adam-Fayed-Contact_CTA3-512x288.jpg\" alt=\"\" class=\"wp-image-117505\" style=\"width:683px;height:auto\" srcset=\"https:\/\/adamfayed.com\/wp-content\/uploads\/2025\/03\/Adam-Fayed-Contact_CTA3-512x288.jpg 512w, https:\/\/adamfayed.com\/wp-content\/uploads\/2025\/03\/Adam-Fayed-Contact_CTA3-300x169.jpg 300w, https:\/\/adamfayed.com\/wp-content\/uploads\/2025\/03\/Adam-Fayed-Contact_CTA3-768x432.jpg 768w, https:\/\/adamfayed.com\/wp-content\/uploads\/2025\/03\/Adam-Fayed-Contact_CTA3-scaled.jpg 825w\" sizes=\"(max-width: 512px) 100vw, 512px\" \/><\/figure>\n\n\n\n<div style=\"height:10px\" aria-hidden=\"true\" class=\"wp-block-spacer\"><\/div>\n\n\n\n<div class=\"wp-block-buttons is-layout-flex wp-block-buttons-is-layout-flex\">\n<div class=\"wp-block-button\"><a class=\"wp-block-button__link wp-element-button\" href=\"https:\/\/adamfayed.com\/it\/become-adams-client\/\">Diventa mio cliente<\/a><\/div>\n\n\n\n<div class=\"wp-block-button\"><a class=\"wp-block-button__link wp-element-button\" href=\"https:\/\/adamfayed.com\/it\/good-match-quiz\/\" target=\"_blank\" rel=\"noreferrer noopener\">Fare il quiz sull'idoneit\u00e0 del cliente<\/a><\/div>\n\n\n\n<div class=\"wp-block-button\"><a class=\"wp-block-button__link wp-element-button\" href=\"https:\/\/adamfayed.com\/it\/contact\/\" target=\"_blank\" rel=\"noreferrer noopener\">Contatto<\/a><\/div>\n<\/div>\n\n\n\n<p><strong>Adam \u00e8 un autore riconosciuto a livello internazionale in materia finanziaria con oltre 830 milioni di visualizzazioni di risposte su Quora, un libro molto venduto su Amazon e un contributo su Forbes.<\/strong><\/p>","protected":false},"excerpt":{"rendered":"<p>I migliori investimenti per il 2024<\/p>","protected":false},"author":14,"featured_media":81053,"parent":79603,"menu_order":0,"comment_status":"closed","ping_status":"closed","template":"","meta":{"rop_custom_images_group":[],"rop_custom_messages_group":[],"rop_publish_now":"initial","rop_publish_now_accounts":{"facebook_10166176115445471_100883565069113":""},"rop_publish_now_history":[],"rop_publish_now_status":"pending","footnotes":""},"class_list":["post-81050","page","type-page","status-publish","has-post-thumbnail","hentry"],"_links":{"self":[{"href":"https:\/\/adamfayed.com\/it\/wp-json\/wp\/v2\/pages\/81050","targetHints":{"allow":["GET"]}}],"collection":[{"href":"https:\/\/adamfayed.com\/it\/wp-json\/wp\/v2\/pages"}],"about":[{"href":"https:\/\/adamfayed.com\/it\/wp-json\/wp\/v2\/types\/page"}],"author":[{"embeddable":true,"href":"https:\/\/adamfayed.com\/it\/wp-json\/wp\/v2\/users\/14"}],"replies":[{"embeddable":true,"href":"https:\/\/adamfayed.com\/it\/wp-json\/wp\/v2\/comments?post=81050"}],"version-history":[{"count":2,"href":"https:\/\/adamfayed.com\/it\/wp-json\/wp\/v2\/pages\/81050\/revisions"}],"predecessor-version":[{"id":127320,"href":"https:\/\/adamfayed.com\/it\/wp-json\/wp\/v2\/pages\/81050\/revisions\/127320"}],"up":[{"embeddable":true,"href":"https:\/\/adamfayed.com\/it\/wp-json\/wp\/v2\/pages\/79603"}],"wp:featuredmedia":[{"embeddable":true,"href":"https:\/\/adamfayed.com\/it\/wp-json\/wp\/v2\/media\/81053"}],"wp:attachment":[{"href":"https:\/\/adamfayed.com\/it\/wp-json\/wp\/v2\/media?parent=81050"}],"curies":[{"name":"wp","href":"https:\/\/api.w.org\/{rel}","templated":true}]}}