{"id":81072,"date":"2024-02-26T10:18:45","date_gmt":"2024-02-26T10:18:45","guid":{"rendered":"https:\/\/adamfayed.com\/?page_id=81072"},"modified":"2025-12-05T02:24:12","modified_gmt":"2025-12-05T02:24:12","slug":"offshore-banking","status":"publish","type":"page","link":"https:\/\/adamfayed.com\/it\/offshore-investment\/offshore-banking\/","title":{"rendered":"Che cos'\u00e8 l'offshore banking?"},"content":{"rendered":"<p>L'attivit\u00e0 bancaria offshore si riferisce alla pratica di aprire e mantenere <a href=\"https:\/\/adamfayed.com\/it\/financial-planning\/offshore-investment\/offshore-banking\/international-bank-accounts\/\">conti bancari internazionali<\/a>, in genere in un Paese noto per le sue favorevoli normative fiscali, le leggi sulla privacy finanziaria e il solido settore dei servizi finanziari, secondo Forbes.<\/p>\n\n\n\n<p>Se volete investire come un espatriato o un individuo con un alto patrimonio netto, che \u00e8 ci\u00f2 in cui sono specializzato, potete inviarmi un'e-mail (advice@adamfayed.com) o utilizzare WhatsApp (+44-7393-450-837).<\/p>\n\n\n\n<p><\/p>\n\n\n\n<p>Questa pagina approfondisce l'argomento:<\/p>\n\n\n\n<ul class=\"wp-block-list\">\n<li>Che cos'\u00e8 l'offshore banking?\n<ul class=\"wp-block-list\">\n<li>Caratteristiche e vantaggi dell'offshore banking<\/li>\n<\/ul>\n<\/li>\n\n\n\n<li>Scegliere un conto bancario offshore<\/li>\n\n\n\n<li>Come aprire un conto bancario offshore<\/li>\n\n\n\n<li>Alternative ai conti bancari offshore<\/li>\n<\/ul>\n\n\n\n<div style=\"height:31px\" aria-hidden=\"true\" class=\"wp-block-spacer\"><\/div>\n\n\n\n<h2 class=\"wp-block-heading\"><strong>Che cos'\u00e8 l'offshore banking?<\/strong><\/h2>\n\n\n\n<p>Sebbene il termine \u201coffshore\u201d evochi spesso immagini di segretezza e di attivit\u00e0 finanziarie illecite, l'offshore banking \u00e8 una pratica finanziaria legittima utilizzata da privati e aziende per una serie di motivi, tra cui l'ottimizzazione fiscale, la protezione dei beni e l'accesso a <a href=\"https:\/\/adamfayed.com\/it\/investment-options\/\">opportunit\u00e0 di investimento internazionale.<\/a><\/p>\n\n\n\n<p>Questi conti possono essere detenuti in varie forme, come ad esempio <a href=\"https:\/\/adamfayed.com\/it\/review-articles\/zurich-international-vista-savings-plan-review\/\">conti di risparmio<\/a>, I conti aziendali, i conti di investimento e i trust sono soggetti alle leggi e ai regolamenti della giurisdizione in cui sono stabiliti.<\/p>\n\n\n\n<div style=\"height:21px\" aria-hidden=\"true\" class=\"wp-block-spacer\"><\/div>\n\n\n\n<h3 class=\"wp-block-heading\">Caratteristiche e vantaggi dell'offshore banking<\/h3>\n\n\n\n<p>L'attivit\u00e0 bancaria offshore offre diversi vantaggi potenziali, tra cui l'efficienza fiscale, la protezione dei beni e la diversificazione dei portafogli di investimento.<\/p>\n\n\n\n<p>Molte giurisdizioni offshore offrono contesti fiscali favorevoli, che possono includere aliquote fiscali basse o nulle su alcuni tipi di reddito, nonch\u00e9 esenzioni dalle imposte di successione o sul patrimonio.<\/p>\n\n\n\n<p>Inoltre, i conti offshore possono offrire una maggiore privacy e riservatezza finanziaria, il che pu\u00f2 essere interessante per chi cerca di proteggere i propri beni dall'instabilit\u00e0 politica o economica del proprio Paese o per chi ha bisogno di discrezione nei propri affari finanziari.<\/p>\n\n\n\n<p>Inoltre, l'offshore banking pu\u00f2 fornire l'accesso a un'ampia gamma di servizi internazionali. <a href=\"https:\/\/adamfayed.com\/it\/rl360-oracle-offshore-bond-review-for-expats\/\">opportunit\u00e0 di investimento<\/a>, comprese le valute estere, le azioni, le obbligazioni e le altre <a href=\"https:\/\/adamfayed.com\/it\/financial-planning\/offshore-investment\/\">investimento offshore<\/a> e strumenti finanziari, consentendo una maggiore diversificazione e gestione del rischio.<\/p>\n\n\n\n<div style=\"height:31px\" aria-hidden=\"true\" class=\"wp-block-spacer\"><\/div>\n\n\n\n<h2 class=\"wp-block-heading\"><strong>Scegliere un conto bancario offshore<\/strong><\/h2>\n\n\n\n<div class=\"wp-block-group is-layout-constrained wp-block-group-is-layout-constrained\">\n<figure class=\"wp-block-image alignleft size-medium is-resized\"><img fetchpriority=\"high\" decoding=\"async\" width=\"300\" height=\"200\" src=\"https:\/\/adamfayed.com\/wp-content\/uploads\/2024\/02\/pexels-ono-kosuki-5999936-300x200.jpg\" alt=\"The use of offshore banking has come under increased scrutiny from tax authorities and regulatory bodies in many countries, leading to greater transparency and compliance requirements for individuals and businesses with offshore accounts.\" class=\"wp-image-81074\" style=\"width:248px;height:auto\" srcset=\"https:\/\/adamfayed.com\/wp-content\/uploads\/2024\/02\/pexels-ono-kosuki-5999936-300x200.jpg 300w, https:\/\/adamfayed.com\/wp-content\/uploads\/2024\/02\/pexels-ono-kosuki-5999936-512x342.jpg 512w, https:\/\/adamfayed.com\/wp-content\/uploads\/2024\/02\/pexels-ono-kosuki-5999936.jpg 640w\" sizes=\"(max-width: 300px) 100vw, 300px\" \/><\/figure>\n<\/div>\n\n\n\n<p>La scelta di una banca offshore affidabile \u00e8 una decisione cruciale che richiede un'attenta considerazione di vari fattori per garantire la sicurezza e l'affidabilit\u00e0 dell'istituto finanziario scelto.<\/p>\n\n\n\n<p>Nel valutare le banche offshore, i privati e le imprese dovrebbero dare priorit\u00e0 a fattori quali la conformit\u00e0 normativa, la stabilit\u00e0 finanziaria, la reputazione e la gamma di servizi offerti.<\/p>\n\n\n\n<p>Una delle considerazioni pi\u00f9 importanti nella scelta di una banca offshore \u00e8 la conformit\u00e0 normativa e la stabilit\u00e0. \u00c8 essenziale scegliere una banca situata in una giurisdizione con un quadro normativo forte e credibile per garantire la protezione dei depositi e l'adesione agli standard bancari internazionali.<\/p>\n\n\n\n<p>Cercate banche offshore che siano soggette a una solida supervisione normativa e che siano conformi agli organismi e agli standard normativi riconosciuti a livello internazionale, come il Foreign Account Tax Compliance Act (\"Legge sulla conformit\u00e0 fiscale dei conti esteri\") degli Stati Uniti.<a href=\"https:\/\/www.irs.gov\/businesses\/corporations\/foreign-account-tax-compliance-act-fatca\" target=\"_blank\" rel=\"noreferrer noopener\">FATCA<\/a>) e il Common Reporting Standard dell'Organizzazione per la Cooperazione e lo Sviluppo Economico (OCSE) (<a href=\"https:\/\/www.oecd.org\/tax\/automatic-exchange\/common-reporting-standard\/\" target=\"_blank\" rel=\"noreferrer noopener\">CRS<\/a>). <\/p>\n\n\n\n<p>Considerate anche la gamma di servizi bancari offerti dalla banca offshore, tra cui private banking, gestione patrimoniale, servizi di investimento e soluzioni di pagamento internazionali.<\/p>\n\n\n\n<p>Una banca offshore affidabile dovrebbe disporre di un'offerta completa di prodotti e servizi finanziari, pensati su misura per le esigenze dei clienti internazionali. Inoltre, la competenza in materia di finanza internazionale, transazioni transfrontaliere e conservazione del patrimonio \u00e8 essenziale per gli individui e le imprese con esigenze finanziarie complesse.<\/p>\n\n\n\n<div style=\"height:21px\" aria-hidden=\"true\" class=\"wp-block-spacer\"><\/div>\n\n\n\n<h3 class=\"wp-block-heading\"><a href=\"https:\/\/adamfayed.com\/it\/financial-planning\/offshore-investment\/offshore-banking\/offshore-business-bank-account\/\">Conto bancario aziendale offshore<\/a><\/h3>\n\n\n\n<p>Come un normale conto bancario offshore, un conto bancario offshore per aziende \u00e8 destinato alle imprese. Offre vantaggi quali tassi di interesse competitivi, tassi di cambio interessanti e accesso a pi\u00f9 valute. Anche la ricerca di banche flessibili, il soddisfacimento dei requisiti e il controllo delle relative commissioni sono ostacoli.<\/p>\n\n\n\n<div style=\"height:21px\" aria-hidden=\"true\" class=\"wp-block-spacer\"><\/div>\n\n\n\n<h3 class=\"wp-block-heading\"><a href=\"https:\/\/adamfayed.com\/it\/financial-planning\/offshore-investment\/offshore-banking\/easiest-offshore-bank-account-to-open\/\">Il conto bancario offshore pi\u00f9 semplice da aprire<\/a><\/h3>\n\n\n\n<p>La Georgia offre di solito il conto bancario offshore pi\u00f9 facile da aprire. Le Isole Cayman, gli Emirati Arabi Uniti, la Svizzera, Singapore e Hong Kong sono altre nazioni che offrono un comodo servizio bancario offshore.<\/p>\n\n\n\n<div style=\"height:21px\" aria-hidden=\"true\" class=\"wp-block-spacer\"><\/div>\n\n\n\n<h3 class=\"wp-block-heading\"><a href=\"https:\/\/adamfayed.com\/it\/financial-planning\/offshore-investment\/offshore-banking\/best-banks-for-offshore-banking\/\">Le migliori banche per l'offshore banking<\/a><\/h3>\n\n\n\n<p>Le migliori banche per l'offshore banking sono <a href=\"https:\/\/adamfayed.com\/it\/hsbc-expat-review-2023-a-good-solution-for-expats\/\">HSBC<\/a>, <a href=\"https:\/\/adamfayed.com\/it\/barclays-international-review\/\">Barclays International<\/a>, e <a href=\"https:\/\/adamfayed.com\/it\/review-articles\/deutsche-bank-expat-account-review-2022-products-and-services\/\">Deutsche Bank<\/a>.<\/p>\n\n\n\n<div style=\"height:31px\" aria-hidden=\"true\" class=\"wp-block-spacer\"><\/div>\n\n\n\n<h2 class=\"wp-block-heading\"><a href=\"https:\/\/adamfayed.com\/it\/financial-planning\/offshore-investment\/offshore-banking\/how-to-open-an-offshore-bank-account\/\"><strong>Come aprire un conto bancario offshore<\/strong><\/a><\/h2>\n\n\n\n<p>La creazione di un conto bancario offshore richiede diversi passaggi e requisiti. Le banche estere hanno requisiti diversi. Sono richiesti i soliti documenti d'identit\u00e0 validi, nonch\u00e9 la prova dell'indirizzo e del reddito. <\/p>\n\n\n\n<div style=\"height:21px\" aria-hidden=\"true\" class=\"wp-block-spacer\"><\/div>\n\n\n\n<h3 class=\"wp-block-heading\"><a href=\"https:\/\/adamfayed.com\/it\/financial-planning\/offshore-investment\/offshore-banking\/remote-offshore-bank-account-opening\/\">Apertura di un conto bancario offshore a distanza<\/a><\/h3>\n\n\n\n<p>Aprire un conto bancario offshore a distanza potrebbe essere possibile a seconda dell'istituto e della giurisdizione. Potrebbe essere utile consultare le migliori banche per i conti offshore quando si prende in considerazione questa mossa. <\/p>\n\n\n\n<div style=\"height:21px\" aria-hidden=\"true\" class=\"wp-block-spacer\"><\/div>\n\n\n\n<h3 class=\"wp-block-heading\"><a href=\"https:\/\/adamfayed.com\/it\/financial-planning\/offshore-investment\/offshore-banking\/should-i-open-an-offshore-bank-account\/\">Devo aprire un conto bancario offshore?<\/a><\/h3>\n\n\n\n<p>L'apertura di un conto dipende dalle esigenze reali. Ci sono fattori da considerare come le modalit\u00e0 di lavoro, le possibilit\u00e0 di trasferimento, gli investimenti internazionali, la sicurezza, ecc. <\/p>\n\n\n\n<div style=\"height:31px\" aria-hidden=\"true\" class=\"wp-block-spacer\"><\/div>\n\n\n\n<h2 class=\"wp-block-heading\"><a href=\"https:\/\/adamfayed.com\/it\/financial-planning\/offshore-investment\/offshore-banking\/alternatives-to-offshore-bank-accounts\/\"><strong>Alternative ai conti bancari offshore<\/strong><\/a><\/h2>\n\n\n\n<p>Per le persone e le aziende alla ricerca di servizi finanziari esteri, le cooperative di credito, le fintech, le banche internazionali e le neobanche possono essere dei sostituti dei conti bancari offshore. Rispetto a questi ultimi, ogni backup presenta vantaggi e caratteristiche speciali che lo rendono pi\u00f9 adatto a esigenze e gusti particolari.<\/p>\n\n\n\n<p><strong>Siete afflitti dall'indecisione finanziaria? <\/strong><\/p>\n\n\n\n<figure class=\"wp-block-image size-large is-resized\"><img decoding=\"async\" width=\"512\" height=\"288\" src=\"https:\/\/adamfayed.com\/wp-content\/uploads\/2025\/03\/Adam-Fayed-Contact_CTA3-512x288.jpg\" alt=\"\" class=\"wp-image-117505\" style=\"width:683px;height:auto\" srcset=\"https:\/\/adamfayed.com\/wp-content\/uploads\/2025\/03\/Adam-Fayed-Contact_CTA3-512x288.jpg 512w, https:\/\/adamfayed.com\/wp-content\/uploads\/2025\/03\/Adam-Fayed-Contact_CTA3-300x169.jpg 300w, https:\/\/adamfayed.com\/wp-content\/uploads\/2025\/03\/Adam-Fayed-Contact_CTA3-768x432.jpg 768w, https:\/\/adamfayed.com\/wp-content\/uploads\/2025\/03\/Adam-Fayed-Contact_CTA3-scaled.jpg 825w\" sizes=\"(max-width: 512px) 100vw, 512px\" \/><\/figure>\n\n\n\n<div style=\"height:10px\" aria-hidden=\"true\" class=\"wp-block-spacer\"><\/div>\n\n\n\n<div class=\"wp-block-buttons is-layout-flex wp-block-buttons-is-layout-flex\">\n<div class=\"wp-block-button\"><a class=\"wp-block-button__link wp-element-button\" href=\"https:\/\/adamfayed.com\/it\/become-adams-client\/\">Diventa mio cliente<\/a><\/div>\n\n\n\n<div class=\"wp-block-button\"><a class=\"wp-block-button__link wp-element-button\" href=\"https:\/\/adamfayed.com\/it\/good-match-quiz\/\" target=\"_blank\" rel=\"noreferrer noopener\">Fare il quiz sull'idoneit\u00e0 del cliente<\/a><\/div>\n\n\n\n<div class=\"wp-block-button\"><a class=\"wp-block-button__link wp-element-button\" href=\"https:\/\/adamfayed.com\/it\/contact\/\" target=\"_blank\" rel=\"noreferrer noopener\">Contatto<\/a><\/div>\n<\/div>\n\n\n\n<p><strong>Adam \u00e8 un autore riconosciuto a livello internazionale in materia finanziaria con oltre 830 milioni di visualizzazioni di risposte su Quora, un libro molto venduto su Amazon e un contributo su Forbes.<\/strong><\/p>","protected":false},"excerpt":{"rendered":"<p>Che cos'\u00e8 l'offshore banking?<\/p>","protected":false},"author":16,"featured_media":81073,"parent":72718,"menu_order":0,"comment_status":"open","ping_status":"closed","template":"","meta":{"rop_custom_images_group":[],"rop_custom_messages_group":[],"rop_publish_now":"initial","rop_publish_now_accounts":{"facebook_10166176115445471_100883565069113":""},"rop_publish_now_history":[],"rop_publish_now_status":"pending","footnotes":""},"class_list":["post-81072","page","type-page","status-publish","has-post-thumbnail","hentry"],"_links":{"self":[{"href":"https:\/\/adamfayed.com\/it\/wp-json\/wp\/v2\/pages\/81072","targetHints":{"allow":["GET"]}}],"collection":[{"href":"https:\/\/adamfayed.com\/it\/wp-json\/wp\/v2\/pages"}],"about":[{"href":"https:\/\/adamfayed.com\/it\/wp-json\/wp\/v2\/types\/page"}],"author":[{"embeddable":true,"href":"https:\/\/adamfayed.com\/it\/wp-json\/wp\/v2\/users\/16"}],"replies":[{"embeddable":true,"href":"https:\/\/adamfayed.com\/it\/wp-json\/wp\/v2\/comments?post=81072"}],"version-history":[{"count":2,"href":"https:\/\/adamfayed.com\/it\/wp-json\/wp\/v2\/pages\/81072\/revisions"}],"predecessor-version":[{"id":241041,"href":"https:\/\/adamfayed.com\/it\/wp-json\/wp\/v2\/pages\/81072\/revisions\/241041"}],"up":[{"embeddable":true,"href":"https:\/\/adamfayed.com\/it\/wp-json\/wp\/v2\/pages\/72718"}],"wp:featuredmedia":[{"embeddable":true,"href":"https:\/\/adamfayed.com\/it\/wp-json\/wp\/v2\/media\/81073"}],"wp:attachment":[{"href":"https:\/\/adamfayed.com\/it\/wp-json\/wp\/v2\/media?parent=81072"}],"curies":[{"name":"wp","href":"https:\/\/api.w.org\/{rel}","templated":true}]}}