{"id":81082,"date":"2024-02-26T11:16:24","date_gmt":"2024-02-26T11:16:24","guid":{"rendered":"https:\/\/adamfayed.com\/?page_id=81082"},"modified":"2025-03-27T07:35:40","modified_gmt":"2025-03-27T07:35:40","slug":"offshore-funds","status":"publish","type":"page","link":"https:\/\/adamfayed.com\/it\/offshore-investment\/offshore-funds\/","title":{"rendered":"Cosa sono i fondi offshore?"},"content":{"rendered":"<p>I fondi offshore rappresentano un segmento diversificato e dinamico del panorama degli investimenti globali, offrendo agli investitori l'accesso a un'ampia gamma di mercati internazionali, classi di attivit\u00e0 e strategie di investimento specializzate.<\/p>\n\n\n\n<p>Questi <a href=\"https:\/\/adamfayed.com\/it\/investment-options\/investment-providers\/\">veicoli di investimento<\/a>, stabiliti in giurisdizioni offshore note per i loro ambienti normativi favorevoli e per la loro efficienza fiscale, si rivolgono a un ampio spettro di investitori, tra cui entit\u00e0 istituzionali, individui con un elevato patrimonio netto e investitori sofisticati alla ricerca di una diversificazione geografica e di maggiori opportunit\u00e0 di investimento.<\/p>\n\n\n\n<p>Se volete investire come un espatriato o un individuo con un alto patrimonio netto, che \u00e8 ci\u00f2 in cui sono specializzato, potete inviarmi un'e-mail (advice@adamfayed.com) o utilizzare WhatsApp (+44-7393-450-837).<\/p>\n\n\n\n<p>Questa pagina illustra in dettaglio:<\/p>\n\n\n\n<ul class=\"wp-block-list\">\n<li>Tipi di fondi offshore\n<ul class=\"wp-block-list\">\n<li>Vantaggi dei fondi offshore<\/li>\n<\/ul>\n<\/li>\n\n\n\n<li>Considerazioni normative e due diligence quando si investe in conti offshore\n<ul class=\"wp-block-list\">\n<li>Gestione del rischio e protezione degli investitori<\/li>\n<\/ul>\n<\/li>\n<\/ul>\n\n\n\n<div style=\"height:29px\" aria-hidden=\"true\" class=\"wp-block-spacer\"><\/div>\n\n\n\n<h2 class=\"wp-block-heading\"><strong>Tipi di fondi offshore<\/strong><\/h2>\n\n\n\n<p>I fondi offshore comprendono varie strutture, come fondi comuni d'investimento, hedge fund, fondi di private equity e fondi immobiliari, che offrono agli investitori il potenziale per la diversificazione del portafoglio, la gestione del rischio e la ricerca di interessanti rendimenti corretti per il rischio nei mercati globali.<\/p>\n\n\n\n<figure class=\"wp-block-image alignright size-medium\"><img fetchpriority=\"high\" decoding=\"async\" width=\"300\" height=\"200\" src=\"https:\/\/adamfayed.com\/wp-content\/uploads\/2024\/02\/pexels-karolina-grabowska-4386465-300x200.jpg\" alt=\"Offshore funds encompass a diverse range of offshore investment structures designed to meet the specific needs and objectives of international investors.\" class=\"wp-image-81084\" srcset=\"https:\/\/adamfayed.com\/wp-content\/uploads\/2024\/02\/pexels-karolina-grabowska-4386465-300x200.jpg 300w, https:\/\/adamfayed.com\/wp-content\/uploads\/2024\/02\/pexels-karolina-grabowska-4386465-512x342.jpg 512w, https:\/\/adamfayed.com\/wp-content\/uploads\/2024\/02\/pexels-karolina-grabowska-4386465.jpg 640w\" sizes=\"(max-width: 300px) 100vw, 300px\" \/><\/figure>\n\n\n\n<p>I fondi comuni di investimento, noti anche come societ\u00e0 di investimento aperte, raccolgono il capitale di pi\u00f9 investitori per investire in un portafoglio diversificato di titoli, offrendo liquidit\u00e0 e una gestione professionale.<\/p>\n\n\n\n<p>Gli hedge fund, invece, sono destinati a investitori accreditati e istituzionali e utilizzano un'ampia gamma di strategie di investimento, tra cui long\/short equity, event-driven e global macro, spesso con un'attenzione particolare ai rendimenti assoluti e alla gestione del rischio.<\/p>\n\n\n\n<p>I fondi di private equity si concentrano sull'investimento in societ\u00e0 private e sono tipicamente adatti agli investitori che cercano un'esposizione a imprese non quotate in borsa e un potenziale apprezzamento del capitale a lungo termine.<\/p>\n\n\n\n<p>I fondi immobiliari danno accesso a investimenti immobiliari diversificati, come propriet\u00e0 commerciali, sviluppi residenziali e progetti infrastrutturali, offrendo una generazione di reddito e un potenziale apprezzamento del capitale.<\/p>\n\n\n\n<div style=\"height:19px\" aria-hidden=\"true\" class=\"wp-block-spacer\"><\/div>\n\n\n\n<h3 class=\"wp-block-heading\">Vantaggi dei fondi offshore<\/h3>\n\n\n\n<p>I fondi offshore consentono di accedere a un'ampia gamma di mercati e classi di attivit\u00e0 globali, permettendo agli investitori di diversificare i loro portafogli al di l\u00e0 dei mercati nazionali e dei veicoli di investimento tradizionali.<\/p>\n\n\n\n<p>Inoltre, <a href=\"https:\/\/adamfayed.com\/it\/rl360-oracle-offshore-bond-review-for-expats\/\">fondi offshore <\/a>spesso operano in giurisdizioni con un trattamento fiscale favorevole, riducendo potenzialmente gli oneri fiscali sui redditi da capitale e sulle plusvalenze.<\/p>\n\n\n\n<p>Inoltre, queste strutture di investimento possono offrire una maggiore privacy e riservatezza agli investitori che desiderano proteggere le loro attivit\u00e0 di investimento dalla divulgazione pubblica.<\/p>\n\n\n\n<p>Infine, i fondi offshore sono spesso soggetti a una solida supervisione normativa e a requisiti di conformit\u00e0, garantendo un livello di protezione e trasparenza per gli investitori.<\/p>\n\n\n\n<figure class=\"wp-block-embed is-type-wp-embed is-provider-adam-fayed wp-block-embed-adam-fayed\"><div class=\"wp-block-embed__wrapper\">\n<blockquote class=\"wp-embedded-content\" data-secret=\"fiP0bkFnx1\"><a href=\"https:\/\/adamfayed.com\/it\/financial-planning\/what-is-an-offshore-investment-platform\/\">Che cos'\u00e8 una piattaforma di investimento offshore?<\/a><\/blockquote><iframe class=\"wp-embedded-content\" sandbox=\"allow-scripts\" security=\"restricted\" style=\"position: absolute; visibility: hidden;\" title=\"\u201cChe cos&#039;\u00e8 una piattaforma di investimento offshore?\u201d. - Adam Fayed\" src=\"https:\/\/adamfayed.com\/financial-planning\/what-is-an-offshore-investment-platform\/embed\/#?secret=69ebaSmpSQ#?secret=fiP0bkFnx1\" data-secret=\"fiP0bkFnx1\" width=\"600\" height=\"338\" frameborder=\"0\" marginwidth=\"0\" marginheight=\"0\" scrolling=\"no\"><\/iframe>\n<\/div><\/figure>\n\n\n\n<div style=\"height:29px\" aria-hidden=\"true\" class=\"wp-block-spacer\"><\/div>\n\n\n\n<h2 class=\"wp-block-heading\">Considerazioni normative e due diligence quando si investe in conti offshore<\/h2>\n\n\n\n<figure class=\"wp-block-image alignright size-medium is-resized\"><img decoding=\"async\" width=\"300\" height=\"300\" src=\"https:\/\/adamfayed.com\/wp-content\/uploads\/2024\/02\/due-diligence-offshore-accounts-300x300.webp\" alt=\"Regulatory considerations and due diligence when investing in offshore accounts\" class=\"wp-image-81419\" style=\"width:280px;height:auto\" srcset=\"https:\/\/adamfayed.com\/wp-content\/uploads\/2024\/02\/due-diligence-offshore-accounts-300x300.webp 300w, https:\/\/adamfayed.com\/wp-content\/uploads\/2024\/02\/due-diligence-offshore-accounts-512x512.webp 512w, https:\/\/adamfayed.com\/wp-content\/uploads\/2024\/02\/due-diligence-offshore-accounts-150x150.webp 150w, https:\/\/adamfayed.com\/wp-content\/uploads\/2024\/02\/due-diligence-offshore-accounts-768x768.webp 768w, https:\/\/adamfayed.com\/wp-content\/uploads\/2024\/02\/due-diligence-offshore-accounts-scaled.webp 825w\" sizes=\"(max-width: 300px) 100vw, 300px\" \/><\/figure>\n\n\n\n<p>L'investimento in fondi offshore richiede un'attenta considerazione della conformit\u00e0 normativa, della trasparenza e della due diligence per garantire la legittimit\u00e0 e l'adeguatezza delle opportunit\u00e0 di investimento.<\/p>\n\n\n\n<p>Gli investitori dovrebbero valutare il quadro normativo e gli standard di vigilanza dei servizi finanziari offshore in cui il fondo \u00e8 stabilito, assicurando l'allineamento con le migliori pratiche internazionali e le misure di protezione degli investitori.<\/p>\n\n\n\n<p>La due diligence \u00e8 essenziale quando si valutano i gestori di fondi offshore, le strategie di investimento e le strutture delle commissioni, e richiede una comprensione approfondita degli obiettivi di investimento del fondo, delle pratiche di gestione del rischio e della trasparenza operativa.<\/p>\n\n\n\n<p>Inoltre, gli investitori dovrebbero avvalersi della consulenza di esperti finanziari e legali con esperienza nelle strutture di fondi internazionali, per orientarsi tra le complessit\u00e0 degli investimenti offshore e garantire la conformit\u00e0 con le norme pertinenti. <a href=\"https:\/\/www.oecd.org\/tax\/automatic-exchange\/common-reporting-standard\/\" target=\"_blank\" rel=\"noopener\">standard normativi e obblighi di rendicontazione<\/a>.<\/p>\n\n\n\n<div style=\"height:19px\" aria-hidden=\"true\" class=\"wp-block-spacer\"><\/div>\n\n\n\n<h3 class=\"wp-block-heading\">Gestione del rischio e protezione degli investitori<\/h3>\n\n\n\n<p>Sebbene i fondi offshore offrano diverse opportunit\u00e0 di investimento, \u00e8 essenziale che gli investitori valutino con attenzione le pratiche di gestione del rischio, la governance del fondo e le modalit\u00e0 di gestione del rischio.<a href=\"https:\/\/www.gov.uk\/government\/publications\/offshore-funds-list-of-reporting-funds\" target=\"_blank\" rel=\"noopener\"> misure di protezione degli investitori<\/a>.<\/p>\n\n\n\n<p>La comprensione delle strategie di investimento del fondo, delle disposizioni in materia di liquidit\u00e0 e dei controlli del rischio \u00e8 fondamentale per valutare i potenziali rischi e benefici associati agli investimenti in fondi offshore.<\/p>\n\n\n\n<p>Inoltre, gli investitori dovrebbero considerare il track record del fondo, la trasparenza e la reputazione del gestore, nonch\u00e9 l'adesione del fondo alle best practice del settore e agli standard normativi.<\/p>\n\n\n\n<p>Valutazione diligente dei fattori di rischio e allineamento delle caratteristiche del fondo con la tolleranza al rischio dell'investitore. <a href=\"https:\/\/adamfayed.com\/it\/financial-planning\/offshore-investment\/\">investimento offshore<\/a> Gli obiettivi sono fondamentali nel processo decisionale.<\/p>\n\n\n\n<p><strong>Siete afflitti dall'indecisione finanziaria? <\/strong><\/p>\n\n\n\n<figure class=\"wp-block-image size-large is-resized\"><img decoding=\"async\" width=\"512\" height=\"288\" src=\"https:\/\/adamfayed.com\/wp-content\/uploads\/2025\/03\/Adam-Fayed-Contact_CTA3-512x288.jpg\" alt=\"\" class=\"wp-image-117505\" style=\"width:683px;height:auto\" srcset=\"https:\/\/adamfayed.com\/wp-content\/uploads\/2025\/03\/Adam-Fayed-Contact_CTA3-512x288.jpg 512w, https:\/\/adamfayed.com\/wp-content\/uploads\/2025\/03\/Adam-Fayed-Contact_CTA3-300x169.jpg 300w, https:\/\/adamfayed.com\/wp-content\/uploads\/2025\/03\/Adam-Fayed-Contact_CTA3-768x432.jpg 768w, https:\/\/adamfayed.com\/wp-content\/uploads\/2025\/03\/Adam-Fayed-Contact_CTA3-scaled.jpg 825w\" sizes=\"(max-width: 512px) 100vw, 512px\" \/><\/figure>\n\n\n\n<div style=\"height:10px\" aria-hidden=\"true\" class=\"wp-block-spacer\"><\/div>\n\n\n\n<div class=\"wp-block-buttons is-layout-flex wp-block-buttons-is-layout-flex\">\n<div class=\"wp-block-button\"><a class=\"wp-block-button__link wp-element-button\" href=\"https:\/\/adamfayed.com\/it\/become-adams-client\/\">Diventa mio cliente<\/a><\/div>\n\n\n\n<div class=\"wp-block-button\"><a class=\"wp-block-button__link wp-element-button\" href=\"https:\/\/adamfayed.com\/it\/good-match-quiz\/\" target=\"_blank\" rel=\"noreferrer noopener\">Fare il quiz sull'idoneit\u00e0 del cliente<\/a><\/div>\n\n\n\n<div class=\"wp-block-button\"><a class=\"wp-block-button__link wp-element-button\" href=\"https:\/\/adamfayed.com\/it\/contact\/\" target=\"_blank\" rel=\"noreferrer noopener\">Contatto<\/a><\/div>\n<\/div>\n\n\n\n<p><strong>Adam \u00e8 un autore riconosciuto a livello internazionale in materia finanziaria con oltre 830 milioni di visualizzazioni di risposte su Quora, un libro molto venduto su Amazon e un contributo su Forbes.<\/strong><\/p>","protected":false},"excerpt":{"rendered":"<p>Cosa sono i fondi offshore?<\/p>","protected":false},"author":16,"featured_media":81083,"parent":72718,"menu_order":0,"comment_status":"open","ping_status":"closed","template":"","meta":{"rop_custom_images_group":[],"rop_custom_messages_group":[],"rop_publish_now":"initial","rop_publish_now_accounts":{"facebook_10166176115445471_100883565069113":""},"rop_publish_now_history":[],"rop_publish_now_status":"pending","footnotes":""},"class_list":["post-81082","page","type-page","status-publish","has-post-thumbnail","hentry"],"_links":{"self":[{"href":"https:\/\/adamfayed.com\/it\/wp-json\/wp\/v2\/pages\/81082","targetHints":{"allow":["GET"]}}],"collection":[{"href":"https:\/\/adamfayed.com\/it\/wp-json\/wp\/v2\/pages"}],"about":[{"href":"https:\/\/adamfayed.com\/it\/wp-json\/wp\/v2\/types\/page"}],"author":[{"embeddable":true,"href":"https:\/\/adamfayed.com\/it\/wp-json\/wp\/v2\/users\/16"}],"replies":[{"embeddable":true,"href":"https:\/\/adamfayed.com\/it\/wp-json\/wp\/v2\/comments?post=81082"}],"version-history":[{"count":2,"href":"https:\/\/adamfayed.com\/it\/wp-json\/wp\/v2\/pages\/81082\/revisions"}],"predecessor-version":[{"id":122275,"href":"https:\/\/adamfayed.com\/it\/wp-json\/wp\/v2\/pages\/81082\/revisions\/122275"}],"up":[{"embeddable":true,"href":"https:\/\/adamfayed.com\/it\/wp-json\/wp\/v2\/pages\/72718"}],"wp:featuredmedia":[{"embeddable":true,"href":"https:\/\/adamfayed.com\/it\/wp-json\/wp\/v2\/media\/81083"}],"wp:attachment":[{"href":"https:\/\/adamfayed.com\/it\/wp-json\/wp\/v2\/media?parent=81082"}],"curies":[{"name":"wp","href":"https:\/\/api.w.org\/{rel}","templated":true}]}}