{"id":81090,"date":"2024-04-30T18:06:56","date_gmt":"2024-04-30T18:06:56","guid":{"rendered":"https:\/\/adamfayed.com\/?page_id=81090"},"modified":"2025-03-03T12:43:51","modified_gmt":"2025-03-03T12:43:51","slug":"hedge-funds","status":"publish","type":"page","link":"https:\/\/adamfayed.com\/it\/investment-options\/hedge-funds\/","title":{"rendered":"Fondi speculativi: Cosa sono e come investire"},"content":{"rendered":"<p>I fondi speculativi combinano strategie avanzate e gestione del rischio per ottenere rendimenti elevati, attraendo gli investitori che cercano una diversificazione del portafoglio.<\/p>\n\n\n\n<p>Il loro obiettivo \u00e8 ottenere rendimenti positivi sia in caso di rialzo che di ribasso dei mercati, il che li rende una componente dinamica del portafoglio di un investitore.<\/p>\n\n\n\n<p>I fondi sono gestiti da professionisti dell'investimento esperti che sfruttano la loro esperienza di mercato e le loro capacit\u00e0 di ricerca per navigare nelle complessit\u00e0 dei vari scenari finanziari.<\/p>\n\n\n\n<p>Se state cercando di investire come espatriati o individui con un alto patrimonio netto, che \u00e8 ci\u00f2 in cui sono specializzato, potete inviarmi un'e-mail (advice@adamfayed.com) o un messaggio WhatsApp (+44-7393-450-837).<\/p>\n\n\n\n<p>In questa pagina si parler\u00e0 di:<\/p>\n\n\n\n<ul class=\"wp-block-list\">\n<li>Che cos'\u00e8 un hedge fund?<\/li>\n\n\n\n<li>Societ\u00e0 di hedge fund<\/li>\n\n\n\n<li>Gestore di fondi speculativi<\/li>\n\n\n\n<li>Come investire in hedge fund<\/li>\n\n\n\n<li>Pro e contro dell'investimento in Hedge Fund<\/li>\n<\/ul>\n\n\n\n<div style=\"height:30px\" aria-hidden=\"true\" class=\"wp-block-spacer\"><\/div>\n\n\n\n<h2 class=\"wp-block-heading\"><strong>Che cos'\u00e8 un Hedge Fund?<\/strong><\/h2>\n\n\n\n<p>Un hedge fund \u00e8 un investimento avanzato <a href=\"https:\/\/www.sec.gov\/files\/ib_hedgefunds.pdf\" target=\"_blank\" rel=\"noopener\">struttura<\/a> progettato per mettere in comune il capitale di investitori accreditati e istituzionali per partecipare a diverse attivit\u00e0 di trading e investimento.<\/p>\n\n\n\n<p>A differenza dei fondi d'investimento tradizionali, gli hedge fund mirano a incrementare i rendimenti degli investitori mitigando i rischi attraverso un modello operativo flessibile. Questa flessibilit\u00e0 consente agli hedge fund di utilizzare un ampio spettro di strategie, tra cui, a titolo esemplificativo, vendite allo scoperto, leva finanziaria, derivati e arbitraggio.<\/p>\n\n\n\n<div style=\"height:20px\" aria-hidden=\"true\" class=\"wp-block-spacer\"><\/div>\n\n\n\n<h3 class=\"wp-block-heading\">Hedge Funds vs Fondi comuni di investimento<\/h3>\n\n\n\n<p>Gli hedge fund sono noti per le loro strategie di investimento complesse e ad alto rischio, come la leva finanziaria, le vendite allo scoperto e la negoziazione di derivati, tutte finalizzate a ottenere rendimenti pi\u00f9 elevati. <\/p>\n\n\n\n<p>Questo contrasta con <a href=\"https:\/\/adamfayed.com\/it\/investment-options\/mutual-funds\/\">fondi comuni di investimento<\/a>, che sono soggetti a normative pi\u00f9 severe, danno priorit\u00e0 alla minimizzazione del rischio e si concentrano tipicamente su un approccio d'investimento pi\u00f9 conservativo.<\/p>\n\n\n\n<p>L'accesso agli hedge fund \u00e8 limitato da soglie minime di investimento elevate e da strutture di commissioni complesse, che li rendono meno accessibili rispetto ai fondi comuni di investimento, che in genere accolgono una base di investitori pi\u00f9 ampia con requisiti di ingresso pi\u00f9 bassi.<\/p>\n\n\n\n<div style=\"height:20px\" aria-hidden=\"true\" class=\"wp-block-spacer\"><\/div>\n\n\n\n<h3 class=\"wp-block-heading\">Cosa fanno gli hedge fund?<\/h3>\n\n\n\n<figure class=\"wp-block-image alignleft size-medium\"><img fetchpriority=\"high\" decoding=\"async\" width=\"300\" height=\"300\" src=\"https:\/\/adamfayed.com\/wp-content\/uploads\/2024\/02\/Hedge-funds-1-300x300.webp\" alt=\"What Do Hedge Funds Do?\" class=\"wp-image-81093\" srcset=\"https:\/\/adamfayed.com\/wp-content\/uploads\/2024\/02\/Hedge-funds-1-300x300.webp 300w, https:\/\/adamfayed.com\/wp-content\/uploads\/2024\/02\/Hedge-funds-1-512x512.webp 512w, https:\/\/adamfayed.com\/wp-content\/uploads\/2024\/02\/Hedge-funds-1-150x150.webp 150w, https:\/\/adamfayed.com\/wp-content\/uploads\/2024\/02\/Hedge-funds-1-768x768.webp 768w, https:\/\/adamfayed.com\/wp-content\/uploads\/2024\/02\/Hedge-funds-1-scaled.webp 825w\" sizes=\"(max-width: 300px) 100vw, 300px\" \/><\/figure>\n\n\n\n<p>Una delle strategie principali utilizzate \u00e8 la vendita allo scoperto, che consente di trarre profitto dal calo dei prezzi delle attivit\u00e0.<\/p>\n\n\n\n<p>Prendendo in prestito titoli di cui si prevede una diminuzione di valore, vendendoli al prezzo di mercato corrente e riacquistandoli a un prezzo inferiore, il veicolo d'investimento pu\u00f2 ottenere guadagni nei mercati ribassisti.<\/p>\n\n\n\n<div style=\"height:20px\" aria-hidden=\"true\" class=\"wp-block-spacer\"><\/div>\n\n\n\n<h3 class=\"wp-block-heading\">Quanti sono gli hedge fund?<\/h3>\n\n\n\n<p>Attualmente, l'industria globale degli hedge fund comprende pi\u00f9 di 10.000 di questi fondi, segnando la sua espansione da un settore specializzato a un altro. <a href=\"https:\/\/adamfayed.com\/it\/investment-options\/\">opzioni di investimento<\/a> per gli high-net-worth individuals e gli investitori istituzionali a un importante attore del settore finanziario.<\/p>\n\n\n\n<div style=\"height:20px\" aria-hidden=\"true\" class=\"wp-block-spacer\"><\/div>\n\n\n\n<h3 class=\"wp-block-heading\">Fondi Commodity Trading Advisor (CTA) <\/h3>\n\n\n\n<p>Fondi CTA o <a href=\"https:\/\/adamfayed.com\/it\/investment-options\/commodity-trading-advisor\/\">Consulente per la negoziazione di materie prime<\/a> I fondi sono un tipo di hedge fund. Eseguono una strategia di futures gestiti e strategie discrezionali per gli investimenti.<\/p>\n\n\n\n<div style=\"height:30px\" aria-hidden=\"true\" class=\"wp-block-spacer\"><\/div>\n\n\n\n<h2 class=\"wp-block-heading\"><strong>Societ\u00e0 di hedge fund<\/strong><\/h2>\n\n\n\n<p>Tra le societ\u00e0 di hedge fund pi\u00f9 note figurano BlackRock, Two Sigma Investments, Citadel, Elliott Management Corp., Baupost Group, Viking Global Investors e DE Shaw &amp; Co.<\/p>\n\n\n\n<div style=\"height:20px\" aria-hidden=\"true\" class=\"wp-block-spacer\"><\/div>\n\n\n\n<h3 class=\"wp-block-heading\">I pi\u00f9 grandi fondi speculativi<\/h3>\n\n\n\n<p>Questi fondi gestiscono trilioni di dollari in attivit\u00e0 globali. Ecco alcuni dei fondi pi\u00f9 grandi:<\/p>\n\n\n\n<ul class=\"wp-block-list\">\n<li>Associati Bridgewater<\/li>\n\n\n\n<li>Tecnologie rinascimentali <\/li>\n\n\n\n<li>Gruppo Man <\/li>\n\n\n\n<li>Gestione del capitale di AQR<\/li>\n\n\n\n<li>Gestione patrimoniale alternativa di Blackstone (BAAM)<\/li>\n\n\n\n<li>Gestione del Millennio<\/li>\n\n\n\n<li>Gruppo Carlyle<\/li>\n<\/ul>\n\n\n\n<div style=\"height:30px\" aria-hidden=\"true\" class=\"wp-block-spacer\"><\/div>\n\n\n\n<figure class=\"wp-block-image alignright size-medium\"><img decoding=\"async\" width=\"300\" height=\"300\" src=\"https:\/\/adamfayed.com\/wp-content\/uploads\/2024\/02\/Hedge-funds-4-300x300.webp\" alt=\"Hedge Fund Manager\" class=\"wp-image-81098\" srcset=\"https:\/\/adamfayed.com\/wp-content\/uploads\/2024\/02\/Hedge-funds-4-300x300.webp 300w, https:\/\/adamfayed.com\/wp-content\/uploads\/2024\/02\/Hedge-funds-4-512x512.webp 512w, https:\/\/adamfayed.com\/wp-content\/uploads\/2024\/02\/Hedge-funds-4-150x150.webp 150w, https:\/\/adamfayed.com\/wp-content\/uploads\/2024\/02\/Hedge-funds-4-768x768.webp 768w, https:\/\/adamfayed.com\/wp-content\/uploads\/2024\/02\/Hedge-funds-4-scaled.webp 825w\" sizes=\"(max-width: 300px) 100vw, 300px\" \/><\/figure>\n\n\n\n<h2 class=\"wp-block-heading\"><strong>Gestore di fondi hedge<\/strong><\/h2>\n\n\n\n<p>Il gestore di un hedge fund svolge un ruolo cruciale nel guidare il fondo verso i suoi obiettivi, prendendo decisioni fondamentali sulla selezione dei titoli e sulla strategia d'investimento complessiva.<\/p>\n\n\n\n<p>Questi professionisti approfondiscono le ricerche di mercato, analizzano le tendenze economiche e applicano tecniche avanzate di gestione del rischio. <\/p>\n\n\n\n<div style=\"height:30px\" aria-hidden=\"true\" class=\"wp-block-spacer\"><\/div>\n\n\n\n<h2 class=\"wp-block-heading\"><strong>Come investire in Hedge Fund<\/strong><\/h2>\n\n\n\n<p>L'investimento in hedge fund \u00e8 un'opzione disponibile principalmente per gli investitori accreditati, definiti dagli standard normativi come individui con un patrimonio netto superiore a $1 milione (escluso il valore della propria residenza primaria) o un reddito annuale superiore a $200.000 ($300.000 per le coppie) negli ultimi due anni.<\/p>\n\n\n\n<ul class=\"wp-block-list\">\n<li>Verificare lo status di investitore accreditato<\/li>\n\n\n\n<li>Identificare i potenziali fondi hedge<\/li>\n\n\n\n<li>Avvio del contatto<\/li>\n\n\n\n<li><a class=\"wpil_keyword_link\" href=\"https:\/\/adamfayed.com\/it\/category\/review-articles\/\" title=\"Recensione\" data-wpil-keyword-link=\"linked\" data-wpil-monitor-id=\"1735\">Recensione<\/a> Documenti<\/li>\n\n\n\n<li>Completare il questionario per gli investitori<\/li>\n\n\n\n<li>Firmare il Contratto di abbonamento<\/li>\n\n\n\n<li>Trasferimento di fondi<\/li>\n\n\n\n<li>Monitoraggio dell'investimento<\/li>\n<\/ul>\n\n\n\n<div style=\"height:30px\" aria-hidden=\"true\" class=\"wp-block-spacer\"><\/div>\n\n\n\n<h2 class=\"wp-block-heading\"><strong>Pro e contro dell'investimento in Hedge Fund<\/strong><\/h2>\n\n\n\n<p><\/p>\n\n\n\n<h3 class=\"wp-block-heading\">Vantaggi dei fondi hedge<\/h3>\n\n\n\n<ul class=\"wp-block-list\">\n<li><strong>Diversificazione<\/strong>: I fondi investono in diverse attivit\u00e0 e strategie, riducendo il rischio di portafoglio.<\/li>\n\n\n\n<li><strong>Rendimenti pi\u00f9 elevati<\/strong>: Il loro obiettivo di ottenere rendimenti assoluti e l'uso della leva finanziaria possono migliorare la crescita del portafoglio.<\/li>\n\n\n\n<li><strong>Strategie specializzate<\/strong>: Gli investitori accedono a nicchie di mercato e a competenze che non sono tipicamente disponibili negli investimenti tradizionali.<\/li>\n<\/ul>\n\n\n\n<div style=\"height:20px\" aria-hidden=\"true\" class=\"wp-block-spacer\"><\/div>\n\n\n\n<h3 class=\"wp-block-heading\">Il rischio degli hedge fund<\/h3>\n\n\n\n<ul class=\"wp-block-list\">\n<li><strong>Tasse<\/strong>: Spesso hanno tariffe pi\u00f9 elevate.<\/li>\n\n\n\n<li><strong>Liquidit\u00e0<\/strong>: Gli investimenti possono essere bloccati per periodi prestabiliti.<\/li>\n\n\n\n<li><strong>Rischio e performance<\/strong>: La possibilit\u00e0 di ottenere rendimenti pi\u00f9 elevati comporta un aumento del rischio e la performance pu\u00f2 variare in modo significativo.<\/li>\n<\/ul>\n\n\n\n<p><\/p>\n\n\n\n<p><strong>Siete afflitti dall'indecisione finanziaria? <\/strong><\/p>\n\n\n\n<figure class=\"wp-block-image size-large is-resized\"><img decoding=\"async\" width=\"512\" height=\"288\" src=\"https:\/\/adamfayed.com\/wp-content\/uploads\/2025\/03\/Adam-Fayed-Contact_CTA3-512x288.jpg\" alt=\"\" class=\"wp-image-117505\" style=\"width:683px;height:auto\" srcset=\"https:\/\/adamfayed.com\/wp-content\/uploads\/2025\/03\/Adam-Fayed-Contact_CTA3-512x288.jpg 512w, https:\/\/adamfayed.com\/wp-content\/uploads\/2025\/03\/Adam-Fayed-Contact_CTA3-300x169.jpg 300w, https:\/\/adamfayed.com\/wp-content\/uploads\/2025\/03\/Adam-Fayed-Contact_CTA3-768x432.jpg 768w, https:\/\/adamfayed.com\/wp-content\/uploads\/2025\/03\/Adam-Fayed-Contact_CTA3-scaled.jpg 825w\" sizes=\"(max-width: 512px) 100vw, 512px\" \/><\/figure>\n\n\n\n<div style=\"height:10px\" aria-hidden=\"true\" class=\"wp-block-spacer\"><\/div>\n\n\n\n<div class=\"wp-block-buttons is-layout-flex wp-block-buttons-is-layout-flex\">\n<div class=\"wp-block-button\"><a class=\"wp-block-button__link wp-element-button\" href=\"https:\/\/adamfayed.com\/it\/become-adams-client\/\">Diventa mio cliente<\/a><\/div>\n\n\n\n<div class=\"wp-block-button\"><a class=\"wp-block-button__link wp-element-button\" href=\"https:\/\/adamfayed.com\/it\/good-match-quiz\/\" target=\"_blank\" rel=\"noreferrer noopener\">Fare il quiz sull'idoneit\u00e0 del cliente<\/a><\/div>\n\n\n\n<div class=\"wp-block-button\"><a class=\"wp-block-button__link wp-element-button\" href=\"https:\/\/adamfayed.com\/it\/contact\/\" target=\"_blank\" rel=\"noreferrer noopener\">Contatto<\/a><\/div>\n<\/div>\n\n\n\n<p><strong>Adam \u00e8 un autore riconosciuto a livello internazionale in materia finanziaria con oltre 830 milioni di visualizzazioni di risposte su Quora, un libro molto venduto su Amazon e un contributo su Forbes.<\/strong><\/p>","protected":false},"excerpt":{"rendered":"<p>Fondi speculativi: Cosa sono e come investire<\/p>","protected":false},"author":17,"featured_media":81098,"parent":79603,"menu_order":0,"comment_status":"open","ping_status":"closed","template":"","meta":{"rop_custom_images_group":[],"rop_custom_messages_group":[],"rop_publish_now":"initial","rop_publish_now_accounts":{"facebook_10166176115445471_100883565069113":""},"rop_publish_now_history":[],"rop_publish_now_status":"pending","footnotes":""},"class_list":["post-81090","page","type-page","status-publish","has-post-thumbnail","hentry"],"_links":{"self":[{"href":"https:\/\/adamfayed.com\/it\/wp-json\/wp\/v2\/pages\/81090","targetHints":{"allow":["GET"]}}],"collection":[{"href":"https:\/\/adamfayed.com\/it\/wp-json\/wp\/v2\/pages"}],"about":[{"href":"https:\/\/adamfayed.com\/it\/wp-json\/wp\/v2\/types\/page"}],"author":[{"embeddable":true,"href":"https:\/\/adamfayed.com\/it\/wp-json\/wp\/v2\/users\/17"}],"replies":[{"embeddable":true,"href":"https:\/\/adamfayed.com\/it\/wp-json\/wp\/v2\/comments?post=81090"}],"version-history":[{"count":3,"href":"https:\/\/adamfayed.com\/it\/wp-json\/wp\/v2\/pages\/81090\/revisions"}],"predecessor-version":[{"id":105377,"href":"https:\/\/adamfayed.com\/it\/wp-json\/wp\/v2\/pages\/81090\/revisions\/105377"}],"up":[{"embeddable":true,"href":"https:\/\/adamfayed.com\/it\/wp-json\/wp\/v2\/pages\/79603"}],"wp:featuredmedia":[{"embeddable":true,"href":"https:\/\/adamfayed.com\/it\/wp-json\/wp\/v2\/media\/81098"}],"wp:attachment":[{"href":"https:\/\/adamfayed.com\/it\/wp-json\/wp\/v2\/media?parent=81090"}],"curies":[{"name":"wp","href":"https:\/\/api.w.org\/{rel}","templated":true}]}}