{"id":81405,"date":"2024-04-22T09:28:00","date_gmt":"2024-04-22T09:28:00","guid":{"rendered":"https:\/\/adamfayed.com\/?page_id=81405"},"modified":"2025-03-27T07:46:37","modified_gmt":"2025-03-27T07:46:37","slug":"offshore-companies","status":"publish","type":"page","link":"https:\/\/adamfayed.com\/it\/offshore-investment\/offshore-financial-services\/offshore-companies\/","title":{"rendered":"Societ\u00e0 offshore"},"content":{"rendered":"<p>Le societ\u00e0 offshore sono entit\u00e0 commerciali stabilite in una giurisdizione al di fuori del Paese di residenza del proprietario, spesso in una localit\u00e0 che offre vantaggi legali e finanziari come aliquote fiscali pi\u00f9 basse, maggiore privacy e procedure normative semplificate.<\/p>\n\n\n\n<p>Gli investitori possono trovare opportunit\u00e0 e valutare i rischi consultando i seguenti esperti <a href=\"https:\/\/adamfayed.com\/it\/financial-planning\/expat-financial-advisor\/\">consulenti finanziari<\/a> che hanno esperienza di investimenti in societ\u00e0 offshore.<\/p>\n\n\n\n<p>Se volete investire come un espatriato o un individuo con un alto patrimonio netto, che \u00e8 ci\u00f2 in cui sono specializzato, potete inviarmi un'e-mail (advice@adamfayed.com) o utilizzare WhatsApp (+44-7393-450-837).<\/p>\n\n\n\n<p>In questa pagina si parler\u00e0 di:<\/p>\n\n\n\n<ul class=\"wp-block-list\">\n<li>Societ\u00e0 offshore\n<ul class=\"wp-block-list\">\n<li>Come funzionano le societ\u00e0 offshore<\/li>\n\n\n\n<li>Formazione di societ\u00e0 offshore<\/li>\n\n\n\n<li>Registrazione di societ\u00e0 offshore<\/li>\n<\/ul>\n<\/li>\n\n\n\n<li>Investire in societ\u00e0 estere<\/li>\n<\/ul>\n\n\n\n<div style=\"height:30px\" aria-hidden=\"true\" class=\"wp-block-spacer\"><\/div>\n\n\n\n<figure class=\"wp-block-image alignright size-medium is-resized\"><img fetchpriority=\"high\" decoding=\"async\" width=\"300\" height=\"300\" src=\"https:\/\/adamfayed.com\/wp-content\/uploads\/2024\/02\/offshore-companies-4.1k-1-300x300.webp\" alt=\"Offshore companies\" class=\"wp-image-81533\" style=\"width:231px;height:auto\" srcset=\"https:\/\/adamfayed.com\/wp-content\/uploads\/2024\/02\/offshore-companies-4.1k-1-300x300.webp 300w, https:\/\/adamfayed.com\/wp-content\/uploads\/2024\/02\/offshore-companies-4.1k-1-512x512.webp 512w, https:\/\/adamfayed.com\/wp-content\/uploads\/2024\/02\/offshore-companies-4.1k-1-150x150.webp 150w, https:\/\/adamfayed.com\/wp-content\/uploads\/2024\/02\/offshore-companies-4.1k-1-768x768.webp 768w, https:\/\/adamfayed.com\/wp-content\/uploads\/2024\/02\/offshore-companies-4.1k-1-scaled.webp 825w\" sizes=\"(max-width: 300px) 100vw, 300px\" \/><\/figure>\n\n\n\n<h2 class=\"wp-block-heading\"><strong>Societ\u00e0 offshore<\/strong><\/h2>\n\n\n\n<p>Le societ\u00e0 offshore sono entit\u00e0 che sono legalmente <a href=\"https:\/\/www.linkedin.com\/pulse\/what-offshore-company-its-benefits-chen-cai\" target=\"_blank\" rel=\"noopener\">registrato<\/a> in una giurisdizione diversa da quella in cui sono condotte le operazioni principali o in cui risiedono gli amministratori della societ\u00e0.<\/p>\n\n\n\n<p>Spesso si stabiliscono in Paesi o territori con leggi fiscali favorevoli, requisiti normativi ridotti e maggiore riservatezza per i proprietari.<\/p>\n\n\n\n<p>Le imprese internazionali contribuiscono in modo significativo ai flussi finanziari e <a href=\"https:\/\/adamfayed.com\/it\/financial-planning\/offshore-investment\/\">investimento offshore<\/a> strategie in tutto il mondo, facilitando il commercio internazionale, <a href=\"https:\/\/adamfayed.com\/it\/offshore-investment\/offshore-trusts\/offshore-asset-protection-trust\/\" data-type=\"link\" data-id=\"https:\/\/adamfayed.com\/offshore-investment\/offshore-trusts\/offshore-asset-protection-trust\/\">protezione dei beni<\/a>, e <a href=\"https:\/\/adamfayed.com\/it\/financial-planning\/personal-financial-planning\/expat-tax\/\">pianificazione fiscale<\/a>.<\/p>\n\n\n\n<div style=\"height:20px\" aria-hidden=\"true\" class=\"wp-block-spacer\"><\/div>\n\n\n\n<h3 class=\"wp-block-heading\">Come funzionano le societ\u00e0 offshore?<\/h3>\n\n\n\n<p>Le aziende offshore operano entro i confini legali delle giurisdizioni di registrazione, spesso beneficiando di vantaggi fiscali come la riduzione o l'eliminazione delle imposte societarie per minimizzare gli oneri fiscali.<\/p>\n\n\n\n<p>Forniscono <a href=\"https:\/\/adamfayed.com\/it\/financial-planning\/offshore-investment\/offshore-financial-services\/\">servizi finanziari offshore<\/a> e una notevole privacy, in quanto molte giurisdizioni mantengono riservata l'identit\u00e0 di amministratori e azionisti e consentono di detenere attivit\u00e0, banche e contratti sotto il nome della societ\u00e0, offrendo cos\u00ec protezione legale e anonimato ai proprietari.<\/p>\n\n\n\n<div style=\"height:20px\" aria-hidden=\"true\" class=\"wp-block-spacer\"><\/div>\n\n\n\n<h3 class=\"wp-block-heading\">Formazione di societ\u00e0 offshore<\/h3>\n\n\n\n<p>Il processo di <a href=\"https:\/\/adamfayed.com\/it\/how-to-guides\/how-to-create-an-offshore-company\/\" data-type=\"link\" data-id=\"https:\/\/adamfayed.com\/how-to-guides\/how-to-create-an-offshore-company\/\">formazione di societ\u00e0 offshore<\/a>La scelta di una giurisdizione appropriata e in linea con i vostri obiettivi aziendali, seguita da un'accurata conformit\u00e0 alle leggi e ai regolamenti vigenti.<\/p>\n\n\n\n<p>Questo processo comprende la stesura di un piano aziendale completo, la definizione della struttura dell'azienda e la definizione dei ruoli di propriet\u00e0 e di gestione.<\/p>\n\n\n\n<p>Le fasi essenziali comprendono anche l'apertura di un conto bancario aziendale, l'ottenimento di un indirizzo registrato all'interno della giurisdizione e, se richiesto, l'assunzione di agenti o rappresentanti locali.<\/p>\n\n\n\n<p>L'adesione a rigorose misure di conformit\u00e0 e di due diligence \u00e8 fondamentale e richiede la presentazione di documenti d'identit\u00e0, di prove di residenza e di una chiara descrizione delle attivit\u00e0 commerciali dell'azienda.<\/p>\n\n\n\n<figure class=\"wp-block-embed is-type-wp-embed is-provider-adam-fayed wp-block-embed-adam-fayed\"><div class=\"wp-block-embed__wrapper\">\n<blockquote class=\"wp-embedded-content\" data-secret=\"iU0G2vCLSV\"><a href=\"https:\/\/adamfayed.com\/it\/business-strategy\/how-to-open-an-offshore-company-in-the-cayman-islands-a-guide\/\">Come aprire una societ\u00e0 offshore nelle Isole Cayman: Una guida<\/a><\/blockquote><iframe class=\"wp-embedded-content\" sandbox=\"allow-scripts\" security=\"restricted\" style=\"position: absolute; visibility: hidden;\" title=\"\u201cCome aprire una societ\u00e0 offshore nelle Isole Cayman: Una guida\u201d - Adam Fayed\" src=\"https:\/\/adamfayed.com\/business-strategy\/how-to-open-an-offshore-company-in-the-cayman-islands-a-guide\/embed\/#?secret=c7pTxHW1IE#?secret=iU0G2vCLSV\" data-secret=\"iU0G2vCLSV\" width=\"600\" height=\"338\" frameborder=\"0\" marginwidth=\"0\" marginheight=\"0\" scrolling=\"no\"><\/iframe>\n<\/div><\/figure>\n\n\n\n<h3 class=\"wp-block-heading\">Registrazione di una societ\u00e0 offshore<\/h3>\n\n\n\n<figure class=\"wp-block-image alignright size-medium is-resized\"><img decoding=\"async\" width=\"300\" height=\"300\" src=\"https:\/\/adamfayed.com\/wp-content\/uploads\/2024\/02\/offshore-companies-4.1k-2-300x300.webp\" alt=\"Registering an offshore company \" class=\"wp-image-81534\" style=\"width:204px;height:auto\" srcset=\"https:\/\/adamfayed.com\/wp-content\/uploads\/2024\/02\/offshore-companies-4.1k-2-300x300.webp 300w, https:\/\/adamfayed.com\/wp-content\/uploads\/2024\/02\/offshore-companies-4.1k-2-512x512.webp 512w, https:\/\/adamfayed.com\/wp-content\/uploads\/2024\/02\/offshore-companies-4.1k-2-150x150.webp 150w, https:\/\/adamfayed.com\/wp-content\/uploads\/2024\/02\/offshore-companies-4.1k-2-768x768.webp 768w, https:\/\/adamfayed.com\/wp-content\/uploads\/2024\/02\/offshore-companies-4.1k-2-scaled.webp 825w\" sizes=\"(max-width: 300px) 100vw, 300px\" \/><\/figure>\n\n\n\n<p>La registrazione di una societ\u00e0 offshore comporta la presentazione alle autorit\u00e0 della giurisdizione prescelta di documenti essenziali come lo statuto e l'atto costitutivo della societ\u00e0, insieme ai dati relativi agli amministratori e agli azionisti.<\/p>\n\n\n\n<p>Dopo il pagamento di tasse di registrazione variabili, con possibilit\u00e0 di accelerazione, la societ\u00e0 attende l'approvazione. Una volta ottenuta, la societ\u00e0 riceve un certificato di incorporazione, che segna il suo status giuridico ufficiale.<\/p>\n\n\n\n<p>I prerequisiti per la registrazione includono l'ottenimento di un indirizzo locale, la nomina di un segretario o di un agente della societ\u00e0 e l'adesione agli standard internazionali di conformit\u00e0, che possono comprendere la presentazione di documenti di identit\u00e0, di un piano aziendale e di impegni di trasparenza finanziaria.<\/p>\n\n\n\n<div style=\"height:30px\" aria-hidden=\"true\" class=\"wp-block-spacer\"><\/div>\n\n\n\n<h2 class=\"wp-block-heading\"><strong>Investire in societ\u00e0 estere<\/strong><\/h2>\n\n\n\n<p>L'acquisto di azioni o altri beni di aziende costituite o registrate in Paesi offshore \u00e8 noto come investimento in societ\u00e0 offshore.<\/p>\n\n\n\n<p>I rischi degli investimenti offshore includono la gestione di labirinti legali e normativi, la volatilit\u00e0 dei mercati valutari e le difficolt\u00e0 di trasparenza. Gli investitori dovrebbero considerare attentamente tutte le opzioni disponibili e cercare <a href=\"https:\/\/adamfayed.com\/it\/financial-planning\/expat-financial-advisor\/financial-advice\/\">consulenza finanziaria<\/a>.<\/p>\n\n\n\n<p><\/p>\n\n\n\n<p><strong>Siete afflitti dall'indecisione finanziaria? <\/strong><\/p>\n\n\n\n<figure class=\"wp-block-image size-large is-resized\"><img decoding=\"async\" width=\"512\" height=\"288\" src=\"https:\/\/adamfayed.com\/wp-content\/uploads\/2025\/03\/Adam-Fayed-Contact_CTA3-512x288.jpg\" alt=\"\" class=\"wp-image-117505\" style=\"width:683px;height:auto\" srcset=\"https:\/\/adamfayed.com\/wp-content\/uploads\/2025\/03\/Adam-Fayed-Contact_CTA3-512x288.jpg 512w, https:\/\/adamfayed.com\/wp-content\/uploads\/2025\/03\/Adam-Fayed-Contact_CTA3-300x169.jpg 300w, https:\/\/adamfayed.com\/wp-content\/uploads\/2025\/03\/Adam-Fayed-Contact_CTA3-768x432.jpg 768w, https:\/\/adamfayed.com\/wp-content\/uploads\/2025\/03\/Adam-Fayed-Contact_CTA3-scaled.jpg 825w\" sizes=\"(max-width: 512px) 100vw, 512px\" \/><\/figure>\n\n\n\n<div style=\"height:10px\" aria-hidden=\"true\" class=\"wp-block-spacer\"><\/div>\n\n\n\n<div class=\"wp-block-buttons is-layout-flex wp-block-buttons-is-layout-flex\">\n<div class=\"wp-block-button\"><a class=\"wp-block-button__link wp-element-button\" href=\"https:\/\/adamfayed.com\/it\/become-adams-client\/\">Diventa mio cliente<\/a><\/div>\n\n\n\n<div class=\"wp-block-button\"><a class=\"wp-block-button__link wp-element-button\" href=\"https:\/\/adamfayed.com\/it\/good-match-quiz\/\" target=\"_blank\" rel=\"noreferrer noopener\">Fare il quiz sull'idoneit\u00e0 del cliente<\/a><\/div>\n\n\n\n<div class=\"wp-block-button\"><a class=\"wp-block-button__link wp-element-button\" href=\"https:\/\/adamfayed.com\/it\/contact\/\" target=\"_blank\" rel=\"noreferrer noopener\">Contatto<\/a><\/div>\n<\/div>\n\n\n\n<p><strong>Adam \u00e8 un autore riconosciuto a livello internazionale in materia finanziaria con oltre 830 milioni di visualizzazioni di risposte su Quora, un libro molto venduto su Amazon e un contributo su Forbes.<\/strong><\/p>","protected":false},"excerpt":{"rendered":"<p>Offshore companies are business entities established in a jurisdiction outside of the owner&#8217;s country of residence, often in a location that offers legal and financial advantages such as lower tax rates, enhanced privacy, and simplified regulatory procedures. Investors can find opportunities and assess risks by consulting with financial advisors who have experience with investing in [&hellip;]<\/p>","protected":false},"author":17,"featured_media":81536,"parent":81078,"menu_order":0,"comment_status":"open","ping_status":"closed","template":"","meta":{"rop_custom_images_group":[],"rop_custom_messages_group":[],"rop_publish_now":"initial","rop_publish_now_accounts":{"facebook_10166176115445471_100883565069113":""},"rop_publish_now_history":[],"rop_publish_now_status":"pending","footnotes":""},"class_list":["post-81405","page","type-page","status-publish","has-post-thumbnail","hentry"],"_links":{"self":[{"href":"https:\/\/adamfayed.com\/it\/wp-json\/wp\/v2\/pages\/81405","targetHints":{"allow":["GET"]}}],"collection":[{"href":"https:\/\/adamfayed.com\/it\/wp-json\/wp\/v2\/pages"}],"about":[{"href":"https:\/\/adamfayed.com\/it\/wp-json\/wp\/v2\/types\/page"}],"author":[{"embeddable":true,"href":"https:\/\/adamfayed.com\/it\/wp-json\/wp\/v2\/users\/17"}],"replies":[{"embeddable":true,"href":"https:\/\/adamfayed.com\/it\/wp-json\/wp\/v2\/comments?post=81405"}],"version-history":[{"count":3,"href":"https:\/\/adamfayed.com\/it\/wp-json\/wp\/v2\/pages\/81405\/revisions"}],"predecessor-version":[{"id":122289,"href":"https:\/\/adamfayed.com\/it\/wp-json\/wp\/v2\/pages\/81405\/revisions\/122289"}],"up":[{"embeddable":true,"href":"https:\/\/adamfayed.com\/it\/wp-json\/wp\/v2\/pages\/81078"}],"wp:featuredmedia":[{"embeddable":true,"href":"https:\/\/adamfayed.com\/it\/wp-json\/wp\/v2\/media\/81536"}],"wp:attachment":[{"href":"https:\/\/adamfayed.com\/it\/wp-json\/wp\/v2\/media?parent=81405"}],"curies":[{"name":"wp","href":"https:\/\/api.w.org\/{rel}","templated":true}]}}