{"id":82058,"date":"2024-03-01T08:47:10","date_gmt":"2024-03-01T08:47:10","guid":{"rendered":"https:\/\/adamfayed.com\/?page_id=82058"},"modified":"2025-04-04T08:29:49","modified_gmt":"2025-04-04T08:29:49","slug":"commodity-trading-advisor","status":"publish","type":"page","link":"https:\/\/adamfayed.com\/it\/investment-options\/commodity-trading-advisor\/","title":{"rendered":"Fondi Commodity Trading Advisor (CTA)"},"content":{"rendered":"<p>In questa pagina si parler\u00e0 dei fondi Commodity Trading Advisor (CTA) e si tratteranno brevemente le informazioni generali sugli hedge fund, il loro funzionamento e alcuni dei migliori fondi CTA.<\/p>\n\n\n\n<p>I punti di discussione specifici includono: <\/p>\n\n\n\n<ul class=\"wp-block-list\">\n<li>Che cos'\u00e8 un consulente di trading sulle materie prime?\n<ul class=\"wp-block-list\">\n<li>Fondi speculativi<\/li>\n\n\n\n<li>Contratti futures<\/li>\n<\/ul>\n<\/li>\n\n\n\n<li>I migliori fondi per il trading di materie prime<\/li>\n<\/ul>\n\n\n\n<div style=\"height:29px\" aria-hidden=\"true\" class=\"wp-block-spacer\"><\/div>\n\n\n\n<h2 class=\"wp-block-heading\"><strong>Che cos'\u00e8 un consulente di trading sulle materie prime?<\/strong><\/h2>\n\n\n\n<p>I fondi CTA, acronimo di Commodity Trading Advisor Funds, sono una categoria di hedge fund che operano sulla base di una strategia di managed futures.<\/p>\n\n\n\n<p>Se state cercando di investire come espatriati o individui con un alto patrimonio netto, che \u00e8 ci\u00f2 in cui sono specializzato, potete inviarmi un'e-mail (advice@adamfayed.com) o un messaggio WhatsApp (+44-7393-450-837).<\/p>\n\n\n\n<p>Il Commodity Trading Advisor pu\u00f2 essere una persona fisica o un'entit\u00e0 con una registrazione valida per offrire consulenza sul trading di materie prime.<\/p>\n\n\n\n<p>Questi consulenti devono soddisfare i requisiti di competenza per potersi registrare come CTA e devono avere una buona conoscenza di tutti i tipi di investimenti in materie prime.<\/p>\n\n\n\n<p>Le CTA possono utilizzare un'ampia gamma di strategie di trading, tra cui il trading sistematico e il trend following.<\/p>\n\n\n\n<p>Allo stesso tempo, i fondi CTA possono prevedere strategie discrezionali per la gestione attiva degli investimenti.<\/p>\n\n\n\n<p>Nella maggior parte dei casi, la registrazione delle CTA \u00e8 richiesta dalla National Futures Association (NFA) e deve essere conforme alla Commodity Futures Trading Commission (CFTC).<\/p>\n\n\n\n<div style=\"height:19px\" aria-hidden=\"true\" class=\"wp-block-spacer\"><\/div>\n\n\n\n<h3 class=\"wp-block-heading\">Fondi speculativi<\/h3>\n\n\n\n<div class=\"wp-block-group is-layout-constrained wp-block-group-is-layout-constrained\">\n<figure class=\"wp-block-image alignright size-medium is-resized\"><img fetchpriority=\"high\" decoding=\"async\" width=\"300\" height=\"200\" src=\"https:\/\/adamfayed.com\/wp-content\/uploads\/2024\/03\/image-2-300x200.png\" alt=\"commodity trading advisor hedge funds \" class=\"wp-image-82105\" style=\"width:204px;height:auto\" srcset=\"https:\/\/adamfayed.com\/wp-content\/uploads\/2024\/03\/image-2-300x200.png 300w, https:\/\/adamfayed.com\/wp-content\/uploads\/2024\/03\/image-2-512x341.png 512w, https:\/\/adamfayed.com\/wp-content\/uploads\/2024\/03\/image-2.png 602w\" sizes=\"(max-width: 300px) 100vw, 300px\" \/><\/figure>\n<\/div>\n\n\n\n<p>Gli hedge fund mettono in comune il denaro per effettuare investimenti aggressivi e pi\u00f9 rischiosi in azioni e attivit\u00e0, offrendo una maggiore esclusivit\u00e0 rispetto ai fondi di investimento. <a href=\"https:\/\/adamfayed.com\/it\/investment-options\/what-are-mutual-funds\/\">fondi comuni di investimento<\/a>.<\/p>\n\n\n\n<p>Dirigenti coinvolti nel CTA <a href=\"https:\/\/www.investor.gov\/introduction-investing\/investing-basics\/investment-products\/private-investment-funds\/hedge-funds\" target=\"_blank\" rel=\"noopener\">fondo speculativo<\/a> hanno una maggiore flessibilit\u00e0 e impiegano strategie pi\u00f9 audaci, guadagnando commissioni pi\u00f9 elevate rispetto ai fondi comuni.<\/p>\n\n\n\n<div style=\"height:19px\" aria-hidden=\"true\" class=\"wp-block-spacer\"><\/div>\n\n\n\n<h3 class=\"wp-block-heading\">Contratti futures<\/h3>\n\n\n\n<p>A <a href=\"https:\/\/www.investor.gov\/introduction-investing\/investing-basics\/glossary\/futures-contract\" target=\"_blank\" rel=\"noopener\">contratto a termine<\/a> \u00e8 un accordo legale per l'acquisto o la vendita di una merce, di un'attivit\u00e0 o di un titolo a un prezzo e a un tempo prestabiliti.<\/p>\n\n\n\n<p>Standardizzati per qualit\u00e0 e quantit\u00e0, i contratti futures consentono la negoziazione in borsa. Gli acquirenti si impegnano ad acquistare il bene, mentre i venditori si impegnano a consegnarlo alla scadenza del contratto.<\/p>\n\n\n\n<div style=\"height:29px\" aria-hidden=\"true\" class=\"wp-block-spacer\"><\/div>\n\n\n\n<h2 class=\"wp-block-heading\"><strong>I migliori fondi di consulenza per il trading di materie prime<\/strong><\/h2>\n\n\n\n<p>Alcuni dei <a href=\"https:\/\/www.iasg.com\/indexes\/iasg-cta-index\/rankings?filterByDateEnd=2023-12-01&amp;sortBy=performance&amp;orderBy=DESC\" target=\"_blank\" rel=\"noopener\">I migliori fondi CTA secondo IASG<\/a> (al dicembre 2023) sono stati elencati di seguito.<\/p>\n\n\n\n<div style=\"height:19px\" aria-hidden=\"true\" class=\"wp-block-spacer\"><\/div>\n\n\n\n<h3 class=\"wp-block-heading\">Statar Capital LLC<\/h3>\n\n\n\n<p>Il programma di Statar Capital LLC ha registrato un rendimento di 5,79% negli ultimi 12 mesi, con un tasso di rendimento annuo composto di 36,77%.<\/p>\n\n\n\n<p>Operando principalmente nel settore del gas naturale, Statar Capital enfatizza le operazioni direzionali e di valore relativo, guidate da dati fondamentali trasparenti.<\/p>\n\n\n\n<p>Il gestore, Ron Ozer, utilizza un'analisi del drawdown calcolato per un solido processo di costruzione del portafoglio.<\/p>\n\n\n\n<div style=\"height:19px\" aria-hidden=\"true\" class=\"wp-block-spacer\"><\/div>\n\n\n\n<h3 class=\"wp-block-heading\">Martin Fund Management LP<\/h3>\n\n\n\n<p>Il programma di opzioni di Martin Fund Management ha registrato un rendimento del 32,39% negli ultimi 12 mesi, privilegiando i derivati quotati in borsa delle soft commodity globali.<\/p>\n\n\n\n<p>Fondata da David Stephen Martin, la Registered CTA mira a ottenere rendimenti annuali superiori alla media, puntando su una bassa correlazione macro e su una gestione disciplinata del rischio.<\/p>\n\n\n\n<div style=\"height:19px\" aria-hidden=\"true\" class=\"wp-block-spacer\"><\/div>\n\n\n\n<div class=\"wp-block-group is-layout-constrained wp-block-group-is-layout-constrained\">\n<figure class=\"wp-block-image alignright size-medium\"><img decoding=\"async\" width=\"300\" height=\"200\" src=\"https:\/\/adamfayed.com\/wp-content\/uploads\/2024\/03\/CTA-funds.image_.olia-danilevich-5466785-300x200.jpg\" alt=\"CTA funds investment\" class=\"wp-image-82108\" srcset=\"https:\/\/adamfayed.com\/wp-content\/uploads\/2024\/03\/CTA-funds.image_.olia-danilevich-5466785-300x200.jpg 300w, https:\/\/adamfayed.com\/wp-content\/uploads\/2024\/03\/CTA-funds.image_.olia-danilevich-5466785-512x342.jpg 512w, https:\/\/adamfayed.com\/wp-content\/uploads\/2024\/03\/CTA-funds.image_.olia-danilevich-5466785.jpg 640w\" sizes=\"(max-width: 300px) 100vw, 300px\" \/><\/figure>\n<\/div>\n\n\n\n<h3 class=\"wp-block-heading\">Purple Valley Capital Inc.<\/h3>\n\n\n\n<p>Il Diversified Trend 1 di Purple Valley Capital ha ottenuto una performance YTD di -9,60% con una strategia di gestione sistematica del rischio.<\/p>\n\n\n\n<p>Tuttavia, la performance dall'inizio nel 2020 \u00e8 stata di 13,59%, rendendolo redditizio rispetto alla maggior parte degli altri fondi CTA.<\/p>\n\n\n\n<p>La societ\u00e0 di gestione patrimoniale \u00e8 specializzata nel cogliere i grandi trend di mercato a livello globale, offrendo una bassa correlazione con le opzioni di investimento tradizionali per istituzioni e individui con un elevato patrimonio netto.<\/p>\n\n\n\n<div style=\"height:19px\" aria-hidden=\"true\" class=\"wp-block-spacer\"><\/div>\n\n\n\n<h3 class=\"wp-block-heading\">Vivienne Investissement<\/h3>\n\n\n\n<p>I fondi OUESSANT UCITS FUND (A) e MACH 3 di Vivienne Investissement dimostrano un impegno nella gestione quantitativa e sistematica degli attivi.<\/p>\n\n\n\n<p>Costituita in Francia nel 2005, la societ\u00e0 si basa su strategie basate sulla ricerca e sulla matematica finanziaria, gestendo una serie di cinque strategie quantitative con particolare attenzione agli strumenti quotati e trasparenti.<\/p>\n\n\n\n<div style=\"height:19px\" aria-hidden=\"true\" class=\"wp-block-spacer\"><\/div>\n\n\n\n<h3 class=\"wp-block-heading\">Trident Capital Management LLC<\/h3>\n\n\n\n<p>Trident Capital Management, una strategia macro globale, presenta diversi fondi, tra cui le serie Trident Fund LP e Trident Fund LP Enhanced.<\/p>\n\n\n\n<p>Guidata da Jay Feuerstein, R.J. A. D'Orazio e Matthew Gray, Trident impiega modelli di momentum proprietari per la stabilit\u00e0.<\/p>\n\n\n\n<p>I loro portafogli, progettati per clienti diversi, mirano a ottenere rendimenti non correlati in condizioni di mercato volatili.<\/p>\n\n\n\n<div style=\"height:19px\" aria-hidden=\"true\" class=\"wp-block-spacer\"><\/div>\n\n\n\n<h3 class=\"wp-block-heading\">Altri<\/h3>\n\n\n\n<p>Altri fondi CTA degni di nota sono:<\/p>\n\n\n\n<ul class=\"wp-block-list\">\n<li>Typhon Capital Management LLC<\/li>\n\n\n\n<li>Mandatum Asset Management<\/li>\n\n\n\n<li>Glenhaven Capital LLC<\/li>\n\n\n\n<li>W.G. Wealth Guardian Ltd.<\/li>\n\n\n\n<li>Gruppo Superfund<\/li>\n<\/ul>\n\n\n\n<p><\/p>\n\n\n\n<p><strong>Siete afflitti dall'indecisione finanziaria? <\/strong><\/p>\n\n\n\n<figure class=\"wp-block-image size-large is-resized\"><img decoding=\"async\" width=\"512\" height=\"288\" src=\"https:\/\/adamfayed.com\/wp-content\/uploads\/2025\/03\/Adam-Fayed-Contact_CTA3-512x288.jpg\" alt=\"\" class=\"wp-image-117505\" style=\"width:683px;height:auto\" srcset=\"https:\/\/adamfayed.com\/wp-content\/uploads\/2025\/03\/Adam-Fayed-Contact_CTA3-512x288.jpg 512w, https:\/\/adamfayed.com\/wp-content\/uploads\/2025\/03\/Adam-Fayed-Contact_CTA3-300x169.jpg 300w, https:\/\/adamfayed.com\/wp-content\/uploads\/2025\/03\/Adam-Fayed-Contact_CTA3-768x432.jpg 768w, https:\/\/adamfayed.com\/wp-content\/uploads\/2025\/03\/Adam-Fayed-Contact_CTA3-scaled.jpg 825w\" sizes=\"(max-width: 512px) 100vw, 512px\" \/><\/figure>\n\n\n\n<div style=\"height:10px\" aria-hidden=\"true\" class=\"wp-block-spacer\"><\/div>\n\n\n\n<div class=\"wp-block-buttons is-layout-flex wp-block-buttons-is-layout-flex\">\n<div class=\"wp-block-button\"><a class=\"wp-block-button__link wp-element-button\" href=\"https:\/\/adamfayed.com\/it\/become-adams-client\/\">Diventa mio cliente<\/a><\/div>\n\n\n\n<div class=\"wp-block-button\"><a class=\"wp-block-button__link wp-element-button\" href=\"https:\/\/adamfayed.com\/it\/good-match-quiz\/\" target=\"_blank\" rel=\"noreferrer noopener\">Fare il quiz sull'idoneit\u00e0 del cliente<\/a><\/div>\n\n\n\n<div class=\"wp-block-button\"><a class=\"wp-block-button__link wp-element-button\" href=\"https:\/\/adamfayed.com\/it\/contact\/\" target=\"_blank\" rel=\"noreferrer noopener\">Contatto<\/a><\/div>\n<\/div>\n\n\n\n<p><strong>Adam \u00e8 un autore riconosciuto a livello internazionale in materia finanziaria con oltre 830 milioni di visualizzazioni di risposte su Quora, un libro molto venduto su Amazon e un contributo su Forbes.<\/strong><\/p>","protected":false},"excerpt":{"rendered":"<p>Fondi Commodity Trading Advisor (CTA)<\/p>","protected":false},"author":14,"featured_media":82106,"parent":79603,"menu_order":0,"comment_status":"open","ping_status":"closed","template":"","meta":{"rop_custom_images_group":[],"rop_custom_messages_group":[],"rop_publish_now":"initial","rop_publish_now_accounts":{"facebook_10166176115445471_100883565069113":""},"rop_publish_now_history":[],"rop_publish_now_status":"pending","footnotes":""},"class_list":["post-82058","page","type-page","status-publish","has-post-thumbnail","hentry"],"_links":{"self":[{"href":"https:\/\/adamfayed.com\/it\/wp-json\/wp\/v2\/pages\/82058","targetHints":{"allow":["GET"]}}],"collection":[{"href":"https:\/\/adamfayed.com\/it\/wp-json\/wp\/v2\/pages"}],"about":[{"href":"https:\/\/adamfayed.com\/it\/wp-json\/wp\/v2\/types\/page"}],"author":[{"embeddable":true,"href":"https:\/\/adamfayed.com\/it\/wp-json\/wp\/v2\/users\/14"}],"replies":[{"embeddable":true,"href":"https:\/\/adamfayed.com\/it\/wp-json\/wp\/v2\/comments?post=82058"}],"version-history":[{"count":2,"href":"https:\/\/adamfayed.com\/it\/wp-json\/wp\/v2\/pages\/82058\/revisions"}],"predecessor-version":[{"id":127865,"href":"https:\/\/adamfayed.com\/it\/wp-json\/wp\/v2\/pages\/82058\/revisions\/127865"}],"up":[{"embeddable":true,"href":"https:\/\/adamfayed.com\/it\/wp-json\/wp\/v2\/pages\/79603"}],"wp:featuredmedia":[{"embeddable":true,"href":"https:\/\/adamfayed.com\/it\/wp-json\/wp\/v2\/media\/82106"}],"wp:attachment":[{"href":"https:\/\/adamfayed.com\/it\/wp-json\/wp\/v2\/media?parent=82058"}],"curies":[{"name":"wp","href":"https:\/\/api.w.org\/{rel}","templated":true}]}}