{"id":82315,"date":"2024-03-04T15:30:45","date_gmt":"2024-03-04T15:30:45","guid":{"rendered":"https:\/\/adamfayed.com\/?page_id=82315"},"modified":"2025-12-08T14:07:01","modified_gmt":"2025-12-08T14:07:01","slug":"easiest-offshore-bank-account-to-open","status":"publish","type":"page","link":"https:\/\/adamfayed.com\/it\/offshore-investment\/offshore-banking\/easiest-offshore-bank-account-to-open\/","title":{"rendered":"Qual \u00e8 il conto bancario offshore pi\u00f9 facile da aprire?"},"content":{"rendered":"<p>In questa pagina si parler\u00e0 del conto bancario offshore pi\u00f9 facile da aprire, soprattutto per chi \u00e8 interessato a <a href=\"https:\/\/adamfayed.com\/it\/financial-planning\/offshore-investment\/offshore-banking\/\">banca offshore<\/a>.<\/p>\n\n\n\n<p>Se volete investire come un espatriato o un individuo con un alto patrimonio netto, che \u00e8 ci\u00f2 in cui sono specializzato, potete inviarmi un'e-mail (advice@adamfayed.com) o utilizzare WhatsApp (+44-7393-450-837).<\/p>\n\n\n\n<p>Gli argomenti specifici che verranno trattati comprendono:<\/p>\n\n\n\n<ul class=\"wp-block-list\">\n<li>Qual \u00e8 il conto bancario pi\u00f9 facile da aprire per l'offshore banking?\n<ul class=\"wp-block-list\">\n<li>Apertura di un conto bancario offshore in Georgia<\/li>\n\n\n\n<li>Il conto corrente pi\u00f9 facile da aprire in Georgia <\/li>\n<\/ul>\n<\/li>\n\n\n\n<li>Dove si trova il <a href=\"https:\/\/adamfayed.com\/it\/financial-planning\/offshore-investment\/offshore-banking\/easiest-offshore-bank-account-to-open\/\">il conto bancario offshore pi\u00f9 facile da aprire<\/a> oltre alla Georgia?<\/li>\n<\/ul>\n\n\n\n<div style=\"height:30px\" aria-hidden=\"true\" class=\"wp-block-spacer\"><\/div>\n\n\n\n<h2 class=\"wp-block-heading\"><strong>Qual \u00e8 il conto bancario pi\u00f9 facile da aprire per l'offshore banking?<\/strong><\/h2>\n\n\n\n<div class=\"wp-block-group is-layout-constrained wp-block-group-is-layout-constrained\">\n<figure class=\"wp-block-image alignright size-medium is-resized\"><img fetchpriority=\"high\" decoding=\"async\" width=\"300\" height=\"300\" src=\"https:\/\/adamfayed.com\/wp-content\/uploads\/2024\/03\/Where-is-the-easiest-bank-account-to-open-for-offshore-banking-300x300.webp\" alt=\"Where is the easiest bank account to open for offshore banking\" class=\"wp-image-82317\" style=\"width:235px;height:auto\" srcset=\"https:\/\/adamfayed.com\/wp-content\/uploads\/2024\/03\/Where-is-the-easiest-bank-account-to-open-for-offshore-banking-300x300.webp 300w, https:\/\/adamfayed.com\/wp-content\/uploads\/2024\/03\/Where-is-the-easiest-bank-account-to-open-for-offshore-banking-512x512.webp 512w, https:\/\/adamfayed.com\/wp-content\/uploads\/2024\/03\/Where-is-the-easiest-bank-account-to-open-for-offshore-banking-150x150.webp 150w, https:\/\/adamfayed.com\/wp-content\/uploads\/2024\/03\/Where-is-the-easiest-bank-account-to-open-for-offshore-banking-768x768.webp 768w, https:\/\/adamfayed.com\/wp-content\/uploads\/2024\/03\/Where-is-the-easiest-bank-account-to-open-for-offshore-banking-scaled.webp 825w\" sizes=\"(max-width: 300px) 100vw, 300px\" \/><\/figure>\n<\/div>\n\n\n\n<p>Il conto bancario offshore pi\u00f9 facile da aprire \u00e8 quello della Georgia.<\/p>\n\n\n\n<p>Con un deposito minimo di soli $50.000 si pu\u00f2 accedere ai servizi bancari premium in Georgia, simili a quelli di private banking in luoghi come Hong Kong.<\/p>\n\n\n\n<p>L'attivit\u00e0 bancaria offshore in Georgia si contrappone alle sfide poste dalle banche internazionali tradizionali come <a href=\"https:\/\/adamfayed.com\/it\/hsbc-expat-review-2023-a-good-solution-for-expats\/\">HSBC<\/a>.<\/p>\n\n\n\n<p>L'apertura di un conto non richiede un deposito minimo e la procedura presso le principali banche dura solo dieci minuti.<\/p>\n\n\n\n<p>Per i cittadini statunitensi, minimo <a href=\"https:\/\/www.irs.gov\/\" target=\"_blank\" rel=\"noopener\">AGENZIA DELLE ENTRATE<\/a> \u00e8 necessario un documento cartaceo.<\/p>\n\n\n\n<p>Una volta aperto un conto, aprirne altri \u00e8 semplice.<\/p>\n\n\n\n<p>Sebbene la maggior parte delle banche georgiane non disponga di un processo di apertura del conto a distanza, la qualit\u00e0 del servizio migliora dopo l'apertura del conto.<\/p>\n\n\n\n<p>Gestite la maggior parte delle funzioni del vostro conto da casa con l'online banking in Georgia, un sistema semplice e fresco.<\/p>\n\n\n\n<p>A differenza di <a href=\"https:\/\/adamfayed.com\/it\/review-articles\/bank-of-singapore-review-2022-part-1-overview\/\">Singapore<\/a>, Dove la complessit\u00e0 regna con numerosi codici, PIN e numeri di accesso, la Georgia privilegia la semplicit\u00e0.<\/p>\n\n\n\n<p>Spostate senza problemi i fondi tra Lari georgiano, dollari statunitensi ed euro con un semplice clic.<\/p>\n\n\n\n<div style=\"height:29px\" aria-hidden=\"true\" class=\"wp-block-spacer\"><\/div>\n\n\n\n<h3 class=\"wp-block-heading\">Apertura di un conto bancario offshore in Georgia<\/h3>\n\n\n\n<div class=\"wp-block-group is-layout-constrained wp-block-group-is-layout-constrained\">\n<figure class=\"wp-block-image alignright size-medium\"><img decoding=\"async\" width=\"300\" height=\"184\" src=\"https:\/\/adamfayed.com\/wp-content\/uploads\/2024\/03\/image-23-300x184.png\" alt=\"Opening an offshore bank account in Georgia\" class=\"wp-image-82325\" srcset=\"https:\/\/adamfayed.com\/wp-content\/uploads\/2024\/03\/image-23-300x184.png 300w, https:\/\/adamfayed.com\/wp-content\/uploads\/2024\/03\/image-23-512x315.png 512w, https:\/\/adamfayed.com\/wp-content\/uploads\/2024\/03\/image-23.png 602w\" sizes=\"(max-width: 300px) 100vw, 300px\" \/><\/figure>\n<\/div>\n\n\n\n<p>La Georgia offre il conto corrente pi\u00f9 facile da aprire online.<\/p>\n\n\n\n<p>Chiunque, anche gli stranieri, pu\u00f2 aprire un <a href=\"https:\/\/pbservices.ge\/blog\/how-to-open-a-bank-account-in-georgia\/\" target=\"_blank\" rel=\"noopener\">conto offshore in Georgia<\/a>.<\/p>\n\n\n\n<p>Le banche georgiane hanno aumentato i requisiti per gli individui stranieri, con dinieghi automatici per alcuni Paesi sottoposti a sanzioni internazionali.<\/p>\n\n\n\n<p>Nonostante i rifiuti occasionali dei cittadini di Russia e Bielorussia, i residenti di altri Paesi sono generalmente accettati.<\/p>\n\n\n\n<p>Fornire documenti accurati \u00e8 fondamentale e il possesso del permesso di soggiorno in Georgia semplifica il processo di apertura del conto.<\/p>\n\n\n\n<p>Le banche georgiane offrono diversi tipi di conto, tra cui conti di regolamento per i trasferimenti in tutto il mondo, conti di deposito per i risparmi e conti carta per i pagamenti pi\u00f9 convenienti.<\/p>\n\n\n\n<p>Se state cercando il conto bancario offshore pi\u00f9 facile da aprire online, vale la pena prendere in considerazione le banche georgiane.<\/p>\n\n\n\n<p>L'apertura di un conto bancario in Georgia prevede procedure semplici che possono essere completate in circa 30 minuti con una visita personale o tramite un rappresentante.<\/p>\n\n\n\n<p>I cittadini stranieri che diventano residenti fiscali risiedendo in Georgia per 183 giorni hanno maggiori possibilit\u00e0 di essere approvati.<\/p>\n\n\n\n<p>Per l'apertura di un conto a distanza \u00e8 necessario nominare un rappresentante con una procura autenticata e apostillata.<\/p>\n\n\n\n<p>Il documento deve essere inviato in Georgia, tradotto in georgiano e autenticato, e dopo la verifica vengono forniti i dettagli del conto.<\/p>\n\n\n\n<div style=\"height:30px\" aria-hidden=\"true\" class=\"wp-block-spacer\"><\/div>\n\n\n\n<div class=\"wp-block-group is-layout-constrained wp-block-group-is-layout-constrained\">\n<figure class=\"wp-block-image alignright size-medium is-resized\"><img decoding=\"async\" width=\"300\" height=\"300\" src=\"https:\/\/adamfayed.com\/wp-content\/uploads\/2024\/03\/Easiest-Bank-Account-to-Open-in-Georgia-300x300.webp\" alt=\"Easiest Bank Account to Open in Georgia\" class=\"wp-image-82320\" style=\"width:220px;height:auto\" srcset=\"https:\/\/adamfayed.com\/wp-content\/uploads\/2024\/03\/Easiest-Bank-Account-to-Open-in-Georgia-300x300.webp 300w, https:\/\/adamfayed.com\/wp-content\/uploads\/2024\/03\/Easiest-Bank-Account-to-Open-in-Georgia-512x512.webp 512w, https:\/\/adamfayed.com\/wp-content\/uploads\/2024\/03\/Easiest-Bank-Account-to-Open-in-Georgia-150x150.webp 150w, https:\/\/adamfayed.com\/wp-content\/uploads\/2024\/03\/Easiest-Bank-Account-to-Open-in-Georgia-768x768.webp 768w, https:\/\/adamfayed.com\/wp-content\/uploads\/2024\/03\/Easiest-Bank-Account-to-Open-in-Georgia-scaled.webp 825w\" sizes=\"(max-width: 300px) 100vw, 300px\" \/><\/figure>\n<\/div>\n\n\n\n<h3 class=\"wp-block-heading\">Il conto bancario pi\u00f9 facile da aprire in Georgia<\/h3>\n\n\n\n<p>Le opzioni per il conto bancario pi\u00f9 facile da aprire in Georgia, soprattutto per l'attivit\u00e0 bancaria offshore, sono:<\/p>\n\n\n\n<ul class=\"wp-block-list\">\n<li>Banca della Georgia<\/li>\n\n\n\n<li>Banca TBC<\/li>\n\n\n\n<li>Banca Liberty<\/li>\n\n\n\n<li>Terabank<\/li>\n\n\n\n<li>Banca di base<\/li>\n\n\n\n<li>SunBank<\/li>\n<\/ul>\n\n\n\n<div style=\"height:30px\" aria-hidden=\"true\" class=\"wp-block-spacer\"><\/div>\n\n\n\n<h2 class=\"wp-block-heading\"><strong>Qual \u00e8 il conto bancario offshore pi\u00f9 facile da aprire oltre alla Georgia?<\/strong><\/h2>\n\n\n\n<p>Oltre alla Georgia, alcuni dei paesi migliori se state cercando la banca pi\u00f9 facile da aprire per l'offshore banking sono:<\/p>\n\n\n\n<ul class=\"wp-block-list\">\n<li>Svizzera<\/li>\n\n\n\n<li>Singapore<\/li>\n\n\n\n<li>Hong Kong<\/li>\n\n\n\n<li>Isole Cayman<\/li>\n\n\n\n<li>Belize<\/li>\n\n\n\n<li>EMIRATI ARABI UNITI<\/li>\n\n\n\n<li>Isole Cook<\/li>\n\n\n\n<li>Estonia<\/li>\n\n\n\n<li>Saint Kitts e Nevis<\/li>\n<\/ul>\n\n\n\n<p><\/p>\n\n\n\n<p><strong>Siete afflitti dall'indecisione finanziaria? <\/strong><\/p>\n\n\n\n<figure class=\"wp-block-image size-large is-resized\"><img loading=\"lazy\" decoding=\"async\" width=\"512\" height=\"288\" src=\"https:\/\/adamfayed.com\/wp-content\/uploads\/2025\/03\/Adam-Fayed-Contact_CTA3-512x288.jpg\" alt=\"\" class=\"wp-image-117505\" style=\"width:683px;height:auto\" srcset=\"https:\/\/adamfayed.com\/wp-content\/uploads\/2025\/03\/Adam-Fayed-Contact_CTA3-512x288.jpg 512w, https:\/\/adamfayed.com\/wp-content\/uploads\/2025\/03\/Adam-Fayed-Contact_CTA3-300x169.jpg 300w, https:\/\/adamfayed.com\/wp-content\/uploads\/2025\/03\/Adam-Fayed-Contact_CTA3-768x432.jpg 768w, https:\/\/adamfayed.com\/wp-content\/uploads\/2025\/03\/Adam-Fayed-Contact_CTA3-scaled.jpg 825w\" sizes=\"(max-width: 512px) 100vw, 512px\" \/><\/figure>\n\n\n\n<div style=\"height:10px\" aria-hidden=\"true\" class=\"wp-block-spacer\"><\/div>\n\n\n\n<div class=\"wp-block-buttons is-layout-flex wp-block-buttons-is-layout-flex\">\n<div class=\"wp-block-button\"><a class=\"wp-block-button__link wp-element-button\" href=\"https:\/\/adamfayed.com\/it\/become-adams-client\/\">Diventa mio cliente<\/a><\/div>\n\n\n\n<div class=\"wp-block-button\"><a class=\"wp-block-button__link wp-element-button\" href=\"https:\/\/adamfayed.com\/it\/good-match-quiz\/\" target=\"_blank\" rel=\"noreferrer noopener\">Fare il quiz sull'idoneit\u00e0 del cliente<\/a><\/div>\n\n\n\n<div class=\"wp-block-button\"><a class=\"wp-block-button__link wp-element-button\" href=\"https:\/\/adamfayed.com\/it\/contact\/\" target=\"_blank\" rel=\"noreferrer noopener\">Contatto<\/a><\/div>\n<\/div>\n\n\n\n<p><strong>Adam \u00e8 un autore riconosciuto a livello internazionale in materia finanziaria con oltre 830 milioni di visualizzazioni di risposte su Quora, un libro molto venduto su Amazon e un contributo su Forbes.<\/strong><\/p>\n\n\n\n\n\n<p><\/p>","protected":false},"excerpt":{"rendered":"<p>Qual \u00e8 il conto bancario offshore pi\u00f9 facile da aprire?<\/p>","protected":false},"author":14,"featured_media":82319,"parent":81072,"menu_order":0,"comment_status":"open","ping_status":"closed","template":"","meta":{"rop_custom_images_group":[],"rop_custom_messages_group":[],"rop_publish_now":"initial","rop_publish_now_accounts":{"facebook_10166176115445471_100883565069113":""},"rop_publish_now_history":[],"rop_publish_now_status":"pending","footnotes":""},"class_list":["post-82315","page","type-page","status-publish","has-post-thumbnail","hentry"],"_links":{"self":[{"href":"https:\/\/adamfayed.com\/it\/wp-json\/wp\/v2\/pages\/82315","targetHints":{"allow":["GET"]}}],"collection":[{"href":"https:\/\/adamfayed.com\/it\/wp-json\/wp\/v2\/pages"}],"about":[{"href":"https:\/\/adamfayed.com\/it\/wp-json\/wp\/v2\/types\/page"}],"author":[{"embeddable":true,"href":"https:\/\/adamfayed.com\/it\/wp-json\/wp\/v2\/users\/14"}],"replies":[{"embeddable":true,"href":"https:\/\/adamfayed.com\/it\/wp-json\/wp\/v2\/comments?post=82315"}],"version-history":[{"count":2,"href":"https:\/\/adamfayed.com\/it\/wp-json\/wp\/v2\/pages\/82315\/revisions"}],"predecessor-version":[{"id":242512,"href":"https:\/\/adamfayed.com\/it\/wp-json\/wp\/v2\/pages\/82315\/revisions\/242512"}],"up":[{"embeddable":true,"href":"https:\/\/adamfayed.com\/it\/wp-json\/wp\/v2\/pages\/81072"}],"wp:featuredmedia":[{"embeddable":true,"href":"https:\/\/adamfayed.com\/it\/wp-json\/wp\/v2\/media\/82319"}],"wp:attachment":[{"href":"https:\/\/adamfayed.com\/it\/wp-json\/wp\/v2\/media?parent=82315"}],"curies":[{"name":"wp","href":"https:\/\/api.w.org\/{rel}","templated":true}]}}