{"id":83299,"date":"2024-03-31T17:04:28","date_gmt":"2024-03-31T17:04:28","guid":{"rendered":"https:\/\/adamfayed.com\/?page_id=83299"},"modified":"2025-12-02T05:38:03","modified_gmt":"2025-12-02T05:38:03","slug":"portugal-residency","status":"publish","type":"page","link":"https:\/\/adamfayed.com\/it\/living-abroad\/living-in-portugal\/portugal-residency\/","title":{"rendered":"Residenza in Portogallo per espatriati"},"content":{"rendered":"<p>Mappa del sito: <a href=\"https:\/\/adamfayed.com\/it\/living-abroad\/\">Vivere all'estero<\/a> &gt; <a href=\"https:\/\/adamfayed.com\/it\/living-abroad\/living-in-portugal\/\">Vivere in Portogallo<\/a> &gt; Residenza in Portogallo <\/p>\n\n\n\n<p>Il visto di residenza per il Portogallo offre un percorso di residenza permanente a persone e famiglie che desiderano trasferirsi in questo Paese europeo.<\/p>\n\n\n\n<p>In questa pagina si parler\u00e0 in particolare di:<\/p>\n\n\n\n<ul class=\"wp-block-list\">\n<li>Visto di residenza e visto per soggiorno temporaneo in Portogallo\n<ul class=\"wp-block-list\">\n<li>Portogallo Residenza permanente<\/li>\n<\/ul>\n<\/li>\n\n\n\n<li>Residente non abituale Portogallo<\/li>\n<\/ul>\n\n\n\n<p><\/p>\n\n\n\n<p>I miei recapiti sono hello@adamfayed.com e WhatsApp +44-7393-450-837 se avete domande.<\/p>\n\n\n\n<p>Le informazioni contenute in questo articolo hanno un valore puramente indicativo. Non costituiscono consulenza finanziaria, legale o fiscale e non rappresentano una raccomandazione o una sollecitazione a investire. Alcuni fatti potrebbero essere cambiati dal momento della stesura.<\/p>\n\n\n\n<p>Un investimento qualificante in Portogallo pu\u00f2 portare alla residenza permanente per gli espatriati. Cercare <a href=\"https:\/\/adamfayed.com\/it\/financial-planning\/expat-financial-advisor\/financial-advice\/\">consulenza finanziaria<\/a> \u00e8 una mossa intelligente per gli espatriati perch\u00e9 questa componente di investimento \u00e8 vitale per <a href=\"https:\/\/adamfayed.com\/it\/financial-planning\/personal-financial-planning\/\">pianificazione finanziaria<\/a> e richiede un'attenta allocazione del capitale.<\/p>\n\n\n\n<div style=\"height:36px\" aria-hidden=\"true\" class=\"wp-block-spacer\"><\/div>\n\n\n\n<h2 class=\"wp-block-heading\"><strong>Visto di residenza e visto per soggiorno temporaneo in Portogallo<\/strong><\/h2>\n\n\n\n<p>In conformit\u00e0 con le leggi vigenti, i soggiorni di lunga durata <a href=\"https:\/\/vistos.mne.gov.pt\/en\/national-visas\/general-information\/type-of-visa\" target=\"_blank\" rel=\"noopener\">visti in Portogallo<\/a> pu\u00f2 essere temporaneo o per motivi di autorizzazione alla residenza. Quest'ultima concede al primo la possibilit\u00e0 di rimanere nel Paese per una serie di motivi, tra cui, ma non solo: studio, tirocinio, lavoro, cure mediche e altro.<\/p>\n\n\n\n<p>I cittadini stranieri possono visitare il Portogallo anche con un visto per ricerca di lavoro, un nuovo tipo di visto.<\/p>\n\n\n\n<div class=\"wp-block-group is-layout-constrained wp-block-group-is-layout-constrained\">\n<figure class=\"wp-block-image alignright size-medium is-resized\"><img fetchpriority=\"high\" decoding=\"async\" width=\"300\" height=\"200\" src=\"https:\/\/adamfayed.com\/wp-content\/uploads\/2024\/03\/cathedral-8352471_640-300x200.jpg\" alt=\"The Portugal Residency Visa provides a pathway to permanent residency for individuals and families seeking to relocate to this picturesque European country.\" class=\"wp-image-83301\" style=\"width:257px;height:auto\" srcset=\"https:\/\/adamfayed.com\/wp-content\/uploads\/2024\/03\/cathedral-8352471_640-300x200.jpg 300w, https:\/\/adamfayed.com\/wp-content\/uploads\/2024\/03\/cathedral-8352471_640-512x342.jpg 512w, https:\/\/adamfayed.com\/wp-content\/uploads\/2024\/03\/cathedral-8352471_640.jpg 640w\" sizes=\"(max-width: 300px) 100vw, 300px\" \/><\/figure>\n<\/div>\n\n\n\n<p>I visti per soggiorni temporanei sono accessibili ai visitatori e consentono soggiorni fino a 90 giorni. Un visto per soggiorno temporaneo valido vi dar\u00e0 il diritto di entrare e uscire dal Paese tutte le volte che vorrete.<\/p>\n\n\n\n<p>Il visto di residenza per il Portogallo, valido per quattro mesi, consente due ingressi. \u00c8 necessario richiedere un permesso di soggiorno ai Servizi di Immigrazione e Frontiera (SEF) per le persone in possesso di un visto di residenza durante tale periodo.<\/p>\n\n\n\n<p>Con un visto per ricerca di lavoro, potete entrare in Portogallo e rimanere per tutto il tempo che volete, ma potete lavorare solo in modo subordinato fino alla scadenza del visto o all'approvazione del vostro permesso di soggiorno.<\/p>\n\n\n\n<h3 class=\"wp-block-heading\">Portogallo Residenza permanente<\/h3>\n\n\n\n<p>Gli espatriati che hanno vissuto nel Paese per un certo periodo di tempo, in genere cinque anni, possono avere diritto a fare domanda per <a href=\"https:\/\/eportugal.gov.pt\/en\/cidadaos-europeus-viajar-viver-e-fazer-negocios-em-portugal\/viver-em-portugal\/residir-em-portugal\" target=\"_blank\" rel=\"noopener\">residenza permanente in Portogallo<\/a>. I cittadini extracomunitari devono essere in possesso di un visto di residenza prima di poter richiedere la residenza permanente in Portogallo.<\/p>\n\n\n\n<p>Questo status garantisce agli espatriati il diritto di risiedere nel Paese a tempo indeterminato, senza dover rinnovare il permesso di soggiorno. Inoltre, consente loro di accedere alle prestazioni di sicurezza sociale e ai servizi sanitari al pari dei cittadini portoghesi.<\/p>\n\n\n\n<p>Inoltre, i titolari di residenza permanente possono eventualmente ottenere la cittadinanza portoghese attraverso la naturalizzazione, a condizione di soddisfare specifici requisiti di residenza e di lingua.<\/p>\n\n\n\n<p>Esiste anche l'opzione del Visto d'oro, con il quale un individuo pu\u00f2 acquisire la residenza permanente in Portogallo attraverso l'investimento in uno o pi\u00f9 fondi qualificati, con un valore minimo di trasferimento di 500.000 euro, e altri mezzi.<\/p>\n\n\n\n<h2 class=\"wp-block-heading\"><strong>Residente non abituale Portogallo<\/strong><\/h2>\n\n\n\n<p>Gli espatriati che desiderano vivere in Portogallo devono conoscere il programma per residenti non abituali (NHR), che offre vantaggi fiscali alle persone che diventano residenti fiscali in Portogallo.<\/p>\n\n\n\n<div class=\"wp-block-group is-layout-constrained wp-block-group-is-layout-constrained\">\n<figure class=\"wp-block-image alignright size-medium is-resized\"><img decoding=\"async\" width=\"300\" height=\"200\" src=\"https:\/\/adamfayed.com\/wp-content\/uploads\/2024\/03\/city-8511617_640-300x200.jpg\" alt=\"Expats seeking to live in Portugal need to learn about Portugal's Non-Habitual Resident (NHR) program that offers tax benefits to individuals who become tax residents in Portugal.\" class=\"wp-image-83302\" style=\"width:230px;height:auto\" srcset=\"https:\/\/adamfayed.com\/wp-content\/uploads\/2024\/03\/city-8511617_640-300x200.jpg 300w, https:\/\/adamfayed.com\/wp-content\/uploads\/2024\/03\/city-8511617_640-512x342.jpg 512w, https:\/\/adamfayed.com\/wp-content\/uploads\/2024\/03\/city-8511617_640.jpg 640w\" sizes=\"(max-width: 300px) 100vw, 300px\" \/><\/figure>\n<\/div>\n\n\n\n<p>Gli espatriati che si qualificano per lo status di NHR possono beneficiare di una serie di esenzioni fiscali e di aliquote ridotte sui redditi di origine straniera per un periodo di 10 anni.<\/p>\n\n\n\n<p>Attualmente, per\u00f2, <a href=\"https:\/\/www.sovereigngroup.com\/news\/news-and-views\/nhr-out-with-the-old-and-in-with-the-new\/\" rel=\"nofollow noopener\" target=\"_blank\">Le candidature NHR non sono pi\u00f9 accettate<\/a> nell'ambito dell'attuale quadro normativo dell'NHR dopo il 31 dicembre 2023, e il processo \u00e8 attualmente limitato a coloro che hanno intrapreso i passi necessari per stabilire una residenza o un domicilio fiscale in Portogallo entro la fine dell'anno scorso.<\/p>\n\n\n\n<p><\/p>\n\n\n\n<p><strong>Siete afflitti dall'indecisione finanziaria? <\/strong><\/p>\n\n\n\n<figure class=\"wp-block-image size-large is-resized\"><img decoding=\"async\" width=\"512\" height=\"288\" src=\"https:\/\/adamfayed.com\/wp-content\/uploads\/2025\/03\/Adam-Fayed-Contact_CTA3-512x288.jpg\" alt=\"\" class=\"wp-image-117505\" style=\"width:683px;height:auto\" srcset=\"https:\/\/adamfayed.com\/wp-content\/uploads\/2025\/03\/Adam-Fayed-Contact_CTA3-512x288.jpg 512w, https:\/\/adamfayed.com\/wp-content\/uploads\/2025\/03\/Adam-Fayed-Contact_CTA3-300x169.jpg 300w, https:\/\/adamfayed.com\/wp-content\/uploads\/2025\/03\/Adam-Fayed-Contact_CTA3-768x432.jpg 768w, https:\/\/adamfayed.com\/wp-content\/uploads\/2025\/03\/Adam-Fayed-Contact_CTA3-scaled.jpg 825w\" sizes=\"(max-width: 512px) 100vw, 512px\" \/><\/figure>\n\n\n\n<div style=\"height:10px\" aria-hidden=\"true\" class=\"wp-block-spacer\"><\/div>\n\n\n\n<div class=\"wp-block-buttons is-layout-flex wp-block-buttons-is-layout-flex\">\n<div class=\"wp-block-button\"><a class=\"wp-block-button__link wp-element-button\" href=\"https:\/\/adamfayed.com\/it\/become-adams-client\/\">Diventa mio cliente<\/a><\/div>\n\n\n\n<div class=\"wp-block-button\"><a class=\"wp-block-button__link wp-element-button\" href=\"https:\/\/adamfayed.com\/it\/good-match-quiz\/\" target=\"_blank\" rel=\"noreferrer noopener\">Fare il quiz sull'idoneit\u00e0 del cliente<\/a><\/div>\n\n\n\n<div class=\"wp-block-button\"><a class=\"wp-block-button__link wp-element-button\" href=\"https:\/\/adamfayed.com\/it\/contact\/\" target=\"_blank\" rel=\"noreferrer noopener\">Contatto<\/a><\/div>\n<\/div>\n\n\n\n<p><strong>Adam \u00e8 un autore riconosciuto a livello internazionale in materia finanziaria con oltre 830 milioni di visualizzazioni di risposte su Quora, un libro molto venduto su Amazon e un contributo su Forbes.<\/strong><\/p>","protected":false},"excerpt":{"rendered":"<p>Residenza in Portogallo per espatriati<\/p>","protected":false},"author":16,"featured_media":83300,"parent":76818,"menu_order":0,"comment_status":"open","ping_status":"closed","template":"","meta":{"rop_custom_images_group":[],"rop_custom_messages_group":[],"rop_publish_now":"initial","rop_publish_now_accounts":{"facebook_10166176115445471_100883565069113":""},"rop_publish_now_history":[],"rop_publish_now_status":"pending","footnotes":""},"class_list":["post-83299","page","type-page","status-publish","has-post-thumbnail","hentry"],"_links":{"self":[{"href":"https:\/\/adamfayed.com\/it\/wp-json\/wp\/v2\/pages\/83299","targetHints":{"allow":["GET"]}}],"collection":[{"href":"https:\/\/adamfayed.com\/it\/wp-json\/wp\/v2\/pages"}],"about":[{"href":"https:\/\/adamfayed.com\/it\/wp-json\/wp\/v2\/types\/page"}],"author":[{"embeddable":true,"href":"https:\/\/adamfayed.com\/it\/wp-json\/wp\/v2\/users\/16"}],"replies":[{"embeddable":true,"href":"https:\/\/adamfayed.com\/it\/wp-json\/wp\/v2\/comments?post=83299"}],"version-history":[{"count":2,"href":"https:\/\/adamfayed.com\/it\/wp-json\/wp\/v2\/pages\/83299\/revisions"}],"predecessor-version":[{"id":240024,"href":"https:\/\/adamfayed.com\/it\/wp-json\/wp\/v2\/pages\/83299\/revisions\/240024"}],"up":[{"embeddable":true,"href":"https:\/\/adamfayed.com\/it\/wp-json\/wp\/v2\/pages\/76818"}],"wp:featuredmedia":[{"embeddable":true,"href":"https:\/\/adamfayed.com\/it\/wp-json\/wp\/v2\/media\/83300"}],"wp:attachment":[{"href":"https:\/\/adamfayed.com\/it\/wp-json\/wp\/v2\/media?parent=83299"}],"curies":[{"name":"wp","href":"https:\/\/api.w.org\/{rel}","templated":true}]}}