{"id":83609,"date":"2024-04-01T19:12:02","date_gmt":"2024-04-01T19:12:02","guid":{"rendered":"https:\/\/adamfayed.com\/?page_id=83609"},"modified":"2025-12-05T02:07:04","modified_gmt":"2025-12-05T02:07:04","slug":"finance","status":"publish","type":"page","link":"https:\/\/adamfayed.com\/it\/finance\/","title":{"rendered":"Finanza: Significato, tipi e altri termini"},"content":{"rendered":"<p>In questa pagina si dar\u00e0 una definizione di finanza e si esploreranno altri concetti ad essa correlati.<\/p>\n\n\n\n<p>In particolare, gli argomenti comprendono:<\/p>\n\n\n\n<ul class=\"wp-block-list\">\n<li>Significato di finanza<\/li>\n\n\n\n<li>Tipi di finanziamento<\/li>\n\n\n\n<li>Industria finanziaria<\/li>\n<\/ul>\n\n\n\n<p><\/p>\n\n\n\n<p>Se state cercando di investire come espatriati o individui con un alto patrimonio netto, che \u00e8 ci\u00f2 in cui sono specializzato, potete inviarmi un'e-mail (advice@adamfayed.com) o un messaggio WhatsApp (+44-7393-450-837).<\/p>\n\n\n\n<p>Sapere cos'\u00e8 la finanza \u00e8 importante per comprendere le basi e prendere decisioni di investimento migliori con l'aiuto di un consulente finanziario. &nbsp;<\/p>\n\n\n\n<div style=\"height:29px\" aria-hidden=\"true\" class=\"wp-block-spacer\"><\/div>\n\n\n\n<h2 class=\"wp-block-heading\"><strong>Significato di finanza<\/strong><\/h2>\n\n\n\n<figure class=\"wp-block-image alignright size-medium is-resized\"><img fetchpriority=\"high\" decoding=\"async\" width=\"300\" height=\"300\" src=\"https:\/\/adamfayed.com\/wp-content\/uploads\/2024\/04\/finance-meaning-300x300.webp\" alt=\"Finance Meaning\" class=\"wp-image-83619\" style=\"width:187px;height:auto\" srcset=\"https:\/\/adamfayed.com\/wp-content\/uploads\/2024\/04\/finance-meaning-300x300.webp 300w, https:\/\/adamfayed.com\/wp-content\/uploads\/2024\/04\/finance-meaning-512x512.webp 512w, https:\/\/adamfayed.com\/wp-content\/uploads\/2024\/04\/finance-meaning-150x150.webp 150w, https:\/\/adamfayed.com\/wp-content\/uploads\/2024\/04\/finance-meaning-768x768.webp 768w, https:\/\/adamfayed.com\/wp-content\/uploads\/2024\/04\/finance-meaning-scaled.webp 825w\" sizes=\"(max-width: 300px) 100vw, 300px\" \/><\/figure>\n\n\n\n<p>Questo <a rel=\"nofollow noopener\" href=\"https:\/\/www.bestcolleges.com\/business\/what-is-finance\/\" target=\"_blank\">campo<\/a> \u00e8 dedicato allo studio e alla gestione delle risorse monetarie e patrimoniali. Comprende l'elaborazione di piani, bilanci, investimenti e prestiti, <a href=\"https:\/\/adamfayed.com\/it\/investment-options\/peer-to-peer-lending\/\">prestito<\/a>, il risparmio e le previsioni. Le tre categorie principali sono la finanza personale, aziendale e pubblica.<\/p>\n\n\n\n<p>Altre aree, come la gestione degli asset, dei rischi e degli investimenti, svolgono un ruolo importante nei sistemi finanziari, e comportano la gestione dei fondi per ottimizzare il valore e ridurre la volatilit\u00e0.<\/p>\n\n\n\n<div style=\"height:9px\" aria-hidden=\"true\" class=\"wp-block-spacer\"><\/div>\n\n\n\n<h3 class=\"wp-block-heading\">Gestione degli investimenti<\/h3>\n\n\n\n<p>Quando persone, organizzazioni o altre entit\u00e0 <a rel=\"nofollow noopener\" href=\"https:\/\/emeritus.org\/in\/learn\/finance-investment-management\/\" target=\"_blank\">noleggio<\/a> esperti per supervisionare le loro attivit\u00e0 finanziarie, il che \u00e8 noto come gestione degli investimenti. Per raggiungere gli obiettivi di investimento, come il guadagno di capitale, la produzione di reddito o la riduzione del rischio, i gestori degli investimenti decidono come distribuire il capitale tra le diverse attivit\u00e0 finanziarie.<\/p>\n\n\n\n<div style=\"height:18px\" aria-hidden=\"true\" class=\"wp-block-spacer\"><\/div>\n\n\n\n<h3 class=\"wp-block-heading\">Gestione delle attivit\u00e0<\/h3>\n\n\n\n<p>La gestione degli asset \u00e8 un <a href=\"https:\/\/corporatefinanceinstitute.com\/resources\/career-map\/sell-side\/capital-markets\/asset-management\/\" target=\"_blank\" rel=\"noopener\">ombrello<\/a> parola che comprende l'amministrazione di vari beni detenuti da persone o organizzazioni, non limitandosi agli investimenti. Al fine di generare profitti per i loro clienti, <a href=\"https:\/\/adamfayed.com\/it\/review-articles\/tam-asset-management-review\/\">gestori patrimoniali<\/a> pianificare e realizzare piani di investimento.<\/p>\n\n\n\n<div style=\"height:18px\" aria-hidden=\"true\" class=\"wp-block-spacer\"><\/div>\n\n\n\n<h3 class=\"wp-block-heading\">Gestione patrimoniale<\/h3>\n\n\n\n<p>Per clienti con un patrimonio netto da moderato a elevato, <a href=\"https:\/\/adamfayed.com\/it\/financial-planning\/expat-financial-advisor\/expat-wealth-management\/\">gestione patrimoniale<\/a> offre un servizio finanziario completo che pu\u00f2 aiutarli a raggiungere i loro obiettivi finanziari, a ridurre la loro esposizione al rischio e a far crescere il loro patrimonio.<\/p>\n\n\n\n<div style=\"height:18px\" aria-hidden=\"true\" class=\"wp-block-spacer\"><\/div>\n\n\n\n<h3 class=\"wp-block-heading\">Gestione del rischio<\/h3>\n\n\n\n<p>La gestione dei rischi comprende non solo l'individuazione e la valutazione delle minacce potenziali, ma anche la scelta e l'esecuzione di piani per ridurre l'impatto di tali minacce. <a href=\"https:\/\/www.nasdaq.com\/glossary\/r\/risk-management\" target=\"_blank\" rel=\"noopener\">minacce<\/a>.<\/p>\n\n\n\n<div style=\"height:18px\" aria-hidden=\"true\" class=\"wp-block-spacer\"><\/div>\n\n\n\n<h3 class=\"wp-block-heading\">Finanza e contabilit\u00e0<\/h3>\n\n\n\n<p>Il focus e l'ambito sono i <a rel=\"nofollow noopener\" href=\"https:\/\/www.snhu.edu\/about-us\/newsroom\/business\/finance-vs-accounting\" target=\"_blank\">differenze principali<\/a> tra le due cose. La finanza si concentra sul futuro, trattando argomenti come la gestione del denaro, la realizzazione di investimenti, l'assunzione di prestiti e l'utilizzo di analisi predittive per ottenere i migliori rendimenti e i minori rischi.<\/p>\n\n\n\n<p>In alternativa, <a href=\"https:\/\/adamfayed.com\/it\/financial-planning\/expat-financial-advisor\/financial-advisor-vs-accountant\/\">contabilit\u00e0<\/a> si basa sia sul passato che sul presente e comprende lavori come la tenuta di registri, la rendicontazione finanziaria e la condivisione di informazioni finanziarie su un'organizzazione.<\/p>\n\n\n\n<div style=\"height:18px\" aria-hidden=\"true\" class=\"wp-block-spacer\"><\/div>\n\n\n\n<h3 class=\"wp-block-heading\">Finanza vs Economia<\/h3>\n\n\n\n<p>Mentre l'economia ha un approccio pi\u00f9 olistico alle scienze sociali, la finanza \u00e8 pi\u00f9 <a rel=\"nofollow noopener\" href=\"https:\/\/study.uq.edu.au\/stories\/finance-vs-economics\" target=\"_blank\">focalizzato<\/a> sul qui e ora, con un'enfasi sulla gestione efficiente del denaro. Esaminando la creazione, il trasferimento e il consumo di prodotti e servizi, l'economia cerca di capire come le comunit\u00e0 utilizzano le loro risorse limitate per soddisfare desideri e necessit\u00e0.<\/p>\n\n\n\n<div style=\"height:29px\" aria-hidden=\"true\" class=\"wp-block-spacer\"><\/div>\n\n\n\n<h2 class=\"wp-block-heading\"><strong>Tipi di finanza<\/strong><\/h2>\n\n\n\n<h3 class=\"wp-block-heading\">Finanza personale<\/h3>\n\n\n\n<figure class=\"wp-block-image alignright size-medium is-resized\"><img decoding=\"async\" width=\"300\" height=\"300\" src=\"https:\/\/adamfayed.com\/wp-content\/uploads\/2024\/04\/types-of-finance-300x300.webp\" alt=\"Types of Finance\" class=\"wp-image-83621\" style=\"width:243px;height:auto\" srcset=\"https:\/\/adamfayed.com\/wp-content\/uploads\/2024\/04\/types-of-finance-300x300.webp 300w, https:\/\/adamfayed.com\/wp-content\/uploads\/2024\/04\/types-of-finance-512x512.webp 512w, https:\/\/adamfayed.com\/wp-content\/uploads\/2024\/04\/types-of-finance-150x150.webp 150w, https:\/\/adamfayed.com\/wp-content\/uploads\/2024\/04\/types-of-finance-768x768.webp 768w, https:\/\/adamfayed.com\/wp-content\/uploads\/2024\/04\/types-of-finance-scaled.webp 825w\" sizes=\"(max-width: 300px) 100vw, 300px\" \/><\/figure>\n\n\n\n<p>I principi fondamentali di questa categoria comprendono l'attenta gestione del proprio reddito, dei risparmi, degli investimenti, delle decisioni di spesa e della protezione del patrimonio per perseguire i propri obiettivi finanziari.<\/p>\n\n\n\n<p>A <a href=\"https:\/\/adamfayed.com\/it\/financial-planning\/expat-financial-advisor\/personal-financial-advisor\/\">consulente finanziario personale<\/a> pu\u00f2 aiutare in questo senso.<\/p>\n\n\n\n<h3 class=\"wp-block-heading\">Servizio Finanze<\/h3>\n\n\n\n<p>La gestione dei contratti di acquisto, degli investimenti, dei finanziamenti, dell'allocazione del capitale, della mitigazione del rischio e delle imposte sono tutti elementi fondamentali di questo tipo di attivit\u00e0, necessaria per la crescita di un'azienda sui mercati finanziari.<\/p>\n\n\n\n<div style=\"height:7px\" aria-hidden=\"true\" class=\"wp-block-spacer\"><\/div>\n\n\n\n<h3 class=\"wp-block-heading\">Finanza aziendale<\/h3>\n\n\n\n<p>La gestione del denaro di un'azienda \u00e8 l'obiettivo principale di questo settore, che comprende anche il budget per il capitale, il reporting finanziario, la valutazione del rischio e la pianificazione a lungo termine per la raccolta di fondi tramite azioni o debito.<\/p>\n\n\n\n<div style=\"height:18px\" aria-hidden=\"true\" class=\"wp-block-spacer\"><\/div>\n\n\n\n<h3 class=\"wp-block-heading\">Finanza pubblica<\/h3>\n\n\n\n<p>L'allocazione efficiente delle risorse e la stabilit\u00e0 economica sono gli obiettivi principali di questo sottocampo, che prevede una supervisione a pi\u00f9 livelli delle entrate, delle spese e del debito pubblico.<\/p>\n\n\n\n<div style=\"height:18px\" aria-hidden=\"true\" class=\"wp-block-spacer\"><\/div>\n\n\n\n<h3 class=\"wp-block-heading\">Finanza comportamentale<\/h3>\n\n\n\n<p>Questo <a href=\"https:\/\/corporatefinanceinstitute.com\/resources\/career-map\/sell-side\/capital-markets\/behavioral-finance\/\" target=\"_blank\" rel=\"noopener\">sottocampo<\/a> studia il ruolo delle emozioni nelle decisioni di investimento e in altri processi decisionali finanziari.<\/p>\n\n\n\n<div style=\"height:18px\" aria-hidden=\"true\" class=\"wp-block-spacer\"><\/div>\n\n\n\n<h3 class=\"wp-block-heading\">Finanza internazionale<\/h3>\n\n\n\n<p>La gestione finanziaria delle multinazionali, compresa la comprensione dei mercati esteri e delle normative finanziarie, \u00e8 il fulcro di quest'area di competenza.<\/p>\n\n\n\n<div style=\"height:18px\" aria-hidden=\"true\" class=\"wp-block-spacer\"><\/div>\n\n\n\n<h3 class=\"wp-block-heading\">Finanza d'investimento<\/h3>\n\n\n\n<p>L'obiettivo \u00e8 quello di generare reddito in futuro con molti mezzi, tra cui un'attenta supervisione del capitale in attivit\u00e0 come obbligazioni e immobili, <a href=\"https:\/\/adamfayed.com\/it\/investment-options\/what-are-stocks\/\">scorte<\/a>, e altri titoli.&nbsp;<\/p>\n\n\n\n<div style=\"height:18px\" aria-hidden=\"true\" class=\"wp-block-spacer\"><\/div>\n\n\n\n<h3 class=\"wp-block-heading\">Finanza islamica<\/h3>\n\n\n\n<p>Questa tipologia vieta gli interessi e gli investimenti in imprese considerate illegali da <a href=\"https:\/\/adamfayed.com\/it\/expats\/expat-guide\/wealth-management-for-muslim-expats-what-you-should-know\/\" data-type=\"link\" data-id=\"https:\/\/adamfayed.com\/expats\/expat-guide\/wealth-management-for-muslim-expats-what-you-should-know\/\">Legge della Sharia<\/a>.<\/p>\n\n\n\n<div style=\"height:18px\" aria-hidden=\"true\" class=\"wp-block-spacer\"><\/div>\n\n\n\n<h3 class=\"wp-block-heading\">Finanza imprenditoriale<\/h3>\n\n\n\n<p>Il termine si riferisce all'ampia gamma di azioni finanziarie che si svolgono per l'avvio, la crescita e la gestione di una nuova impresa.&nbsp;<\/p>\n\n\n\n<div style=\"height:18px\" aria-hidden=\"true\" class=\"wp-block-spacer\"><\/div>\n\n\n\n<h3 class=\"wp-block-heading\">Finanziamento del debito<\/h3>\n\n\n\n<p>In questo caso, i prestatori prestano denaro e ricevono interessi per un certo periodo. Tali strumenti possono includere i prestiti, <a href=\"https:\/\/adamfayed.com\/it\/investment-options\/what-are-bonds\/\">obbligazioni<\/a>, e altri debiti.<\/p>\n\n\n\n<div style=\"height:18px\" aria-hidden=\"true\" class=\"wp-block-spacer\"><\/div>\n\n\n\n<h3 class=\"wp-block-heading\">Finanza azionaria<\/h3>\n\n\n\n<p>Le vendite di azioni societarie sono utilizzate per raccogliere capitale proprio. Questa categoria non richiede il rimborso.<\/p>\n\n\n\n<div style=\"height:18px\" aria-hidden=\"true\" class=\"wp-block-spacer\"><\/div>\n\n\n\n<h3 class=\"wp-block-heading\">Finanza verde<\/h3>\n\n\n\n<p>Quando si tratta di investire, ci\u00f2 significa dare priorit\u00e0 alle cause che vanno a beneficio della societ\u00e0 e dell'ambiente.<\/p>\n\n\n\n<div style=\"height:18px\" aria-hidden=\"true\" class=\"wp-block-spacer\"><\/div>\n\n\n\n<h3 class=\"wp-block-heading\">Finanza privata<\/h3>\n\n\n\n<p>Questa tipologia comprende le attivit\u00e0 svolte da persone o gruppi privati, non dal governo.<\/p>\n\n\n\n<div style=\"height:18px\" aria-hidden=\"true\" class=\"wp-block-spacer\"><\/div>\n\n\n\n<h3 class=\"wp-block-heading\">Finanza mondiale<\/h3>\n\n\n\n<p>Si riferisce alla rete interconnessa di mercati finanziari internazionali, organizzazioni e accordi che riguardano i trasferimenti transfrontalieri di fondi, investimenti, valute e servizi finanziari.<\/p>\n\n\n\n<div style=\"height:29px\" aria-hidden=\"true\" class=\"wp-block-spacer\"><\/div>\n\n\n\n<h2 class=\"wp-block-heading\"><strong>Industria finanziaria<\/strong><\/h2>\n\n\n\n<p>Gestione del denaro, investimenti, <a rel=\"nofollow\" href=\"https:\/\/adamfayed.com\/it\/financial-planning\/offshore-investment\/offshore-account\/offshore-asset-management\/\">gestione degli asset<\/a>, le banche, gli hedge fund, le assicurazioni e il settore immobiliare sono <a href=\"https:\/\/www.cmu.edu\/career\/documents\/industry-guides\/financial-tip-sheet.pdf\" target=\"_blank\" rel=\"noopener\">coperto<\/a> nell'ambito del settore.<\/p>\n\n\n\n<div style=\"height:18px\" aria-hidden=\"true\" class=\"wp-block-spacer\"><\/div>\n\n\n\n<h3 class=\"wp-block-heading\">Breve storia della finanza<\/h3>\n\n\n\n<p>Le civilt\u00e0 antiche avevano banche, prestiti e scambi commerciali, che hanno portato alla finanza. Come banche rudimentali, i templi della Mesopotamia conservavano oggetti di valore e concedevano prestiti. La moneta e il conio nell'antica Grecia e a Roma facilitavano il commercio. I mercanti europei fondarono corporazioni e inventarono le cambiali e le cambiali nel Medioevo.<\/p>\n\n\n\n<div style=\"height:18px\" aria-hidden=\"true\" class=\"wp-block-spacer\"><\/div>\n\n\n\n<h3 class=\"wp-block-heading\">Definizione finanziaria<\/h3>\n\n\n\n<figure class=\"wp-block-image alignright size-medium is-resized\"><img decoding=\"async\" width=\"300\" height=\"300\" src=\"https:\/\/adamfayed.com\/wp-content\/uploads\/2024\/04\/financial-system-300x300.webp\" alt=\"Financial Definition\" class=\"wp-image-83622\" style=\"width:210px;height:auto\" srcset=\"https:\/\/adamfayed.com\/wp-content\/uploads\/2024\/04\/financial-system-300x300.webp 300w, https:\/\/adamfayed.com\/wp-content\/uploads\/2024\/04\/financial-system-512x512.webp 512w, https:\/\/adamfayed.com\/wp-content\/uploads\/2024\/04\/financial-system-150x150.webp 150w, https:\/\/adamfayed.com\/wp-content\/uploads\/2024\/04\/financial-system-768x768.webp 768w, https:\/\/adamfayed.com\/wp-content\/uploads\/2024\/04\/financial-system-scaled.webp 825w\" sizes=\"(max-width: 300px) 100vw, 300px\" \/><\/figure>\n\n\n\n<p>In senso lato, <a href=\"https:\/\/marketbusinessnews.com\/financial-glossary\/financial\/\" target=\"_blank\" rel=\"noopener\">qualsiasi cosa<\/a> Il concetto di finanza si riferisce a tutto ci\u00f2 che ha a che fare con il denaro. Le decisioni sull'allocazione e sull'uso delle risorse per raggiungere determinati obiettivi sono al centro delle preoccupazioni finanziarie, che sono importanti sia in ambito individuale che aziendale.<\/p>\n\n\n\n<p>Molte aree di studio e di pratica si occupano di denaro e banche, dall'economia e dalla contabilit\u00e0 alla gestione degli investimenti e oltre.<\/p>\n\n\n\n<div style=\"height:18px\" aria-hidden=\"true\" class=\"wp-block-spacer\"><\/div>\n\n\n\n<h3 class=\"wp-block-heading\">Sistema finanziario<\/h3>\n\n\n\n<p><a href=\"https:\/\/adamfayed.com\/it\/category\/banking-review-articles\/\" data-type=\"link\" data-id=\"https:\/\/adamfayed.com\/category\/banking-review-articles\/\">Banche<\/a>, <a href=\"https:\/\/adamfayed.com\/it\/insurance\/insurance-providers\/\">fornitori di assicurazioni<\/a>, Le borse valori e le banche d'investimento costituiscono il sistema finanziario per lo scambio e la movimentazione dei capitali. I partecipanti a questo sistema normativo sono i mutuatari, i prestatori e gli investitori. Il sistema pu\u00f2 essere caratterizzato da una pianificazione centralizzata, da un sistema basato sul mercato o da un mix di entrambi.<\/p>\n\n\n\n<div style=\"height:18px\" aria-hidden=\"true\" class=\"wp-block-spacer\"><\/div>\n\n\n\n<h3 class=\"wp-block-heading\">Condizioni finanziarie<\/h3>\n\n\n\n<p>Tra le parole correlate vi sono quelle utilizzate nelle discussioni su economia, contabilit\u00e0, investimenti e denaro. I professionisti della finanza li trovano utili per trasmettere concetti complessi in modo semplice. Vengono trattati i conti economici, le azioni, le obbligazioni, le attivit\u00e0, nonch\u00e9 l'inflazione, il PIL e i tassi di interesse.<\/p>\n\n\n\n<div style=\"height:18px\" aria-hidden=\"true\" class=\"wp-block-spacer\"><\/div>\n\n\n\n<h3 class=\"wp-block-heading\">Gestione finanziaria<\/h3>\n\n\n\n<p>La redditivit\u00e0 dell'organizzazione, l'uso efficiente dei fondi e la conformit\u00e0 con le normative sono tutti elementi che <a rel=\"nofollow noopener\" href=\"https:\/\/www.lsbf.org.uk\/blog\/news\/importance-of-financial-management\/117410\" target=\"_blank\">obiettivi<\/a> di una sana gestione finanziaria. \u00c8 essenziale disporre di manager finanziari competenti per valutare il fabbisogno di capitale dell'organizzazione, progettare strutture di capitale adeguate, investire i fondi e distribuire gli utili in modo da sostenere la crescita e il progresso.<\/p>\n\n\n\n<div style=\"height:18px\" aria-hidden=\"true\" class=\"wp-block-spacer\"><\/div>\n\n\n\n<h4 class=\"wp-block-heading\"><a href=\"https:\/\/adamfayed.com\/it\/financial-planning\/personal-financial-planning\/\">\u2705<\/a> <a href=\"https:\/\/adamfayed.com\/it\/financial-planning\/personal-financial-planning\/\">Pianificazione finanziaria personale<\/a><\/h4>\n\n\n\n<p>Una gestione efficace delle risorse finanziarie proprie o della propria famiglia \u00e8 l'obiettivo di un piano finanziario. Stabilire un budget, risparmiare, investire, <a href=\"https:\/\/adamfayed.com\/it\/financial-planning\/personal-financial-planning\/the-retirement-plan-guide\/\">pianificazione per la pensione<\/a>, e la gestione dei debiti fanno parte di questa categoria.<\/p>\n\n\n\n<div style=\"height:18px\" aria-hidden=\"true\" class=\"wp-block-spacer\"><\/div>\n\n\n\n<h4 class=\"wp-block-heading\"><a href=\"https:\/\/adamfayed.com\/it\/financial-planning\/expat-financial-advisor\/\">\u2705<\/a> <a href=\"https:\/\/adamfayed.com\/it\/financial-planning\/expat-financial-advisor\/\">Consulente finanziario per gli espatri<\/a><\/h4>\n\n\n\n<p>Specializzato <a href=\"https:\/\/adamfayed.com\/it\/financial-planning\/expat-financial-advisor\/financial-advice\/\">consulenza finanziaria<\/a> e servizi forniti alle persone <a href=\"https:\/\/adamfayed.com\/it\/living-abroad\/\">vivere all'estero<\/a> sono trattati in questo sottoargomento. Le aree affrontate comprendono gli investimenti internazionali, la pianificazione pensionistica, la conversione valutaria e le implicazioni fiscali.<\/p>\n\n\n\n<div style=\"height:18px\" aria-hidden=\"true\" class=\"wp-block-spacer\"><\/div>\n\n\n\n<h4 class=\"wp-block-heading\"><a href=\"https:\/\/adamfayed.com\/it\/financial-planning\/offshore-investment\/\">\u2705<\/a> <a href=\"https:\/\/adamfayed.com\/it\/financial-planning\/offshore-investment\/\">Investimento offshore<\/a><\/h4>\n\n\n\n<p>Una persona si impegna in un investimento all'estero quando mette il proprio denaro in attivit\u00e0 situate in un Paese diverso dal proprio, il che richiede la comprensione delle norme giuridiche, <a href=\"https:\/\/adamfayed.com\/it\/financial-planning\/personal-financial-planning\/expat-tax\/\">fiscale<\/a>, e le implicazioni normative.<\/p>\n\n\n\n<div style=\"height:18px\" aria-hidden=\"true\" class=\"wp-block-spacer\"><\/div>\n\n\n\n<h4 class=\"wp-block-heading\"><a href=\"https:\/\/adamfayed.com\/it\/investment-options\/\">\u2705<\/a> <a href=\"https:\/\/adamfayed.com\/it\/investment-options\/\">Opzioni di investimento<\/a><\/h4>\n\n\n\n<p>Le opzioni di investimento consentono alle persone e alle imprese di aumentare la propria ricchezza. Le azioni consentono agli investitori di possedere una quota di un'azienda, mentre le obbligazioni forniscono un flusso costante di reddito, <a href=\"https:\/\/adamfayed.com\/it\/investment-options\/what-are-mutual-funds\/\">fondi comuni di investimento<\/a> consentono di diversificare il portafoglio e gli immobili possono essere una fonte di reddito sia per la propriet\u00e0 che per l'affitto.<\/p>\n\n\n\n<div style=\"height:18px\" aria-hidden=\"true\" class=\"wp-block-spacer\"><\/div>\n\n\n\n<h4 class=\"wp-block-heading\"><a href=\"https:\/\/adamfayed.com\/it\/insurance\/\">\u2705<\/a> <a href=\"https:\/\/adamfayed.com\/it\/insurance\/\">Assicurazione<\/a><\/h4>\n\n\n\n<p>La protezione dell'assicurato \u00e8 una delle funzioni fondamentali di una copertura in cambio di un premio. Tra le opzioni vi sono le polizze sanitarie, immobiliari, vita, auto o responsabilit\u00e0 civile.<\/p>\n\n\n\n<div style=\"height:18px\" aria-hidden=\"true\" class=\"wp-block-spacer\"><\/div>\n\n\n\n<h3 class=\"wp-block-heading\">Economia finanziaria<\/h3>\n\n\n\n<p><a href=\"https:\/\/corporatefinanceinstitute.com\/resources\/economics\/financial-economics\/\" target=\"_blank\" rel=\"noopener\">Studiare<\/a> l'interazione tra diverse variabili finanziarie, tra cui i prezzi delle azioni, i tassi di interesse e i tassi di cambio, nonch\u00e9 i vari mercati finanziari, <a href=\"https:\/\/adamfayed.com\/it\/investment-options\/10-accredited-investor-investment-opportunities\/\" target=\"_blank\" rel=\"noreferrer noopener\">opportunit\u00e0 di investimento<\/a>, e pericoli, \u00e8 il campo di applicazione dell'economia finanziaria, un sottocampo dell'economia. Fornisce il quadro teorico per numerosi processi finanziari e comprende il prezzo degli asset e la finanza aziendale.<\/p>\n\n\n\n<div style=\"height:18px\" aria-hidden=\"true\" class=\"wp-block-spacer\"><\/div>\n\n\n\n<h3 class=\"wp-block-heading\">Servizi finanziari<\/h3>\n\n\n\n<p>L'acquisizione di prestiti e assicurazioni \u00e8 una parte di <a href=\"https:\/\/adamfayed.com\/it\/financial-planning\/offshore-investment\/offshore-account\/offshore-financial-services\/\">servizi finanziari<\/a>. I servizi finanziari, le assicurazioni e i capitali d'investimento sono tutti coinvolti in queste operazioni.<\/p>\n\n\n\n<p>Assicurare, gestire le attivit\u00e0, facilitare gli scambi, emettere titoli e gestire i sistemi bancari sono tutte attivit\u00e0 essenziali. I diritti dei consumatori e l'onest\u00e0 del mercato sono protetti dalla supervisione del governo.<\/p>\n\n\n\n<p>In definitiva, i servizi finanziari aiutano l'economia a prosperare facilitando il trasferimento di capitali e il loro successivo investimento in progetti validi.<\/p>\n\n\n\n<p><strong>Siete afflitti dall'indecisione finanziaria? <\/strong><\/p>\n\n\n\n<figure class=\"wp-block-image size-large is-resized\"><img loading=\"lazy\" decoding=\"async\" width=\"512\" height=\"288\" src=\"https:\/\/adamfayed.com\/wp-content\/uploads\/2025\/03\/Adam-Fayed-Contact_CTA3-512x288.jpg\" alt=\"\" class=\"wp-image-117505\" style=\"width:683px;height:auto\" srcset=\"https:\/\/adamfayed.com\/wp-content\/uploads\/2025\/03\/Adam-Fayed-Contact_CTA3-512x288.jpg 512w, https:\/\/adamfayed.com\/wp-content\/uploads\/2025\/03\/Adam-Fayed-Contact_CTA3-300x169.jpg 300w, https:\/\/adamfayed.com\/wp-content\/uploads\/2025\/03\/Adam-Fayed-Contact_CTA3-768x432.jpg 768w, https:\/\/adamfayed.com\/wp-content\/uploads\/2025\/03\/Adam-Fayed-Contact_CTA3-scaled.jpg 825w\" sizes=\"(max-width: 512px) 100vw, 512px\" \/><\/figure>\n\n\n\n<div style=\"height:10px\" aria-hidden=\"true\" class=\"wp-block-spacer\"><\/div>\n\n\n\n<div class=\"wp-block-buttons is-layout-flex wp-block-buttons-is-layout-flex\">\n<div class=\"wp-block-button\"><a class=\"wp-block-button__link wp-element-button\" href=\"https:\/\/adamfayed.com\/it\/become-adams-client\/\">Diventa mio cliente<\/a><\/div>\n\n\n\n<div class=\"wp-block-button\"><a class=\"wp-block-button__link wp-element-button\" href=\"https:\/\/adamfayed.com\/it\/good-match-quiz\/\" target=\"_blank\" rel=\"noreferrer noopener\">Fare il quiz sull'idoneit\u00e0 del cliente<\/a><\/div>\n\n\n\n<div class=\"wp-block-button\"><a class=\"wp-block-button__link wp-element-button\" href=\"https:\/\/adamfayed.com\/it\/contact\/\" target=\"_blank\" rel=\"noreferrer noopener\">Contatto<\/a><\/div>\n<\/div>\n\n\n\n<p><strong>Adam \u00e8 un autore riconosciuto a livello internazionale in materia finanziaria con oltre 830 milioni di visualizzazioni di risposte su Quora, un libro molto venduto su Amazon e un contributo su Forbes.<\/strong><\/p>","protected":false},"excerpt":{"rendered":"<p>Finanza: Significato, tipi e altri termini<\/p>","protected":false},"author":14,"featured_media":83612,"parent":0,"menu_order":0,"comment_status":"open","ping_status":"closed","template":"","meta":{"rop_custom_images_group":[],"rop_custom_messages_group":[],"rop_publish_now":"initial","rop_publish_now_accounts":{"facebook_10166176115445471_100883565069113":""},"rop_publish_now_history":[],"rop_publish_now_status":"pending","footnotes":""},"class_list":["post-83609","page","type-page","status-publish","has-post-thumbnail","hentry"],"_links":{"self":[{"href":"https:\/\/adamfayed.com\/it\/wp-json\/wp\/v2\/pages\/83609","targetHints":{"allow":["GET"]}}],"collection":[{"href":"https:\/\/adamfayed.com\/it\/wp-json\/wp\/v2\/pages"}],"about":[{"href":"https:\/\/adamfayed.com\/it\/wp-json\/wp\/v2\/types\/page"}],"author":[{"embeddable":true,"href":"https:\/\/adamfayed.com\/it\/wp-json\/wp\/v2\/users\/14"}],"replies":[{"embeddable":true,"href":"https:\/\/adamfayed.com\/it\/wp-json\/wp\/v2\/comments?post=83609"}],"version-history":[{"count":3,"href":"https:\/\/adamfayed.com\/it\/wp-json\/wp\/v2\/pages\/83609\/revisions"}],"predecessor-version":[{"id":241023,"href":"https:\/\/adamfayed.com\/it\/wp-json\/wp\/v2\/pages\/83609\/revisions\/241023"}],"wp:featuredmedia":[{"embeddable":true,"href":"https:\/\/adamfayed.com\/it\/wp-json\/wp\/v2\/media\/83612"}],"wp:attachment":[{"href":"https:\/\/adamfayed.com\/it\/wp-json\/wp\/v2\/media?parent=83609"}],"curies":[{"name":"wp","href":"https:\/\/api.w.org\/{rel}","templated":true}]}}