{"id":83760,"date":"2024-04-06T22:17:13","date_gmt":"2024-04-06T22:17:13","guid":{"rendered":"https:\/\/adamfayed.com\/?page_id=83760"},"modified":"2025-04-03T14:02:59","modified_gmt":"2025-04-03T14:02:59","slug":"annuity-rates","status":"publish","type":"page","link":"https:\/\/adamfayed.com\/it\/investment-options\/annuity\/annuity-rates\/","title":{"rendered":"Tassi, pagamenti e commissioni delle rendite"},"content":{"rendered":"<p>Questa pagina approfondisce:<\/p>\n\n\n\n<ul class=\"wp-block-list\">\n<li>Tassi di rendita<\/li>\n\n\n\n<li>Pagamenti di rendite<\/li>\n\n\n\n<li>Commissioni di rendita<\/li>\n<\/ul>\n\n\n\n<p><\/p>\n\n\n\n<p>Il tasso di rendita determina l'importo della rendita; tassi pi\u00f9 alti significano pagamenti maggiori.<\/p>\n\n\n\n<p>I tassi di rendita influenzano <a href=\"https:\/\/adamfayed.com\/it\/financial-planning\/5-key-benefits-of-a-zurich-international-pension-plan-to-empower-your-retirement\/\">pensionamento<\/a> decisioni sul reddito e sono utili per valutare il valore relativo delle rendite rispetto ad attivit\u00e0 alternative.<\/p>\n\n\n\n<p>Comprendere la struttura dei pagamenti delle rendite facilita la pianificazione del budget.<\/p>\n\n\n\n<p>Se state cercando di investire come espatriati o individui con un alto patrimonio netto, che \u00e8 ci\u00f2 in cui sono specializzato, potete inviarmi un'e-mail (advice@adamfayed.com) o un messaggio WhatsApp (+44-7393-450-837).<\/p>\n\n\n\n<p>Dopo aver esaminato attentamente le commissioni associate, \u00e8 possibile stabilire se aggiungere o meno una rendita al proprio portafoglio e se i benefici superano gli svantaggi, con l'aiuto di un <a href=\"https:\/\/adamfayed.com\/it\/financial-planning\/expat-financial-advisor\/\">consulente finanziario<\/a>.<\/p>\n\n\n\n<div style=\"height:29px\" aria-hidden=\"true\" class=\"wp-block-spacer\"><\/div>\n\n\n\n<h2 class=\"wp-block-heading\"><strong>Tassi di rendita<\/strong><\/h2>\n\n\n\n<div class=\"wp-block-group is-layout-constrained wp-block-group-is-layout-constrained\">\n<figure class=\"wp-block-image alignleft size-medium is-resized\"><img fetchpriority=\"high\" decoding=\"async\" width=\"300\" height=\"300\" src=\"https:\/\/adamfayed.com\/wp-content\/uploads\/2024\/04\/annuity-rates-300x300.webp\" alt=\"Annuity Rates\" class=\"wp-image-83787\" style=\"width:247px;height:auto\" srcset=\"https:\/\/adamfayed.com\/wp-content\/uploads\/2024\/04\/annuity-rates-300x300.webp 300w, https:\/\/adamfayed.com\/wp-content\/uploads\/2024\/04\/annuity-rates-512x512.webp 512w, https:\/\/adamfayed.com\/wp-content\/uploads\/2024\/04\/annuity-rates-150x150.webp 150w, https:\/\/adamfayed.com\/wp-content\/uploads\/2024\/04\/annuity-rates-768x768.webp 768w, https:\/\/adamfayed.com\/wp-content\/uploads\/2024\/04\/annuity-rates.webp 825w\" sizes=\"(max-width: 300px) 100vw, 300px\" \/><\/figure>\n<\/div>\n\n\n\n<p>I tassi per le rendite fisse sono predeterminati dall'emittente. <a href=\"https:\/\/adamfayed.com\/it\/insurance\/insurance-providers\/\">fornitore di assicurazioni<\/a> al momento dell'acquisto. Questi tassi sono influenzati dal contesto generale dei tassi d'interesse e dalla performance degli investimenti dell'assicuratore.<\/p>\n\n\n\n<p>Un contesto di tassi d'interesse pi\u00f9 elevati porta in genere a un aumento dei tassi delle rendite fisse, offrendo rendimenti pi\u00f9 interessanti agli investitori in cerca di stabilit\u00e0.<\/p>\n\n\n\n<p>I tassi delle rendite variabili non sono fissi, ma fluttuano in base alla performance delle opportunit\u00e0 di investimento selezionate all'interno del contratto di rendita.<\/p>\n\n\n\n<p>Gli investitori hanno la possibilit\u00e0 di ottenere rendimenti pi\u00f9 elevati con le rendite variabili, ma devono anche affrontare un rischio maggiore, poich\u00e9 il loro reddito potrebbe diminuire in caso di cattiva performance degli investimenti.<\/p>\n\n\n\n<p>I tassi delle rendite indicizzate sono legati all'andamento di uno specifico indice di mercato, come l'S&amp;P 500. Sebbene vi sia un tasso d'interesse minimo garantito, esiste il potenziale per ottenere rendimenti pi\u00f9 elevati se l'indice collegato ha un andamento positivo.<\/p>\n\n\n\n<p>Tuttavia, i massimali e gli spread applicati dall'assicuratore possono limitare il rendimento massimo ottenibile, bilanciando il rischio e il rendimento per l'investitore.<\/p>\n\n\n\n<div style=\"height:29px\" aria-hidden=\"true\" class=\"wp-block-spacer\"><\/div>\n\n\n\n<h2 class=\"wp-block-heading\"><strong>Pagamenti delle rendite<\/strong><\/h2>\n\n\n\n<div class=\"wp-block-group is-layout-constrained wp-block-group-is-layout-constrained\">\n<figure class=\"wp-block-image alignright size-medium is-resized\"><img decoding=\"async\" width=\"300\" height=\"300\" src=\"https:\/\/adamfayed.com\/wp-content\/uploads\/2024\/04\/annuity-fees-300x300.webp\" alt=\"Annuity Fees\" class=\"wp-image-83788\" style=\"width:222px;height:auto\" srcset=\"https:\/\/adamfayed.com\/wp-content\/uploads\/2024\/04\/annuity-fees-300x300.webp 300w, https:\/\/adamfayed.com\/wp-content\/uploads\/2024\/04\/annuity-fees-512x512.webp 512w, https:\/\/adamfayed.com\/wp-content\/uploads\/2024\/04\/annuity-fees-150x150.webp 150w, https:\/\/adamfayed.com\/wp-content\/uploads\/2024\/04\/annuity-fees-768x768.webp 768w, https:\/\/adamfayed.com\/wp-content\/uploads\/2024\/04\/annuity-fees-scaled.webp 825w\" sizes=\"(max-width: 300px) 100vw, 300px\" \/><\/figure>\n<\/div>\n\n\n\n<p>Gli assicuratori utilizzano questi parametri per determinare l'importo del reddito regolare che il beneficiario della rendita pu\u00f2 aspettarsi di ricevere.<\/p>\n\n\n\n<p>Esistono diverse opzioni di pagamento per i contratti di rendita, che rispondono a varie esigenze e obiettivi finanziari. Ad esempio, una rendita vitalizia garantisce i pagamenti per tutta la vita del beneficiario, assicurando la sicurezza finanziaria fino alla morte.<\/p>\n\n\n\n<p>In alternativa, alcune rendite a termine prevedono pagamenti per un periodo fisso, che pu\u00f2 variare da pochi anni a diversi decenni. Esiste anche l'opzione delle rendite congiunte e di reversibilit\u00e0, concepite per continuare i pagamenti al coniuge o a un altro beneficiario dopo la morte del titolare della rendita.<\/p>\n\n\n\n<div style=\"height:29px\" aria-hidden=\"true\" class=\"wp-block-spacer\"><\/div>\n\n\n\n<h2 class=\"wp-block-heading\"><strong>Commissioni di rendita<\/strong><\/h2>\n\n\n\n<p>Approfondiamo il <a href=\"https:\/\/www.investor.gov\/introduction-investing\/investing-basics\/investment-products\/insurance-products\/annuities\" target=\"_blank\" rel=\"noopener\">oneri<\/a> associati ai principali tipi di rendite differite comunemente offerti agli investitori, che sono le rendite variabili e le rendite indicizzate alle azioni.<\/p>\n\n\n\n<div style=\"height:18px\" aria-hidden=\"true\" class=\"wp-block-spacer\"><\/div>\n\n\n\n<h3 class=\"wp-block-heading\">Rapporto mortalit\u00e0 e spese (rapporto M\/E)<\/h3>\n\n\n\n<p>Questa commissione, che di solito si aggira intorno all'1,25% all'anno, copre il rischio della compagnia assicurativa legato al decesso dell'assicurato e viene detratta direttamente dalla rendita.<\/p>\n\n\n\n<div style=\"height:18px\" aria-hidden=\"true\" class=\"wp-block-spacer\"><\/div>\n\n\n\n<h3 class=\"wp-block-heading\">Commissioni di riscatto<\/h3>\n\n\n\n<p>Queste tasse seguono una scala decrescente, riducendosi gradualmente a 0% dopo un determinato numero di anni.<\/p>\n\n\n\n<p>I prelievi anticipati durante il periodo di riscatto comportano delle penali, con commissioni iniziali che possono arrivare fino a 10%.<\/p>\n\n\n\n<div style=\"height:18px\" aria-hidden=\"true\" class=\"wp-block-spacer\"><\/div>\n\n\n\n<h3 class=\"wp-block-heading\">Commissioni per i sottoconti<\/h3>\n\n\n\n<p>Simili al rapporto di spesa dei fondi comuni o degli ETF, queste commissioni si applicano ai prodotti di investimento della rendita. Sebbene possano variare, in genere si mantengono al di sotto del 2,0%.<\/p>\n\n\n\n<div style=\"height:18px\" aria-hidden=\"true\" class=\"wp-block-spacer\"><\/div>\n\n\n\n<h3 class=\"wp-block-heading\">Tasse per i cavalieri<\/h3>\n\n\n\n<p>Spese aggiuntive per le caratteristiche scelte dall'investitore, come le garanzie di reddito o le clausole di morte. Questi costi variano in genere da 0,50% a 1,50% per ogni opzione.<\/p>\n\n\n\n<p>In sostanza, la maggior parte delle rendite con almeno un rider impongono costi medi compresi tra 2,5% e 3,5%, spesso richiedendo un impegno per un numero specifico di anni.<\/p>\n\n\n\n<p><strong>Siete afflitti dall'indecisione finanziaria? <\/strong><\/p>\n\n\n\n<figure class=\"wp-block-image size-large is-resized\"><img decoding=\"async\" width=\"512\" height=\"288\" src=\"https:\/\/adamfayed.com\/wp-content\/uploads\/2025\/03\/Adam-Fayed-Contact_CTA3-512x288.jpg\" alt=\"\" class=\"wp-image-117505\" style=\"width:683px;height:auto\" srcset=\"https:\/\/adamfayed.com\/wp-content\/uploads\/2025\/03\/Adam-Fayed-Contact_CTA3-512x288.jpg 512w, https:\/\/adamfayed.com\/wp-content\/uploads\/2025\/03\/Adam-Fayed-Contact_CTA3-300x169.jpg 300w, https:\/\/adamfayed.com\/wp-content\/uploads\/2025\/03\/Adam-Fayed-Contact_CTA3-768x432.jpg 768w, https:\/\/adamfayed.com\/wp-content\/uploads\/2025\/03\/Adam-Fayed-Contact_CTA3-scaled.jpg 825w\" sizes=\"(max-width: 512px) 100vw, 512px\" \/><\/figure>\n\n\n\n<div style=\"height:10px\" aria-hidden=\"true\" class=\"wp-block-spacer\"><\/div>\n\n\n\n<div class=\"wp-block-buttons is-layout-flex wp-block-buttons-is-layout-flex\">\n<div class=\"wp-block-button\"><a class=\"wp-block-button__link wp-element-button\" href=\"https:\/\/adamfayed.com\/it\/become-adams-client\/\">Diventa mio cliente<\/a><\/div>\n\n\n\n<div class=\"wp-block-button\"><a class=\"wp-block-button__link wp-element-button\" href=\"https:\/\/adamfayed.com\/it\/good-match-quiz\/\" target=\"_blank\" rel=\"noreferrer noopener\">Fare il quiz sull'idoneit\u00e0 del cliente<\/a><\/div>\n\n\n\n<div class=\"wp-block-button\"><a class=\"wp-block-button__link wp-element-button\" href=\"https:\/\/adamfayed.com\/it\/contact\/\" target=\"_blank\" rel=\"noreferrer noopener\">Contatto<\/a><\/div>\n<\/div>\n\n\n\n<p><strong>Adam \u00e8 un autore riconosciuto a livello internazionale in materia finanziaria con oltre 830 milioni di visualizzazioni di risposte su Quora, un libro molto venduto su Amazon e un contributo su Forbes.<\/strong><\/p>","protected":false},"excerpt":{"rendered":"<p>Tassi, pagamenti e commissioni delle rendite<\/p>","protected":false},"author":14,"featured_media":83785,"parent":80038,"menu_order":0,"comment_status":"open","ping_status":"closed","template":"","meta":{"rop_custom_images_group":[],"rop_custom_messages_group":[],"rop_publish_now":"initial","rop_publish_now_accounts":{"facebook_10166176115445471_100883565069113":""},"rop_publish_now_history":[],"rop_publish_now_status":"pending","footnotes":""},"class_list":["post-83760","page","type-page","status-publish","has-post-thumbnail","hentry"],"_links":{"self":[{"href":"https:\/\/adamfayed.com\/it\/wp-json\/wp\/v2\/pages\/83760","targetHints":{"allow":["GET"]}}],"collection":[{"href":"https:\/\/adamfayed.com\/it\/wp-json\/wp\/v2\/pages"}],"about":[{"href":"https:\/\/adamfayed.com\/it\/wp-json\/wp\/v2\/types\/page"}],"author":[{"embeddable":true,"href":"https:\/\/adamfayed.com\/it\/wp-json\/wp\/v2\/users\/14"}],"replies":[{"embeddable":true,"href":"https:\/\/adamfayed.com\/it\/wp-json\/wp\/v2\/comments?post=83760"}],"version-history":[{"count":2,"href":"https:\/\/adamfayed.com\/it\/wp-json\/wp\/v2\/pages\/83760\/revisions"}],"predecessor-version":[{"id":127313,"href":"https:\/\/adamfayed.com\/it\/wp-json\/wp\/v2\/pages\/83760\/revisions\/127313"}],"up":[{"embeddable":true,"href":"https:\/\/adamfayed.com\/it\/wp-json\/wp\/v2\/pages\/80038"}],"wp:featuredmedia":[{"embeddable":true,"href":"https:\/\/adamfayed.com\/it\/wp-json\/wp\/v2\/media\/83785"}],"wp:attachment":[{"href":"https:\/\/adamfayed.com\/it\/wp-json\/wp\/v2\/media?parent=83760"}],"curies":[{"name":"wp","href":"https:\/\/api.w.org\/{rel}","templated":true}]}}