{"id":83950,"date":"2024-04-10T01:46:36","date_gmt":"2024-04-10T01:46:36","guid":{"rendered":"https:\/\/adamfayed.com\/?page_id=83950"},"modified":"2024-04-10T01:47:16","modified_gmt":"2024-04-10T01:47:16","slug":"portugal-double-tax-treaties","status":"publish","type":"page","link":"https:\/\/adamfayed.com\/it\/financial-planning\/personal-financial-planning\/expat-tax\/portugal-double-tax-treaties\/","title":{"rendered":"Portogallo Convenzioni contro la doppia imposizione"},"content":{"rendered":"<p>Mappa del sito: <a href=\"https:\/\/adamfayed.com\/it\/financial-planning\/personal-financial-planning\/\">Pianificazione finanziaria personale<\/a> &gt; <a href=\"https:\/\/adamfayed.com\/it\/financial-planning\/personal-financial-planning\/expat-tax\/\">Tassa sugli espatri<\/a> &gt; Portogallo Convenzioni contro le doppie imposizioni<\/p>\n\n\n\n<p>In questa pagina si parler\u00e0 delle convenzioni contro la doppia imposizione del Portogallo:<\/p>\n\n\n\n<ul class=\"wp-block-list\">\n<li>Che cos'\u00e8 la doppia imposizione?<\/li>\n\n\n\n<li>Che cos'\u00e8 un trattato sulla doppia imposizione?<\/li>\n\n\n\n<li>Convenzione contro la doppia imposizione Portogallo<\/li>\n\n\n\n<li>Vantaggi dei trattati sulla doppia imposizione per gli espatriati in Portogallo<\/li>\n<\/ul>\n\n\n\n<p><\/p>\n\n\n\n<p><a href=\"https:\/\/adamfayed.com\/it\/financial-planning\/personal-financial-planning\/expat-tax\/portugal-double-tax-treaties\/\">Convenzioni contro la doppia imposizione in Portogallo<\/a>, che riducono l'onere fiscale per gli investitori coinvolti in attivit\u00e0 transfrontaliere, sono essenziali per promuovere gli investimenti.<\/p>\n\n\n\n<p>Se state cercando di investire come espatriati o individui con un alto patrimonio netto, che \u00e8 ci\u00f2 in cui sono specializzato, potete inviarmi un'e-mail (advice@adamfayed.com) o un messaggio WhatsApp (+44-7393-450-837).<\/p>\n\n\n\n<p>Conoscendo le convenzioni contro le doppie imposizioni del Portogallo, gli espatriati <a href=\"https:\/\/adamfayed.com\/it\/living-abroad\/\">vivere all'estero<\/a> possono ridurre la possibilit\u00e0 di essere tassati sullo stesso reddito in Portogallo e nel Paese d'origine.<\/p>\n\n\n\n<h2 class=\"wp-block-heading\">Portogallo Convenzioni contro la doppia imposizione<\/h2>\n\n\n\n<p><\/p>\n\n\n\n<h3 class=\"wp-block-heading\">Che cos'\u00e8 la doppia imposizione?<\/h3>\n\n\n\n<figure class=\"wp-block-image alignleft size-medium\"><img fetchpriority=\"high\" decoding=\"async\" width=\"300\" height=\"300\" src=\"https:\/\/adamfayed.com\/wp-content\/uploads\/2024\/04\/what-is-a-double-taxation-300x300.webp\" alt=\"Portugal Double Tax Treaties\" class=\"wp-image-83979\" srcset=\"https:\/\/adamfayed.com\/wp-content\/uploads\/2024\/04\/what-is-a-double-taxation-300x300.webp 300w, https:\/\/adamfayed.com\/wp-content\/uploads\/2024\/04\/what-is-a-double-taxation-512x512.webp 512w, https:\/\/adamfayed.com\/wp-content\/uploads\/2024\/04\/what-is-a-double-taxation-150x150.webp 150w, https:\/\/adamfayed.com\/wp-content\/uploads\/2024\/04\/what-is-a-double-taxation-768x768.webp 768w, https:\/\/adamfayed.com\/wp-content\/uploads\/2024\/04\/what-is-a-double-taxation.webp 825w\" sizes=\"(max-width: 300px) 100vw, 300px\" \/><\/figure>\n\n\n\n<p>Quando vengono imposte le tasse <a href=\"https:\/\/taxfoundation.org\/taxedu\/glossary\/double-taxation\/\" target=\"_blank\" rel=\"noopener\">due volte<\/a> sullo stesso reddito, attivit\u00e0 o transazione finanziaria, si parla di doppia imposizione.&nbsp;<\/p>\n\n\n\n<p>Ci\u00f2 pu\u00f2 verificarsi in diverse situazioni, tra cui i redditi societari soggetti a imposte sia sulle societ\u00e0 che sulle persone fisiche, gli investimenti o gli scambi commerciali con l'estero e i prestiti.<\/p>\n\n\n\n<p>Quando un'azienda paga le tasse sui suoi profitti e gli azionisti sono poi tassati sui dividendi che ricevono, si parla di doppia imposizione sui dividendi degli investimenti azionari.<\/p>\n\n\n\n<h3 class=\"wp-block-heading\">Che cos'\u00e8 un trattato sulla doppia imposizione?<\/h3>\n\n\n\n<p>Per ridurre la probabilit\u00e0 di una doppia imposizione internazionale sul reddito e sul patrimonio, due o pi\u00f9 nazioni possono negoziare accordi bilaterali o multilaterali noti come accordi sulla doppia imposizione, oppure <a href=\"https:\/\/www.skatturinn.is\/english\/companies\/double-taxation-conventions\/\" target=\"_blank\" rel=\"noopener\">DTA<\/a>.<\/p>\n\n\n\n<p>Le CDI hanno lo scopo principale di definire i diritti fiscali dei Paesi partecipanti al fine di ridurre al minimo le disparit\u00e0, proteggere la parit\u00e0 di trattamento dei contribuenti, mantenere la stabilit\u00e0 e scoraggiare l'evasione fiscale.<\/p>\n\n\n\n<h3 class=\"wp-block-heading\">Vantaggi dei trattati sulla doppia imposizione per gli espatriati in Portogallo<\/h3>\n\n\n\n<p>La convenzione contro le doppie imposizioni del Portogallo svolge un ruolo fondamentale nella pianificazione finanziaria degli espatriati.<\/p>\n\n\n\n<p>Questo \u00e8 particolarmente importante per coloro che ricevono <a href=\"https:\/\/adamfayed.com\/it\/ipensions-group-review\/\">pensioni<\/a>, reddito da locazione o guadagno da <a href=\"https:\/\/adamfayed.com\/it\/best-investment-options-for-australian-expats-in-2023\/\">investimenti all'estero<\/a>.<\/p>\n\n\n\n<p>Comprendendo e utilizzando le CDI, gli espatriati possono ridurre in modo significativo i loro obblighi fiscali e assicurarsi che il loro reddito sia tassato nella giurisdizione pi\u00f9 favorevole.<\/p>\n\n\n\n<h3 class=\"wp-block-heading\">Paesi con trattato fiscale con il Portogallo<\/h3>\n\n\n\n<figure class=\"wp-block-image alignright size-medium\"><img decoding=\"async\" width=\"300\" height=\"171\" src=\"https:\/\/adamfayed.com\/wp-content\/uploads\/2024\/04\/Countries-with-Tax-Treaty-with-Portugal-300x171.webp\" alt=\"Countries with Tax Treaty with Portugal\" class=\"wp-image-83978\" srcset=\"https:\/\/adamfayed.com\/wp-content\/uploads\/2024\/04\/Countries-with-Tax-Treaty-with-Portugal-300x171.webp 300w, https:\/\/adamfayed.com\/wp-content\/uploads\/2024\/04\/Countries-with-Tax-Treaty-with-Portugal-512x293.webp 512w, https:\/\/adamfayed.com\/wp-content\/uploads\/2024\/04\/Countries-with-Tax-Treaty-with-Portugal-768x439.webp 768w, https:\/\/adamfayed.com\/wp-content\/uploads\/2024\/04\/Countries-with-Tax-Treaty-with-Portugal-scaled.webp 825w\" sizes=\"(max-width: 300px) 100vw, 300px\" \/><\/figure>\n\n\n\n<p>Il Portogallo ha firmato accordi di libero scambio con numerosi Paesi, creando un ambiente fiscale favorevole per gli espatriati di quelle regioni.<\/p>\n\n\n\n<p>Questi paesi comprendono la maggior parte degli Stati membri dell'UE, il <a href=\"https:\/\/adamfayed.com\/it\/expats\/what-are-the-best-investing-options-for-american-expats-in-2023\/\">Stati Uniti<\/a>, <a href=\"https:\/\/adamfayed.com\/it\/what-are-the-best-investment-options-for-canadian-expats-in-2023\/\">Canada<\/a>, e diversi Paesi dell'Africa e dell'Asia. Ogni accordo ha disposizioni specifiche, ma in generale prevede meccanismi per eliminare o attenuare la doppia imposizione.<\/p>\n\n\n\n<h3 class=\"wp-block-heading\">Richiesta di sgravio ai sensi del trattato contro la doppia imposizione in Portogallo<\/h3>\n\n\n\n<p>Per richiedere uno sgravio ai sensi di una CDI, gli espatriati devono in genere dimostrare la residenza fiscale in Portogallo e possono dover fornire la documentazione dell'autorit\u00e0 fiscale del loro Paese d'origine o del Paese da cui proviene il reddito.<\/p>\n\n\n\n<p>La presentazione di una domanda di sgravio pu\u00f2 essere complessa e il processo varia da Paese a Paese, per cui \u00e8 spesso consigliabile rivolgersi a un professionista per affrontare la questione con successo.<\/p>\n\n\n\n<p><strong>Siete afflitti dall'indecisione finanziaria? <\/strong><\/p>\n\n\n\n<figure class=\"wp-block-image size-large is-resized\"><img decoding=\"async\" width=\"512\" height=\"288\" src=\"https:\/\/adamfayed.com\/wp-content\/uploads\/2025\/03\/Adam-Fayed-Contact_CTA3-512x288.jpg\" alt=\"\" class=\"wp-image-117505\" style=\"width:683px;height:auto\" srcset=\"https:\/\/adamfayed.com\/wp-content\/uploads\/2025\/03\/Adam-Fayed-Contact_CTA3-512x288.jpg 512w, https:\/\/adamfayed.com\/wp-content\/uploads\/2025\/03\/Adam-Fayed-Contact_CTA3-300x169.jpg 300w, https:\/\/adamfayed.com\/wp-content\/uploads\/2025\/03\/Adam-Fayed-Contact_CTA3-768x432.jpg 768w, https:\/\/adamfayed.com\/wp-content\/uploads\/2025\/03\/Adam-Fayed-Contact_CTA3-scaled.jpg 825w\" sizes=\"(max-width: 512px) 100vw, 512px\" \/><\/figure>\n\n\n\n<div style=\"height:10px\" aria-hidden=\"true\" class=\"wp-block-spacer\"><\/div>\n\n\n\n<div class=\"wp-block-buttons is-layout-flex wp-block-buttons-is-layout-flex\">\n<div class=\"wp-block-button\"><a class=\"wp-block-button__link wp-element-button\" href=\"https:\/\/adamfayed.com\/it\/become-adams-client\/\">Diventa mio cliente<\/a><\/div>\n\n\n\n<div class=\"wp-block-button\"><a class=\"wp-block-button__link wp-element-button\" href=\"https:\/\/adamfayed.com\/it\/good-match-quiz\/\" target=\"_blank\" rel=\"noreferrer noopener\">Fare il quiz sull'idoneit\u00e0 del cliente<\/a><\/div>\n\n\n\n<div class=\"wp-block-button\"><a class=\"wp-block-button__link wp-element-button\" href=\"https:\/\/adamfayed.com\/it\/contact\/\" target=\"_blank\" rel=\"noreferrer noopener\">Contatto<\/a><\/div>\n<\/div>\n\n\n\n<p><strong>Adam \u00e8 un autore riconosciuto a livello internazionale in materia finanziaria con oltre 830 milioni di visualizzazioni di risposte su Quora, un libro molto venduto su Amazon e un contributo su Forbes.<\/strong><\/p>","protected":false},"excerpt":{"rendered":"<p>Convenzioni contro la doppia imposizione in Portogallo<\/p>","protected":false},"author":14,"featured_media":83980,"parent":82638,"menu_order":0,"comment_status":"open","ping_status":"closed","template":"","meta":{"rop_custom_images_group":[],"rop_custom_messages_group":[],"rop_publish_now":"initial","rop_publish_now_accounts":{"facebook_10166176115445471_100883565069113":""},"rop_publish_now_history":[],"rop_publish_now_status":"pending","footnotes":""},"class_list":["post-83950","page","type-page","status-publish","has-post-thumbnail","hentry"],"_links":{"self":[{"href":"https:\/\/adamfayed.com\/it\/wp-json\/wp\/v2\/pages\/83950","targetHints":{"allow":["GET"]}}],"collection":[{"href":"https:\/\/adamfayed.com\/it\/wp-json\/wp\/v2\/pages"}],"about":[{"href":"https:\/\/adamfayed.com\/it\/wp-json\/wp\/v2\/types\/page"}],"author":[{"embeddable":true,"href":"https:\/\/adamfayed.com\/it\/wp-json\/wp\/v2\/users\/14"}],"replies":[{"embeddable":true,"href":"https:\/\/adamfayed.com\/it\/wp-json\/wp\/v2\/comments?post=83950"}],"version-history":[{"count":3,"href":"https:\/\/adamfayed.com\/it\/wp-json\/wp\/v2\/pages\/83950\/revisions"}],"predecessor-version":[{"id":83982,"href":"https:\/\/adamfayed.com\/it\/wp-json\/wp\/v2\/pages\/83950\/revisions\/83982"}],"up":[{"embeddable":true,"href":"https:\/\/adamfayed.com\/it\/wp-json\/wp\/v2\/pages\/82638"}],"wp:featuredmedia":[{"embeddable":true,"href":"https:\/\/adamfayed.com\/it\/wp-json\/wp\/v2\/media\/83980"}],"wp:attachment":[{"href":"https:\/\/adamfayed.com\/it\/wp-json\/wp\/v2\/media?parent=83950"}],"curies":[{"name":"wp","href":"https:\/\/api.w.org\/{rel}","templated":true}]}}