{"id":87254,"date":"2024-05-17T16:48:19","date_gmt":"2024-05-17T16:48:19","guid":{"rendered":"https:\/\/adamfayed.com\/?page_id=87254"},"modified":"2024-05-28T06:55:17","modified_gmt":"2024-05-28T06:55:17","slug":"rl360-profile","status":"publish","type":"page","link":"https:\/\/adamfayed.com\/it\/investment-options\/investment-providers\/rl360-profile\/","title":{"rendered":"Profilo di RL360: Chi sono gli RL360?"},"content":{"rendered":"<p>RL360 \u00e8 un fornitore globale di assicurazioni sulla vita, noto anche con il nome di Royal London 360. Offre <a href=\"https:\/\/adamfayed.com\/it\/financial-planning\/offshore-investment\/\">investimento offshore<\/a> opportunit\u00e0 di protezione e di risparmio offshore per gli investitori locali e internazionali.<\/p>\n\n\n\n<p>Questa pagina analizza <a href=\"https:\/\/adamfayed.com\/it\/investment-options\/investment-providers\/rl360-profile\/\">Profilo RL360<\/a>, in particolare:<\/p>\n\n\n\n<ul class=\"wp-block-list\">\n<li>Chi sono gli RL360?<\/li>\n\n\n\n<li>RL360 Storia<\/li>\n\n\n\n<li>Rendimento del fondo RL360<\/li>\n\n\n\n<li>Siti RL360<\/li>\n\n\n\n<li>Accesso al cliente RL360<\/li>\n\n\n\n<li>Dettagli di contatto RL360<\/li>\n<\/ul>\n\n\n\n<p><\/p>\n\n\n\n<p>Se state cercando di investire come espatriati o individui con un alto patrimonio netto, che \u00e8 ci\u00f2 in cui sono specializzato, potete inviarmi un'e-mail (advice@adamfayed.com) o un messaggio WhatsApp (+44-7393-450-837).<\/p>\n\n\n\n<p>Conoscere le informazioni di base di RL360 pu\u00f2 aiutare a valutare se la sua visione si allinea con la vostra e se le sue offerte possono contribuire a far crescere il vostro paniere di investimenti.<\/p>\n\n\n\n<h2 class=\"wp-block-heading\">Profilo RL360<\/h2>\n\n\n\n<figure class=\"wp-block-image alignleft size-medium\"><img fetchpriority=\"high\" decoding=\"async\" width=\"300\" height=\"300\" src=\"https:\/\/adamfayed.com\/wp-content\/uploads\/2024\/05\/RL360-logo-300x300.jpg\" alt=\"RL360 Profile\" class=\"wp-image-87270\" srcset=\"https:\/\/adamfayed.com\/wp-content\/uploads\/2024\/05\/RL360-logo-300x300.jpg 300w, https:\/\/adamfayed.com\/wp-content\/uploads\/2024\/05\/RL360-logo-512x512.jpg 512w, https:\/\/adamfayed.com\/wp-content\/uploads\/2024\/05\/RL360-logo-150x150.jpg 150w, https:\/\/adamfayed.com\/wp-content\/uploads\/2024\/05\/RL360-logo-768x768.jpg 768w, https:\/\/adamfayed.com\/wp-content\/uploads\/2024\/05\/RL360-logo-scaled.jpg 825w\" sizes=\"(max-width: 300px) 100vw, 300px\" \/><\/figure>\n\n\n\n<h3 class=\"wp-block-heading\">Chi sono gli RL360?<\/h3>\n\n\n\n<p>RL360, con sede nell'isola di Man, \u00e8 una filiale di International Financial Group Limited o IFGL. RL360 opera in America Latina, Regno Unito, Asia, Africa e Medio Oriente.<\/p>\n\n\n\n<p>Alla fine del 2023, IFGL contava quasi 600 dipendenti, oltre 200.000 clienti e gestiva un patrimonio di 25 miliardi di dollari.<\/p>\n\n\n\n<p>Secondo la societ\u00e0 di consulenza attuariale <a href=\"https:\/\/www.akg.co.uk\/\" target=\"_blank\" rel=\"noopener\">AKG<\/a>, L'IFGL ha ottenuto il miglior rating di tutte le operazioni offshore, un B+. Inoltre, AKG ha valutato la strategia e la qualit\u00e0 del servizio di IFGL con cinque stelle.<\/p>\n\n\n\n<p>L'Autorit\u00e0 per i servizi finanziari dell'Isola di Man \u00e8 il principale organismo di regolamentazione che vigila su RL360 e su tutte le altre operazioni assicurative dell'IFGL. Queste entit\u00e0 sono soggette a diversi quadri normativi globali. Anche la Labuan Financial Services Authority e la Hong Kong Insurance Authority hanno concesso l'autorizzazione a RL360.<\/p>\n\n\n\n<p>Ecco alcuni dei loro prodotti e servizi:<\/p>\n\n\n\n<ul class=\"wp-block-list\">\n<li><a href=\"https:\/\/adamfayed.com\/it\/review-articles\/rl360-regular-savings-plan-review\/\">Piano di risparmio regolare RL360<\/a><\/li>\n\n\n\n<li><a href=\"https:\/\/adamfayed.com\/it\/review-articles\/rl360-quantum-savings-plan-review\/\">Piano di risparmio quantistico RL360<\/a> (ancora esistente ma chiuso a nuovi investitori)<\/li>\n\n\n\n<li>Investimenti a forfait<\/li>\n\n\n\n<li>Piano di vita<\/li>\n\n\n\n<li><a href=\"https:\/\/adamfayed.com\/it\/investment-options\/offshore-investment-bonds\/\">Obbligazioni d'investimento offshore<\/a> come <a href=\"https:\/\/adamfayed.com\/it\/review-articles\/rl360\/#What_is_the_RL360_Oracle_Bond\">Obbligazione RL360 Oracle<\/a><\/li>\n\n\n\n<li>Trust e pianificazione fiscale&nbsp;<\/li>\n<\/ul>\n\n\n\n<p><\/p>\n\n\n\n<h3 class=\"wp-block-heading\">RL360 Storia<\/h3>\n\n\n\n<p>Il 2008 ha visto la nascita di Royal London 360, la divisione globale del Gruppo Royal London, dalla fusione di due rinomate compagnie vita con sede nell'Isola di Man: Scottish Life International Insurance Company Limited (fondata nel 1996) e Scottish Provident International Life Assurance Limited (fondata nel 1991).<\/p>\n\n\n\n<p>Prima azienda globale del settore vita a completare con successo un'acquisizione guidata dal management e sostenuta da capitali privati, RL360 \u00e8 entrata nella storia nel 2013. Questo importante risultato ha aperto la strada a una crescita continua e ad altre acquisizioni. Per facilitare questa espansione, \u00e8 stata istituita la IFGL, di cui RL360 \u00e8 stata la prima attivit\u00e0.<\/p>\n\n\n\n<p>Tra le altre societ\u00e0 di IFGL vi sono:<\/p>\n\n\n\n<ul class=\"wp-block-list\">\n<li><a class=\"wpil_keyword_link\" href=\"https:\/\/adamfayed.com\/it\/ardan-international-review-is-it-worth-it\/\" title=\"Ardan\" data-wpil-keyword-link=\"linked\" data-wpil-monitor-id=\"1022\">Ardan<\/a> Internazionale<\/li>\n\n\n\n<li>Friends Provident International<\/li>\n\n\n\n<li>RL360 Life Insurance Company Limited (gi\u00e0 Clerical Medical International), comunemente nota come RL360 Services<\/li>\n\n\n\n<li>IFGL Pensions (ex Sovereign Pensions Services UK Limited)<\/li>\n<\/ul>\n\n\n\n<p><\/p>\n\n\n\n<p>Nel 2023 \u00e8 stata istituita la IFGL DIFC, la cui licenza regolamentare consente la promozione dei prodotti RL360 all'interno del Dubai International Financial Centre.<\/p>\n\n\n\n<h3 class=\"wp-block-heading\">Rendimento del fondo RL360 <\/h3>\n\n\n\n<figure class=\"wp-block-image alignright size-medium\"><img decoding=\"async\" width=\"300\" height=\"300\" src=\"https:\/\/adamfayed.com\/wp-content\/uploads\/2024\/05\/RL360-Fund-Performance-300x300.webp\" alt=\"RL360 Fund Performance\" class=\"wp-image-87302\" srcset=\"https:\/\/adamfayed.com\/wp-content\/uploads\/2024\/05\/RL360-Fund-Performance-300x300.webp 300w, https:\/\/adamfayed.com\/wp-content\/uploads\/2024\/05\/RL360-Fund-Performance-512x512.webp 512w, https:\/\/adamfayed.com\/wp-content\/uploads\/2024\/05\/RL360-Fund-Performance-150x150.webp 150w, https:\/\/adamfayed.com\/wp-content\/uploads\/2024\/05\/RL360-Fund-Performance-768x768.webp 768w, https:\/\/adamfayed.com\/wp-content\/uploads\/2024\/05\/RL360-Fund-Performance-scaled.webp 825w\" sizes=\"(max-width: 300px) 100vw, 300px\" \/><\/figure>\n\n\n\n<p>Le performance dei fondi RL360 variano a seconda del prodotto. Per valutare la performance dei propri fondi, la societ\u00e0 utilizza una serie di parametri di rendimento. I libretti di performance dei fondi RL360 forniscono una panoramica di questi dati, che comprendono misure di performance discrete, annuali e cumulative in diversi periodi di tempo.<\/p>\n\n\n\n<p>In questo modo gli investitori possono valutare l'andamento dei fondi e la loro volatilit\u00e0. La valuta dell'attivo viene utilizzata per generare le statistiche di performance, che includono le spese di gestione del fondo, su una base di rendimento totale.<\/p>\n\n\n\n<p>Nel 2023 sono stati assegnati i seguenti premi RL360:<\/p>\n\n\n\n<ul class=\"wp-block-list\">\n<li>Il premio per il miglior portafoglio obbligazionario internazionale \u00e8 stato assegnato a <a href=\"https:\/\/adamfayed.com\/it\/review-articles\/rl360-pims-personal-investment-management-service-review\/\">RL360 PIMS<\/a> (Servizio di gestione degli investimenti personali)<\/li>\n\n\n\n<li>Eccellenza nel servizio clienti per l'Asia<\/li>\n\n\n\n<li>Campagna internazionale dell'anno assegnata a BlackRock Model Portfolio Service<\/li>\n\n\n\n<li>IFGL si \u00e8 aggiudicato il premio come Miglior Gruppo Vita Internazionale&nbsp;<\/li>\n<\/ul>\n\n\n\n<p><\/p>\n\n\n\n<h3 class=\"wp-block-heading\">Siti e servizi RL360<\/h3>\n\n\n\n<p>RL360 \u00e8 il pubblico <a href=\"https:\/\/www.rl360.com\/\" target=\"_blank\" rel=\"noopener\">sito web<\/a> per l'azienda.<\/p>\n\n\n\n<p>RL360 Adviser \u00e8 un servizio dedicato <a href=\"https:\/\/www.rl360adviser.com\/\" target=\"_blank\" rel=\"noopener\">sito<\/a> per i consulenti finanziari di RL360<\/p>\n\n\n\n<p>Il Centro Servizi Online RL360 \u00e8 il <a href=\"https:\/\/service.rl360.com\/scripts\/customer.cgi\" target=\"_blank\" rel=\"noopener\">assistenza online<\/a> per RL360 e i servizi RL360<\/p>\n\n\n\n<p>RL360 Wrap \u00e8 un <a href=\"https:\/\/www.rl360wrap.com\/\" target=\"_blank\" rel=\"noopener\">servizio<\/a> che offre obbligazioni offshore per i fornitori di Wraps.<\/p>\n\n\n\n<p>L'App RL360 \u00e8 una speciale <a href=\"https:\/\/www.rl360app.com\/\" target=\"_blank\" rel=\"noopener\">sito web<\/a> solo per i consulenti finanziari. Offre applicazioni online per il Piano di risparmio regolare e per i prodotti Oracle.&nbsp;&nbsp;&nbsp;&nbsp;&nbsp;&nbsp;&nbsp;&nbsp;&nbsp;<\/p>\n\n\n\n<h3 class=\"wp-block-heading\">Accesso al cliente RL360<\/h3>\n\n\n\n<p>Questo <a href=\"https:\/\/service.rl360.com\/scripts\/customer.cgi\/SC\/\" target=\"_blank\" rel=\"noopener\">link<\/a> porter\u00e0 i clienti alla pagina di login di RL360. Dopo l'iscrizione e l'attivazione dell'account, gli utenti attuali, compresi i consulenti finanziari e gli assicurati, possono utilizzare questo sito per effettuare il login.<\/p>\n\n\n\n<h3 class=\"wp-block-heading\">Dettagli di contatto RL360<\/h3>\n\n\n\n<p><\/p>\n\n\n\n<h4 class=\"wp-block-heading\">Informazioni di contatto per i clienti dell'Isola di Man di RL360<\/h4>\n\n\n\n<ul class=\"wp-block-list\">\n<li>Telefono: +44 (0) 1624 681 682<\/li>\n\n\n\n<li>E-mail: <a href=\"mailto:csc@rl360.com\">csc@rl360.com<\/a><\/li>\n\n\n\n<li>Indirizzo: International House, Cooil Road, Douglas, Isola di Man, IM2 2SP, Isole Britanniche<\/li>\n<\/ul>\n\n\n\n<p><\/p>\n\n\n\n<h4 class=\"wp-block-heading\">Contatto RL360 Dubai<\/h4>\n\n\n\n<ul class=\"wp-block-list\">\n<li>Telefono: +971 4378 2700 | +971 4284 5542<\/li>\n\n\n\n<li>E-mail:&nbsp;<a href=\"mailto:dubai@rl360.com\">dubai@rl360.com<\/a> | <a href=\"mailto:info@ifgldifc.com\">info@ifgldifc.com<\/a><\/li>\n\n\n\n<li>Indirizzi: PO Box 450591, Emaar Square, Building 6, Floor 5, Dubai, Emirati Arabi Uniti | PO Box 450591, OT - Unit 16 - 35, Level 16, Central Park Towers, DIFC, Dubai<\/li>\n<\/ul>\n\n\n\n<p><\/p>\n\n\n\n<h4 class=\"wp-block-heading\">Contatto RL360 Malaysia<\/h4>\n\n\n\n<ul class=\"wp-block-list\">\n<li>Telefono: +60 3 2109 5555<\/li>\n\n\n\n<li>E-mail: &nbsp;<a href=\"mailto:malaysia@rl360.com\">malaysia@rl360.com<\/a><\/li>\n\n\n\n<li>Indirizzo: BO2-C-16, Menara 3, KL Eco City, No 3 Jalan Bangsar, 59200 Kuala Lumpur, Malaysia<\/li>\n<\/ul>\n\n\n\n<p><\/p>\n\n\n\n<h4 class=\"wp-block-heading\">Contatto RL360 Uruguay<\/h4>\n\n\n\n<ul class=\"wp-block-list\">\n<li>Telefono: +598 2626 2390<\/li>\n\n\n\n<li>E-mail:&nbsp;<a href=\"mailto:uruguay@rl360.com\">uruguay@rl360.com<\/a><\/li>\n\n\n\n<li>Indirizzo: WTC Montevideo Free Zone, Dr. Luis Bonavita 1294, Ufficio 1407, C.P. 11300, Montevideo, Uruguay<\/li>\n<\/ul>\n\n\n\n<p><\/p>\n\n\n\n<h4 class=\"wp-block-heading\">Contatto RL360 Hong Kong<\/h4>\n\n\n\n<ul class=\"wp-block-list\">\n<li>Telefono: +852 3929 4333<\/li>\n\n\n\n<li>E-mail:&nbsp;<a href=\"mailto:hongkong@rl360.com\">hongkong@rl360.com<\/a><\/li>\n\n\n\n<li>Indirizzo: Unit\u00e0 803, One Kowloon, 1 Wang Yuen Street, Kowloon Bay, Kowloon, Hong Kong<\/li>\n<\/ul>\n\n\n\n<p><\/p>\n\n\n\n<h4 class=\"wp-block-heading\">RL360 Sudafrica<\/h4>\n\n\n\n<ul class=\"wp-block-list\">\n<li>Telefono: +27 (0) 11452 7310<\/li>\n\n\n\n<li>E-mail:&nbsp;<a href=\"mailto:africa@rl360.com\">africa@rl360.com<\/a><\/li>\n\n\n\n<li>Indirizzo: 1\u00b0 piano, edificio C, Stoneridge Office Park, 8 Greenstone Hill, 1609, Johannesburg, Sudafrica<\/li>\n<\/ul>\n\n\n\n<p><\/p>\n\n\n\n<p><strong>Siete afflitti dall'indecisione finanziaria? <\/strong><\/p>\n\n\n\n<figure class=\"wp-block-image size-large is-resized\"><img decoding=\"async\" width=\"512\" height=\"288\" src=\"https:\/\/adamfayed.com\/wp-content\/uploads\/2025\/03\/Adam-Fayed-Contact_CTA3-512x288.jpg\" alt=\"\" class=\"wp-image-117505\" style=\"width:683px;height:auto\" srcset=\"https:\/\/adamfayed.com\/wp-content\/uploads\/2025\/03\/Adam-Fayed-Contact_CTA3-512x288.jpg 512w, https:\/\/adamfayed.com\/wp-content\/uploads\/2025\/03\/Adam-Fayed-Contact_CTA3-300x169.jpg 300w, https:\/\/adamfayed.com\/wp-content\/uploads\/2025\/03\/Adam-Fayed-Contact_CTA3-768x432.jpg 768w, https:\/\/adamfayed.com\/wp-content\/uploads\/2025\/03\/Adam-Fayed-Contact_CTA3-scaled.jpg 825w\" sizes=\"(max-width: 512px) 100vw, 512px\" \/><\/figure>\n\n\n\n<div style=\"height:10px\" aria-hidden=\"true\" class=\"wp-block-spacer\"><\/div>\n\n\n\n<div class=\"wp-block-buttons is-layout-flex wp-block-buttons-is-layout-flex\">\n<div class=\"wp-block-button\"><a class=\"wp-block-button__link wp-element-button\" href=\"https:\/\/adamfayed.com\/it\/become-adams-client\/\">Diventa mio cliente<\/a><\/div>\n\n\n\n<div class=\"wp-block-button\"><a class=\"wp-block-button__link wp-element-button\" href=\"https:\/\/adamfayed.com\/it\/good-match-quiz\/\" target=\"_blank\" rel=\"noreferrer noopener\">Fare il quiz sull'idoneit\u00e0 del cliente<\/a><\/div>\n\n\n\n<div class=\"wp-block-button\"><a class=\"wp-block-button__link wp-element-button\" href=\"https:\/\/adamfayed.com\/it\/contact\/\" target=\"_blank\" rel=\"noreferrer noopener\">Contatto<\/a><\/div>\n<\/div>\n\n\n\n<p><strong>Adam \u00e8 un autore riconosciuto a livello internazionale in materia finanziaria con oltre 830 milioni di visualizzazioni di risposte su Quora, un libro molto venduto su Amazon e un contributo su Forbes.<\/strong><\/p>","protected":false},"excerpt":{"rendered":"<p>Profilo di RL360: Chi sono gli RL360?<\/p>","protected":false},"author":14,"featured_media":87295,"parent":79525,"menu_order":0,"comment_status":"open","ping_status":"closed","template":"","meta":{"rop_custom_images_group":[],"rop_custom_messages_group":[],"rop_publish_now":"initial","rop_publish_now_accounts":{"facebook_10166176115445471_100883565069113":""},"rop_publish_now_history":[],"rop_publish_now_status":"pending","footnotes":""},"class_list":["post-87254","page","type-page","status-publish","has-post-thumbnail","hentry"],"_links":{"self":[{"href":"https:\/\/adamfayed.com\/it\/wp-json\/wp\/v2\/pages\/87254","targetHints":{"allow":["GET"]}}],"collection":[{"href":"https:\/\/adamfayed.com\/it\/wp-json\/wp\/v2\/pages"}],"about":[{"href":"https:\/\/adamfayed.com\/it\/wp-json\/wp\/v2\/types\/page"}],"author":[{"embeddable":true,"href":"https:\/\/adamfayed.com\/it\/wp-json\/wp\/v2\/users\/14"}],"replies":[{"embeddable":true,"href":"https:\/\/adamfayed.com\/it\/wp-json\/wp\/v2\/comments?post=87254"}],"version-history":[{"count":3,"href":"https:\/\/adamfayed.com\/it\/wp-json\/wp\/v2\/pages\/87254\/revisions"}],"predecessor-version":[{"id":87711,"href":"https:\/\/adamfayed.com\/it\/wp-json\/wp\/v2\/pages\/87254\/revisions\/87711"}],"up":[{"embeddable":true,"href":"https:\/\/adamfayed.com\/it\/wp-json\/wp\/v2\/pages\/79525"}],"wp:featuredmedia":[{"embeddable":true,"href":"https:\/\/adamfayed.com\/it\/wp-json\/wp\/v2\/media\/87295"}],"wp:attachment":[{"href":"https:\/\/adamfayed.com\/it\/wp-json\/wp\/v2\/media?parent=87254"}],"curies":[{"name":"wp","href":"https:\/\/api.w.org\/{rel}","templated":true}]}}