{"id":87848,"date":"2024-05-30T23:33:10","date_gmt":"2024-05-30T23:33:10","guid":{"rendered":"https:\/\/adamfayed.com\/?page_id=87848"},"modified":"2025-12-08T06:34:29","modified_gmt":"2025-12-08T06:34:29","slug":"offshore-trusts-and-inheritance-tax","status":"publish","type":"page","link":"https:\/\/adamfayed.com\/it\/offshore-investment\/offshore-trusts\/offshore-trusts-and-inheritance-tax\/","title":{"rendered":"Trust offshore e imposta di successione"},"content":{"rendered":"<p>In questa pagina si parler\u00e0 di trust offshore e di imposte di successione, nonch\u00e9 di alcune modifiche apportate alle tutele dei trust offshore nel Regno Unito, in particolare per le persone non domiciliate.<\/p>\n\n\n\n<p>Anche con un maggiore controllo normativo, <a href=\"https:\/\/adamfayed.com\/it\/financial-planning\/offshore-investment\/offshore-trusts\/\">trust offshore<\/a> sono ancora utili per motivi legali, tra cui la protezione del patrimonio e la pianificazione della successione.<\/p>\n\n\n\n<p>Poich\u00e9 i trust offshore sono disciplinati dalle leggi fiscali del Regno Unito, che limitano i vantaggi derivanti dall'utilizzo di strutture offshore, spesso non offrono vantaggi sostanziali alle persone residenti e domiciliate nel Regno Unito. Ciononostante, i trust offshore possono ancora offrire vantaggi fiscali a persone non residenti nel Regno Unito.<\/p>\n\n\n\n<p>Se state cercando di investire come espatriati o individui con un alto patrimonio netto, che \u00e8 ci\u00f2 in cui sono specializzato, potete inviarmi un'e-mail (advice@adamfayed.com) o un messaggio WhatsApp (+44-7393-450-837).<\/p>\n\n\n\n<p>Si noti che le discussioni fiscali qui riportate non devono essere interpretate come una consulenza formale, poich\u00e9 i fatti possono cambiare in qualsiasi momento. Le questioni fiscali sono naturalmente complicate, per cui \u00e8 importante assicurarsi una consulenza adeguata.<\/p>\n\n\n\n<div style=\"height:30px\" aria-hidden=\"true\" class=\"wp-block-spacer\"><\/div>\n\n\n\n<h2 class=\"wp-block-heading\"><strong>Significato del trust offshore<\/strong><\/h2>\n\n\n\n<p>Il suo funzionamento \u00e8 simile a quello di un trust onshore, in quanto il disponente trasferisce i beni a un trustee affinch\u00e9 li gestisca a beneficio dei beneficiari o di uno scopo arbitrario. Tuttavia, i trust offshore consentono una maggiore riservatezza e protezione dei beni.<\/p>\n\n\n\n<div style=\"height:30px\" aria-hidden=\"true\" class=\"wp-block-spacer\"><\/div>\n\n\n\n<h2 class=\"wp-block-heading\"><strong>Significato dell'imposta di successione<\/strong><\/h2>\n\n\n\n<p>L'imposta applicata a coloro che ereditano beni da una successione \u00e8 nota come imposta di successione. Il beneficiario dell'eredit\u00e0 di solito paga l'imposta di successione, che viene determinata in base al valore dei beni ereditati.<\/p>\n\n\n\n<div style=\"height:30px\" aria-hidden=\"true\" class=\"wp-block-spacer\"><\/div>\n\n\n\n<h2 class=\"wp-block-heading\"><strong>Trust offshore non dom<\/strong><\/h2>\n\n\n\n<div class=\"wp-block-group is-layout-constrained wp-block-group-is-layout-constrained\">\n<figure class=\"wp-block-image alignright size-medium is-resized\"><img fetchpriority=\"high\" decoding=\"async\" width=\"300\" height=\"300\" src=\"https:\/\/adamfayed.com\/wp-content\/uploads\/2024\/05\/Non-dom-offshore-trust-300x300.webp\" alt=\"Offshore Trusts and Inheritance Tax\" class=\"wp-image-87854\" style=\"width:254px;height:auto\" srcset=\"https:\/\/adamfayed.com\/wp-content\/uploads\/2024\/05\/Non-dom-offshore-trust-300x300.webp 300w, https:\/\/adamfayed.com\/wp-content\/uploads\/2024\/05\/Non-dom-offshore-trust-512x512.webp 512w, https:\/\/adamfayed.com\/wp-content\/uploads\/2024\/05\/Non-dom-offshore-trust-150x150.webp 150w, https:\/\/adamfayed.com\/wp-content\/uploads\/2024\/05\/Non-dom-offshore-trust-768x768.webp 768w, https:\/\/adamfayed.com\/wp-content\/uploads\/2024\/05\/Non-dom-offshore-trust-scaled.webp 825w\" sizes=\"(max-width: 300px) 100vw, 300px\" \/><\/figure>\n<\/div>\n\n\n\n<p>Una volta creato un trust mentre la persona che l'ha creato, il disponente, non ha una residenza nel Regno Unito, qualsiasi bene straniero detenuto all'interno del trust \u00e8 considerato \u201c<a rel=\"\u201dnofollow\u201d noopener\" href=\"https:\/\/etctax.co.uk\/individuals\/offshore-trusts\/\" target=\"_blank\">propriet\u00e0 esclusa<\/a>.\u201d Ci\u00f2 significa che anche se il disponente si trasferisce successivamente nel Regno Unito, l'imposta di successione britannica non si applicher\u00e0 a questi beni.<\/p>\n\n\n\n<p>A tutti gli effetti, i beni rimangono beni esclusi, esenti da obblighi IHT nel Regno Unito, finch\u00e9 sono detenuti all'interno del trust.<\/p>\n\n\n\n<p>Anche in presenza di molte leggi contro l'evasione fiscale, un residente del Regno Unito che non \u00e8 domiciliato nel Regno Unito pu\u00f2 comunque trarre vantaggio dal punto di vista fiscale dal possedere beni in un trust offshore, anche se le esatte ramificazioni fiscali variano a seconda di diverse circostanze.<\/p>\n\n\n\n<p>I beni esteri conferiti in trust quando il disponente non era domiciliato resteranno fuori dalla rete IHT del Regno Unito e le plusvalenze e i redditi provenienti da fonti estere potranno occasionalmente essere trasferiti in esenzione d'imposta.<\/p>\n\n\n\n<p>Le preoccupazioni sono maggiori e l'imposta britannica pu\u00f2 essere dovuta a causa dell'applicazione delle leggi antielusione se il disponente (o i membri della sua famiglia) possono trarre profitto dal trust o se le distribuzioni sono pagate a un beneficiario residente nel Regno Unito.<\/p>\n\n\n\n<p>Le norme sull'imposta di successione che regolano i trust offshore istituiti da persone fisiche con domicilio nel Regno Unito, tuttavia, sono le stesse che regolano i trust discrezionali del Regno Unito. Ci\u00f2 significa che le commissioni di partenza e gli oneri fiscali per un decennio si applicano alle distribuzioni del trust.<\/p>\n\n\n\n<div style=\"height:30px\" aria-hidden=\"true\" class=\"wp-block-spacer\"><\/div>\n\n\n\n<h2 class=\"wp-block-heading\"><strong>Protezione IHT del trust offshore<\/strong><\/h2>\n\n\n\n<div class=\"wp-block-group is-layout-constrained wp-block-group-is-layout-constrained\">\n<figure class=\"wp-block-image alignleft size-medium is-resized\"><img decoding=\"async\" width=\"300\" height=\"300\" src=\"https:\/\/adamfayed.com\/wp-content\/uploads\/2024\/05\/Offshore-trust-IHT-protection-1-300x300.webp\" alt=\"Offshore trust IHT protection\" class=\"wp-image-87855\" style=\"width:252px;height:auto\" srcset=\"https:\/\/adamfayed.com\/wp-content\/uploads\/2024\/05\/Offshore-trust-IHT-protection-1-300x300.webp 300w, https:\/\/adamfayed.com\/wp-content\/uploads\/2024\/05\/Offshore-trust-IHT-protection-1-512x512.webp 512w, https:\/\/adamfayed.com\/wp-content\/uploads\/2024\/05\/Offshore-trust-IHT-protection-1-150x150.webp 150w, https:\/\/adamfayed.com\/wp-content\/uploads\/2024\/05\/Offshore-trust-IHT-protection-1-768x768.webp 768w, https:\/\/adamfayed.com\/wp-content\/uploads\/2024\/05\/Offshore-trust-IHT-protection-1-scaled.webp 825w\" sizes=\"(max-width: 300px) 100vw, 300px\" \/><\/figure>\n<\/div>\n\n\n\n<p>L'imposta di successione non \u00e8 in genere <a rel=\"\u201dnofollow\u201d noopener\" href=\"https:\/\/www.michelmores.com\/trusts-succession-insight\/is-now-a-good-time-for-a-non-dom-to-establish-an-offshore-trust\/\" target=\"_blank\">applicato<\/a> alle attivit\u00e0 finanziate da una persona fisica non residente e provenienti da fuori del Regno Unito che sono collocate in un trust discrezionale. <\/p>\n\n\n\n<p>Al momento del trapasso, questi beni vengono considerati separatamente dal patrimonio personale del creatore per motivi fiscali, evitando cos\u00ec una <a href=\"https:\/\/www.gov.uk\/inheritance-tax\" target=\"_blank\" rel=\"noopener\">40% IHT<\/a> anche se il creatore del trust pu\u00f2 continuare a beneficiarne.<\/p>\n\n\n\n<p>Per i trust istituiti da persone fisiche non domiciliate nel Regno Unito prima del 6 aprile 2025, questa protezione \u00e8 ancora in vigore.<\/p>\n\n\n\n<p>\u00c8 fondamentale ricordare che le propriet\u00e0 residenziali del Regno Unito detenute attraverso societ\u00e0 offshore o all'interno di un trust offshore sono soggette all'imposta di successione. Questo vale anche per le garanzie e i prestiti utilizzati per acquistare immobili residenziali nel Regno Unito.<\/p>\n\n\n\n<div style=\"height:15px\" aria-hidden=\"true\" class=\"wp-block-spacer\"><\/div>\n\n\n\n<h3 class=\"wp-block-heading\">Trust offshore e modifiche all'imposta di successione<\/h3>\n\n\n\n<p>Le misure per contrastare i presunti abusi dei trust offshore sono state presentate nel bilancio di primavera 2024. <\/p>\n\n\n\n<p>Le modifiche apportate ai trust offshore comprendono norme pi\u00f9 severe in materia di residenza fiscale e obblighi di comunicazione pi\u00f9 stringenti. Il bilancio suggerisce inoltre di assoggettare al regime fiscale del Paese un certo numero di residenti a lungo termine non domiciliati nel Regno Unito.<\/p>\n\n\n\n<p>Le protezioni per i redditi e gli utili esteri di nuova acquisizione dei trust offshore termineranno il 6 aprile 2025. Ci\u00f2 implica che, a meno che non siano nei primi quattro anni di residenza nel Regno Unito, i disponenti non domiciliati residenti nel Regno Unito saranno soggetti all'imposta sul reddito e sulle plusvalenze sul reddito e sulle plusvalenze estere percepite dal trust.<\/p>\n\n\n\n<p>Una bozza di legge e di consultazione politica sar\u00e0 pubblicata nel 2024 come parte dell'annuncio del governo britannico di passare a un sistema di imposta di successione basato sulla residenza. Il futuro trattamento IHT dei trust non \u00e8 chiaro e se il disponente vive nel Regno Unito per pi\u00f9 di un decennio, \u00e8 probabile che i beni del trust non britannico siano soggetti all'imposta di successione.<\/p>\n\n\n\n<p>I tentativi del governo di migliorare l'apertura e scoraggiare l'evasione fiscale utilizzando strutture offshore si riflettono in queste modifiche ai trust offshore e all'imposta di successione.<\/p>\n\n\n\n<p><strong>Siete afflitti dall'indecisione finanziaria? <\/strong><\/p>\n\n\n\n<figure class=\"wp-block-image size-large is-resized\"><img decoding=\"async\" width=\"512\" height=\"288\" src=\"https:\/\/adamfayed.com\/wp-content\/uploads\/2025\/03\/Adam-Fayed-Contact_CTA3-512x288.jpg\" alt=\"\" class=\"wp-image-117505\" style=\"width:683px;height:auto\" srcset=\"https:\/\/adamfayed.com\/wp-content\/uploads\/2025\/03\/Adam-Fayed-Contact_CTA3-512x288.jpg 512w, https:\/\/adamfayed.com\/wp-content\/uploads\/2025\/03\/Adam-Fayed-Contact_CTA3-300x169.jpg 300w, https:\/\/adamfayed.com\/wp-content\/uploads\/2025\/03\/Adam-Fayed-Contact_CTA3-768x432.jpg 768w, https:\/\/adamfayed.com\/wp-content\/uploads\/2025\/03\/Adam-Fayed-Contact_CTA3-scaled.jpg 825w\" sizes=\"(max-width: 512px) 100vw, 512px\" \/><\/figure>\n\n\n\n<div style=\"height:10px\" aria-hidden=\"true\" class=\"wp-block-spacer\"><\/div>\n\n\n\n<div class=\"wp-block-buttons is-layout-flex wp-block-buttons-is-layout-flex\">\n<div class=\"wp-block-button\"><a class=\"wp-block-button__link wp-element-button\" href=\"https:\/\/adamfayed.com\/it\/become-adams-client\/\">Diventa mio cliente<\/a><\/div>\n\n\n\n<div class=\"wp-block-button\"><a class=\"wp-block-button__link wp-element-button\" href=\"https:\/\/adamfayed.com\/it\/good-match-quiz\/\" target=\"_blank\" rel=\"noreferrer noopener\">Fare il quiz sull'idoneit\u00e0 del cliente<\/a><\/div>\n\n\n\n<div class=\"wp-block-button\"><a class=\"wp-block-button__link wp-element-button\" href=\"https:\/\/adamfayed.com\/it\/contact\/\" target=\"_blank\" rel=\"noreferrer noopener\">Contatto<\/a><\/div>\n<\/div>\n\n\n\n<p><strong>Adam \u00e8 un autore riconosciuto a livello internazionale in materia finanziaria con oltre 830 milioni di visualizzazioni di risposte su Quora, un libro molto venduto su Amazon e un contributo su Forbes.<\/strong><\/p>\n\n\n\n\n\n<p><\/p>","protected":false},"excerpt":{"rendered":"<p>Trust offshore e imposta di successione<\/p>","protected":false},"author":14,"featured_media":87853,"parent":87830,"menu_order":0,"comment_status":"open","ping_status":"closed","template":"","meta":{"rop_custom_images_group":[],"rop_custom_messages_group":[],"rop_publish_now":"initial","rop_publish_now_accounts":{"facebook_10166176115445471_100883565069113":""},"rop_publish_now_history":[],"rop_publish_now_status":"pending","footnotes":""},"class_list":["post-87848","page","type-page","status-publish","has-post-thumbnail","hentry"],"_links":{"self":[{"href":"https:\/\/adamfayed.com\/it\/wp-json\/wp\/v2\/pages\/87848","targetHints":{"allow":["GET"]}}],"collection":[{"href":"https:\/\/adamfayed.com\/it\/wp-json\/wp\/v2\/pages"}],"about":[{"href":"https:\/\/adamfayed.com\/it\/wp-json\/wp\/v2\/types\/page"}],"author":[{"embeddable":true,"href":"https:\/\/adamfayed.com\/it\/wp-json\/wp\/v2\/users\/14"}],"replies":[{"embeddable":true,"href":"https:\/\/adamfayed.com\/it\/wp-json\/wp\/v2\/comments?post=87848"}],"version-history":[{"count":2,"href":"https:\/\/adamfayed.com\/it\/wp-json\/wp\/v2\/pages\/87848\/revisions"}],"predecessor-version":[{"id":242291,"href":"https:\/\/adamfayed.com\/it\/wp-json\/wp\/v2\/pages\/87848\/revisions\/242291"}],"up":[{"embeddable":true,"href":"https:\/\/adamfayed.com\/it\/wp-json\/wp\/v2\/pages\/87830"}],"wp:featuredmedia":[{"embeddable":true,"href":"https:\/\/adamfayed.com\/it\/wp-json\/wp\/v2\/media\/87853"}],"wp:attachment":[{"href":"https:\/\/adamfayed.com\/it\/wp-json\/wp\/v2\/media?parent=87848"}],"curies":[{"name":"wp","href":"https:\/\/api.w.org\/{rel}","templated":true}]}}