{"id":87860,"date":"2024-05-31T02:40:57","date_gmt":"2024-05-31T02:40:57","guid":{"rendered":"https:\/\/adamfayed.com\/?page_id=87860"},"modified":"2025-02-27T13:43:26","modified_gmt":"2025-02-27T13:43:26","slug":"offshore-asset-protection-trust","status":"publish","type":"page","link":"https:\/\/adamfayed.com\/it\/offshore-investment\/offshore-trusts\/offshore-asset-protection-trust\/","title":{"rendered":"Trust di protezione patrimoniale offshore: come funziona"},"content":{"rendered":"<p>In questa pagina si parler\u00e0 di trust offshore per la protezione dei beni, compresi i migliori Paesi con giurisdizione offshore:<\/p>\n\n\n\n<ul class=\"wp-block-list\">\n<li>Che cos'\u00e8 un trust offshore per la protezione dei beni?<\/li>\n\n\n\n<li>Come funziona un trust di protezione dei beni?<\/li>\n\n\n\n<li>Trust nazionale e trust estero<\/li>\n\n\n\n<li>La migliore giurisdizione per i trust offshore per la protezione dei beni<\/li>\n\n\n\n<li>Pro e contro del trust di protezione patrimoniale offshore<\/li>\n<\/ul>\n\n\n\n<div style=\"height:27px\" aria-hidden=\"true\" class=\"wp-block-spacer\"><\/div>\n\n\n\n<p>Lo scopo di un trust offshore per la protezione dei beni \u00e8 quello di proteggere i beni trasferendoli in una nazione in cui le norme in materia sono pi\u00f9 favorevoli.<\/p>\n\n\n\n<p>Se state cercando di investire come espatriati o individui con un alto patrimonio netto, che \u00e8 ci\u00f2 in cui sono specializzato, potete inviarmi un'e-mail (advice@adamfayed.com) o un messaggio WhatsApp (+44-7393-450-837).<\/p>\n\n\n\n<p>Per chi ha un patrimonio consistente o per chi rischia un'azione legale, questi trust sono molto utili.<\/p>\n\n\n\n<div style=\"height:27px\" aria-hidden=\"true\" class=\"wp-block-spacer\"><\/div>\n\n\n\n<h2 class=\"wp-block-heading\"><strong>Che cos'\u00e8 un trust offshore per la protezione dei beni?<\/strong><\/h2>\n\n\n\n<p>Un trust offshore incentrato sulla protezione degli asset \u00e8 un sottoinsieme del pi\u00f9 ampio <a href=\"https:\/\/adamfayed.com\/it\/financial-planning\/offshore-investment\/offshore-trusts\/\">trust offshore<\/a> concetto. Entrambi sono creati in giurisdizioni straniere, ma si differenziano principalmente per l'area di concentrazione. Il primo \u00e8 ovviamente incentrato esclusivamente sulla protezione dei beni; il secondo \u00e8 una struttura generale che comprende diversi tipi di trust all'estero.<\/p>\n\n\n\n<div style=\"height:16px\" aria-hidden=\"true\" class=\"wp-block-spacer\"><\/div>\n\n\n\n<h3 class=\"wp-block-heading\">Come funziona un trust di protezione dei beni?<\/h3>\n\n\n\n<figure class=\"wp-block-image alignleft size-medium\"><img fetchpriority=\"high\" decoding=\"async\" width=\"300\" height=\"300\" src=\"https:\/\/adamfayed.com\/wp-content\/uploads\/2024\/05\/What-is-an-offshore-asset-protection-trust-300x300.webp\" alt=\"What is an offshore asset protection trust?\" class=\"wp-image-87861\" srcset=\"https:\/\/adamfayed.com\/wp-content\/uploads\/2024\/05\/What-is-an-offshore-asset-protection-trust-300x300.webp 300w, https:\/\/adamfayed.com\/wp-content\/uploads\/2024\/05\/What-is-an-offshore-asset-protection-trust-512x512.webp 512w, https:\/\/adamfayed.com\/wp-content\/uploads\/2024\/05\/What-is-an-offshore-asset-protection-trust-150x150.webp 150w, https:\/\/adamfayed.com\/wp-content\/uploads\/2024\/05\/What-is-an-offshore-asset-protection-trust-768x768.webp 768w, https:\/\/adamfayed.com\/wp-content\/uploads\/2024\/05\/What-is-an-offshore-asset-protection-trust-scaled.webp 825w\" sizes=\"(max-width: 300px) 100vw, 300px\" \/><\/figure>\n\n\n\n<p><a href=\"https:\/\/www.michelmores.com\/trusts-succession-insight\/is-now-a-good-time-for-a-non-dom-to-establish-an-offshore-trust\/\" data-type=\"link\" data-id=\"https:\/\/www.michelmores.com\/trusts-succession-insight\/is-now-a-good-time-for-a-non-dom-to-establish-an-offshore-trust\/\" target=\"_blank\" rel=\"noopener\">Il miglior livello di protezione del patrimonio<\/a> \u00e8 fornita dai trust offshore, che trasferiscono i beni in nazioni pi\u00f9 accomodanti nei confronti degli imputati e fuori dalla portata dei tribunali americani.<\/p>\n\n\n\n<p>Un trust offshore pu\u00f2 salvaguardare una variet\u00e0 di beni, tra cui le criptovalute e i beni digitali pi\u00f9 diffusi, se progettato correttamente.<\/p>\n\n\n\n<p>\u00c8 essenziale assicurarsi che la direzione del trust non abbia legami o presenza commerciale negli Stati Uniti, il che richiede il trasferimento delle attivit\u00e0 del trust in altre giurisdizioni offshore.<\/p>\n\n\n\n<p>La protezione del patrimonio, oltre ai vantaggi fiscali, \u00e8 una delle principali motivazioni che spingono molte persone a creare strutture per s\u00e9 o per i propri cari. Una situazione tipica \u00e8 quella dei genitori che creano un trust per i figli adulti. Vogliono lasciare il denaro alla generazione successiva, ma vogliono anche mantenerne l'accesso e proteggerlo da possibili rischi come la dissipazione dovuta a un divorzio.<br><br>Per la protezione del patrimonio, un trust offshore che tenga fuori i coniugi o i partner civili dei figli \u00e8 una scelta auspicabile. Per aumentare ulteriormente la protezione del patrimonio, le condizioni del trust possono imporre ai beneficiari di firmare accordi pre o post matrimoniali. Questa strategia pu\u00f2 avere successo, ma richiede un'attenta pianificazione e preparazione.<\/p>\n\n\n\n<p>Nessun credito \u00e8 completamente protetto dai trust offshore da <a href=\"https:\/\/www.irs.gov\/\" target=\"_blank\" rel=\"noopener\">AGENZIA DELLE ENTRATE<\/a> sanzioni fiscali, azioni governative o obblighi di assistenza familiare. Il costo iniziale per la costituzione di un trust offshore \u00e8 di almeno $10.000 e ci sono spese annuali continue associate alla creazione e al mantenimento di un trust.<\/p>\n\n\n\n<p>Inoltre, per evitare sanzioni, \u00e8 necessario adempiere ad alcuni obblighi di rendicontazione, come la compilazione dei moduli <a href=\"https:\/\/www.irs.gov\/forms-pubs\/about-form-3520\" target=\"_blank\" rel=\"noopener\">3520<\/a> e <a href=\"https:\/\/www.irs.gov\/forms-pubs\/about-form-3520-a\" target=\"_blank\" rel=\"noopener\">3520-A<\/a> correttamente.<\/p>\n\n\n\n<div style=\"height:16px\" aria-hidden=\"true\" class=\"wp-block-spacer\"><\/div>\n\n\n\n<h3 class=\"wp-block-heading\">Trust nazionale e trust estero<\/h3>\n\n\n\n<p>Poich\u00e9 i trust offshore dispongono di meccanismi di protezione, i creditori hanno in genere maggiori difficolt\u00e0 ad accedervi rispetto ai trust nazionali.<\/p>\n\n\n\n<p>Nelle giurisdizioni offshore, i creditori possono avere difficolt\u00e0 a opporsi ai trasferimenti al trust a causa dei termini di prescrizione e di altri ostacoli legali.<\/p>\n\n\n\n<p>Inoltre, i trust offshore garantiscono una maggiore segretezza e riservatezza sui beneficiari e sul patrimonio del trust.<\/p>\n\n\n\n<div style=\"height:27px\" aria-hidden=\"true\" class=\"wp-block-spacer\"><\/div>\n\n\n\n<h2 class=\"wp-block-heading\"><strong>La migliore giurisdizione per i trust offshore per la protezione dei beni<\/strong><\/h2>\n\n\n\n<figure class=\"wp-block-image alignright size-medium\"><img decoding=\"async\" width=\"300\" height=\"300\" src=\"https:\/\/adamfayed.com\/wp-content\/uploads\/2024\/05\/Best-offshore-trust-jurisdiction-for-asset-protection-300x300.webp\" alt=\"Best offshore trust jurisdiction for asset protection\" class=\"wp-image-87862\" srcset=\"https:\/\/adamfayed.com\/wp-content\/uploads\/2024\/05\/Best-offshore-trust-jurisdiction-for-asset-protection-300x300.webp 300w, https:\/\/adamfayed.com\/wp-content\/uploads\/2024\/05\/Best-offshore-trust-jurisdiction-for-asset-protection-512x512.webp 512w, https:\/\/adamfayed.com\/wp-content\/uploads\/2024\/05\/Best-offshore-trust-jurisdiction-for-asset-protection-150x150.webp 150w, https:\/\/adamfayed.com\/wp-content\/uploads\/2024\/05\/Best-offshore-trust-jurisdiction-for-asset-protection-768x768.webp 768w, https:\/\/adamfayed.com\/wp-content\/uploads\/2024\/05\/Best-offshore-trust-jurisdiction-for-asset-protection-scaled.webp 825w\" sizes=\"(max-width: 300px) 100vw, 300px\" \/><\/figure>\n\n\n\n<ul class=\"wp-block-list\">\n<li><strong>Belize<\/strong>: Noti per la rapidit\u00e0 di costituzione del trust e per le solide norme sulla privacy, i trust del Belize offrono una solida difesa contro i creditori e obblighi di rendicontazione meno complicati.<\/li>\n<\/ul>\n\n\n\n<ul class=\"wp-block-list\">\n<li><strong>Isole Cayman<\/strong>: Offre segretezza combinata con un sistema legale sofisticato, un territorio con rigorose protezioni della privacy e nessuna imposta diretta.<\/li>\n<\/ul>\n\n\n\n<ul class=\"wp-block-list\">\n<li><strong>Isole Cook<\/strong>: Fornisce una forte difesa legale contro le richieste dei creditori rifiutando di riconoscere le decisioni dei tribunali stranieri. I tribunali locali devono esaminare i casi riguardanti i trust delle Isole Cook.<\/li>\n<\/ul>\n\n\n\n<ul class=\"wp-block-list\">\n<li><strong>Maglia:<\/strong> Con una reputazione di severit\u00e0 normativa, collaborazione globale nel monitoraggio finanziario e un ampio quadro normativo per i trust, Jersey offre un sistema legale altamente sviluppato.<\/li>\n<\/ul>\n\n\n\n<ul class=\"wp-block-list\">\n<li><strong>Nevis<\/strong>: Si distingue per l'offerta di flessibilit\u00e0 e sicurezza attraverso l'uso di Societ\u00e0 a Responsabilit\u00e0 Limitata in combinazione con i trust.<\/li>\n<\/ul>\n\n\n\n<ul class=\"wp-block-list\">\n<li><strong>Le Bahamas<\/strong>: Fornisce una giurisdizione amichevole per <a href=\"https:\/\/adamfayed.com\/it\/financial-planning\/offshore-investment\/\">investimenti offshore<\/a> e ha un sistema giuridico flessibile che promuove la sicurezza e la riservatezza dei beni.<\/li>\n<\/ul>\n\n\n\n<div style=\"height:27px\" aria-hidden=\"true\" class=\"wp-block-spacer\"><\/div>\n\n\n\n<h2 class=\"wp-block-heading\"><strong>Pro e contro del trust di protezione patrimoniale offshore<\/strong><\/h2>\n\n\n\n<p><\/p>\n\n\n\n<h3 class=\"wp-block-heading\">I vantaggi del trust offshore per la protezione dei beni<\/h3>\n\n\n\n<ul class=\"wp-block-list\">\n<li><strong>Protezione migliorata:<\/strong> I beni vengono collocati all'estero, dove le norme di protezione del patrimonio sono pi\u00f9 favorevoli, rendendo pi\u00f9 difficile l'accesso ai creditori e ai tribunali statunitensi.<\/li>\n\n\n\n<li><strong>Requisiti di prova maggiori<\/strong>: Rispetto agli Stati Uniti, dimostrare le transazioni fraudolente in molte localit\u00e0 offshore \u00e8 pi\u00f9 difficile e richiede prove pi\u00f9 solide.<\/li>\n\n\n\n<li><strong>Periodi di rimborso pi\u00f9 brevi<\/strong>: Le sedi offshore consentono spesso di presentare richieste di risarcimento in meno di 2 anni.<\/li>\n\n\n\n<li><strong>Deterrenti per le cause banali<\/strong>: Per scoraggiare le cause infondate, le giurisdizioni offshore spesso vietano gli onorari per le spese contingenti e richiedono garanzie sostanziali prima di autorizzare il contenzioso.<\/li>\n\n\n\n<li><strong>Maggiore privacy:<\/strong> Rispetto ai trust onshore, i trust offshore garantiscono una maggiore privacy, rendendo pi\u00f9 difficile ottenere informazioni sulla propriet\u00e0 e sui beni.<\/li>\n<\/ul>\n\n\n\n<div style=\"height:16px\" aria-hidden=\"true\" class=\"wp-block-spacer\"><\/div>\n\n\n\n<h3 class=\"wp-block-heading\">Rischi del trust di protezione patrimoniale offshore<\/h3>\n\n\n\n<ul class=\"wp-block-list\">\n<li><strong>Complessit\u00e0 e costi<\/strong>: I trust offshore richiedono conoscenze specialistiche e sono giuridicamente pi\u00f9 complessi da istituire e gestire.<\/li>\n\n\n\n<li><strong>Preoccupazioni degli amministratori<\/strong>: Sebbene questo rischio si applichi anche ai fiduciari nazionali, esiste la possibilit\u00e0 che i fiduciari stranieri gestiscano male il trust o spariscano con il denaro.<\/li>\n\n\n\n<li><strong>Potenziali problemi etici:<\/strong> Anche se utilizzati in modo legale, i trust offshore possono creare problemi morali e di reputazione a causa del loro legame con l'evasione e la segretezza fiscale.<\/li>\n\n\n\n<li><strong>Le leggi che cambiano<\/strong>: Esiste la possibilit\u00e0 che la giurisdizione straniera modifichi il proprio quadro giuridico, il che potrebbe avere un impatto sull'efficacia del trust.<\/li>\n<\/ul>\n\n\n\n<div style=\"height:27px\" aria-hidden=\"true\" class=\"wp-block-spacer\"><\/div>\n\n\n\n<p><strong>Siete afflitti dall'indecisione finanziaria? <\/strong><\/p>\n\n\n\n<figure class=\"wp-block-image size-large is-resized\"><img decoding=\"async\" width=\"512\" height=\"288\" src=\"https:\/\/adamfayed.com\/wp-content\/uploads\/2025\/03\/Adam-Fayed-Contact_CTA3-512x288.jpg\" alt=\"\" class=\"wp-image-117505\" style=\"width:683px;height:auto\" srcset=\"https:\/\/adamfayed.com\/wp-content\/uploads\/2025\/03\/Adam-Fayed-Contact_CTA3-512x288.jpg 512w, https:\/\/adamfayed.com\/wp-content\/uploads\/2025\/03\/Adam-Fayed-Contact_CTA3-300x169.jpg 300w, https:\/\/adamfayed.com\/wp-content\/uploads\/2025\/03\/Adam-Fayed-Contact_CTA3-768x432.jpg 768w, https:\/\/adamfayed.com\/wp-content\/uploads\/2025\/03\/Adam-Fayed-Contact_CTA3-scaled.jpg 825w\" sizes=\"(max-width: 512px) 100vw, 512px\" \/><\/figure>\n\n\n\n<div style=\"height:10px\" aria-hidden=\"true\" class=\"wp-block-spacer\"><\/div>\n\n\n\n<div class=\"wp-block-buttons is-layout-flex wp-block-buttons-is-layout-flex\">\n<div class=\"wp-block-button\"><a class=\"wp-block-button__link wp-element-button\" href=\"https:\/\/adamfayed.com\/it\/become-adams-client\/\">Diventa mio cliente<\/a><\/div>\n\n\n\n<div class=\"wp-block-button\"><a class=\"wp-block-button__link wp-element-button\" href=\"https:\/\/adamfayed.com\/it\/good-match-quiz\/\" target=\"_blank\" rel=\"noreferrer noopener\">Fare il quiz sull'idoneit\u00e0 del cliente<\/a><\/div>\n\n\n\n<div class=\"wp-block-button\"><a class=\"wp-block-button__link wp-element-button\" href=\"https:\/\/adamfayed.com\/it\/contact\/\" target=\"_blank\" rel=\"noreferrer noopener\">Contatto<\/a><\/div>\n<\/div>\n\n\n\n<p><strong>Adam \u00e8 un autore riconosciuto a livello internazionale in materia finanziaria con oltre 830 milioni di visualizzazioni di risposte su Quora, un libro molto venduto su Amazon e un contributo su Forbes.<\/strong><\/p>","protected":false},"excerpt":{"rendered":"<p>Trust di protezione patrimoniale offshore: come funziona<\/p>","protected":false},"author":14,"featured_media":87863,"parent":87830,"menu_order":0,"comment_status":"open","ping_status":"closed","template":"","meta":{"rop_custom_images_group":[],"rop_custom_messages_group":[],"rop_publish_now":"initial","rop_publish_now_accounts":{"facebook_10166176115445471_100883565069113":""},"rop_publish_now_history":[],"rop_publish_now_status":"pending","footnotes":""},"class_list":["post-87860","page","type-page","status-publish","has-post-thumbnail","hentry"],"_links":{"self":[{"href":"https:\/\/adamfayed.com\/it\/wp-json\/wp\/v2\/pages\/87860","targetHints":{"allow":["GET"]}}],"collection":[{"href":"https:\/\/adamfayed.com\/it\/wp-json\/wp\/v2\/pages"}],"about":[{"href":"https:\/\/adamfayed.com\/it\/wp-json\/wp\/v2\/types\/page"}],"author":[{"embeddable":true,"href":"https:\/\/adamfayed.com\/it\/wp-json\/wp\/v2\/users\/14"}],"replies":[{"embeddable":true,"href":"https:\/\/adamfayed.com\/it\/wp-json\/wp\/v2\/comments?post=87860"}],"version-history":[{"count":3,"href":"https:\/\/adamfayed.com\/it\/wp-json\/wp\/v2\/pages\/87860\/revisions"}],"predecessor-version":[{"id":102131,"href":"https:\/\/adamfayed.com\/it\/wp-json\/wp\/v2\/pages\/87860\/revisions\/102131"}],"up":[{"embeddable":true,"href":"https:\/\/adamfayed.com\/it\/wp-json\/wp\/v2\/pages\/87830"}],"wp:featuredmedia":[{"embeddable":true,"href":"https:\/\/adamfayed.com\/it\/wp-json\/wp\/v2\/media\/87863"}],"wp:attachment":[{"href":"https:\/\/adamfayed.com\/it\/wp-json\/wp\/v2\/media?parent=87860"}],"curies":[{"name":"wp","href":"https:\/\/api.w.org\/{rel}","templated":true}]}}