{"id":87983,"date":"2024-06-01T04:21:58","date_gmt":"2024-06-01T04:21:58","guid":{"rendered":"https:\/\/adamfayed.com\/?page_id=87983"},"modified":"2024-06-01T04:24:06","modified_gmt":"2024-06-01T04:24:06","slug":"how-to-set-up-offshore-accounts","status":"publish","type":"page","link":"https:\/\/adamfayed.com\/it\/offshore-investment\/offshore-account\/how-to-set-up-offshore-accounts\/","title":{"rendered":"Come creare conti offshore"},"content":{"rendered":"<p>In questa pagina si parler\u00e0 di <a href=\"https:\/\/adamfayed.com\/it\/financial-planning\/offshore-investment\/offshore-account\/how-to-set-up-offshore-accounts\/\">come creare conti offshore<\/a>, in particolare:<\/p>\n\n\n\n<ul class=\"wp-block-list\">\n<li><a href=\"https:\/\/adamfayed.com\/it\/financial-planning\/offshore-investment\/offshore-account\/\">Conto offshore<\/a> requisiti<\/li>\n\n\n\n<li>Applicazione del conto offshore<\/li>\n\n\n\n<li>Conformit\u00e0 dei conti offshore<\/li>\n<\/ul>\n\n\n\n<p><\/p>\n\n\n\n<p>Rispetto ai conti nazionali, i conti offshore offrono spesso tassi di interesse pi\u00f9 elevati sui depositi, il che potrebbe aumentare i rendimenti.<\/p>\n\n\n\n<p>Se state cercando di investire come espatriati o individui con un alto patrimonio netto, che \u00e8 ci\u00f2 in cui sono specializzato, potete inviarmi un'e-mail (advice@adamfayed.com) o un messaggio WhatsApp (+44-7393-450-837).<\/p>\n\n\n\n<p>La comprensione del processo e dei documenti necessari consente di proteggere i beni e di creare nuove opportunit\u00e0 di investimento all'estero. Assicuratevi di ottenere la documentazione adeguata <a href=\"https:\/\/adamfayed.com\/it\/financial-planning\/expat-financial-advisor\/financial-advice\/\">consulenza finanziaria<\/a> e procedere con cautela.<\/p>\n\n\n\n<h2 class=\"wp-block-heading\">Come creare conti offshore<\/h2>\n\n\n\n<figure class=\"wp-block-image alignleft size-medium\"><img fetchpriority=\"high\" decoding=\"async\" width=\"300\" height=\"300\" src=\"https:\/\/adamfayed.com\/wp-content\/uploads\/2024\/06\/setting-up-offshore-account-300x300.webp\" alt=\"How to set up offshore accounts\" class=\"wp-image-87985\" srcset=\"https:\/\/adamfayed.com\/wp-content\/uploads\/2024\/06\/setting-up-offshore-account-300x300.webp 300w, https:\/\/adamfayed.com\/wp-content\/uploads\/2024\/06\/setting-up-offshore-account-512x512.webp 512w, https:\/\/adamfayed.com\/wp-content\/uploads\/2024\/06\/setting-up-offshore-account-150x150.webp 150w, https:\/\/adamfayed.com\/wp-content\/uploads\/2024\/06\/setting-up-offshore-account-768x768.webp 768w, https:\/\/adamfayed.com\/wp-content\/uploads\/2024\/06\/setting-up-offshore-account-scaled.webp 825w\" sizes=\"(max-width: 300px) 100vw, 300px\" \/><\/figure>\n\n\n\n<h3 class=\"wp-block-heading\">Requisiti del conto offshore<\/h3>\n\n\n\n<p>In genere le banche richiedono una serie di documenti standard per confermare la vostra identificazione e aderire agli standard internazionali quando aprono un conto bancario offshore.<\/p>\n\n\n\n<p>Il primo requisito da soddisfare \u00e8 un documento d'identit\u00e0 con foto, come il passaporto. La vostra identificazione pu\u00f2 essere verificata in primo luogo con questo documento.<\/p>\n\n\n\n<p>Oltre agli altri requisiti, \u00e8 possibile utilizzare come prova di residenza una bolletta, un estratto conto bancario o un altro documento ufficiale della pubblica amministrazione che indichi chiaramente il vostro indirizzo. La banca pu\u00f2 verificare il vostro stato di residenza con l'aiuto di questo documento.<\/p>\n\n\n\n<p>Al fine di comprendere meglio la vostra storia finanziaria e la fonte dei vostri fondi, le banche richiedono spesso referenze o dichiarazioni finanziarie al momento dell'apertura di un conto offshore. Mantenere l'aderenza a <a rel=\"nofollow noopener\" href=\"https:\/\/sanctionscanner.com\/knowledge-base\/anti-money-laundering-aml-49\" target=\"_blank\">antiriciclaggio<\/a> Le normative richiedono questo passo cruciale.<\/p>\n\n\n\n<p>Per una maggiore autenticazione, alcune banche potrebbero richiedere anche una copia autenticata dei vostri documenti d'identit\u00e0. Qualsiasi altro requisito deve essere verificato con la banca in questione, in quanto pu\u00f2 variare notevolmente da uno stabilimento all'altro e da un ordinamento giuridico all'altro.<\/p>\n\n\n\n<h3 class=\"wp-block-heading\">Applicazione del conto offshore<\/h3>\n\n\n\n<p>Le banche hanno semplificato i processi di creazione dei conti offshore per migliorare la soddisfazione dei clienti. <\/p>\n\n\n\n<p>Per prima cosa, dovrete compilare una domanda, che includa dettagli finanziari e personali approfonditi. Questo \u00e8 un passo fondamentale per iniziare una relazione con la banca.<\/p>\n\n\n\n<p>Dopo aver ricevuto la domanda e i documenti richiesti, la banca effettuer\u00e0 un'indagine completa <a class=\"wpil_keyword_link\" href=\"https:\/\/adamfayed.com\/it\/category\/review-articles\/\" title=\"recensione\" data-wpil-keyword-link=\"linked\" data-wpil-monitor-id=\"1115\">recensione<\/a> procedura. Durante questo periodo, il personale esaminer\u00e0 la vostra storia finanziaria, autenticher\u00e0 la vostra identit\u00e0 e valuter\u00e0 i vostri documenti.<\/p>\n\n\n\n<p>Per verificare che i conti offshore siano conformi agli standard bancari internazionali e per scoraggiare i crimini finanziari, le istituzioni eseguono abitualmente questa due diligence.<\/p>\n\n\n\n<p>Le fasi successive, che di solito comportano la firma di un contratto e il deposito dell'importo minimo richiesto, vi saranno comunicate dalla banca dopo l'approvazione della vostra domanda.<\/p>\n\n\n\n<p>A seconda della complessit\u00e0 della vostra situazione finanziaria e delle politiche della banca, l'intero processo, dalla richiesta all'attivazione del conto, pu\u00f2 richiedere tempi diversi.<\/p>\n\n\n\n<h3 class=\"wp-block-heading\">Conformit\u00e0 dei conti offshore<\/h3>\n\n\n\n<figure class=\"wp-block-image alignright size-medium\"><img decoding=\"async\" width=\"300\" height=\"300\" src=\"https:\/\/adamfayed.com\/wp-content\/uploads\/2024\/06\/Offshore-accounts-compliance-300x300.webp\" alt=\"Offshore accounts compliance\" class=\"wp-image-87987\" srcset=\"https:\/\/adamfayed.com\/wp-content\/uploads\/2024\/06\/Offshore-accounts-compliance-300x300.webp 300w, https:\/\/adamfayed.com\/wp-content\/uploads\/2024\/06\/Offshore-accounts-compliance-512x512.webp 512w, https:\/\/adamfayed.com\/wp-content\/uploads\/2024\/06\/Offshore-accounts-compliance-150x150.webp 150w, https:\/\/adamfayed.com\/wp-content\/uploads\/2024\/06\/Offshore-accounts-compliance-768x768.webp 768w, https:\/\/adamfayed.com\/wp-content\/uploads\/2024\/06\/Offshore-accounts-compliance-scaled.webp 825w\" sizes=\"(max-width: 300px) 100vw, 300px\" \/><\/figure>\n\n\n\n<p>Per proteggere il sistema finanziario dagli abusi, le banche basano le loro politiche sui conti offshore sulla conformit\u00e0 e sulla due diligence.<\/p>\n\n\n\n<p>Il termine \"due diligence\" descrive i passi che la banca compie per confermare la vostra identificazione, comprendere i vostri rapporti finanziari e valutare il rischio potenziale che rappresentate per loro come clienti. Questa procedura comporta un'indagine sulla vostra storia finanziaria, sulla fonte dei fondi e sull'uso previsto del conto.<\/p>\n\n\n\n<p>D'altra parte, la compliance implica il rispetto delle leggi, delle regole e delle linee guida bancarie internazionali. AML e <a href=\"https:\/\/www.thalesgroup.com\/en\/markets\/digital-identity-and-security\/banking-payment\/issuance\/id-verification\/know-your-customer\" target=\"_blank\" rel=\"noopener\">Conoscere il cliente&nbsp;<\/a>Le leggi sono solo due delle numerose regole che le banche che offrono conti offshore devono rispettare.<\/p>\n\n\n\n<p>Per ottemperare a questi requisiti, le banche devono disporre di sistemi e procedure efficaci per identificare, bloccare e segnalare eventuali reati finanziari.<\/p>\n\n\n\n<h4 class=\"wp-block-heading\">Leggi bancarie internazionali<\/h4>\n\n\n\n<p><a href=\"https:\/\/adamfayed.com\/it\/financial-planning\/offshore-investment\/offshore-banking\/\">Banche offshore<\/a> Le regole controllano l'apertura, la chiusura e la rendicontazione dei conti e altre attivit\u00e0 bancarie transfrontaliere.<\/p>\n\n\n\n<p>I tre obiettivi principali delle normative bancarie internazionali sono: bloccare il riciclaggio di denaro, promuovere la stabilit\u00e0 finanziaria e bloccare il finanziamento del terrorismo.<\/p>\n\n\n\n<p>La conoscenza di queste norme da parte del cliente garantisce il rispetto degli obblighi di legge e migliora la comprensione del quadro normativo in cui opera la banca offshore.<\/p>\n\n\n\n<h4 class=\"wp-block-heading\">Conformit\u00e0 FATCA e CRS<\/h4>\n\n\n\n<p>Quando si parla di come creare conti offshore, \u00e8 importante discutere anche delle normative in materia.<\/p>\n\n\n\n<p>I due quadri normativi essenziali che le banche devono seguire per i conti offshore sono:<\/p>\n\n\n\n<p><a href=\"https:\/\/www.irs.gov\/businesses\/corporations\/foreign-account-tax-compliance-act-fatca\" target=\"_blank\" rel=\"noopener\">Legge sulla conformit\u00e0 fiscale dei conti esteri<\/a> - legge federale degli Stati Uniti che impone alle banche straniere di notificare all'IRS tutti i conti finanziari detenuti da contribuenti americani.<\/p>\n\n\n\n<p><a href=\"https:\/\/www.oecd.org\/tax\/automatic-exchange\/common-reporting-standard\/\" target=\"_blank\" rel=\"noopener\">Standard di rendicontazione comune<\/a> - uno standard internazionale per lo scambio automatizzato di dati sui conti finanziari; richiede ad alcune nazioni di raccogliere e diffondere i dati relativi ai conti posseduti da residenti fiscali stranieri.<\/p>\n\n\n\n<p>Per i conti offshore, le banche non possono scendere a compromessi sulla conformit\u00e0 al FATCA e al CRS. Devono mettere in atto meccanismi per determinare la residenza fiscale dei titolari dei conti e notificare alle autorit\u00e0 fiscali i dati pertinenti. Questo garantisce l'apertura e aiuta i governi ad applicare le leggi fiscali.<\/p>\n\n\n\n<p><strong>Siete afflitti dall'indecisione finanziaria? <\/strong><\/p>\n\n\n\n<figure class=\"wp-block-image size-large is-resized\"><img decoding=\"async\" width=\"512\" height=\"288\" src=\"https:\/\/adamfayed.com\/wp-content\/uploads\/2025\/03\/Adam-Fayed-Contact_CTA3-512x288.jpg\" alt=\"\" class=\"wp-image-117505\" style=\"width:683px;height:auto\" srcset=\"https:\/\/adamfayed.com\/wp-content\/uploads\/2025\/03\/Adam-Fayed-Contact_CTA3-512x288.jpg 512w, https:\/\/adamfayed.com\/wp-content\/uploads\/2025\/03\/Adam-Fayed-Contact_CTA3-300x169.jpg 300w, https:\/\/adamfayed.com\/wp-content\/uploads\/2025\/03\/Adam-Fayed-Contact_CTA3-768x432.jpg 768w, https:\/\/adamfayed.com\/wp-content\/uploads\/2025\/03\/Adam-Fayed-Contact_CTA3-scaled.jpg 825w\" sizes=\"(max-width: 512px) 100vw, 512px\" \/><\/figure>\n\n\n\n<div style=\"height:10px\" aria-hidden=\"true\" class=\"wp-block-spacer\"><\/div>\n\n\n\n<div class=\"wp-block-buttons is-layout-flex wp-block-buttons-is-layout-flex\">\n<div class=\"wp-block-button\"><a class=\"wp-block-button__link wp-element-button\" href=\"https:\/\/adamfayed.com\/it\/become-adams-client\/\">Diventa mio cliente<\/a><\/div>\n\n\n\n<div class=\"wp-block-button\"><a class=\"wp-block-button__link wp-element-button\" href=\"https:\/\/adamfayed.com\/it\/good-match-quiz\/\" target=\"_blank\" rel=\"noreferrer noopener\">Fare il quiz sull'idoneit\u00e0 del cliente<\/a><\/div>\n\n\n\n<div class=\"wp-block-button\"><a class=\"wp-block-button__link wp-element-button\" href=\"https:\/\/adamfayed.com\/it\/contact\/\" target=\"_blank\" rel=\"noreferrer noopener\">Contatto<\/a><\/div>\n<\/div>\n\n\n\n<p><strong>Adam \u00e8 un autore riconosciuto a livello internazionale in materia finanziaria con oltre 830 milioni di visualizzazioni di risposte su Quora, un libro molto venduto su Amazon e un contributo su Forbes.<\/strong><\/p>","protected":false},"excerpt":{"rendered":"<p>Come creare conti offshore<\/p>","protected":false},"author":14,"featured_media":87984,"parent":80247,"menu_order":0,"comment_status":"open","ping_status":"closed","template":"","meta":{"rop_custom_images_group":[],"rop_custom_messages_group":[],"rop_publish_now":"initial","rop_publish_now_accounts":{"facebook_10166176115445471_100883565069113":""},"rop_publish_now_history":[],"rop_publish_now_status":"pending","footnotes":""},"class_list":["post-87983","page","type-page","status-publish","has-post-thumbnail","hentry"],"_links":{"self":[{"href":"https:\/\/adamfayed.com\/it\/wp-json\/wp\/v2\/pages\/87983","targetHints":{"allow":["GET"]}}],"collection":[{"href":"https:\/\/adamfayed.com\/it\/wp-json\/wp\/v2\/pages"}],"about":[{"href":"https:\/\/adamfayed.com\/it\/wp-json\/wp\/v2\/types\/page"}],"author":[{"embeddable":true,"href":"https:\/\/adamfayed.com\/it\/wp-json\/wp\/v2\/users\/14"}],"replies":[{"embeddable":true,"href":"https:\/\/adamfayed.com\/it\/wp-json\/wp\/v2\/comments?post=87983"}],"version-history":[{"count":3,"href":"https:\/\/adamfayed.com\/it\/wp-json\/wp\/v2\/pages\/87983\/revisions"}],"predecessor-version":[{"id":87989,"href":"https:\/\/adamfayed.com\/it\/wp-json\/wp\/v2\/pages\/87983\/revisions\/87989"}],"up":[{"embeddable":true,"href":"https:\/\/adamfayed.com\/it\/wp-json\/wp\/v2\/pages\/80247"}],"wp:featuredmedia":[{"embeddable":true,"href":"https:\/\/adamfayed.com\/it\/wp-json\/wp\/v2\/media\/87984"}],"wp:attachment":[{"href":"https:\/\/adamfayed.com\/it\/wp-json\/wp\/v2\/media?parent=87983"}],"curies":[{"name":"wp","href":"https:\/\/api.w.org\/{rel}","templated":true}]}}