{"id":92054,"date":"2025-01-08T10:40:22","date_gmt":"2025-01-08T10:40:22","guid":{"rendered":"https:\/\/adamfayed.com\/?page_id=92054"},"modified":"2025-04-11T14:26:51","modified_gmt":"2025-04-11T14:26:51","slug":"barclays-international-profile-what-is-barclays-international-banking","status":"publish","type":"page","link":"https:\/\/adamfayed.com\/it\/investment-options\/investment-providers\/barclays-international-profile-what-is-barclays-international-banking\/","title":{"rendered":"Profilo di Barclays International: Cos'\u00e8 Barclays International Banking?"},"content":{"rendered":"<p><a href=\"https:\/\/adamfayed.com\/it\/review-articles\/barclays-international-review\/\">Barclays International<\/a> \u00e8 una divisione di Barclays PLC, una banca universale multinazionale britannica con sede a Londra, Inghilterra.<\/p>\n\n\n\n<p>Barclays International offre una serie di servizi, tra cui <a href=\"https:\/\/adamfayed.com\/it\/offshore-investment\/offshore-banking\/\">conti bancari offshore<\/a> in pi\u00f9 valute, <a href=\"https:\/\/adamfayed.com\/it\/offshore-investment\/\">investimenti offshore<\/a>, servizi di cambio e mutui per clienti internazionali.<\/p>\n\n\n\n<p>Se state cercando di investire come espatriati o individui con un alto patrimonio netto, che \u00e8 ci\u00f2 in cui sono specializzato, potete inviarmi un'e-mail (advice@adamfayed.com) o un messaggio WhatsApp (+44-7393-450-837).<\/p>\n\n\n\n<p>Alcuni fatti potrebbero cambiare rispetto al momento in cui si scrive. Per ricevere indicazioni aggiornate, contattatemi.<\/p>\n\n\n\n<p>In questa pagina si parler\u00e0, tra l'altro, di chi \u00e8 Barclays, delle operazioni e delle prestazioni finanziarie, nonch\u00e9 dei principali prodotti e servizi.<\/p>\n\n\n\n<div style=\"height:27px\" aria-hidden=\"true\" class=\"wp-block-spacer\"><\/div>\n\n\n\n<h2 class=\"wp-block-heading\"><strong>Che cos'\u00e8 Barclays International Banking?<\/strong><\/h2>\n\n\n\n<p>Barclays International fornisce servizi bancari, creditizi e di investimento privati e internazionali attraverso <a href=\"https:\/\/home.barclays\/who-we-are\/\" target=\"_blank\" rel=\"noopener\">Barclays Bank PLC<\/a> e le sue entit\u00e0 controllate.<\/p>\n\n\n\n<figure class=\"wp-block-image alignright size-medium\"><img fetchpriority=\"high\" decoding=\"async\" width=\"300\" height=\"200\" src=\"https:\/\/adamfayed.com\/wp-content\/uploads\/2025\/01\/england-4113666_640-300x200.jpg\" alt=\"Barclays International provides private and international banking, credit, and investment services through Barclays Bank PLC and its subsidiary entities.\" class=\"wp-image-92056\" srcset=\"https:\/\/adamfayed.com\/wp-content\/uploads\/2025\/01\/england-4113666_640-300x200.jpg 300w, https:\/\/adamfayed.com\/wp-content\/uploads\/2025\/01\/england-4113666_640-512x342.jpg 512w, https:\/\/adamfayed.com\/wp-content\/uploads\/2025\/01\/england-4113666_640.jpg 640w\" sizes=\"(max-width: 300px) 100vw, 300px\" \/><\/figure>\n\n\n\n<p>Barclays Bank PLC \u00e8 registrata in Inghilterra (n. 1026167) con sede al 1 Churchill Place, Londra E14 5HP.<\/p>\n\n\n\n<p>La banca \u00e8 autorizzata dalla Prudential Regulation Authority (PRA) e regolamentata dalla Financial Conduct Authority (FCA) e dalla PRA. \u00c8 inoltre membro della Borsa di Londra e dell'Aquis Exchange.<\/p>\n\n\n\n<p>Barclays gestisce filiali in importanti giurisdizioni offshore:<\/p>\n\n\n\n<ul class=\"wp-block-list\">\n<li><strong>Maglia<\/strong>: La filiale di Jersey si trova al 13 Library Place, St Helier, ed \u00e8 regolamentata dalla Jersey Financial Services Commission.<\/li>\n\n\n\n<li><strong>Isola di Man<\/strong>: La filiale dell'Isola di Man, con sede a Eagle Court, 25 Circular Road, Douglas, \u00e8 titolare di una licenza rilasciata dalla Financial Services Authority dell'Isola di Man.<\/li>\n\n\n\n<li><strong>Guernsey<\/strong>: La filiale di Guernsey si trova a St Julian's Court, St Julian's Avenue, St Peter Port, ed \u00e8 autorizzata dalla Guernsey Financial Services Commission per i servizi bancari, di prestito, di credito, finanziari e di investimento.<\/li>\n<\/ul>\n\n\n\n<p><\/p>\n\n\n\n<p>Ciascuna di queste filiali colloca fondi presso altre entit\u00e0 del Gruppo Barclays Bank, facendo dipendere la propria posizione finanziaria dalla performance complessiva del Gruppo Barclays.<\/p>\n\n\n\n<p>Barclays International offre un servizio completo <a href=\"https:\/\/adamfayed.com\/it\/offshore-investment\/offshore-financial-services\/\">servizi finanziari offshore<\/a> per i clienti che gestiscono patrimoni all'estero. I loro servizi sono pensati per i clienti internazionali, gli espatriati e i privati che si trasferiscono nel Regno Unito, e si concentrano su una gestione senza soluzione di continuit\u00e0. <a href=\"https:\/\/adamfayed.com\/it\/offshore-investment\/offshore-financial-services\/offshore-asset-management\/\">gestione degli asset<\/a> e <a href=\"https:\/\/adamfayed.com\/it\/personal-financial-planning\/\">pianificazione finanziaria<\/a> tra valute e paesi diversi.<\/p>\n\n\n\n<div style=\"height:27px\" aria-hidden=\"true\" class=\"wp-block-spacer\"><\/div>\n\n\n\n<h2 class=\"wp-block-heading\"><strong>Servizi e prodotti principali<\/strong><\/h2>\n\n\n\n<ul class=\"wp-block-list\">\n<li><strong>Settore bancario<\/strong>: Barclays offre conti in GBP, USD ed EUR, oltre a conti multivaluta in oltre 40 valute, accessibili in 35 paesi.<\/li>\n\n\n\n<li><strong>Risparmio<\/strong>: I clienti possono scegliere tra breve e lungo termine <a href=\"https:\/\/adamfayed.com\/it\/offshore-investment\/offshore-account\/\">conto offshore<\/a> opzioni in pi\u00f9 valute e accedere a depositi di tesoreria multivaluta.<\/li>\n\n\n\n<li><strong>Investimenti<\/strong>: Barclays offre l'accesso a esperti internazionali, prodotti d'investimento flessibili e soluzioni personalizzate per <a href=\"https:\/\/adamfayed.com\/it\/expat-financial-advisor\/expat-wealth-management\/\">gestione patrimoniale per espatriati<\/a>.<\/li>\n\n\n\n<li><strong>Mutui<\/strong>: Sono disponibili mutui ipotecari prima dell'arrivo, con considerazioni sul reddito all'estero e il supporto di esperti immobiliari locali.<\/li>\n<\/ul>\n\n\n\n<div style=\"height:27px\" aria-hidden=\"true\" class=\"wp-block-spacer\"><\/div>\n\n\n\n<h2 class=\"wp-block-heading\"><strong>Requisiti per l'apertura del conto Barclays International<\/strong><\/h2>\n\n\n\n<p>Per aprire un <a href=\"https:\/\/international.barclays.com\/\" target=\"_blank\" rel=\"noopener\">Conto bancario internazionale Barclays<\/a>, I clienti devono:<\/p>\n\n\n\n<ul class=\"wp-block-list\">\n<li>Risiedere in un paese ammissibile<\/li>\n\n\n\n<li>avere un saldo minimo di 100.000 sterline (o equivalente) in risparmi o investimenti<\/li>\n\n\n\n<li>Mantenere un minimo di 250.000 sterline (o equivalente) per accedere ai servizi di Relationship Management<\/li>\n<\/ul>\n\n\n\n<div style=\"height:27px\" aria-hidden=\"true\" class=\"wp-block-spacer\"><\/div>\n\n\n\n<h2 class=\"wp-block-heading\"><strong>Barclays International Dirigenti chiave<\/strong><\/h2>\n\n\n\n<ul class=\"wp-block-list\">\n<li><strong>C.S. Venkatakrishnan (Venkat)<\/strong> - Barclays PLC Amministratore delegato del gruppo<br>Venkat ha guidato Barclays come Group Chief Executive dal novembre 2021, facendo leva su una vasta esperienza nel settore bancario, nella gestione del rischio e nei mercati globali. In precedenza, ha ricoperto i ruoli di Group Chief Risk Officer e Co-Presidente di Barclays Bank PLC. Attualmente fa parte di numerosi consigli e commissioni di rilievo, tra cui l'Institute of International Finance e il Finance Initiative Leadership Council del Programma delle Nazioni Unite per l'Ambiente.<\/li>\n<\/ul>\n\n\n\n<p><\/p>\n\n\n\n<ul class=\"wp-block-list\">\n<li><strong>Anna Cross<\/strong> - Direttore finanziario del gruppo Barclays PLC<br>Anna \u00e8 Direttore finanziario del Gruppo dall'aprile del 2022 e gestisce aree finanziarie chiave come la fiscalit\u00e0, la tesoreria e la strategia. \u00c8 entrata in Barclays nel 2013 dopo aver ricoperto ruoli di leadership presso HBOS, Lloyds e Asda. Anna \u00e8 una commercialista con una significativa esperienza nel settore finanziario e nei settori bancari al dettaglio. Presiede il gruppo The 100 Group of FTSE Finance Directors.<\/li>\n<\/ul>\n\n\n\n<p><\/p>\n\n\n\n<ul class=\"wp-block-list\">\n<li><strong>Cathal Deasy<\/strong> - Co-capo globale dell'Investment Banking<br>Cathal \u00e8 co-leader della divisione Investment Banking di Barclays e supervisiona la copertura, i mercati dei capitali e le strategie di M&amp;A. Con oltre 20 anni di esperienza, tra cui ruoli di leadership presso Credit Suisse e Deutsche Bank, Cathal \u00e8 entrato in Barclays nel 2023. \u00c8 stato consulente di importanti transazioni e ha conseguito un master e una laurea in commercio presso l'University College Cork, in Irlanda.<\/li>\n<\/ul>\n\n\n\n<p><\/p>\n\n\n\n<ul class=\"wp-block-list\">\n<li><strong>Taylor Wright<\/strong> - Co-capo globale dell'Investment Banking<br>Taylor \u00e8 entrato in Barclays nel 2023 come Global Co-Head of Investment Banking. Ha oltre 30 anni di esperienza, di cui 25 presso Morgan Stanley, e ha guidato oltre $250 miliardi di transazioni azionarie e equity-linked. Taylor ha conseguito un MBA presso l'Universit\u00e0 della Virginia e una laurea in inglese presso la Cornell University.<\/li>\n<\/ul>\n\n\n\n<p><\/p>\n\n\n\n<ul class=\"wp-block-list\">\n<li><strong>Adeel Khan<\/strong> - Responsabile dei mercati globali<br>Adeel guida le attivit\u00e0 di Barclays nei settori Credito, Macro, Prodotti cartolarizzati e Azioni in qualit\u00e0 di Head of Global Markets. Da quando \u00e8 entrato in Barclays nel 2008, ha ricoperto ruoli di leadership, tra cui Co-Head of Global Markets e Global Head of Credit Products. Adeel ha conseguito un master in Finanza ed Economia presso la London School of Economics e fa parte del consiglio di amministrazione di EMpowerUK.<\/li>\n<\/ul>\n\n\n\n<p>\u00c8 possibile vedere gli altri membri della leadership nella sezione <a href=\"https:\/\/home.barclays\/who-we-are\/structure-and-leadership\/leadership\/\" data-type=\"link\" data-id=\"https:\/\/home.barclays\/who-we-are\/structure-and-leadership\/leadership\/\" target=\"_blank\" rel=\"noopener\">sito web<\/a>.<\/p>\n\n\n\n<div style=\"height:27px\" aria-hidden=\"true\" class=\"wp-block-spacer\"><\/div>\n\n\n\n<h2 class=\"wp-block-heading\"><strong>Barclays International Banking - Informazioni di contatto e assistenza<\/strong><\/h2>\n\n\n\n<h4 class=\"wp-block-heading\">Nuovi clienti<\/h4>\n\n\n\n<ul class=\"wp-block-list\">\n<li>Numero verde: +800 800 88885^<\/li>\n\n\n\n<li>Numero internazionale: +44 (0)1624 684316*.<\/li>\n<\/ul>\n\n\n\n<h4 class=\"wp-block-heading\">Clienti esistenti<\/h4>\n\n\n\n<ul class=\"wp-block-list\">\n<li>Numero verde: +800 800 88885^<\/li>\n\n\n\n<li>Numero internazionale standard: +44 (0)1624 684444*<\/li>\n\n\n\n<li>Telefono gratuito per il Regno Unito: 0800 9012022~<\/li>\n<\/ul>\n\n\n\n<p><\/p>\n\n\n\n<p><strong>Siete afflitti dall'indecisione finanziaria? <\/strong><\/p>\n\n\n\n<figure class=\"wp-block-image size-large is-resized\"><img decoding=\"async\" width=\"512\" height=\"288\" src=\"https:\/\/adamfayed.com\/wp-content\/uploads\/2025\/03\/Adam-Fayed-Contact_CTA3-512x288.jpg\" alt=\"\" class=\"wp-image-117505\" style=\"width:683px;height:auto\" srcset=\"https:\/\/adamfayed.com\/wp-content\/uploads\/2025\/03\/Adam-Fayed-Contact_CTA3-512x288.jpg 512w, https:\/\/adamfayed.com\/wp-content\/uploads\/2025\/03\/Adam-Fayed-Contact_CTA3-300x169.jpg 300w, https:\/\/adamfayed.com\/wp-content\/uploads\/2025\/03\/Adam-Fayed-Contact_CTA3-768x432.jpg 768w, https:\/\/adamfayed.com\/wp-content\/uploads\/2025\/03\/Adam-Fayed-Contact_CTA3-scaled.jpg 825w\" sizes=\"(max-width: 512px) 100vw, 512px\" \/><\/figure>\n\n\n\n<div style=\"height:10px\" aria-hidden=\"true\" class=\"wp-block-spacer\"><\/div>\n\n\n\n<div class=\"wp-block-buttons is-layout-flex wp-block-buttons-is-layout-flex\">\n<div class=\"wp-block-button\"><a class=\"wp-block-button__link wp-element-button\" href=\"https:\/\/adamfayed.com\/it\/become-adams-client\/\">Diventa mio cliente<\/a><\/div>\n\n\n\n<div class=\"wp-block-button\"><a class=\"wp-block-button__link wp-element-button\" href=\"https:\/\/adamfayed.com\/it\/good-match-quiz\/\" target=\"_blank\" rel=\"noreferrer noopener\">Fare il quiz sull'idoneit\u00e0 del cliente<\/a><\/div>\n\n\n\n<div class=\"wp-block-button\"><a class=\"wp-block-button__link wp-element-button\" href=\"https:\/\/adamfayed.com\/it\/contact\/\" target=\"_blank\" rel=\"noreferrer noopener\">Contatto<\/a><\/div>\n<\/div>\n\n\n\n<p><strong>Adam \u00e8 un autore riconosciuto a livello internazionale in materia finanziaria con oltre 830 milioni di visualizzazioni di risposte su Quora, un libro molto venduto su Amazon e un contributo su Forbes.<\/strong><\/p>","protected":false},"excerpt":{"rendered":"<p>Barclays International is a division of Barclays PLC, a British multinational universal bank headquartered in London, England. Barclays International offers a range of services, including offshore bank accounts in multiple currencies, offshore investments, foreign exchange services, and mortgages for international clients. If you are looking to invest as an expat or high-net-worth individual, which is [&hellip;]<\/p>\n","protected":false},"author":16,"featured_media":92055,"parent":79525,"menu_order":0,"comment_status":"closed","ping_status":"closed","template":"","meta":{"rop_custom_images_group":[],"rop_custom_messages_group":[],"rop_publish_now":"initial","rop_publish_now_accounts":{"facebook_10166176115445471_100883565069113":""},"rop_publish_now_history":[],"rop_publish_now_status":"pending","footnotes":""},"class_list":["post-92054","page","type-page","status-publish","has-post-thumbnail","hentry"],"_links":{"self":[{"href":"https:\/\/adamfayed.com\/it\/wp-json\/wp\/v2\/pages\/92054","targetHints":{"allow":["GET"]}}],"collection":[{"href":"https:\/\/adamfayed.com\/it\/wp-json\/wp\/v2\/pages"}],"about":[{"href":"https:\/\/adamfayed.com\/it\/wp-json\/wp\/v2\/types\/page"}],"author":[{"embeddable":true,"href":"https:\/\/adamfayed.com\/it\/wp-json\/wp\/v2\/users\/16"}],"replies":[{"embeddable":true,"href":"https:\/\/adamfayed.com\/it\/wp-json\/wp\/v2\/comments?post=92054"}],"version-history":[{"count":2,"href":"https:\/\/adamfayed.com\/it\/wp-json\/wp\/v2\/pages\/92054\/revisions"}],"predecessor-version":[{"id":132152,"href":"https:\/\/adamfayed.com\/it\/wp-json\/wp\/v2\/pages\/92054\/revisions\/132152"}],"up":[{"embeddable":true,"href":"https:\/\/adamfayed.com\/it\/wp-json\/wp\/v2\/pages\/79525"}],"wp:featuredmedia":[{"embeddable":true,"href":"https:\/\/adamfayed.com\/it\/wp-json\/wp\/v2\/media\/92055"}],"wp:attachment":[{"href":"https:\/\/adamfayed.com\/it\/wp-json\/wp\/v2\/media?parent=92054"}],"curies":[{"name":"wp","href":"https:\/\/api.w.org\/{rel}","templated":true}]}}